{"id":1235,"date":"2020-07-30T11:02:56","date_gmt":"2020-07-30T11:02:56","guid":{"rendered":"https:\/\/hert.swstesting.com\/liitu-meie-meeskonnaga\/"},"modified":"2020-11-12T13:22:38","modified_gmt":"2020-11-12T13:22:38","slug":"liitu-meie-meeskonnaga","status":"publish","type":"page","link":"https:\/\/hert.ee\/et\/liitu-meie-meeskonnaga\/","title":{"rendered":"Liitu meie meeskonnaga"},"content":{"rendered":"\t\t<div data-elementor-type=\"wp-page\" data-elementor-id=\"1235\" class=\"elementor elementor-1235 elementor-1024\" data-elementor-post-type=\"page\">\n\t\t\t\t\t\t<section class=\"elementor-section elementor-top-section elementor-element elementor-element-9a2dd45 elementor-section-boxed elementor-section-height-default elementor-section-height-default\" data-id=\"9a2dd45\" data-element_type=\"section\" data-settings=\"{&quot;background_background&quot;:&quot;classic&quot;}\">\n\t\t\t\t\t\t\t<div class=\"elementor-background-overlay\"><\/div>\n\t\t\t\t\t\t\t<div class=\"elementor-container elementor-column-gap-default\">\n\t\t\t\t\t<div class=\"elementor-column elementor-col-100 elementor-top-column elementor-element elementor-element-0ee20d4\" data-id=\"0ee20d4\" data-element_type=\"column\">\n\t\t\t<div class=\"elementor-widget-wrap elementor-element-populated\">\n\t\t\t\t\t\t<div class=\"elementor-element elementor-element-07c0a5d elementor-widget elementor-widget-heading\" data-id=\"07c0a5d\" data-element_type=\"widget\" data-widget_type=\"heading.default\">\n\t\t\t\t<div class=\"elementor-widget-container\">\n\t\t\t<h1 class=\"elementor-heading-title elementor-size-default\">Liitu meie meeskonnaga<\/h1>\t\t<\/div>\n\t\t\t\t<\/div>\n\t\t\t\t<div class=\"elementor-element elementor-element-8c63913 elementor-widget elementor-widget-text-editor\" data-id=\"8c63913\" data-element_type=\"widget\" data-widget_type=\"text-editor.default\">\n\t\t\t\t<div class=\"elementor-widget-container\">\n\t\t\t\t\t\t\t<p>Saa osaks meie meeskonnast ning kasvame koos! Hert Transport ootab inimesi, kes valmis meile s\u00f5idukite transpordi ja veoteenuste laiendamisel abiks olema. Juhtiva logistikaettev\u00f5ttena vajame andekaid spetsialiste, kes valmis meie kasvule kaasa aitama.<\/p>\t\t\t\t\t\t<\/div>\n\t\t\t\t<\/div>\n\t\t\t\t\t<\/div>\n\t\t<\/div>\n\t\t\t\t\t<\/div>\n\t\t<\/section>\n\t\t\t\t<section class=\"elementor-section elementor-top-section elementor-element elementor-element-5b51fc9c elementor-section-boxed elementor-section-height-default elementor-section-height-default\" data-id=\"5b51fc9c\" data-element_type=\"section\" data-settings=\"{&quot;background_background&quot;:&quot;classic&quot;}\">\n\t\t\t\t\t\t<div class=\"elementor-container elementor-column-gap-default\">\n\t\t\t\t\t<div class=\"elementor-column elementor-col-50 elementor-top-column elementor-element elementor-element-208eb89f\" data-id=\"208eb89f\" data-element_type=\"column\">\n\t\t\t<div class=\"elementor-widget-wrap elementor-element-populated\">\n\t\t\t\t\t\t<div class=\"elementor-element elementor-element-e9f0ef0 elementor-widget elementor-widget-heading\" data-id=\"e9f0ef0\" data-element_type=\"widget\" data-widget_type=\"heading.default\">\n\t\t\t\t<div class=\"elementor-widget-container\">\n\t\t\t<h2 class=\"elementor-heading-title elementor-size-default\">Spetsialiseeru autoveo valdkonnale<\/h2>\t\t<\/div>\n\t\t\t\t<\/div>\n\t\t\t\t<div class=\"elementor-element elementor-element-a88b366 elementor-widget elementor-widget-text-editor\" data-id=\"a88b366\" data-element_type=\"widget\" data-widget_type=\"text-editor.default\">\n\t\t\t\t<div class=\"elementor-widget-container\">\n\t\t\t\t\t\t\t<p>Tee karj\u00e4\u00e4ri autoveot\u00f6\u00f6stuses ning proovi omal k\u00e4el uusimaid tehnoloogiaid. Hert Transport on kokkuhoidev pereettev\u00f5tte ning teame, et meie k\u00f5ige v\u00e4\u00e4rtuslikum vara on meie kontoris ja rooli taga olevad inimesed.<\/p>\t\t\t\t\t\t<\/div>\n\t\t\t\t<\/div>\n\t\t\t\t\t<\/div>\n\t\t<\/div>\n\t\t\t\t<div class=\"elementor-column elementor-col-50 elementor-top-column elementor-element elementor-element-c32060a\" data-id=\"c32060a\" data-element_type=\"column\">\n\t\t\t<div class=\"elementor-widget-wrap elementor-element-populated\">\n\t\t\t\t\t\t<div class=\"elementor-element elementor-element-e2a4b43 elementor-widget elementor-widget-heading\" data-id=\"e2a4b43\" data-element_type=\"widget\" data-widget_type=\"heading.default\">\n\t\t\t\t<div class=\"elementor-widget-container\">\n\t\t\t<h2 class=\"elementor-heading-title elementor-size-default\">\tAvasta maailma<\/h2>\t\t<\/div>\n\t\t\t\t<\/div>\n\t\t\t\t<div class=\"elementor-element elementor-element-5f24bef elementor-widget elementor-widget-text-editor\" data-id=\"5f24bef\" data-element_type=\"widget\" data-widget_type=\"text-editor.default\">\n\t\t\t\t<div class=\"elementor-widget-container\">\n\t\t\t\t\t\t\t<p>Hert Transpordis t\u00f6\u00f6tades ootab sind v\u00f5imalus reisida ja maailma n\u00e4ha. Meiega t\u00f6\u00f6tades ei ole kaks p\u00e4eva kunagi \u00fchesugused. Kaubaveoga tegeledes avaneb teil v\u00f5imalus t\u00f6\u00f6 k\u00e4igus imelisi kohti ja uusi kultuure avastad, kuna meie tegutsemise ala on \u00e4\u00e4rmiselt lai. Anname endast parima, et meie t\u00f6\u00f6tajad tunneksid ennast osana perekonnast.<\/p>\t\t\t\t\t\t<\/div>\n\t\t\t\t<\/div>\n\t\t\t\t\t<\/div>\n\t\t<\/div>\n\t\t\t\t\t<\/div>\n\t\t<\/section>\n\t\t\t\t<section class=\"elementor-section elementor-top-section elementor-element elementor-element-69bbc06 elementor-section-boxed elementor-section-height-default elementor-section-height-default\" data-id=\"69bbc06\" data-element_type=\"section\" data-settings=\"{&quot;background_background&quot;:&quot;classic&quot;}\">\n\t\t\t\t\t\t<div class=\"elementor-container elementor-column-gap-default\">\n\t\t\t\t\t<div class=\"elementor-column elementor-col-50 elementor-top-column elementor-element elementor-element-cb96867\" data-id=\"cb96867\" data-element_type=\"column\">\n\t\t\t<div class=\"elementor-widget-wrap elementor-element-populated\">\n\t\t\t\t\t\t<div class=\"elementor-element elementor-element-023e934 elementor-widget elementor-widget-heading\" data-id=\"023e934\" data-element_type=\"widget\" data-widget_type=\"heading.default\">\n\t\t\t\t<div class=\"elementor-widget-container\">\n\t\t\t<h2 class=\"elementor-heading-title elementor-size-default\">\tKogenud teenusepakkuja<\/h2>\t\t<\/div>\n\t\t\t\t<\/div>\n\t\t\t\t<div class=\"elementor-element elementor-element-435eef1 elementor-widget elementor-widget-text-editor\" data-id=\"435eef1\" data-element_type=\"widget\" data-widget_type=\"text-editor.default\">\n\t\t\t\t<div class=\"elementor-widget-container\">\n\t\t\t\t\t\t\t<p>Autoveot\u00f6\u00f6stus on pidevas kasvamises. Valdkonna eestvedajana p\u00fc\u00fcame ka meie sama teha ja v\u00e4\u00e4rtuslikud t\u00f6\u00f6tajad on ettev\u00f5te kasvatamisel v\u00f5tmeteguriks. Hert Transport on spetsialiseerunud transpordis\u00fcsteemidele ja -teenustele, kuid meie ettev\u00f5ttesse on oodatud ka inimesed, kellel vastavas valdkonnas veel kogemus puudub. Otsime kohanemisv\u00f5imelisi meeskonnam\u00e4ngijaid, kes orienteeritud tulemustele ja kvaliteetse teenuse pakkumisele. Hert Transport p\u00fc\u00fcdleb teenuse pakkumisel t\u00e4iuse poole ja sama ootame ka oma meeskonnalt.<\/p>\t\t\t\t\t\t<\/div>\n\t\t\t\t<\/div>\n\t\t\t\t\t<\/div>\n\t\t<\/div>\n\t\t\t\t<div class=\"elementor-column elementor-col-50 elementor-top-column elementor-element elementor-element-2f0fa6d\" data-id=\"2f0fa6d\" data-element_type=\"column\">\n\t\t\t<div class=\"elementor-widget-wrap elementor-element-populated\">\n\t\t\t\t\t\t<div class=\"elementor-element elementor-element-d2ff957 elementor-widget elementor-widget-heading\" data-id=\"d2ff957\" data-element_type=\"widget\" data-widget_type=\"heading.default\">\n\t\t\t\t<div class=\"elementor-widget-container\">\n\t\t\t<h2 class=\"elementor-heading-title elementor-size-default\">Juhtiv s\u00f5idukite transportija enam kui 25 aastat<\/h2>\t\t<\/div>\n\t\t\t\t<\/div>\n\t\t\t\t<div class=\"elementor-element elementor-element-e0b9f43 elementor-widget elementor-widget-text-editor\" data-id=\"e0b9f43\" data-element_type=\"widget\" data-widget_type=\"text-editor.default\">\n\t\t\t\t<div class=\"elementor-widget-container\">\n\t\t\t\t\t\t\t<p>Meie firma on tuntud oma usaldusv\u00e4\u00e4rsuse poolest kogu Euroopas ning Venemaal. Laia valiku autotranspordi s\u00fcsteemide abil, suudame katta k\u00f5ik klientide vajadused. Meie eesm\u00e4rk on viia autoveot\u00f6\u00f6stus j\u00e4rgmisele tasemele ja selleks vajame inimesi, kes meie kirge ja p\u00fchendumist jagavad.<\/p>\t\t\t\t\t\t<\/div>\n\t\t\t\t<\/div>\n\t\t\t\t\t<\/div>\n\t\t<\/div>\n\t\t\t\t\t<\/div>\n\t\t<\/section>\n\t\t\t\t<section class=\"elementor-section elementor-top-section elementor-element elementor-element-2452022 elementor-section-boxed elementor-section-height-default elementor-section-height-default\" data-id=\"2452022\" data-element_type=\"section\" data-settings=\"{&quot;background_background&quot;:&quot;classic&quot;}\">\n\t\t\t\t\t\t<div class=\"elementor-container elementor-column-gap-default\">\n\t\t\t\t\t<div class=\"elementor-column elementor-col-100 elementor-top-column elementor-element elementor-element-0c03cd9\" data-id=\"0c03cd9\" data-element_type=\"column\">\n\t\t\t<div class=\"elementor-widget-wrap elementor-element-populated\">\n\t\t\t\t\t\t<div class=\"elementor-element elementor-element-3d49642 elementor-widget elementor-widget-heading\" data-id=\"3d49642\" data-element_type=\"widget\" data-widget_type=\"heading.default\">\n\t\t\t\t<div class=\"elementor-widget-container\">\n\t\t\t<h2 class=\"elementor-heading-title elementor-size-default\">Liitu meie perega!<\/h2>\t\t<\/div>\n\t\t\t\t<\/div>\n\t\t\t\t<div class=\"elementor-element elementor-element-e5b77fa elementor-widget elementor-widget-text-editor\" data-id=\"e5b77fa\" data-element_type=\"widget\" data-widget_type=\"text-editor.default\">\n\t\t\t\t<div class=\"elementor-widget-container\">\n\t\t\t\t\t\t\t<p style=\"text-align: center;\">Kui usute, et teil on meiega liitumiseks vajalik olemas, andke endast teada ja tooge oma oskustepagas meile! Teilt ootame kohusetundlikkust, p\u00fchendumust ning soovi olla oma t\u00f6\u00f6ga teistele eeskujuks. Koos kasvame, koos oleme parimad!<\/p>\t\t\t\t\t\t<\/div>\n\t\t\t\t<\/div>\n\t\t\t\t\t<\/div>\n\t\t<\/div>\n\t\t\t\t\t<\/div>\n\t\t<\/section>\n\t\t\t\t<\/div>\n\t\t","protected":false},"excerpt":{"rendered":"<p>Liitu meie meeskonnaga Saa osaks meie meeskonnast ning kasvame koos! Hert Transport ootab inimesi, kes valmis meile s\u00f5idukite transpordi ja veoteenuste laiendamisel abiks olema. Juhtiva logistikaettev\u00f5ttena vajame andekaid spetsialiste, kes valmis meie kasvule kaasa aitama. Spetsialiseeru autoveo valdkonnale Tee karj\u00e4\u00e4ri autoveot\u00f6\u00f6stuses ning proovi omal k\u00e4el uusimaid tehnoloogiaid. Hert Transport on kokkuhoidev pereettev\u00f5tte ning teame, et &#8230; <a title=\"Liitu meie meeskonnaga\" class=\"read-more\" href=\"https:\/\/hert.ee\/et\/liitu-meie-meeskonnaga\/\" aria-label=\"Read more about Liitu meie meeskonnaga\">Read more<\/a><\/p>\n","protected":false},"author":1,"featured_media":0,"parent":0,"menu_order":0,"comment_status":"closed","ping_status":"closed","template":"elementor_header_footer","meta":{"footnotes":""},"yoast_head":"<!-- This site is optimized with the Yoast SEO plugin v22.9 - https:\/\/yoast.com\/wordpress\/plugins\/seo\/ -->\n<title>Liitu meie meeskonnaga - HERT Transport<\/title>\n<meta name=\"description\" content=\"Otsime alati autojuhte, kes tahavad olla osa meie veoteenuste perest.\" \/>\n<meta name=\"robots\" content=\"index, follow, max-snippet:-1, max-image-preview:large, max-video-preview:-1\" \/>\n<link rel=\"canonical\" href=\"https:\/\/hert.ee\/et\/liitu-meie-meeskonnaga\/\" \/>\n<meta property=\"og:locale\" content=\"et_EE\" \/>\n<meta property=\"og:type\" content=\"article\" \/>\n<meta property=\"og:title\" content=\"Liitu meie meeskonnaga - HERT Transport\" \/>\n<meta property=\"og:description\" content=\"Otsime alati autojuhte, kes tahavad olla osa meie veoteenuste perest.\" \/>\n<meta property=\"og:url\" content=\"https:\/\/hert.ee\/et\/liitu-meie-meeskonnaga\/\" \/>\n<meta property=\"og:site_name\" content=\"HERT Transport\" \/>\n<meta property=\"article:modified_time\" content=\"2020-11-12T13:22:38+00:00\" \/>\n<meta property=\"og:image\" content=\"https:\/\/hert.ee\/wp-content\/uploads\/2020\/07\/Soidukite_transport.jpg\" \/>\n\t<meta property=\"og:image:width\" content=\"1024\" \/>\n\t<meta property=\"og:image:height\" content=\"683\" \/>\n\t<meta property=\"og:image:type\" content=\"image\/jpeg\" \/>\n<meta name=\"twitter:card\" content=\"summary_large_image\" \/>\n<meta name=\"twitter:label1\" content=\"Est. reading time\" \/>\n\t<meta name=\"twitter:data1\" content=\"1 minut\" \/>\n<script type=\"application\/ld+json\" class=\"yoast-schema-graph\">{\"@context\":\"https:\/\/schema.org\",\"@graph\":[{\"@type\":\"WebPage\",\"@id\":\"https:\/\/hert.ee\/et\/liitu-meie-meeskonnaga\/\",\"url\":\"https:\/\/hert.ee\/et\/liitu-meie-meeskonnaga\/\",\"name\":\"Liitu meie meeskonnaga - HERT Transport\",\"isPartOf\":{\"@id\":\"https:\/\/hert.ee\/#website\"},\"datePublished\":\"2020-07-30T11:02:56+00:00\",\"dateModified\":\"2020-11-12T13:22:38+00:00\",\"description\":\"Otsime alati autojuhte, kes tahavad olla osa meie veoteenuste perest.\",\"breadcrumb\":{\"@id\":\"https:\/\/hert.ee\/et\/liitu-meie-meeskonnaga\/#breadcrumb\"},\"inLanguage\":\"et\",\"potentialAction\":[{\"@type\":\"ReadAction\",\"target\":[\"https:\/\/hert.ee\/et\/liitu-meie-meeskonnaga\/\"]}]},{\"@type\":\"BreadcrumbList\",\"@id\":\"https:\/\/hert.ee\/et\/liitu-meie-meeskonnaga\/#breadcrumb\",\"itemListElement\":[{\"@type\":\"ListItem\",\"position\":1,\"name\":\"Home\",\"item\":\"https:\/\/hert.ee\/et\/\"},{\"@type\":\"ListItem\",\"position\":2,\"name\":\"Liitu meie meeskonnaga\"}]},{\"@type\":\"WebSite\",\"@id\":\"https:\/\/hert.ee\/#website\",\"url\":\"https:\/\/hert.ee\/\",\"name\":\"HERT Transport\",\"description\":\"\",\"publisher\":{\"@id\":\"https:\/\/hert.ee\/#organization\"},\"potentialAction\":[{\"@type\":\"SearchAction\",\"target\":{\"@type\":\"EntryPoint\",\"urlTemplate\":\"https:\/\/hert.ee\/?s={search_term_string}\"},\"query-input\":\"required name=search_term_string\"}],\"inLanguage\":\"et\"},{\"@type\":\"Organization\",\"@id\":\"https:\/\/hert.ee\/#organization\",\"name\":\"Hert-Transport AS\",\"url\":\"https:\/\/hert.ee\/\",\"logo\":{\"@type\":\"ImageObject\",\"inLanguage\":\"et\",\"@id\":\"https:\/\/hert.ee\/#\/schema\/logo\/image\/\",\"url\":\"http:\/\/hert.ee\/wp-content\/uploads\/2020\/07\/Soidukite_transport.jpg\",\"contentUrl\":\"http:\/\/hert.ee\/wp-content\/uploads\/2020\/07\/Soidukite_transport.jpg\",\"width\":1024,\"height\":683,\"caption\":\"Hert-Transport AS\"},\"image\":{\"@id\":\"https:\/\/hert.ee\/#\/schema\/logo\/image\/\"}}]}<\/script>\n<!-- \/ Yoast SEO plugin. -->","yoast_head_json":{"title":"Liitu meie meeskonnaga - HERT Transport","description":"Otsime alati autojuhte, kes tahavad olla osa meie veoteenuste perest.","robots":{"index":"index","follow":"follow","max-snippet":"max-snippet:-1","max-image-preview":"max-image-preview:large","max-video-preview":"max-video-preview:-1"},"canonical":"https:\/\/hert.ee\/et\/liitu-meie-meeskonnaga\/","og_locale":"et_EE","og_type":"article","og_title":"Liitu meie meeskonnaga - HERT Transport","og_description":"Otsime alati autojuhte, kes tahavad olla osa meie veoteenuste perest.","og_url":"https:\/\/hert.ee\/et\/liitu-meie-meeskonnaga\/","og_site_name":"HERT Transport","article_modified_time":"2020-11-12T13:22:38+00:00","og_image":[{"width":1024,"height":683,"url":"https:\/\/hert.ee\/wp-content\/uploads\/2020\/07\/Soidukite_transport.jpg","type":"image\/jpeg"}],"twitter_card":"summary_large_image","twitter_misc":{"Est. reading time":"1 minut"},"schema":{"@context":"https:\/\/schema.org","@graph":[{"@type":"WebPage","@id":"https:\/\/hert.ee\/et\/liitu-meie-meeskonnaga\/","url":"https:\/\/hert.ee\/et\/liitu-meie-meeskonnaga\/","name":"Liitu meie meeskonnaga - HERT Transport","isPartOf":{"@id":"https:\/\/hert.ee\/#website"},"datePublished":"2020-07-30T11:02:56+00:00","dateModified":"2020-11-12T13:22:38+00:00","description":"Otsime alati autojuhte, kes tahavad olla osa meie veoteenuste perest.","breadcrumb":{"@id":"https:\/\/hert.ee\/et\/liitu-meie-meeskonnaga\/#breadcrumb"},"inLanguage":"et","potentialAction":[{"@type":"ReadAction","target":["https:\/\/hert.ee\/et\/liitu-meie-meeskonnaga\/"]}]},{"@type":"BreadcrumbList","@id":"https:\/\/hert.ee\/et\/liitu-meie-meeskonnaga\/#breadcrumb","itemListElement":[{"@type":"ListItem","position":1,"name":"Home","item":"https:\/\/hert.ee\/et\/"},{"@type":"ListItem","position":2,"name":"Liitu meie meeskonnaga"}]},{"@type":"WebSite","@id":"https:\/\/hert.ee\/#website","url":"https:\/\/hert.ee\/","name":"HERT Transport","description":"","publisher":{"@id":"https:\/\/hert.ee\/#organization"},"potentialAction":[{"@type":"SearchAction","target":{"@type":"EntryPoint","urlTemplate":"https:\/\/hert.ee\/?s={search_term_string}"},"query-input":"required name=search_term_string"}],"inLanguage":"et"},{"@type":"Organization","@id":"https:\/\/hert.ee\/#organization","name":"Hert-Transport AS","url":"https:\/\/hert.ee\/","logo":{"@type":"ImageObject","inLanguage":"et","@id":"https:\/\/hert.ee\/#\/schema\/logo\/image\/","url":"http:\/\/hert.ee\/wp-content\/uploads\/2020\/07\/Soidukite_transport.jpg","contentUrl":"http:\/\/hert.ee\/wp-content\/uploads\/2020\/07\/Soidukite_transport.jpg","width":1024,"height":683,"caption":"Hert-Transport AS"},"image":{"@id":"https:\/\/hert.ee\/#\/schema\/logo\/image\/"}}]}},"_links":{"self":[{"href":"https:\/\/hert.ee\/et\/wp-json\/wp\/v2\/pages\/1235"}],"collection":[{"href":"https:\/\/hert.ee\/et\/wp-json\/wp\/v2\/pages"}],"about":[{"href":"https:\/\/hert.ee\/et\/wp-json\/wp\/v2\/types\/page"}],"author":[{"embeddable":true,"href":"https:\/\/hert.ee\/et\/wp-json\/wp\/v2\/users\/1"}],"replies":[{"embeddable":true,"href":"https:\/\/hert.ee\/et\/wp-json\/wp\/v2\/comments?post=1235"}],"version-history":[{"count":5,"href":"https:\/\/hert.ee\/et\/wp-json\/wp\/v2\/pages\/1235\/revisions"}],"predecessor-version":[{"id":3845,"href":"https:\/\/hert.ee\/et\/wp-json\/wp\/v2\/pages\/1235\/revisions\/3845"}],"wp:attachment":[{"href":"https:\/\/hert.ee\/et\/wp-json\/wp\/v2\/media?parent=1235"}],"curies":[{"name":"wp","href":"https:\/\/api.w.org\/{rel}","templated":true}]}}