{"id":1239,"date":"2020-07-30T11:07:47","date_gmt":"2020-07-30T11:07:47","guid":{"rendered":"https:\/\/hert.swstesting.com\/partnerid\/"},"modified":"2020-11-12T13:22:00","modified_gmt":"2020-11-12T13:22:00","slug":"partnerid","status":"publish","type":"page","link":"https:\/\/hert.ee\/et\/partnerid\/","title":{"rendered":"Partnerid"},"content":{"rendered":"\t\t<div data-elementor-type=\"wp-page\" data-elementor-id=\"1239\" class=\"elementor elementor-1239 elementor-2\" data-elementor-post-type=\"page\">\n\t\t\t\t\t\t<section class=\"elementor-section elementor-top-section elementor-element elementor-element-dacb51b elementor-section-full_width elementor-section-height-default elementor-section-height-default\" data-id=\"dacb51b\" data-element_type=\"section\" data-settings=\"{&quot;background_background&quot;:&quot;classic&quot;}\">\n\t\t\t\t\t\t<div class=\"elementor-container elementor-column-gap-default\">\n\t\t\t\t\t<div class=\"elementor-column elementor-col-100 elementor-top-column elementor-element elementor-element-e938ee5\" data-id=\"e938ee5\" data-element_type=\"column\">\n\t\t\t<div class=\"elementor-widget-wrap elementor-element-populated\">\n\t\t\t\t\t\t\t<\/div>\n\t\t<\/div>\n\t\t\t\t\t<\/div>\n\t\t<\/section>\n\t\t\t\t<section class=\"elementor-section elementor-top-section elementor-element elementor-element-ab88b4c elementor-section-boxed elementor-section-height-default elementor-section-height-default\" data-id=\"ab88b4c\" data-element_type=\"section\" data-settings=\"{&quot;background_background&quot;:&quot;classic&quot;}\">\n\t\t\t\t\t\t<div class=\"elementor-container elementor-column-gap-default\">\n\t\t\t\t\t<div class=\"elementor-column elementor-col-100 elementor-top-column elementor-element elementor-element-189df02\" data-id=\"189df02\" data-element_type=\"column\">\n\t\t\t<div class=\"elementor-widget-wrap elementor-element-populated\">\n\t\t\t\t\t\t<div class=\"elementor-element elementor-element-79f6343 elementor-widget elementor-widget-text-editor\" data-id=\"79f6343\" data-element_type=\"widget\" data-widget_type=\"text-editor.default\">\n\t\t\t\t<div class=\"elementor-widget-container\">\n\t\t\t\t\t\t\t<p>T\u00e4nu headele ja pikaajalistele suhetele maailma juhtivate ettev\u00f5tetega, saame oma klientidele pakkuda paindlikke ja kvaliteetseid autoveoteenuseid. Hert Transpordi p\u00f5hiprioriteet on tagada turvaline ja mugav s\u00f5idukite transport.Tegutseme alati kliendi rahulolu silmas pidades!<\/p>\t\t\t\t\t\t<\/div>\n\t\t\t\t<\/div>\n\t\t\t\t<section class=\"elementor-section elementor-inner-section elementor-element elementor-element-6d437111 elementor-section-content-middle elementor-section-boxed elementor-section-height-default elementor-section-height-default\" data-id=\"6d437111\" data-element_type=\"section\">\n\t\t\t\t\t\t<div class=\"elementor-container elementor-column-gap-default\">\n\t\t\t\t\t<div class=\"elementor-column elementor-col-25 elementor-inner-column elementor-element elementor-element-f1c3e11\" data-id=\"f1c3e11\" data-element_type=\"column\">\n\t\t\t<div class=\"elementor-widget-wrap elementor-element-populated\">\n\t\t\t\t\t\t<div class=\"elementor-element elementor-element-f359476 elementor-widget elementor-widget-image\" data-id=\"f359476\" data-element_type=\"widget\" data-widget_type=\"image.default\">\n\t\t\t\t<div class=\"elementor-widget-container\">\n\t\t\t\t\t\t\t\t\t\t\t\t\t\t<a href=\"https:\/\/www.groupecat.com\/\" target=\"_blank\">\n\t\t\t\t\t\t\t<img decoding=\"async\" width=\"118\" height=\"118\" src=\"https:\/\/hert.ee\/wp-content\/uploads\/2020\/06\/logo-bureautique-2-cm-1.png\" class=\"attachment-medium size-medium wp-image-759\" alt=\"Cargo expedition partner of Hert Transport\" \/>\t\t\t\t\t\t\t\t<\/a>\n\t\t\t\t\t\t\t\t\t\t\t\t\t<\/div>\n\t\t\t\t<\/div>\n\t\t\t\t\t<\/div>\n\t\t<\/div>\n\t\t\t\t<div class=\"elementor-column elementor-col-25 elementor-inner-column elementor-element elementor-element-138d361d\" data-id=\"138d361d\" data-element_type=\"column\">\n\t\t\t<div class=\"elementor-widget-wrap elementor-element-populated\">\n\t\t\t\t\t\t<div class=\"elementor-element elementor-element-1910326 elementor-widget elementor-widget-image\" data-id=\"1910326\" data-element_type=\"widget\" data-widget_type=\"image.default\">\n\t\t\t\t<div class=\"elementor-widget-container\">\n\t\t\t\t\t\t\t\t\t\t\t\t\t\t<a href=\"https:\/\/www.gefco.net\/\" target=\"_blank\">\n\t\t\t\t\t\t\t<img decoding=\"async\" width=\"150\" height=\"150\" src=\"https:\/\/hert.ee\/wp-content\/uploads\/2020\/06\/SQaHIJY4_400x400-150x150.jpg\" class=\"attachment-thumbnail size-thumbnail wp-image-763\" alt=\"Cargo expedition partner of Hert Transport\" srcset=\"https:\/\/hert.ee\/wp-content\/uploads\/2020\/06\/SQaHIJY4_400x400-150x150.jpg 150w, https:\/\/hert.ee\/wp-content\/uploads\/2020\/06\/SQaHIJY4_400x400-300x300.jpg 300w, https:\/\/hert.ee\/wp-content\/uploads\/2020\/06\/SQaHIJY4_400x400.jpg 400w\" sizes=\"(max-width: 150px) 100vw, 150px\" \/>\t\t\t\t\t\t\t\t<\/a>\n\t\t\t\t\t\t\t\t\t\t\t\t\t<\/div>\n\t\t\t\t<\/div>\n\t\t\t\t\t<\/div>\n\t\t<\/div>\n\t\t\t\t<div class=\"elementor-column elementor-col-25 elementor-inner-column elementor-element elementor-element-5501cf6b\" data-id=\"5501cf6b\" data-element_type=\"column\">\n\t\t\t<div class=\"elementor-widget-wrap elementor-element-populated\">\n\t\t\t\t\t\t<div class=\"elementor-element elementor-element-cb42781 elementor-widget elementor-widget-image\" data-id=\"cb42781\" data-element_type=\"widget\" data-widget_type=\"image.default\">\n\t\t\t\t<div class=\"elementor-widget-container\">\n\t\t\t\t\t\t\t\t\t\t\t\t\t\t<a href=\"https:\/\/lohr.fr\/\" target=\"_blank\">\n\t\t\t\t\t\t\t<img decoding=\"async\" width=\"300\" height=\"75\" src=\"https:\/\/hert.ee\/wp-content\/uploads\/2020\/06\/lohr-logo.png\" class=\"attachment-medium size-medium wp-image-761\" alt=\"Cargo expedition partner\" \/>\t\t\t\t\t\t\t\t<\/a>\n\t\t\t\t\t\t\t\t\t\t\t\t\t<\/div>\n\t\t\t\t<\/div>\n\t\t\t\t\t<\/div>\n\t\t<\/div>\n\t\t\t\t<div class=\"elementor-column elementor-col-25 elementor-inner-column elementor-element elementor-element-db0574a\" data-id=\"db0574a\" data-element_type=\"column\">\n\t\t\t<div class=\"elementor-widget-wrap elementor-element-populated\">\n\t\t\t\t\t\t<div class=\"elementor-element elementor-element-1b4617b elementor-widget elementor-widget-image\" data-id=\"1b4617b\" data-element_type=\"widget\" data-widget_type=\"image.default\">\n\t\t\t\t<div class=\"elementor-widget-container\">\n\t\t\t\t\t\t\t\t\t\t\t\t\t\t<a href=\"https:\/\/www.as24.com\/en\" target=\"_blank\">\n\t\t\t\t\t\t\t<img loading=\"lazy\" decoding=\"async\" width=\"207\" height=\"103\" src=\"https:\/\/hert.ee\/wp-content\/uploads\/2020\/06\/header-logo.png\" class=\"attachment-medium size-medium wp-image-757\" alt=\"Cargo expedition partner of Hert Transport\" \/>\t\t\t\t\t\t\t\t<\/a>\n\t\t\t\t\t\t\t\t\t\t\t\t\t<\/div>\n\t\t\t\t<\/div>\n\t\t\t\t\t<\/div>\n\t\t<\/div>\n\t\t\t\t\t<\/div>\n\t\t<\/section>\n\t\t\t\t\t<\/div>\n\t\t<\/div>\n\t\t\t\t\t<\/div>\n\t\t<\/section>\n\t\t\t\t<section class=\"elementor-section elementor-top-section elementor-element elementor-element-bc4528d elementor-section-boxed elementor-section-height-default elementor-section-height-default\" data-id=\"bc4528d\" data-element_type=\"section\">\n\t\t\t\t\t\t<div class=\"elementor-container elementor-column-gap-default\">\n\t\t\t\t\t<div class=\"elementor-column elementor-col-100 elementor-top-column elementor-element elementor-element-4513c89\" data-id=\"4513c89\" data-element_type=\"column\">\n\t\t\t<div class=\"elementor-widget-wrap elementor-element-populated\">\n\t\t\t\t\t\t<div class=\"elementor-element elementor-element-22698c4 elementor-widget elementor-widget-image\" data-id=\"22698c4\" data-element_type=\"widget\" data-widget_type=\"image.default\">\n\t\t\t\t<div class=\"elementor-widget-container\">\n\t\t\t\t\t\t\t\t\t\t\t\t\t<img loading=\"lazy\" decoding=\"async\" width=\"1024\" height=\"443\" src=\"https:\/\/hert.ee\/wp-content\/uploads\/2020\/08\/partners-1024x443.jpg\" class=\"attachment-large size-large wp-image-1671\" alt=\"Cargo expedition partners of Hert Transport\" srcset=\"https:\/\/hert.ee\/wp-content\/uploads\/2020\/08\/partners-1024x443.jpg 1024w, https:\/\/hert.ee\/wp-content\/uploads\/2020\/08\/partners-300x130.jpg 300w, https:\/\/hert.ee\/wp-content\/uploads\/2020\/08\/partners-768x332.jpg 768w, https:\/\/hert.ee\/wp-content\/uploads\/2020\/08\/partners-1536x664.jpg 1536w, https:\/\/hert.ee\/wp-content\/uploads\/2020\/08\/partners-2048x886.jpg 2048w\" sizes=\"(max-width: 1024px) 100vw, 1024px\" \/>\t\t\t\t\t\t\t\t\t\t\t\t\t<\/div>\n\t\t\t\t<\/div>\n\t\t\t\t\t<\/div>\n\t\t<\/div>\n\t\t\t\t\t<\/div>\n\t\t<\/section>\n\t\t\t\t<section class=\"elementor-section elementor-top-section elementor-element elementor-element-a664b68 elementor-section-content-middle elementor-section-boxed elementor-section-height-default elementor-section-height-default\" data-id=\"a664b68\" data-element_type=\"section\" data-settings=\"{&quot;background_background&quot;:&quot;classic&quot;}\">\n\t\t\t\t\t\t<div class=\"elementor-container elementor-column-gap-no\">\n\t\t\t\t\t<div class=\"elementor-column elementor-col-100 elementor-top-column elementor-element elementor-element-32f6f038\" data-id=\"32f6f038\" data-element_type=\"column\">\n\t\t\t<div class=\"elementor-widget-wrap elementor-element-populated\">\n\t\t\t\t\t\t<div class=\"elementor-element elementor-element-2614471 elementor-widget elementor-widget-heading\" data-id=\"2614471\" data-element_type=\"widget\" data-widget_type=\"heading.default\">\n\t\t\t\t<div class=\"elementor-widget-container\">\n\t\t\t<h2 class=\"elementor-heading-title elementor-size-default\">Koost\u00f6\u00f6 parimate ettev\u00f5tetega<\/h2>\t\t<\/div>\n\t\t\t\t<\/div>\n\t\t\t\t<div class=\"elementor-element elementor-element-12122a2 elementor-widget elementor-widget-text-editor\" data-id=\"12122a2\" data-element_type=\"widget\" data-widget_type=\"text-editor.default\">\n\t\t\t\t<div class=\"elementor-widget-container\">\n\t\t\t\t\t\t\t<p>Hert Transport teeb koost\u00f6\u00f6d mitmete tunnustatud ettev\u00f5tetega. Meie professionaalsed partnerid toetavad meid muuhulgas kauba ladustamise, veoautode remondi ja k\u00fctuse tarnimisega.<\/p>\t\t\t\t\t\t<\/div>\n\t\t\t\t<\/div>\n\t\t\t\t<div class=\"elementor-element elementor-element-346f76c elementor-widget elementor-widget-heading\" data-id=\"346f76c\" data-element_type=\"widget\" data-widget_type=\"heading.default\">\n\t\t\t\t<div class=\"elementor-widget-container\">\n\t\t\t<h2 class=\"elementor-heading-title elementor-size-default\">Hert Transpordi partnerid<\/h2>\t\t<\/div>\n\t\t\t\t<\/div>\n\t\t\t\t<div class=\"elementor-element elementor-element-e0e7318 elementor-widget elementor-widget-heading\" data-id=\"e0e7318\" data-element_type=\"widget\" data-widget_type=\"heading.default\">\n\t\t\t\t<div class=\"elementor-widget-container\">\n\t\t\t<h3 class=\"elementor-heading-title elementor-size-default\">Groupe Cat<\/h3>\t\t<\/div>\n\t\t\t\t<\/div>\n\t\t\t\t<div class=\"elementor-element elementor-element-a0d4f4e elementor-widget elementor-widget-text-editor\" data-id=\"a0d4f4e\" data-element_type=\"widget\" data-widget_type=\"text-editor.default\">\n\t\t\t\t<div class=\"elementor-widget-container\">\n\t\t\t\t\t\t\t<p>Hert Transport teeb koost\u00f6\u00f6d Groupe Catiga, et tagada sujuv autode vedu erinevate riikide vahel. S\u00f5idukite ukselt-uksele transportimisel seame esikohale s\u00f5iduki kiire ja turvalise vedamise. Groupe Cati s\u00fcsteemid, mis on \u00fchendatud erinevate Euroopa tolliasutustega, on meile siinkohal suureks abiks. <br \/>Groupe Cat pakub meile tuge ka s\u00f5idukite hoiustamisel. Neile kuuluvad turvalisimad hoiustamise laod Euroopa eri paigus.<\/p>\t\t\t\t\t\t<\/div>\n\t\t\t\t<\/div>\n\t\t\t\t<div class=\"elementor-element elementor-element-53ffa14 elementor-widget elementor-widget-heading\" data-id=\"53ffa14\" data-element_type=\"widget\" data-widget_type=\"heading.default\">\n\t\t\t\t<div class=\"elementor-widget-container\">\n\t\t\t<h3 class=\"elementor-heading-title elementor-size-default\">GEFCO<\/h3>\t\t<\/div>\n\t\t\t\t<\/div>\n\t\t\t\t<div class=\"elementor-element elementor-element-d953d72 elementor-widget elementor-widget-text-editor\" data-id=\"d953d72\" data-element_type=\"widget\" data-widget_type=\"text-editor.default\">\n\t\t\t\t<div class=\"elementor-widget-container\">\n\t\t\t\t\t\t\t<p>GEFCO aitab tagada, et meie autode transiit toimub koosk\u00f5las kehtivate regulatsioonidega. Ettev\u00f5te on tuntud selle poolest, et pakub usaldusv\u00e4\u00e4rset n\u00f5ustamist ja esindamist majanduslikes k\u00fcsimustes. GEFCO pakub meile abi, kui ennast erinevates riikides k\u00e4ibemaksukohuslaseks registreerima peame ning toetab meid ka ametiasutustega suhtlemisel. Et tagada korrektne ja usaldusv\u00e4\u00e4rne maksustamine, haldab GEFCO meie k\u00e4ibemaksu arvutamise ja tasumisega seonduvaid teemasid vastavas veebikeskkonnas.<\/p>\t\t\t\t\t\t<\/div>\n\t\t\t\t<\/div>\n\t\t\t\t<div class=\"elementor-element elementor-element-c414260 elementor-widget elementor-widget-heading\" data-id=\"c414260\" data-element_type=\"widget\" data-widget_type=\"heading.default\">\n\t\t\t\t<div class=\"elementor-widget-container\">\n\t\t\t<h3 class=\"elementor-heading-title elementor-size-default\">LOHR<\/h3>\t\t<\/div>\n\t\t\t\t<\/div>\n\t\t\t\t<div class=\"elementor-element elementor-element-162d161 elementor-widget elementor-widget-text-editor\" data-id=\"162d161\" data-element_type=\"widget\" data-widget_type=\"text-editor.default\">\n\t\t\t\t<div class=\"elementor-widget-container\">\n\t\t\t\t\t\t\t<p>Lohr aitab tagada, et meie poolt teostatav autode transport sujuks probleemideta ja muretult. Ettev\u00f5te vastutab autode vedamisega seotud tehniliste aspektide eest. Lohri eksperdid parandavad s\u00f5idukite veo k\u00e4igus kulunud kinnitusi. Peame nendega alati n\u00f5u k\u00fcsimustes, mis puudutavad autode hooldust, varuosade tellimist ning tarnet. Nende tehniline tugi koosneb 230 eksperdist ning tegeleb ka meie tehnikute koolitamisega.<\/p>\t\t\t\t\t\t<\/div>\n\t\t\t\t<\/div>\n\t\t\t\t\t<\/div>\n\t\t<\/div>\n\t\t\t\t\t<\/div>\n\t\t<\/section>\n\t\t\t\t<\/div>\n\t\t","protected":false},"excerpt":{"rendered":"<p>T\u00e4nu headele ja pikaajalistele suhetele maailma juhtivate ettev\u00f5tetega, saame oma klientidele pakkuda paindlikke ja kvaliteetseid autoveoteenuseid. Hert Transpordi p\u00f5hiprioriteet on tagada turvaline ja mugav s\u00f5idukite transport.Tegutseme alati kliendi rahulolu silmas pidades! Koost\u00f6\u00f6 parimate ettev\u00f5tetega Hert Transport teeb koost\u00f6\u00f6d mitmete tunnustatud ettev\u00f5tetega. Meie professionaalsed partnerid toetavad meid muuhulgas kauba ladustamise, veoautode remondi ja k\u00fctuse tarnimisega. Hert &#8230; <a title=\"Partnerid\" class=\"read-more\" href=\"https:\/\/hert.ee\/et\/partnerid\/\" aria-label=\"Read more about Partnerid\">Read more<\/a><\/p>\n","protected":false},"author":1,"featured_media":0,"parent":0,"menu_order":0,"comment_status":"closed","ping_status":"closed","template":"elementor_header_footer","meta":{"footnotes":""},"yoast_head":"<!-- This site is optimized with the Yoast SEO plugin v22.9 - https:\/\/yoast.com\/wordpress\/plugins\/seo\/ -->\n<title>Partnerid - HERT Transport<\/title>\n<meta name=\"description\" content=\"Meie partnerid aitavad meil pakkuda ohutut ja kiiret veoteenust. Saame nendega tuttavaks.\" \/>\n<meta name=\"robots\" content=\"index, follow, max-snippet:-1, max-image-preview:large, max-video-preview:-1\" \/>\n<link rel=\"canonical\" href=\"https:\/\/hert.ee\/et\/partnerid\/\" \/>\n<meta property=\"og:locale\" content=\"et_EE\" \/>\n<meta property=\"og:type\" content=\"article\" \/>\n<meta property=\"og:title\" content=\"Partnerid - HERT Transport\" \/>\n<meta property=\"og:description\" content=\"Meie partnerid aitavad meil pakkuda ohutut ja kiiret veoteenust. Saame nendega tuttavaks.\" \/>\n<meta property=\"og:url\" content=\"https:\/\/hert.ee\/et\/partnerid\/\" \/>\n<meta property=\"og:site_name\" content=\"HERT Transport\" \/>\n<meta property=\"article:modified_time\" content=\"2020-11-12T13:22:00+00:00\" \/>\n<meta property=\"og:image\" content=\"http:\/\/hert.ee\/wp-content\/uploads\/2020\/06\/logo-bureautique-2-cm-1.png\" \/>\n<meta name=\"twitter:card\" content=\"summary_large_image\" \/>\n<meta name=\"twitter:label1\" content=\"Est. reading time\" \/>\n\t<meta name=\"twitter:data1\" content=\"1 minut\" \/>\n<script type=\"application\/ld+json\" class=\"yoast-schema-graph\">{\"@context\":\"https:\/\/schema.org\",\"@graph\":[{\"@type\":\"WebPage\",\"@id\":\"https:\/\/hert.ee\/et\/partnerid\/\",\"url\":\"https:\/\/hert.ee\/et\/partnerid\/\",\"name\":\"Partnerid - HERT Transport\",\"isPartOf\":{\"@id\":\"https:\/\/hert.ee\/#website\"},\"primaryImageOfPage\":{\"@id\":\"https:\/\/hert.ee\/et\/partnerid\/#primaryimage\"},\"image\":{\"@id\":\"https:\/\/hert.ee\/et\/partnerid\/#primaryimage\"},\"thumbnailUrl\":\"http:\/\/hert.ee\/wp-content\/uploads\/2020\/06\/logo-bureautique-2-cm-1.png\",\"datePublished\":\"2020-07-30T11:07:47+00:00\",\"dateModified\":\"2020-11-12T13:22:00+00:00\",\"description\":\"Meie partnerid aitavad meil pakkuda ohutut ja kiiret veoteenust. Saame nendega tuttavaks.\",\"breadcrumb\":{\"@id\":\"https:\/\/hert.ee\/et\/partnerid\/#breadcrumb\"},\"inLanguage\":\"et\",\"potentialAction\":[{\"@type\":\"ReadAction\",\"target\":[\"https:\/\/hert.ee\/et\/partnerid\/\"]}]},{\"@type\":\"ImageObject\",\"inLanguage\":\"et\",\"@id\":\"https:\/\/hert.ee\/et\/partnerid\/#primaryimage\",\"url\":\"http:\/\/hert.ee\/wp-content\/uploads\/2020\/06\/logo-bureautique-2-cm-1.png\",\"contentUrl\":\"http:\/\/hert.ee\/wp-content\/uploads\/2020\/06\/logo-bureautique-2-cm-1.png\"},{\"@type\":\"BreadcrumbList\",\"@id\":\"https:\/\/hert.ee\/et\/partnerid\/#breadcrumb\",\"itemListElement\":[{\"@type\":\"ListItem\",\"position\":1,\"name\":\"Home\",\"item\":\"https:\/\/hert.ee\/et\/\"},{\"@type\":\"ListItem\",\"position\":2,\"name\":\"Partnerid\"}]},{\"@type\":\"WebSite\",\"@id\":\"https:\/\/hert.ee\/#website\",\"url\":\"https:\/\/hert.ee\/\",\"name\":\"HERT Transport\",\"description\":\"\",\"publisher\":{\"@id\":\"https:\/\/hert.ee\/#organization\"},\"potentialAction\":[{\"@type\":\"SearchAction\",\"target\":{\"@type\":\"EntryPoint\",\"urlTemplate\":\"https:\/\/hert.ee\/?s={search_term_string}\"},\"query-input\":\"required name=search_term_string\"}],\"inLanguage\":\"et\"},{\"@type\":\"Organization\",\"@id\":\"https:\/\/hert.ee\/#organization\",\"name\":\"Hert-Transport AS\",\"url\":\"https:\/\/hert.ee\/\",\"logo\":{\"@type\":\"ImageObject\",\"inLanguage\":\"et\",\"@id\":\"https:\/\/hert.ee\/#\/schema\/logo\/image\/\",\"url\":\"http:\/\/hert.ee\/wp-content\/uploads\/2020\/07\/Soidukite_transport.jpg\",\"contentUrl\":\"http:\/\/hert.ee\/wp-content\/uploads\/2020\/07\/Soidukite_transport.jpg\",\"width\":1024,\"height\":683,\"caption\":\"Hert-Transport AS\"},\"image\":{\"@id\":\"https:\/\/hert.ee\/#\/schema\/logo\/image\/\"}}]}<\/script>\n<!-- \/ Yoast SEO plugin. -->","yoast_head_json":{"title":"Partnerid - HERT Transport","description":"Meie partnerid aitavad meil pakkuda ohutut ja kiiret veoteenust. Saame nendega tuttavaks.","robots":{"index":"index","follow":"follow","max-snippet":"max-snippet:-1","max-image-preview":"max-image-preview:large","max-video-preview":"max-video-preview:-1"},"canonical":"https:\/\/hert.ee\/et\/partnerid\/","og_locale":"et_EE","og_type":"article","og_title":"Partnerid - HERT Transport","og_description":"Meie partnerid aitavad meil pakkuda ohutut ja kiiret veoteenust. Saame nendega tuttavaks.","og_url":"https:\/\/hert.ee\/et\/partnerid\/","og_site_name":"HERT Transport","article_modified_time":"2020-11-12T13:22:00+00:00","og_image":[{"url":"http:\/\/hert.ee\/wp-content\/uploads\/2020\/06\/logo-bureautique-2-cm-1.png"}],"twitter_card":"summary_large_image","twitter_misc":{"Est. reading time":"1 minut"},"schema":{"@context":"https:\/\/schema.org","@graph":[{"@type":"WebPage","@id":"https:\/\/hert.ee\/et\/partnerid\/","url":"https:\/\/hert.ee\/et\/partnerid\/","name":"Partnerid - HERT Transport","isPartOf":{"@id":"https:\/\/hert.ee\/#website"},"primaryImageOfPage":{"@id":"https:\/\/hert.ee\/et\/partnerid\/#primaryimage"},"image":{"@id":"https:\/\/hert.ee\/et\/partnerid\/#primaryimage"},"thumbnailUrl":"http:\/\/hert.ee\/wp-content\/uploads\/2020\/06\/logo-bureautique-2-cm-1.png","datePublished":"2020-07-30T11:07:47+00:00","dateModified":"2020-11-12T13:22:00+00:00","description":"Meie partnerid aitavad meil pakkuda ohutut ja kiiret veoteenust. Saame nendega tuttavaks.","breadcrumb":{"@id":"https:\/\/hert.ee\/et\/partnerid\/#breadcrumb"},"inLanguage":"et","potentialAction":[{"@type":"ReadAction","target":["https:\/\/hert.ee\/et\/partnerid\/"]}]},{"@type":"ImageObject","inLanguage":"et","@id":"https:\/\/hert.ee\/et\/partnerid\/#primaryimage","url":"http:\/\/hert.ee\/wp-content\/uploads\/2020\/06\/logo-bureautique-2-cm-1.png","contentUrl":"http:\/\/hert.ee\/wp-content\/uploads\/2020\/06\/logo-bureautique-2-cm-1.png"},{"@type":"BreadcrumbList","@id":"https:\/\/hert.ee\/et\/partnerid\/#breadcrumb","itemListElement":[{"@type":"ListItem","position":1,"name":"Home","item":"https:\/\/hert.ee\/et\/"},{"@type":"ListItem","position":2,"name":"Partnerid"}]},{"@type":"WebSite","@id":"https:\/\/hert.ee\/#website","url":"https:\/\/hert.ee\/","name":"HERT Transport","description":"","publisher":{"@id":"https:\/\/hert.ee\/#organization"},"potentialAction":[{"@type":"SearchAction","target":{"@type":"EntryPoint","urlTemplate":"https:\/\/hert.ee\/?s={search_term_string}"},"query-input":"required name=search_term_string"}],"inLanguage":"et"},{"@type":"Organization","@id":"https:\/\/hert.ee\/#organization","name":"Hert-Transport AS","url":"https:\/\/hert.ee\/","logo":{"@type":"ImageObject","inLanguage":"et","@id":"https:\/\/hert.ee\/#\/schema\/logo\/image\/","url":"http:\/\/hert.ee\/wp-content\/uploads\/2020\/07\/Soidukite_transport.jpg","contentUrl":"http:\/\/hert.ee\/wp-content\/uploads\/2020\/07\/Soidukite_transport.jpg","width":1024,"height":683,"caption":"Hert-Transport AS"},"image":{"@id":"https:\/\/hert.ee\/#\/schema\/logo\/image\/"}}]}},"_links":{"self":[{"href":"https:\/\/hert.ee\/et\/wp-json\/wp\/v2\/pages\/1239"}],"collection":[{"href":"https:\/\/hert.ee\/et\/wp-json\/wp\/v2\/pages"}],"about":[{"href":"https:\/\/hert.ee\/et\/wp-json\/wp\/v2\/types\/page"}],"author":[{"embeddable":true,"href":"https:\/\/hert.ee\/et\/wp-json\/wp\/v2\/users\/1"}],"replies":[{"embeddable":true,"href":"https:\/\/hert.ee\/et\/wp-json\/wp\/v2\/comments?post=1239"}],"version-history":[{"count":5,"href":"https:\/\/hert.ee\/et\/wp-json\/wp\/v2\/pages\/1239\/revisions"}],"predecessor-version":[{"id":3604,"href":"https:\/\/hert.ee\/et\/wp-json\/wp\/v2\/pages\/1239\/revisions\/3604"}],"wp:attachment":[{"href":"https:\/\/hert.ee\/et\/wp-json\/wp\/v2\/media?parent=1239"}],"curies":[{"name":"wp","href":"https:\/\/api.w.org\/{rel}","templated":true}]}}