{"id":1253,"date":"2020-08-02T14:09:08","date_gmt":"2020-08-02T14:09:08","guid":{"rendered":"https:\/\/hert.swstesting.com\/helsinki-soome-autode-parandus\/"},"modified":"2024-06-20T12:09:45","modified_gmt":"2024-06-20T12:09:45","slug":"helsinki-soome-autode-parandus","status":"publish","type":"page","link":"https:\/\/hert.ee\/et\/helsinki-soome-autode-parandus\/","title":{"rendered":"Autode transport (Helsingi, Soome)"},"content":{"rendered":"\t\t<div data-elementor-type=\"wp-page\" data-elementor-id=\"1253\" class=\"elementor elementor-1253 elementor-873\" data-elementor-post-type=\"page\">\n\t\t\t\t\t\t<section class=\"elementor-section elementor-top-section elementor-element elementor-element-d4ac5e0 elementor-section-boxed elementor-section-height-default elementor-section-height-default\" data-id=\"d4ac5e0\" data-element_type=\"section\" data-settings=\"{&quot;background_background&quot;:&quot;classic&quot;}\">\n\t\t\t\t\t\t<div class=\"elementor-container elementor-column-gap-default\">\n\t\t\t\t\t<div class=\"elementor-column elementor-col-100 elementor-top-column elementor-element elementor-element-315523a\" data-id=\"315523a\" data-element_type=\"column\">\n\t\t\t<div class=\"elementor-widget-wrap elementor-element-populated\">\n\t\t\t\t\t\t<div class=\"elementor-element elementor-element-f137642 elementor-widget elementor-widget-heading\" data-id=\"f137642\" data-element_type=\"widget\" data-widget_type=\"heading.default\">\n\t\t\t\t<div class=\"elementor-widget-container\">\n\t\t\t<h1 class=\"elementor-heading-title elementor-size-default\">Autode transport (Helsingi, Soome)<\/h1>\t\t<\/div>\n\t\t\t\t<\/div>\n\t\t\t\t\t<\/div>\n\t\t<\/div>\n\t\t\t\t\t<\/div>\n\t\t<\/section>\n\t\t\t\t<section class=\"elementor-section elementor-top-section elementor-element elementor-element-43ec0fe elementor-section-boxed elementor-section-height-default elementor-section-height-default\" data-id=\"43ec0fe\" data-element_type=\"section\" data-settings=\"{&quot;background_background&quot;:&quot;classic&quot;}\">\n\t\t\t\t\t\t<div class=\"elementor-container elementor-column-gap-default\">\n\t\t\t\t\t<div class=\"elementor-column elementor-col-33 elementor-top-column elementor-element elementor-element-e3f306a elementor-hidden-phone\" data-id=\"e3f306a\" data-element_type=\"column\">\n\t\t\t<div class=\"elementor-widget-wrap\">\n\t\t\t\t\t\t\t<\/div>\n\t\t<\/div>\n\t\t\t\t<div class=\"elementor-column elementor-col-33 elementor-top-column elementor-element elementor-element-e3ffbf4\" data-id=\"e3ffbf4\" data-element_type=\"column\">\n\t\t\t<div class=\"elementor-widget-wrap elementor-element-populated\">\n\t\t\t\t\t\t<div class=\"elementor-element elementor-element-18af7b4 elementor-widget elementor-widget-text-editor\" data-id=\"18af7b4\" data-element_type=\"widget\" data-widget_type=\"text-editor.default\">\n\t\t\t\t<div class=\"elementor-widget-container\">\n\t\t\t\t\t\t\t<p><\/p>\n<p>Pakume autode transporti ja kaupade vedu Soomes ja Helsingis. Meie veokid pakuvad teenuseid \u00fcle<a href=\"http:\/\/hert.ee\/en\/contacts\/\">&nbsp;Euroopa ja U<\/a>SA. Hert Transport asutati enam kui kolm aastak\u00fcmmet tagasi ja alates esimesest p\u00e4evast oleme pakkunud kvaliteetset veoteenust. transpordime Helsingi teie s\u00f5idukeid alati ohutult ja kiiresti.<\/p>\n<h2>Kindlak\u00e4elised autojuhid<\/h2>\n<p><\/p>\n<p><a href=\"https:\/\/en.wikipedia.org\/wiki\/Helsinki\">Hert Transport Helsingis palkab meie kaubaveoteenuste jaoks ainult parimaid juhte.<\/a>&nbsp;Kasutame j\u00e4lgimistarkvara ning nii teame pidevalt, kus \u00fcks v\u00f5i teine veok asub. Meie autojuhtidel on suurte veoautode ja haagistega palju kogemusi ning nad on hoolikad s\u00f5itjad. Meie tehnikapark on kvaliteetne ja regulaarselt hooldatud. Treileri peale mahub korraga \u00fcks kuni k\u00fcmme s\u00f5idukit.<\/p>\n<p><\/p>\n<figure class=\"wp-block-image size-large\"><img decoding=\"async\" src=\"http:\/\/hert.ee\/wp-content\/uploads\/2020\/06\/Photo-Apr-20-05-48-10.jpg\" alt=\"\"><\/figure>\n<p><\/p>\n<h2>&nbsp;<\/h2>\n<h2>Partnerid<\/h2>\n<p><\/p>\n<p>Pakume k\u00f5rgeima kvaliteediga transporditeenust, kuid teame ka, et me ei saa seda \u00fcksi teha. <a href=\"http:\/\/hert.ee\/en\/323-2\/\">Oleme partneriks m<\/a>itmele ettev\u00f5tetele. M\u00f5ned meie partnerid on GEFCO, Lohr ja AS24. koost\u00f6\u00f6d saame tagada suurema turvalisuse ja kindlama kvaliteedi.<\/p>\n<h2>Miks valida Helsingis Hert Transport?<\/h2>\n<p><\/p>\n<p>Kliendi rahulolu on esmat\u00e4htis. Teeme Teiega koost\u00f6\u00f6d ja muudame iga kahtluse kindlustundeks. A<a href=\"http:\/\/hert.ee\/en\/338-2\/\">utode <\/a>transpordi tellimiseks&nbsp;v\u00f5tke meiega \u00fchendust!<\/p>\n<p><\/p>\t\t\t\t\t\t<\/div>\n\t\t\t\t<\/div>\n\t\t\t\t\t<\/div>\n\t\t<\/div>\n\t\t\t\t<div class=\"elementor-column elementor-col-33 elementor-top-column elementor-element elementor-element-bb43003 elementor-hidden-phone\" data-id=\"bb43003\" data-element_type=\"column\">\n\t\t\t<div class=\"elementor-widget-wrap\">\n\t\t\t\t\t\t\t<\/div>\n\t\t<\/div>\n\t\t\t\t\t<\/div>\n\t\t<\/section>\n\t\t\t\t<\/div>\n\t\t","protected":false},"excerpt":{"rendered":"<p>Pakume autode transporti ja kaupade vedu Soomes ja Helsingis. Meie veokid pakuvad teenuseid \u00fcle&nbsp;Euroopa ja USA. Hert Transport asutati enam kui kolm aastak\u00fcmmet tagasi ja alates esimesest p\u00e4evast oleme pakkunud kvaliteetset veoteenust. transpordime Helsingi teie s\u00f5idukeid alati ohutult ja kiiresti. Kindlak\u00e4elised autojuhid Hert Transport Helsingis palkab meie kaubaveoteenuste jaoks ainult parimaid juhte.&nbsp;Kasutame j\u00e4lgimistarkvara ning nii &#8230; <a title=\"Autode transport (Helsingi, Soome)\" class=\"read-more\" href=\"https:\/\/hert.ee\/et\/helsinki-soome-autode-parandus\/\" aria-label=\"Read more about Autode transport (Helsingi, Soome)\">Read more<\/a><\/p>\n","protected":false},"author":1,"featured_media":0,"parent":0,"menu_order":0,"comment_status":"closed","ping_status":"closed","template":"elementor_header_footer","meta":{"footnotes":""},"yoast_head":"<!-- This site is optimized with the Yoast SEO plugin v22.9 - https:\/\/yoast.com\/wordpress\/plugins\/seo\/ -->\n<title>Autode transport (Helsingi, Soome) - HERT Transport<\/title>\n<meta name=\"description\" content=\"Autode transport (Helsingi, Soome). Kui vajad abi transpordiga Euroopas v\u00f5i Venemaal v\u00f5ta meiega \u00fchendust!\" \/>\n<meta name=\"robots\" content=\"index, follow, max-snippet:-1, max-image-preview:large, max-video-preview:-1\" \/>\n<link rel=\"canonical\" href=\"https:\/\/hert.ee\/et\/helsinki-soome-autode-parandus\/\" \/>\n<meta property=\"og:locale\" content=\"et_EE\" \/>\n<meta property=\"og:type\" content=\"article\" \/>\n<meta property=\"og:title\" content=\"Autode transport (Helsingi, Soome) - HERT Transport\" \/>\n<meta property=\"og:description\" content=\"Autode transport (Helsingi, Soome). Kui vajad abi transpordiga Euroopas v\u00f5i Venemaal v\u00f5ta meiega \u00fchendust!\" \/>\n<meta property=\"og:url\" content=\"https:\/\/hert.ee\/et\/helsinki-soome-autode-parandus\/\" \/>\n<meta property=\"og:site_name\" content=\"HERT Transport\" \/>\n<meta property=\"article:modified_time\" content=\"2024-06-20T12:09:45+00:00\" \/>\n<meta property=\"og:image\" content=\"http:\/\/hert.ee\/wp-content\/uploads\/2020\/06\/Photo-Apr-20-05-48-10.jpg\" \/>\n<meta name=\"twitter:card\" content=\"summary_large_image\" \/>\n<meta name=\"twitter:label1\" content=\"Est. reading time\" \/>\n\t<meta name=\"twitter:data1\" content=\"2 minutit\" \/>\n<script type=\"application\/ld+json\" class=\"yoast-schema-graph\">{\"@context\":\"https:\/\/schema.org\",\"@graph\":[{\"@type\":\"WebPage\",\"@id\":\"https:\/\/hert.ee\/et\/helsinki-soome-autode-parandus\/\",\"url\":\"https:\/\/hert.ee\/et\/helsinki-soome-autode-parandus\/\",\"name\":\"Autode transport (Helsingi, Soome) - HERT Transport\",\"isPartOf\":{\"@id\":\"https:\/\/hert.ee\/#website\"},\"primaryImageOfPage\":{\"@id\":\"https:\/\/hert.ee\/et\/helsinki-soome-autode-parandus\/#primaryimage\"},\"image\":{\"@id\":\"https:\/\/hert.ee\/et\/helsinki-soome-autode-parandus\/#primaryimage\"},\"thumbnailUrl\":\"http:\/\/hert.ee\/wp-content\/uploads\/2020\/06\/Photo-Apr-20-05-48-10.jpg\",\"datePublished\":\"2020-08-02T14:09:08+00:00\",\"dateModified\":\"2024-06-20T12:09:45+00:00\",\"description\":\"Autode transport (Helsingi, Soome). Kui vajad abi transpordiga Euroopas v\u00f5i Venemaal v\u00f5ta meiega \u00fchendust!\",\"breadcrumb\":{\"@id\":\"https:\/\/hert.ee\/et\/helsinki-soome-autode-parandus\/#breadcrumb\"},\"inLanguage\":\"et\",\"potentialAction\":[{\"@type\":\"ReadAction\",\"target\":[\"https:\/\/hert.ee\/et\/helsinki-soome-autode-parandus\/\"]}]},{\"@type\":\"ImageObject\",\"inLanguage\":\"et\",\"@id\":\"https:\/\/hert.ee\/et\/helsinki-soome-autode-parandus\/#primaryimage\",\"url\":\"http:\/\/hert.ee\/wp-content\/uploads\/2020\/06\/Photo-Apr-20-05-48-10.jpg\",\"contentUrl\":\"http:\/\/hert.ee\/wp-content\/uploads\/2020\/06\/Photo-Apr-20-05-48-10.jpg\"},{\"@type\":\"BreadcrumbList\",\"@id\":\"https:\/\/hert.ee\/et\/helsinki-soome-autode-parandus\/#breadcrumb\",\"itemListElement\":[{\"@type\":\"ListItem\",\"position\":1,\"name\":\"Home\",\"item\":\"https:\/\/hert.ee\/et\/\"},{\"@type\":\"ListItem\",\"position\":2,\"name\":\"Autode transport (Helsingi, Soome)\"}]},{\"@type\":\"WebSite\",\"@id\":\"https:\/\/hert.ee\/#website\",\"url\":\"https:\/\/hert.ee\/\",\"name\":\"HERT Transport\",\"description\":\"\",\"publisher\":{\"@id\":\"https:\/\/hert.ee\/#organization\"},\"potentialAction\":[{\"@type\":\"SearchAction\",\"target\":{\"@type\":\"EntryPoint\",\"urlTemplate\":\"https:\/\/hert.ee\/?s={search_term_string}\"},\"query-input\":\"required name=search_term_string\"}],\"inLanguage\":\"et\"},{\"@type\":\"Organization\",\"@id\":\"https:\/\/hert.ee\/#organization\",\"name\":\"Hert-Transport AS\",\"url\":\"https:\/\/hert.ee\/\",\"logo\":{\"@type\":\"ImageObject\",\"inLanguage\":\"et\",\"@id\":\"https:\/\/hert.ee\/#\/schema\/logo\/image\/\",\"url\":\"http:\/\/hert.ee\/wp-content\/uploads\/2020\/07\/Soidukite_transport.jpg\",\"contentUrl\":\"http:\/\/hert.ee\/wp-content\/uploads\/2020\/07\/Soidukite_transport.jpg\",\"width\":1024,\"height\":683,\"caption\":\"Hert-Transport AS\"},\"image\":{\"@id\":\"https:\/\/hert.ee\/#\/schema\/logo\/image\/\"}}]}<\/script>\n<!-- \/ Yoast SEO plugin. -->","yoast_head_json":{"title":"Autode transport (Helsingi, Soome) - HERT Transport","description":"Autode transport (Helsingi, Soome). Kui vajad abi transpordiga Euroopas v\u00f5i Venemaal v\u00f5ta meiega \u00fchendust!","robots":{"index":"index","follow":"follow","max-snippet":"max-snippet:-1","max-image-preview":"max-image-preview:large","max-video-preview":"max-video-preview:-1"},"canonical":"https:\/\/hert.ee\/et\/helsinki-soome-autode-parandus\/","og_locale":"et_EE","og_type":"article","og_title":"Autode transport (Helsingi, Soome) - HERT Transport","og_description":"Autode transport (Helsingi, Soome). Kui vajad abi transpordiga Euroopas v\u00f5i Venemaal v\u00f5ta meiega \u00fchendust!","og_url":"https:\/\/hert.ee\/et\/helsinki-soome-autode-parandus\/","og_site_name":"HERT Transport","article_modified_time":"2024-06-20T12:09:45+00:00","og_image":[{"url":"http:\/\/hert.ee\/wp-content\/uploads\/2020\/06\/Photo-Apr-20-05-48-10.jpg"}],"twitter_card":"summary_large_image","twitter_misc":{"Est. reading time":"2 minutit"},"schema":{"@context":"https:\/\/schema.org","@graph":[{"@type":"WebPage","@id":"https:\/\/hert.ee\/et\/helsinki-soome-autode-parandus\/","url":"https:\/\/hert.ee\/et\/helsinki-soome-autode-parandus\/","name":"Autode transport (Helsingi, Soome) - HERT Transport","isPartOf":{"@id":"https:\/\/hert.ee\/#website"},"primaryImageOfPage":{"@id":"https:\/\/hert.ee\/et\/helsinki-soome-autode-parandus\/#primaryimage"},"image":{"@id":"https:\/\/hert.ee\/et\/helsinki-soome-autode-parandus\/#primaryimage"},"thumbnailUrl":"http:\/\/hert.ee\/wp-content\/uploads\/2020\/06\/Photo-Apr-20-05-48-10.jpg","datePublished":"2020-08-02T14:09:08+00:00","dateModified":"2024-06-20T12:09:45+00:00","description":"Autode transport (Helsingi, Soome). Kui vajad abi transpordiga Euroopas v\u00f5i Venemaal v\u00f5ta meiega \u00fchendust!","breadcrumb":{"@id":"https:\/\/hert.ee\/et\/helsinki-soome-autode-parandus\/#breadcrumb"},"inLanguage":"et","potentialAction":[{"@type":"ReadAction","target":["https:\/\/hert.ee\/et\/helsinki-soome-autode-parandus\/"]}]},{"@type":"ImageObject","inLanguage":"et","@id":"https:\/\/hert.ee\/et\/helsinki-soome-autode-parandus\/#primaryimage","url":"http:\/\/hert.ee\/wp-content\/uploads\/2020\/06\/Photo-Apr-20-05-48-10.jpg","contentUrl":"http:\/\/hert.ee\/wp-content\/uploads\/2020\/06\/Photo-Apr-20-05-48-10.jpg"},{"@type":"BreadcrumbList","@id":"https:\/\/hert.ee\/et\/helsinki-soome-autode-parandus\/#breadcrumb","itemListElement":[{"@type":"ListItem","position":1,"name":"Home","item":"https:\/\/hert.ee\/et\/"},{"@type":"ListItem","position":2,"name":"Autode transport (Helsingi, Soome)"}]},{"@type":"WebSite","@id":"https:\/\/hert.ee\/#website","url":"https:\/\/hert.ee\/","name":"HERT Transport","description":"","publisher":{"@id":"https:\/\/hert.ee\/#organization"},"potentialAction":[{"@type":"SearchAction","target":{"@type":"EntryPoint","urlTemplate":"https:\/\/hert.ee\/?s={search_term_string}"},"query-input":"required name=search_term_string"}],"inLanguage":"et"},{"@type":"Organization","@id":"https:\/\/hert.ee\/#organization","name":"Hert-Transport AS","url":"https:\/\/hert.ee\/","logo":{"@type":"ImageObject","inLanguage":"et","@id":"https:\/\/hert.ee\/#\/schema\/logo\/image\/","url":"http:\/\/hert.ee\/wp-content\/uploads\/2020\/07\/Soidukite_transport.jpg","contentUrl":"http:\/\/hert.ee\/wp-content\/uploads\/2020\/07\/Soidukite_transport.jpg","width":1024,"height":683,"caption":"Hert-Transport AS"},"image":{"@id":"https:\/\/hert.ee\/#\/schema\/logo\/image\/"}}]}},"_links":{"self":[{"href":"https:\/\/hert.ee\/et\/wp-json\/wp\/v2\/pages\/1253"}],"collection":[{"href":"https:\/\/hert.ee\/et\/wp-json\/wp\/v2\/pages"}],"about":[{"href":"https:\/\/hert.ee\/et\/wp-json\/wp\/v2\/types\/page"}],"author":[{"embeddable":true,"href":"https:\/\/hert.ee\/et\/wp-json\/wp\/v2\/users\/1"}],"replies":[{"embeddable":true,"href":"https:\/\/hert.ee\/et\/wp-json\/wp\/v2\/comments?post=1253"}],"version-history":[{"count":5,"href":"https:\/\/hert.ee\/et\/wp-json\/wp\/v2\/pages\/1253\/revisions"}],"predecessor-version":[{"id":4757,"href":"https:\/\/hert.ee\/et\/wp-json\/wp\/v2\/pages\/1253\/revisions\/4757"}],"wp:attachment":[{"href":"https:\/\/hert.ee\/et\/wp-json\/wp\/v2\/media?parent=1253"}],"curies":[{"name":"wp","href":"https:\/\/api.w.org\/{rel}","templated":true}]}}