{"id":1265,"date":"2020-08-02T14:43:31","date_gmt":"2020-08-02T14:43:31","guid":{"rendered":"https:\/\/hert.swstesting.com\/tallinn-eesti-transpordi-teenused\/"},"modified":"2020-11-12T13:18:35","modified_gmt":"2020-11-12T13:18:35","slug":"tallinn-eesti-transpordi-teenused","status":"publish","type":"page","link":"https:\/\/hert.ee\/et\/tallinn-eesti-transpordi-teenused\/","title":{"rendered":"Transpordi Teenused (Tallinn, Eesti)"},"content":{"rendered":"\t\t<div data-elementor-type=\"wp-page\" data-elementor-id=\"1265\" class=\"elementor elementor-1265 elementor-877\" data-elementor-post-type=\"page\">\n\t\t\t\t\t\t<section class=\"elementor-section elementor-top-section elementor-element elementor-element-b867dd6 elementor-section-boxed elementor-section-height-default elementor-section-height-default\" data-id=\"b867dd6\" data-element_type=\"section\" data-settings=\"{&quot;background_background&quot;:&quot;classic&quot;}\">\n\t\t\t\t\t\t<div class=\"elementor-container elementor-column-gap-default\">\n\t\t\t\t\t<div class=\"elementor-column elementor-col-100 elementor-top-column elementor-element elementor-element-c16e22f\" data-id=\"c16e22f\" data-element_type=\"column\">\n\t\t\t<div class=\"elementor-widget-wrap elementor-element-populated\">\n\t\t\t\t\t\t<div class=\"elementor-element elementor-element-f2ca2d1 elementor-widget elementor-widget-heading\" data-id=\"f2ca2d1\" data-element_type=\"widget\" data-widget_type=\"heading.default\">\n\t\t\t\t<div class=\"elementor-widget-container\">\n\t\t\t<h1 class=\"elementor-heading-title elementor-size-default\">Transpordi Teenused (Tallinn, Eesti)<\/h1>\t\t<\/div>\n\t\t\t\t<\/div>\n\t\t\t\t\t<\/div>\n\t\t<\/div>\n\t\t\t\t\t<\/div>\n\t\t<\/section>\n\t\t\t\t<section class=\"elementor-section elementor-top-section elementor-element elementor-element-940ae19 elementor-section-boxed elementor-section-height-default elementor-section-height-default\" data-id=\"940ae19\" data-element_type=\"section\" data-settings=\"{&quot;background_background&quot;:&quot;classic&quot;}\">\n\t\t\t\t\t\t<div class=\"elementor-container elementor-column-gap-default\">\n\t\t\t\t\t<div class=\"elementor-column elementor-col-33 elementor-top-column elementor-element elementor-element-0d84486 elementor-hidden-phone\" data-id=\"0d84486\" data-element_type=\"column\">\n\t\t\t<div class=\"elementor-widget-wrap\">\n\t\t\t\t\t\t\t<\/div>\n\t\t<\/div>\n\t\t\t\t<div class=\"elementor-column elementor-col-33 elementor-top-column elementor-element elementor-element-df72b48\" data-id=\"df72b48\" data-element_type=\"column\">\n\t\t\t<div class=\"elementor-widget-wrap elementor-element-populated\">\n\t\t\t\t\t\t<div class=\"elementor-element elementor-element-998ca3c elementor-widget elementor-widget-text-editor\" data-id=\"998ca3c\" data-element_type=\"widget\" data-widget_type=\"text-editor.default\">\n\t\t\t\t<div class=\"elementor-widget-container\">\n\t\t\t\t\t\t\t<p><!-- wp:paragraph --><\/p>\n<p><a href=\"http:\/\/hert.ee\/en\/contacts\/\">Hert Transport pakub transporditeenuseid Tallinnas<\/a>. Meie ettev\u00f5te on asutatud 1994. aastal. See, mis sai alguse pelgalt peresisesest ettev\u00f5tmisest on j\u00f5udsalt edasi arenenud ja tegutseb n\u00fc\u00fcd mitmendat p\u00f5lvkonda. Aastate pikkune autode transpordi kogemus on laiendanud meie v\u00f5imeid, pakkudes n\u00fc\u00fcd kuni \u00fcheksa s\u00f5iduki kohaletoimetamise v\u00f5imalust korraga. Hert Transpordime autosid ja kaupa kogu Euroopas, kaasa arvatud Eestis, L\u00e4tis, Leedus kui ka Soomes.<\/p>\n<p><!-- \/wp:paragraph --><!-- wp:image {\"id\":214,\"sizeSlug\":\"large\"} --><\/p>\n<figure class=\"wp-block-image size-large\"><img fetchpriority=\"high\" decoding=\"async\" width=\"1024\" height=\"768\" class=\"wp-image-214 aligncenter\" src=\"http:\/\/hert.ee\/wp-content\/uploads\/2020\/06\/Photo-Jun-11-01-18-33.jpg\" alt=\"\" srcset=\"https:\/\/hert.ee\/wp-content\/uploads\/2020\/06\/Photo-Jun-11-01-18-33.jpg 1024w, https:\/\/hert.ee\/wp-content\/uploads\/2020\/06\/Photo-Jun-11-01-18-33-300x225.jpg 300w, https:\/\/hert.ee\/wp-content\/uploads\/2020\/06\/Photo-Jun-11-01-18-33-768x576.jpg 768w\" sizes=\"(max-width: 1024px) 100vw, 1024px\" \/><p><\/p>\n<figcaption><\/figcaption>\n<\/figure>\n<p><!-- \/wp:image --><!-- wp:heading --><\/p>\n<h2>S\u00f5idukite transport Tallinnas<\/h2>\n<p><!-- \/wp:heading --><!-- wp:paragraph --><\/p>\n<p>Meie kogenud autovedajad on valmis teie s\u00f5idukit transportima. \u00dcksk\u00f5ik, kas Kristiines, Lasnam\u00e4el, Kesklinnas v\u00f5i mujal Tallinnas, tuleme hea meelega appi. Meie ettev\u00f5te veab \u00fcksikuid s\u00f5idukeid v\u00f5i ka mitu veoautot\u00e4it korraga. Oleme usaldusv\u00e4\u00e4rne ja seotud Tallinna kaubaveoga aastak\u00fcmneid.<\/p>\n<p><!-- \/wp:paragraph --><!-- wp:heading --><\/p>\n<h2>Usaldusv\u00e4\u00e4rne kaubavedu<\/h2>\n<p><!-- \/wp:heading --><!-- wp:paragraph --><\/p>\n<p>Saate oma kaubaga meid usaldada! Alates pakkimisest kuni lasti transportimiseni ja l\u00f5puks kohale toimetamiseni on meie meeskond osutunud eeskujulikult v\u00f5imekaks. <a href=\"http:\/\/hert.ee\/en\/338-2\/\">Veelgi enam, pakume ka autovedu ja remonti<\/a>, et hoida neid v\u00f5imalikult heas seisukorras. Meie professionaalne meeskond j\u00e4rgib k\u00f5iki kaubaveo n\u00f5udeid. Aastate jooksul on protokollid osutunud \u00fclioluliseks, v\u00f5imaldades meil j\u00f5uda probleemideta klientideni.<\/p>\n<p><!-- \/wp:heading --><!-- wp:paragraph --><\/p>\n<p>Saad meie peale kindel olla. <a href=\"https:\/\/www.google.com\/maps\/place\/Tallinn,+Estonia\/data=!4m2!3m1!1s0x46929499df5616bf:0x400b36d18fc6270?sa=X&amp;ved=2ahUKEwjw-JSmudzqAhWTBGMBHWblCqsQ8gEwKnoECB0QBg\">Olenemata Teie asukohast Tallinnas<\/a>&nbsp;saame teid aidata.&nbsp;Teeme ka koost\u00f6\u00f6d mainekate partneritega, et s\u00f5idukite tarnimist v\u00f5imalikult kiiresti ja ohutult teha.<\/p>\n<p><!-- \/wp:paragraph --><!-- wp:image {\"id\":211,\"sizeSlug\":\"large\"} --><\/p>\n<figure class=\"wp-block-image size-large\"><img decoding=\"async\" width=\"1024\" height=\"768\" class=\"wp-image-211 aligncenter\" src=\"http:\/\/hert.ee\/wp-content\/uploads\/2020\/06\/Photo-Jun-06-13-31-54-1024x768.jpg\" alt=\"\" srcset=\"https:\/\/hert.ee\/wp-content\/uploads\/2020\/06\/Photo-Jun-06-13-31-54-1024x768.jpg 1024w, https:\/\/hert.ee\/wp-content\/uploads\/2020\/06\/Photo-Jun-06-13-31-54-300x225.jpg 300w, https:\/\/hert.ee\/wp-content\/uploads\/2020\/06\/Photo-Jun-06-13-31-54-768x576.jpg 768w, https:\/\/hert.ee\/wp-content\/uploads\/2020\/06\/Photo-Jun-06-13-31-54-1536x1152.jpg 1536w, https:\/\/hert.ee\/wp-content\/uploads\/2020\/06\/Photo-Jun-06-13-31-54-2048x1536.jpg 2048w\" sizes=\"(max-width: 1024px) 100vw, 1024px\" \/><\/figure>\n<p><!-- \/wp:paragraph --><!-- wp:heading --><\/p>\n<h2><br><\/h2><h2>Meie hinnad on ausad, taskukohased ja konkurentsiv\u00f5imelised<\/h2>\n<p><!-- \/wp:heading --><!-- wp:paragraph --><\/p>\n<p>Pakume juurdep\u00e4\u00e4su tohutule hulgale mainekate operaatoritele soodsa hinnaga. Kl\u00f5psake lihtsalt meie veebisaidil asuvat kontaktinuppu ja taotle pakkumist!<\/p>\n<p><!-- \/wp:paragraph --><\/p>\t\t\t\t\t\t<\/div>\n\t\t\t\t<\/div>\n\t\t\t\t\t<\/div>\n\t\t<\/div>\n\t\t\t\t<div class=\"elementor-column elementor-col-33 elementor-top-column elementor-element elementor-element-187448d elementor-hidden-phone\" data-id=\"187448d\" data-element_type=\"column\">\n\t\t\t<div class=\"elementor-widget-wrap\">\n\t\t\t\t\t\t\t<\/div>\n\t\t<\/div>\n\t\t\t\t\t<\/div>\n\t\t<\/section>\n\t\t\t\t<\/div>\n\t\t","protected":false},"excerpt":{"rendered":"<p>Hert Transport pakub transporditeenuseid Tallinnas. Meie ettev\u00f5te on asutatud 1994. aastal. See, mis sai alguse pelgalt peresisesest ettev\u00f5tmisest on j\u00f5udsalt edasi arenenud ja tegutseb n\u00fc\u00fcd mitmendat p\u00f5lvkonda. Aastate pikkune autode transpordi kogemus on laiendanud meie v\u00f5imeid, pakkudes n\u00fc\u00fcd kuni \u00fcheksa s\u00f5iduki kohaletoimetamise v\u00f5imalust korraga. Hert Transpordime autosid ja kaupa kogu Euroopas, kaasa arvatud Eestis, L\u00e4tis, &#8230; <a title=\"Transpordi Teenused (Tallinn, Eesti)\" class=\"read-more\" href=\"https:\/\/hert.ee\/et\/tallinn-eesti-transpordi-teenused\/\" aria-label=\"Read more about Transpordi Teenused (Tallinn, Eesti)\">Read more<\/a><\/p>\n","protected":false},"author":1,"featured_media":0,"parent":0,"menu_order":0,"comment_status":"closed","ping_status":"closed","template":"elementor_header_footer","meta":{"footnotes":""},"yoast_head":"<!-- This site is optimized with the Yoast SEO plugin v22.9 - https:\/\/yoast.com\/wordpress\/plugins\/seo\/ -->\n<title>Transpordi Teenused (Tallinn, Eesti) - HERT Transport<\/title>\n<meta name=\"description\" content=\"Transpordi Teenused (Tallinn, Eesti). Kui vajad abi transpordiga Euroopas v\u00f5i Venemaal v\u00f5ta meiega \u00fchendust!\" \/>\n<meta name=\"robots\" content=\"index, follow, max-snippet:-1, max-image-preview:large, max-video-preview:-1\" \/>\n<link rel=\"canonical\" href=\"https:\/\/hert.ee\/et\/tallinn-eesti-transpordi-teenused\/\" \/>\n<meta property=\"og:locale\" content=\"et_EE\" \/>\n<meta property=\"og:type\" content=\"article\" \/>\n<meta property=\"og:title\" content=\"Transpordi Teenused (Tallinn, Eesti) - HERT Transport\" \/>\n<meta property=\"og:description\" content=\"Transpordi Teenused (Tallinn, Eesti). Kui vajad abi transpordiga Euroopas v\u00f5i Venemaal v\u00f5ta meiega \u00fchendust!\" \/>\n<meta property=\"og:url\" content=\"https:\/\/hert.ee\/et\/tallinn-eesti-transpordi-teenused\/\" \/>\n<meta property=\"og:site_name\" content=\"HERT Transport\" \/>\n<meta property=\"article:modified_time\" content=\"2020-11-12T13:18:35+00:00\" \/>\n<meta property=\"og:image\" content=\"http:\/\/hert.ee\/wp-content\/uploads\/2020\/06\/Photo-Jun-11-01-18-33.jpg\" \/>\n<meta name=\"twitter:card\" content=\"summary_large_image\" \/>\n<meta name=\"twitter:label1\" content=\"Est. reading time\" \/>\n\t<meta name=\"twitter:data1\" content=\"1 minut\" \/>\n<script type=\"application\/ld+json\" class=\"yoast-schema-graph\">{\"@context\":\"https:\/\/schema.org\",\"@graph\":[{\"@type\":\"WebPage\",\"@id\":\"https:\/\/hert.ee\/et\/tallinn-eesti-transpordi-teenused\/\",\"url\":\"https:\/\/hert.ee\/et\/tallinn-eesti-transpordi-teenused\/\",\"name\":\"Transpordi Teenused (Tallinn, Eesti) - HERT Transport\",\"isPartOf\":{\"@id\":\"https:\/\/hert.ee\/#website\"},\"primaryImageOfPage\":{\"@id\":\"https:\/\/hert.ee\/et\/tallinn-eesti-transpordi-teenused\/#primaryimage\"},\"image\":{\"@id\":\"https:\/\/hert.ee\/et\/tallinn-eesti-transpordi-teenused\/#primaryimage\"},\"thumbnailUrl\":\"http:\/\/hert.ee\/wp-content\/uploads\/2020\/06\/Photo-Jun-11-01-18-33.jpg\",\"datePublished\":\"2020-08-02T14:43:31+00:00\",\"dateModified\":\"2020-11-12T13:18:35+00:00\",\"description\":\"Transpordi Teenused (Tallinn, Eesti). Kui vajad abi transpordiga Euroopas v\u00f5i Venemaal v\u00f5ta meiega \u00fchendust!\",\"breadcrumb\":{\"@id\":\"https:\/\/hert.ee\/et\/tallinn-eesti-transpordi-teenused\/#breadcrumb\"},\"inLanguage\":\"et\",\"potentialAction\":[{\"@type\":\"ReadAction\",\"target\":[\"https:\/\/hert.ee\/et\/tallinn-eesti-transpordi-teenused\/\"]}]},{\"@type\":\"ImageObject\",\"inLanguage\":\"et\",\"@id\":\"https:\/\/hert.ee\/et\/tallinn-eesti-transpordi-teenused\/#primaryimage\",\"url\":\"http:\/\/hert.ee\/wp-content\/uploads\/2020\/06\/Photo-Jun-11-01-18-33.jpg\",\"contentUrl\":\"http:\/\/hert.ee\/wp-content\/uploads\/2020\/06\/Photo-Jun-11-01-18-33.jpg\"},{\"@type\":\"BreadcrumbList\",\"@id\":\"https:\/\/hert.ee\/et\/tallinn-eesti-transpordi-teenused\/#breadcrumb\",\"itemListElement\":[{\"@type\":\"ListItem\",\"position\":1,\"name\":\"Home\",\"item\":\"https:\/\/hert.ee\/et\/\"},{\"@type\":\"ListItem\",\"position\":2,\"name\":\"Transpordi Teenused (Tallinn, Eesti)\"}]},{\"@type\":\"WebSite\",\"@id\":\"https:\/\/hert.ee\/#website\",\"url\":\"https:\/\/hert.ee\/\",\"name\":\"HERT Transport\",\"description\":\"\",\"publisher\":{\"@id\":\"https:\/\/hert.ee\/#organization\"},\"potentialAction\":[{\"@type\":\"SearchAction\",\"target\":{\"@type\":\"EntryPoint\",\"urlTemplate\":\"https:\/\/hert.ee\/?s={search_term_string}\"},\"query-input\":\"required name=search_term_string\"}],\"inLanguage\":\"et\"},{\"@type\":\"Organization\",\"@id\":\"https:\/\/hert.ee\/#organization\",\"name\":\"Hert-Transport AS\",\"url\":\"https:\/\/hert.ee\/\",\"logo\":{\"@type\":\"ImageObject\",\"inLanguage\":\"et\",\"@id\":\"https:\/\/hert.ee\/#\/schema\/logo\/image\/\",\"url\":\"http:\/\/hert.ee\/wp-content\/uploads\/2020\/07\/Soidukite_transport.jpg\",\"contentUrl\":\"http:\/\/hert.ee\/wp-content\/uploads\/2020\/07\/Soidukite_transport.jpg\",\"width\":1024,\"height\":683,\"caption\":\"Hert-Transport AS\"},\"image\":{\"@id\":\"https:\/\/hert.ee\/#\/schema\/logo\/image\/\"}}]}<\/script>\n<!-- \/ Yoast SEO plugin. -->","yoast_head_json":{"title":"Transpordi Teenused (Tallinn, Eesti) - HERT Transport","description":"Transpordi Teenused (Tallinn, Eesti). Kui vajad abi transpordiga Euroopas v\u00f5i Venemaal v\u00f5ta meiega \u00fchendust!","robots":{"index":"index","follow":"follow","max-snippet":"max-snippet:-1","max-image-preview":"max-image-preview:large","max-video-preview":"max-video-preview:-1"},"canonical":"https:\/\/hert.ee\/et\/tallinn-eesti-transpordi-teenused\/","og_locale":"et_EE","og_type":"article","og_title":"Transpordi Teenused (Tallinn, Eesti) - HERT Transport","og_description":"Transpordi Teenused (Tallinn, Eesti). Kui vajad abi transpordiga Euroopas v\u00f5i Venemaal v\u00f5ta meiega \u00fchendust!","og_url":"https:\/\/hert.ee\/et\/tallinn-eesti-transpordi-teenused\/","og_site_name":"HERT Transport","article_modified_time":"2020-11-12T13:18:35+00:00","og_image":[{"url":"http:\/\/hert.ee\/wp-content\/uploads\/2020\/06\/Photo-Jun-11-01-18-33.jpg"}],"twitter_card":"summary_large_image","twitter_misc":{"Est. reading time":"1 minut"},"schema":{"@context":"https:\/\/schema.org","@graph":[{"@type":"WebPage","@id":"https:\/\/hert.ee\/et\/tallinn-eesti-transpordi-teenused\/","url":"https:\/\/hert.ee\/et\/tallinn-eesti-transpordi-teenused\/","name":"Transpordi Teenused (Tallinn, Eesti) - HERT Transport","isPartOf":{"@id":"https:\/\/hert.ee\/#website"},"primaryImageOfPage":{"@id":"https:\/\/hert.ee\/et\/tallinn-eesti-transpordi-teenused\/#primaryimage"},"image":{"@id":"https:\/\/hert.ee\/et\/tallinn-eesti-transpordi-teenused\/#primaryimage"},"thumbnailUrl":"http:\/\/hert.ee\/wp-content\/uploads\/2020\/06\/Photo-Jun-11-01-18-33.jpg","datePublished":"2020-08-02T14:43:31+00:00","dateModified":"2020-11-12T13:18:35+00:00","description":"Transpordi Teenused (Tallinn, Eesti). Kui vajad abi transpordiga Euroopas v\u00f5i Venemaal v\u00f5ta meiega \u00fchendust!","breadcrumb":{"@id":"https:\/\/hert.ee\/et\/tallinn-eesti-transpordi-teenused\/#breadcrumb"},"inLanguage":"et","potentialAction":[{"@type":"ReadAction","target":["https:\/\/hert.ee\/et\/tallinn-eesti-transpordi-teenused\/"]}]},{"@type":"ImageObject","inLanguage":"et","@id":"https:\/\/hert.ee\/et\/tallinn-eesti-transpordi-teenused\/#primaryimage","url":"http:\/\/hert.ee\/wp-content\/uploads\/2020\/06\/Photo-Jun-11-01-18-33.jpg","contentUrl":"http:\/\/hert.ee\/wp-content\/uploads\/2020\/06\/Photo-Jun-11-01-18-33.jpg"},{"@type":"BreadcrumbList","@id":"https:\/\/hert.ee\/et\/tallinn-eesti-transpordi-teenused\/#breadcrumb","itemListElement":[{"@type":"ListItem","position":1,"name":"Home","item":"https:\/\/hert.ee\/et\/"},{"@type":"ListItem","position":2,"name":"Transpordi Teenused (Tallinn, Eesti)"}]},{"@type":"WebSite","@id":"https:\/\/hert.ee\/#website","url":"https:\/\/hert.ee\/","name":"HERT Transport","description":"","publisher":{"@id":"https:\/\/hert.ee\/#organization"},"potentialAction":[{"@type":"SearchAction","target":{"@type":"EntryPoint","urlTemplate":"https:\/\/hert.ee\/?s={search_term_string}"},"query-input":"required name=search_term_string"}],"inLanguage":"et"},{"@type":"Organization","@id":"https:\/\/hert.ee\/#organization","name":"Hert-Transport AS","url":"https:\/\/hert.ee\/","logo":{"@type":"ImageObject","inLanguage":"et","@id":"https:\/\/hert.ee\/#\/schema\/logo\/image\/","url":"http:\/\/hert.ee\/wp-content\/uploads\/2020\/07\/Soidukite_transport.jpg","contentUrl":"http:\/\/hert.ee\/wp-content\/uploads\/2020\/07\/Soidukite_transport.jpg","width":1024,"height":683,"caption":"Hert-Transport AS"},"image":{"@id":"https:\/\/hert.ee\/#\/schema\/logo\/image\/"}}]}},"_links":{"self":[{"href":"https:\/\/hert.ee\/et\/wp-json\/wp\/v2\/pages\/1265"}],"collection":[{"href":"https:\/\/hert.ee\/et\/wp-json\/wp\/v2\/pages"}],"about":[{"href":"https:\/\/hert.ee\/et\/wp-json\/wp\/v2\/types\/page"}],"author":[{"embeddable":true,"href":"https:\/\/hert.ee\/et\/wp-json\/wp\/v2\/users\/1"}],"replies":[{"embeddable":true,"href":"https:\/\/hert.ee\/et\/wp-json\/wp\/v2\/comments?post=1265"}],"version-history":[{"count":5,"href":"https:\/\/hert.ee\/et\/wp-json\/wp\/v2\/pages\/1265\/revisions"}],"predecessor-version":[{"id":3595,"href":"https:\/\/hert.ee\/et\/wp-json\/wp\/v2\/pages\/1265\/revisions\/3595"}],"wp:attachment":[{"href":"https:\/\/hert.ee\/et\/wp-json\/wp\/v2\/media?parent=1265"}],"curies":[{"name":"wp","href":"https:\/\/api.w.org\/{rel}","templated":true}]}}