{"id":1269,"date":"2020-08-02T15:56:03","date_gmt":"2020-08-02T15:56:03","guid":{"rendered":"https:\/\/hert.swstesting.com\/riia-lati-kaubaveoteenused\/"},"modified":"2020-11-12T13:19:49","modified_gmt":"2020-11-12T13:19:49","slug":"riia-lati-kaubaveoteenused","status":"publish","type":"page","link":"https:\/\/hert.ee\/et\/riia-lati-kaubaveoteenused\/","title":{"rendered":"Riia L\u00e4ti Kaubaveoteenused"},"content":{"rendered":"\t\t<div data-elementor-type=\"wp-page\" data-elementor-id=\"1269\" class=\"elementor elementor-1269 elementor-879\" data-elementor-post-type=\"page\">\n\t\t\t\t\t\t<section class=\"elementor-section elementor-top-section elementor-element elementor-element-8f34767 elementor-section-boxed elementor-section-height-default elementor-section-height-default\" data-id=\"8f34767\" data-element_type=\"section\" data-settings=\"{&quot;background_background&quot;:&quot;classic&quot;}\">\n\t\t\t\t\t\t<div class=\"elementor-container elementor-column-gap-default\">\n\t\t\t\t\t<div class=\"elementor-column elementor-col-100 elementor-top-column elementor-element elementor-element-718a1a1\" data-id=\"718a1a1\" data-element_type=\"column\">\n\t\t\t<div class=\"elementor-widget-wrap elementor-element-populated\">\n\t\t\t\t\t\t<div class=\"elementor-element elementor-element-472e6b7 elementor-widget elementor-widget-heading\" data-id=\"472e6b7\" data-element_type=\"widget\" data-widget_type=\"heading.default\">\n\t\t\t\t<div class=\"elementor-widget-container\">\n\t\t\t<h1 class=\"elementor-heading-title elementor-size-default\">Riia L\u00e4ti Kaubaveoteenused<\/h1>\t\t<\/div>\n\t\t\t\t<\/div>\n\t\t\t\t\t<\/div>\n\t\t<\/div>\n\t\t\t\t\t<\/div>\n\t\t<\/section>\n\t\t\t\t<section class=\"elementor-section elementor-top-section elementor-element elementor-element-b349b06 elementor-section-boxed elementor-section-height-default elementor-section-height-default\" data-id=\"b349b06\" data-element_type=\"section\" data-settings=\"{&quot;background_background&quot;:&quot;classic&quot;}\">\n\t\t\t\t\t\t<div class=\"elementor-container elementor-column-gap-default\">\n\t\t\t\t\t<div class=\"elementor-column elementor-col-33 elementor-top-column elementor-element elementor-element-d44a2b4 elementor-hidden-phone\" data-id=\"d44a2b4\" data-element_type=\"column\">\n\t\t\t<div class=\"elementor-widget-wrap\">\n\t\t\t\t\t\t\t<\/div>\n\t\t<\/div>\n\t\t\t\t<div class=\"elementor-column elementor-col-33 elementor-top-column elementor-element elementor-element-d795736\" data-id=\"d795736\" data-element_type=\"column\">\n\t\t\t<div class=\"elementor-widget-wrap elementor-element-populated\">\n\t\t\t\t\t\t<div class=\"elementor-element elementor-element-3d3b4de elementor-widget elementor-widget-text-editor\" data-id=\"3d3b4de\" data-element_type=\"widget\" data-widget_type=\"text-editor.default\">\n\t\t\t\t<div class=\"elementor-widget-container\">\n\t\t\t\t\t\t\t<p><!-- wp:paragraph --><\/p>\n<p><a href=\"http:\/\/hert.ee\/en\/contacts\/\">Kasutage Hert Transpordi kaubaveoteenuseid Riias, L\u00e4tis.<\/a> Oleme tuntud s\u00f5idukite transporditeenuste ettev\u00f5te, kes on valmis teid teenindama mitte ainult Riias, vaid ka k\u00f5ikjal L\u00e4tis. Ettev\u00f5te asutati 1994. aastal kolme venna pereettev\u00f5ttena. Alustasime v\u00e4ikese ettev\u00f5ttena ja sellest alates oleme aina kasvanud. Pakume professionaalset ja turvalist kaubavedu \u00fcle Euroopa ja Venemaa.<\/p>\n<p><!-- \/wp:paragraph --><!-- wp:image {\"id\":207,\"sizeSlug\":\"large\"} --><\/p>\n<figure class=\"wp-block-image size-large\"><img fetchpriority=\"high\" decoding=\"async\" width=\"1024\" height=\"768\" class=\"wp-image-207\" src=\"http:\/\/hert.ee\/wp-content\/uploads\/2020\/06\/Photo-Jun-03-17-33-08-1024x768.jpg\" alt=\"\" srcset=\"https:\/\/hert.ee\/wp-content\/uploads\/2020\/06\/Photo-Jun-03-17-33-08-1024x768.jpg 1024w, https:\/\/hert.ee\/wp-content\/uploads\/2020\/06\/Photo-Jun-03-17-33-08-300x225.jpg 300w, https:\/\/hert.ee\/wp-content\/uploads\/2020\/06\/Photo-Jun-03-17-33-08-768x576.jpg 768w, https:\/\/hert.ee\/wp-content\/uploads\/2020\/06\/Photo-Jun-03-17-33-08-1536x1152.jpg 1536w, https:\/\/hert.ee\/wp-content\/uploads\/2020\/06\/Photo-Jun-03-17-33-08-2048x1536.jpg 2048w\" sizes=\"(max-width: 1024px) 100vw, 1024px\" \/><\/figure>\n<p><!-- \/wp:image --><!-- wp:heading --><\/p>\n<h2>Autode vedu L\u00e4tis<\/h2>\n<p><!-- \/wp:heading --><!-- wp:paragraph --><\/p>\n<p>Loome oma klientidega suurep\u00e4raseid suhteid ja pakume kvaliteetseid teenuseid. Meie optimeeritud uksest ukseni auto kohaletoimetamisega saate meie peale loota k\u00f5ikjal Riias ja mujalt L\u00e4tis. \u00dcksk\u00f5ik, kas tegemist on \u00e4rikliendi v\u00f5i erakliendiga, arvestage meiega, mis tahes t\u00fc\u00fcpi<a href=\"http:\/\/hert.ee\/en\/323-2\/\">&nbsp;s\u00f5idukite transporditeenuste osas.<\/a><\/p>\n<p><!-- \/wp:paragraph --><!-- wp:heading {\"level\":3} --><\/p>\n<h2>Kaubatransport,<\/h2>\n<p><!-- \/wp:heading --><!-- wp:paragraph --><\/p>\n<p><a href=\"https:\/\/web.facebook.com\/HertTransport\/?_rdc=1&amp;_rdr\">Kogu kauba transport toimub mainekate ja h\u00e4sti hooldatud kaubaveokitega.<\/a> Autode ja kauba laadimiseks on meie veokitesse installeeritud parimad s\u00fcsteemid, kasutame turvalisi ja uusi t\u00f6\u00f6riistu.<\/p>\n<p><!-- \/wp:heading --><!-- wp:paragraph --><\/p>\n<p>Kas soovite muretut kaubaveoteenust? Hert Transport h\u00f5lmab selle teostamiseks nii tehnoloogiat kui ka asjatundlikke teadmisi. \u00dcksk\u00f5ik, kus Riias viibite, edastame kaubaveo seisukorra alates esimesest hetkest. Kirjutage meile ja k\u00fcsige pakkumist. Teise v\u00f5imalusena helistage meile pakkumise saamiseks. <a href=\"http:\/\/hert.ee\/en\/338-2\/\">Pakume parimat konkurentsiv\u00f5imelist hinda.<\/a> Meie meeskond kavandab kohaletoimetamise, transpordi aja ja muud detailid. Teil j\u00e4\u00e4b \u00fcle oodata ainult kauba saabumist.<\/p>\n<p><!-- \/wp:paragraph --><!-- wp:heading --><\/p>\n<h2>S\u00f5idukite veoteenus L\u00e4tis<\/h2>\n<p><!-- \/wp:heading --><!-- wp:paragraph --><\/p>\n<p>Meie tipptasemel autode hooldus ja kvaliteetne teenus eristavad meid teistest transpordiettev\u00f5tetest. Oleme uhked, et oleme teenindanud \u00fcle tuhande rahuloleva kliendi, kes meie transporditeenuseid endiselt kasutavad ja neile usaldavad. Meie p\u00fchendunud t\u00f6\u00f6tajad on tegevad k\u00f5ikides Baltimaades ja Venemaal, kus oleme usaldusv\u00e4\u00e4rsed ja kergesti k\u00e4ttesaadavad.<\/p>\n<p><!-- \/wp:paragraph --><!-- wp:heading {\"level\":3} --><\/p>\n<h3>Teie s\u00f5iduki ohutus on meile oluline<\/h3>\n<p><!-- \/wp:heading --><!-- wp:paragraph --><\/p>\n<p>Hert Transport on p\u00fchendunud s\u00f5idukite ohutusele. See on meie peamine prioriteet. T\u00e4idame k\u00f5ik autotranspordi ohutuse aspektid. Meie usaldusv\u00e4\u00e4rsus, ausus ja ohutus teevad meist oma klientide jaoks parima valiku.<\/p>\n<p><!-- \/wp:paragraph --><!-- wp:heading --><\/p>\n<h2>Kui suur on meie s\u00f5iduki transpordi hind?<\/h2>\n<p><!-- \/wp:heading --><!-- wp:paragraph --><\/p>\n<p>Veoteenuse hind s\u00f5ltub paljudest asjaoludest. Transporditava s\u00f5iduki t\u00fc\u00fcp, suurus ja asukoht m\u00e4\u00e4ravad kulud. Me tagame teile ausa, konkurentsiv\u00f5imelise ja taskukohase pakkumise. K\u00fcsi pakkumist juba t\u00e4na!<\/p>\n<p><!-- \/wp:paragraph --><\/p>\t\t\t\t\t\t<\/div>\n\t\t\t\t<\/div>\n\t\t\t\t\t<\/div>\n\t\t<\/div>\n\t\t\t\t<div class=\"elementor-column elementor-col-33 elementor-top-column elementor-element elementor-element-2db2cf8 elementor-hidden-phone\" data-id=\"2db2cf8\" data-element_type=\"column\">\n\t\t\t<div class=\"elementor-widget-wrap\">\n\t\t\t\t\t\t\t<\/div>\n\t\t<\/div>\n\t\t\t\t\t<\/div>\n\t\t<\/section>\n\t\t\t\t<\/div>\n\t\t","protected":false},"excerpt":{"rendered":"<p>Kasutage Hert Transpordi kaubaveoteenuseid Riias, L\u00e4tis. Oleme tuntud s\u00f5idukite transporditeenuste ettev\u00f5te, kes on valmis teid teenindama mitte ainult Riias, vaid ka k\u00f5ikjal L\u00e4tis. Ettev\u00f5te asutati 1994. aastal kolme venna pereettev\u00f5ttena. Alustasime v\u00e4ikese ettev\u00f5ttena ja sellest alates oleme aina kasvanud. Pakume professionaalset ja turvalist kaubavedu \u00fcle Euroopa ja Venemaa. Autode vedu L\u00e4tis Loome oma klientidega suurep\u00e4raseid &#8230; <a title=\"Riia L\u00e4ti Kaubaveoteenused\" class=\"read-more\" href=\"https:\/\/hert.ee\/et\/riia-lati-kaubaveoteenused\/\" aria-label=\"Read more about Riia L\u00e4ti Kaubaveoteenused\">Read more<\/a><\/p>\n","protected":false},"author":1,"featured_media":0,"parent":0,"menu_order":0,"comment_status":"closed","ping_status":"closed","template":"elementor_header_footer","meta":{"footnotes":""},"yoast_head":"<!-- This site is optimized with the Yoast SEO plugin v22.9 - https:\/\/yoast.com\/wordpress\/plugins\/seo\/ -->\n<title>Riia L\u00e4ti Kaubaveoteenused - HERT Transport<\/title>\n<meta name=\"description\" content=\"Riia L\u00e4ti Kaubaveoteenused. Kui vajad abi transpordiga Euroopas v\u00f5i Venemaal v\u00f5ta meiega \u00fchendust!\" \/>\n<meta name=\"robots\" content=\"index, follow, max-snippet:-1, max-image-preview:large, max-video-preview:-1\" \/>\n<link rel=\"canonical\" href=\"https:\/\/hert.ee\/et\/riia-lati-kaubaveoteenused\/\" \/>\n<meta property=\"og:locale\" content=\"et_EE\" \/>\n<meta property=\"og:type\" content=\"article\" \/>\n<meta property=\"og:title\" content=\"Riia L\u00e4ti Kaubaveoteenused - HERT Transport\" \/>\n<meta property=\"og:description\" content=\"Riia L\u00e4ti Kaubaveoteenused. Kui vajad abi transpordiga Euroopas v\u00f5i Venemaal v\u00f5ta meiega \u00fchendust!\" \/>\n<meta property=\"og:url\" content=\"https:\/\/hert.ee\/et\/riia-lati-kaubaveoteenused\/\" \/>\n<meta property=\"og:site_name\" content=\"HERT Transport\" \/>\n<meta property=\"article:modified_time\" content=\"2020-11-12T13:19:49+00:00\" \/>\n<meta property=\"og:image\" content=\"http:\/\/hert.ee\/wp-content\/uploads\/2020\/06\/Photo-Jun-03-17-33-08-1024x768.jpg\" \/>\n<meta name=\"twitter:card\" content=\"summary_large_image\" \/>\n<meta name=\"twitter:label1\" content=\"Est. reading time\" \/>\n\t<meta name=\"twitter:data1\" content=\"2 minutit\" \/>\n<script type=\"application\/ld+json\" class=\"yoast-schema-graph\">{\"@context\":\"https:\/\/schema.org\",\"@graph\":[{\"@type\":\"WebPage\",\"@id\":\"https:\/\/hert.ee\/et\/riia-lati-kaubaveoteenused\/\",\"url\":\"https:\/\/hert.ee\/et\/riia-lati-kaubaveoteenused\/\",\"name\":\"Riia L\u00e4ti Kaubaveoteenused - HERT Transport\",\"isPartOf\":{\"@id\":\"https:\/\/hert.ee\/#website\"},\"primaryImageOfPage\":{\"@id\":\"https:\/\/hert.ee\/et\/riia-lati-kaubaveoteenused\/#primaryimage\"},\"image\":{\"@id\":\"https:\/\/hert.ee\/et\/riia-lati-kaubaveoteenused\/#primaryimage\"},\"thumbnailUrl\":\"http:\/\/hert.ee\/wp-content\/uploads\/2020\/06\/Photo-Jun-03-17-33-08-1024x768.jpg\",\"datePublished\":\"2020-08-02T15:56:03+00:00\",\"dateModified\":\"2020-11-12T13:19:49+00:00\",\"description\":\"Riia L\u00e4ti Kaubaveoteenused. Kui vajad abi transpordiga Euroopas v\u00f5i Venemaal v\u00f5ta meiega \u00fchendust!\",\"breadcrumb\":{\"@id\":\"https:\/\/hert.ee\/et\/riia-lati-kaubaveoteenused\/#breadcrumb\"},\"inLanguage\":\"et\",\"potentialAction\":[{\"@type\":\"ReadAction\",\"target\":[\"https:\/\/hert.ee\/et\/riia-lati-kaubaveoteenused\/\"]}]},{\"@type\":\"ImageObject\",\"inLanguage\":\"et\",\"@id\":\"https:\/\/hert.ee\/et\/riia-lati-kaubaveoteenused\/#primaryimage\",\"url\":\"http:\/\/hert.ee\/wp-content\/uploads\/2020\/06\/Photo-Jun-03-17-33-08-1024x768.jpg\",\"contentUrl\":\"http:\/\/hert.ee\/wp-content\/uploads\/2020\/06\/Photo-Jun-03-17-33-08-1024x768.jpg\"},{\"@type\":\"BreadcrumbList\",\"@id\":\"https:\/\/hert.ee\/et\/riia-lati-kaubaveoteenused\/#breadcrumb\",\"itemListElement\":[{\"@type\":\"ListItem\",\"position\":1,\"name\":\"Home\",\"item\":\"https:\/\/hert.ee\/et\/\"},{\"@type\":\"ListItem\",\"position\":2,\"name\":\"Riia L\u00e4ti Kaubaveoteenused\"}]},{\"@type\":\"WebSite\",\"@id\":\"https:\/\/hert.ee\/#website\",\"url\":\"https:\/\/hert.ee\/\",\"name\":\"HERT Transport\",\"description\":\"\",\"publisher\":{\"@id\":\"https:\/\/hert.ee\/#organization\"},\"potentialAction\":[{\"@type\":\"SearchAction\",\"target\":{\"@type\":\"EntryPoint\",\"urlTemplate\":\"https:\/\/hert.ee\/?s={search_term_string}\"},\"query-input\":\"required name=search_term_string\"}],\"inLanguage\":\"et\"},{\"@type\":\"Organization\",\"@id\":\"https:\/\/hert.ee\/#organization\",\"name\":\"Hert-Transport AS\",\"url\":\"https:\/\/hert.ee\/\",\"logo\":{\"@type\":\"ImageObject\",\"inLanguage\":\"et\",\"@id\":\"https:\/\/hert.ee\/#\/schema\/logo\/image\/\",\"url\":\"http:\/\/hert.ee\/wp-content\/uploads\/2020\/07\/Soidukite_transport.jpg\",\"contentUrl\":\"http:\/\/hert.ee\/wp-content\/uploads\/2020\/07\/Soidukite_transport.jpg\",\"width\":1024,\"height\":683,\"caption\":\"Hert-Transport AS\"},\"image\":{\"@id\":\"https:\/\/hert.ee\/#\/schema\/logo\/image\/\"}}]}<\/script>\n<!-- \/ Yoast SEO plugin. -->","yoast_head_json":{"title":"Riia L\u00e4ti Kaubaveoteenused - HERT Transport","description":"Riia L\u00e4ti Kaubaveoteenused. Kui vajad abi transpordiga Euroopas v\u00f5i Venemaal v\u00f5ta meiega \u00fchendust!","robots":{"index":"index","follow":"follow","max-snippet":"max-snippet:-1","max-image-preview":"max-image-preview:large","max-video-preview":"max-video-preview:-1"},"canonical":"https:\/\/hert.ee\/et\/riia-lati-kaubaveoteenused\/","og_locale":"et_EE","og_type":"article","og_title":"Riia L\u00e4ti Kaubaveoteenused - HERT Transport","og_description":"Riia L\u00e4ti Kaubaveoteenused. Kui vajad abi transpordiga Euroopas v\u00f5i Venemaal v\u00f5ta meiega \u00fchendust!","og_url":"https:\/\/hert.ee\/et\/riia-lati-kaubaveoteenused\/","og_site_name":"HERT Transport","article_modified_time":"2020-11-12T13:19:49+00:00","og_image":[{"url":"http:\/\/hert.ee\/wp-content\/uploads\/2020\/06\/Photo-Jun-03-17-33-08-1024x768.jpg"}],"twitter_card":"summary_large_image","twitter_misc":{"Est. reading time":"2 minutit"},"schema":{"@context":"https:\/\/schema.org","@graph":[{"@type":"WebPage","@id":"https:\/\/hert.ee\/et\/riia-lati-kaubaveoteenused\/","url":"https:\/\/hert.ee\/et\/riia-lati-kaubaveoteenused\/","name":"Riia L\u00e4ti Kaubaveoteenused - HERT Transport","isPartOf":{"@id":"https:\/\/hert.ee\/#website"},"primaryImageOfPage":{"@id":"https:\/\/hert.ee\/et\/riia-lati-kaubaveoteenused\/#primaryimage"},"image":{"@id":"https:\/\/hert.ee\/et\/riia-lati-kaubaveoteenused\/#primaryimage"},"thumbnailUrl":"http:\/\/hert.ee\/wp-content\/uploads\/2020\/06\/Photo-Jun-03-17-33-08-1024x768.jpg","datePublished":"2020-08-02T15:56:03+00:00","dateModified":"2020-11-12T13:19:49+00:00","description":"Riia L\u00e4ti Kaubaveoteenused. Kui vajad abi transpordiga Euroopas v\u00f5i Venemaal v\u00f5ta meiega \u00fchendust!","breadcrumb":{"@id":"https:\/\/hert.ee\/et\/riia-lati-kaubaveoteenused\/#breadcrumb"},"inLanguage":"et","potentialAction":[{"@type":"ReadAction","target":["https:\/\/hert.ee\/et\/riia-lati-kaubaveoteenused\/"]}]},{"@type":"ImageObject","inLanguage":"et","@id":"https:\/\/hert.ee\/et\/riia-lati-kaubaveoteenused\/#primaryimage","url":"http:\/\/hert.ee\/wp-content\/uploads\/2020\/06\/Photo-Jun-03-17-33-08-1024x768.jpg","contentUrl":"http:\/\/hert.ee\/wp-content\/uploads\/2020\/06\/Photo-Jun-03-17-33-08-1024x768.jpg"},{"@type":"BreadcrumbList","@id":"https:\/\/hert.ee\/et\/riia-lati-kaubaveoteenused\/#breadcrumb","itemListElement":[{"@type":"ListItem","position":1,"name":"Home","item":"https:\/\/hert.ee\/et\/"},{"@type":"ListItem","position":2,"name":"Riia L\u00e4ti Kaubaveoteenused"}]},{"@type":"WebSite","@id":"https:\/\/hert.ee\/#website","url":"https:\/\/hert.ee\/","name":"HERT Transport","description":"","publisher":{"@id":"https:\/\/hert.ee\/#organization"},"potentialAction":[{"@type":"SearchAction","target":{"@type":"EntryPoint","urlTemplate":"https:\/\/hert.ee\/?s={search_term_string}"},"query-input":"required name=search_term_string"}],"inLanguage":"et"},{"@type":"Organization","@id":"https:\/\/hert.ee\/#organization","name":"Hert-Transport AS","url":"https:\/\/hert.ee\/","logo":{"@type":"ImageObject","inLanguage":"et","@id":"https:\/\/hert.ee\/#\/schema\/logo\/image\/","url":"http:\/\/hert.ee\/wp-content\/uploads\/2020\/07\/Soidukite_transport.jpg","contentUrl":"http:\/\/hert.ee\/wp-content\/uploads\/2020\/07\/Soidukite_transport.jpg","width":1024,"height":683,"caption":"Hert-Transport AS"},"image":{"@id":"https:\/\/hert.ee\/#\/schema\/logo\/image\/"}}]}},"_links":{"self":[{"href":"https:\/\/hert.ee\/et\/wp-json\/wp\/v2\/pages\/1269"}],"collection":[{"href":"https:\/\/hert.ee\/et\/wp-json\/wp\/v2\/pages"}],"about":[{"href":"https:\/\/hert.ee\/et\/wp-json\/wp\/v2\/types\/page"}],"author":[{"embeddable":true,"href":"https:\/\/hert.ee\/et\/wp-json\/wp\/v2\/users\/1"}],"replies":[{"embeddable":true,"href":"https:\/\/hert.ee\/et\/wp-json\/wp\/v2\/comments?post=1269"}],"version-history":[{"count":5,"href":"https:\/\/hert.ee\/et\/wp-json\/wp\/v2\/pages\/1269\/revisions"}],"predecessor-version":[{"id":3600,"href":"https:\/\/hert.ee\/et\/wp-json\/wp\/v2\/pages\/1269\/revisions\/3600"}],"wp:attachment":[{"href":"https:\/\/hert.ee\/et\/wp-json\/wp\/v2\/media?parent=1269"}],"curies":[{"name":"wp","href":"https:\/\/api.w.org\/{rel}","templated":true}]}}