{"id":1275,"date":"2020-08-02T18:03:30","date_gmt":"2020-08-02T18:03:30","guid":{"rendered":"https:\/\/hert.swstesting.com\/vlnius-leedu-soidukite-transport\/"},"modified":"2020-11-12T13:18:11","modified_gmt":"2020-11-12T13:18:11","slug":"vilnius-leedu-soidukite-transport","status":"publish","type":"page","link":"https:\/\/hert.ee\/et\/vilnius-leedu-soidukite-transport\/","title":{"rendered":"Vilnius Leedu S\u00f5idukite Transport"},"content":{"rendered":"\t\t<div data-elementor-type=\"wp-page\" data-elementor-id=\"1275\" class=\"elementor elementor-1275 elementor-893\" data-elementor-post-type=\"page\">\n\t\t\t\t\t\t<section class=\"elementor-section elementor-top-section elementor-element elementor-element-5e5026c elementor-section-boxed elementor-section-height-default elementor-section-height-default\" data-id=\"5e5026c\" data-element_type=\"section\" data-settings=\"{&quot;background_background&quot;:&quot;classic&quot;}\">\n\t\t\t\t\t\t<div class=\"elementor-container elementor-column-gap-default\">\n\t\t\t\t\t<div class=\"elementor-column elementor-col-100 elementor-top-column elementor-element elementor-element-c2d73a5\" data-id=\"c2d73a5\" data-element_type=\"column\">\n\t\t\t<div class=\"elementor-widget-wrap elementor-element-populated\">\n\t\t\t\t\t\t<div class=\"elementor-element elementor-element-fc278cc elementor-widget elementor-widget-heading\" data-id=\"fc278cc\" data-element_type=\"widget\" data-widget_type=\"heading.default\">\n\t\t\t\t<div class=\"elementor-widget-container\">\n\t\t\t<h1 class=\"elementor-heading-title elementor-size-default\">Vilnius Leedu S\u00f5idukite Transport<\/h1>\t\t<\/div>\n\t\t\t\t<\/div>\n\t\t\t\t\t<\/div>\n\t\t<\/div>\n\t\t\t\t\t<\/div>\n\t\t<\/section>\n\t\t\t\t<section class=\"elementor-section elementor-top-section elementor-element elementor-element-ab1e42a elementor-section-boxed elementor-section-height-default elementor-section-height-default\" data-id=\"ab1e42a\" data-element_type=\"section\" data-settings=\"{&quot;background_background&quot;:&quot;classic&quot;}\">\n\t\t\t\t\t\t<div class=\"elementor-container elementor-column-gap-default\">\n\t\t\t\t\t<div class=\"elementor-column elementor-col-33 elementor-top-column elementor-element elementor-element-18696b6 elementor-hidden-phone\" data-id=\"18696b6\" data-element_type=\"column\">\n\t\t\t<div class=\"elementor-widget-wrap\">\n\t\t\t\t\t\t\t<\/div>\n\t\t<\/div>\n\t\t\t\t<div class=\"elementor-column elementor-col-33 elementor-top-column elementor-element elementor-element-92378c4\" data-id=\"92378c4\" data-element_type=\"column\">\n\t\t\t<div class=\"elementor-widget-wrap elementor-element-populated\">\n\t\t\t\t\t\t<div class=\"elementor-element elementor-element-5a1ffd6 elementor-widget elementor-widget-text-editor\" data-id=\"5a1ffd6\" data-element_type=\"widget\" data-widget_type=\"text-editor.default\">\n\t\t\t\t<div class=\"elementor-widget-container\">\n\t\t\t\t\t\t\t<p><!-- wp:paragraph --><\/p>\n<p>Kas vajate s\u00f5idukite transporti? Siis saab teid aidata <a href=\"https:\/\/www.forbes.com\/sites\/jimdobson\/2018\/07\/15\/the-magical-country-of-lithuania-and-why-you-should-put-vilnius-on-your-bucket-list\/#53e7b4d7200f\">Hert Transport Vilniuses!<\/a>&nbsp;Hert Transport pakub autotranspordi teenused Leedus, kogu Poolas, kui ka mujal Kesk-Euroopas. T\u00f6\u00f6tame selle nimel, et iga auto kohaletoimetamine oleks v\u00f5imalikult lihtne. Meie kliendibaas kiidab meid abivalmiduse ja \u00f5igeaegse kohaletoimetamise eest. Kui vajate usaldusv\u00e4\u00e4rset autotransporti siis on Hert Transport Teie jaoks \u00f5ige ettev\u00f5te!<\/p>\n<p><!-- \/wp:paragraph --><!-- wp:image {\"align\":\"full\",\"id\":203,\"sizeSlug\":\"large\"} --><\/p>\n<figure class=\"wp-block-image alignfull size-large\"><img fetchpriority=\"high\" decoding=\"async\" width=\"1024\" height=\"576\" class=\"wp-image-203\" src=\"http:\/\/hert.ee\/wp-content\/uploads\/2020\/06\/Photo-Apr-09-18-52-11-1024x576.jpg\" alt=\"\" srcset=\"https:\/\/hert.ee\/wp-content\/uploads\/2020\/06\/Photo-Apr-09-18-52-11-1024x576.jpg 1024w, https:\/\/hert.ee\/wp-content\/uploads\/2020\/06\/Photo-Apr-09-18-52-11-300x169.jpg 300w, https:\/\/hert.ee\/wp-content\/uploads\/2020\/06\/Photo-Apr-09-18-52-11-768x432.jpg 768w, https:\/\/hert.ee\/wp-content\/uploads\/2020\/06\/Photo-Apr-09-18-52-11.jpg 1032w\" sizes=\"(max-width: 1024px) 100vw, 1024px\" \/><\/figure>\n<h2>Kas Hert pakub ainult transporti?<\/h2>\n<p><!-- \/wp:heading --><!-- wp:paragraph --><\/p>\n<p>Pakume mitut t\u00fc\u00fcpi transporti Pakume s\u00f5idukite vedu kui ka kauba transporti. Pakume ka mitmesuguseid teisi kaubavedusid. Meil on v\u00e4ga palju erinevaid transpordivahendeid. Kui teil on vaja transportida s\u00f5idukeid, v\u00f5tke meiega \u00fchendust! Meie suurep\u00e4rane meeskond aitab teil saada kvaliteetset teenust s\u00f5ltumata teie olukorrast!<\/p>\n<h2>Vilniuse autotranspordi ohutus<\/h2>\n<p><!-- \/wp:heading --><!-- wp:paragraph --><\/p>\n<p>Potentsiaalsete klientide seas on levinud k\u00fcsimus, et kuidas tagame nende s\u00f5idukite turvalisuse. Paljude klientide jaoks on meie k\u00e4es olevad s\u00f5idukid neile olulise t\u00e4htsusega. M\u00f5ni muretseb, et meie veoautod ei pruugi olla ohutud. Siiski ei pea te Hertiga Vilniuses s\u00f5iduki kaotamise p\u00e4rast muretsema. <a href=\"https:\/\/en.wikipedia.org\/wiki\/Federal_Motor_Vehicle_Safety_Standards\">K\u00e4sitletavate s\u00f5idukite kahjustuste v\u00f5i varguste \u00e4rahoidmiseks on meil kasutusele v\u00f5etud palju ettevaatusabin\u00f5usid.<\/a><\/p>\n<h2>Kindlad autojuhid<\/h2>\n<p><!-- \/wp:heading --><!-- wp:paragraph --><\/p>\n<p>\u00dcks viis, kuidas me tagame s\u00f5iduki ohutuse auto kohaletoimetamisel on juhtide p\u00f5hjalik koolitus. Meie meeskonna k\u00f5iki liikmeid testitakse p\u00f5hjalikult, et olla kindel, et nad saavad meie kaubas\u00f5idukitega professionaalselt liikuda. <a href=\"https:\/\/www.epa.gov\/importing-exporting\">Samuti kontrollime korrap\u00e4raselt k\u00f5iki oma juhte<\/a>, et veenduda nende vormis.<\/p>\n<p><!-- \/wp:heading --><!-- wp:paragraph --><\/p>\n<p>Veel \u00fcks meie teenuse valdkond, milles rakendame palju ettevaatusabin\u00f5usid, on mahalaadimis- ja laadimisprotsess. Me teame, et mahalaadimine ja laadimine v\u00f5ib s\u00f5idukitele kahjustada, kui seda ei tehta \u00f5igesti. Seet\u00f5ttu hoolitseme oma meeskonna hea v\u00e4lja\u00f5ppe eest, et pakkuda teile parimaid v\u00f5imalikke teenuseid. Iga meie meeskonna liige peab enne teie s\u00f5idukitega k\u00e4itlemist l\u00e4bima \u00fcksikasjaliku v\u00e4lja\u00f5ppeprotsessi. S\u00f5idukite kinnitamiseks, et need kaubaveo ajal vigastada ei saaks, on sisse seatud palju protokolle.<\/p>\n<p><!-- \/wp:paragraph --><!-- wp:image {\"align\":\"full\",\"id\":86,\"sizeSlug\":\"large\"} --><\/p>\n<figure class=\"wp-block-image alignfull size-large\"><img decoding=\"async\" width=\"1024\" height=\"349\" class=\"wp-image-86\" src=\"http:\/\/hert.ee\/wp-content\/uploads\/2020\/06\/Bitmap-2-1024x349.png\" alt=\"\" srcset=\"https:\/\/hert.ee\/wp-content\/uploads\/2020\/06\/Bitmap-2-1024x349.png 1024w, https:\/\/hert.ee\/wp-content\/uploads\/2020\/06\/Bitmap-2-300x102.png 300w, https:\/\/hert.ee\/wp-content\/uploads\/2020\/06\/Bitmap-2-768x262.png 768w, https:\/\/hert.ee\/wp-content\/uploads\/2020\/06\/Bitmap-2-1536x524.png 1536w, https:\/\/hert.ee\/wp-content\/uploads\/2020\/06\/Bitmap-2.png 1808w\" sizes=\"(max-width: 1024px) 100vw, 1024px\" \/><\/figure>\n<h2>Kauba transport \u00fcle Euroopa<\/h2>\n<p><!-- \/wp:heading --><!-- wp:paragraph --><\/p>\n<p>Meie veoautodel kontrollitakse tehno\u00fclevaatust enne iga kohaletoimetamist, nii et v\u00f5ite olla kindel, <a href=\"http:\/\/hert.ee\/en\/338-2\/\">et meie autod on ohutud<\/a>. Meie s\u00f5idukid on usaldusv\u00e4\u00e4rsed ja aitavad meil teie autosid ohutult ja \u00f5igeaegselt kohale toimetada.<\/p>\n<h2>Miks on Hert Transport parim valik?<\/h2>\n<p><!-- \/wp:heading --><!-- wp:paragraph --><\/p>\n<p>Anname alati oma parima. <a href=\"http:\/\/hert.ee\/en\/contacts\/\">Meie meeskond Vilniuses on professionaalne ja kvalifitseeritud<\/a>, nii et teie s\u00f5idukid toimetatakse kohale kiiresti ja ohutult. Oleme valdkonnas tegutsenud juba \u00fcle kolme aastak\u00fcmne. Saa meie kliendiks juba t\u00e4na!<\/p>\n<p><!-- \/wp:paragraph --><\/p>\t\t\t\t\t\t<\/div>\n\t\t\t\t<\/div>\n\t\t\t\t\t<\/div>\n\t\t<\/div>\n\t\t\t\t<div class=\"elementor-column elementor-col-33 elementor-top-column elementor-element elementor-element-2e1ad60 elementor-hidden-phone\" data-id=\"2e1ad60\" data-element_type=\"column\">\n\t\t\t<div class=\"elementor-widget-wrap\">\n\t\t\t\t\t\t\t<\/div>\n\t\t<\/div>\n\t\t\t\t\t<\/div>\n\t\t<\/section>\n\t\t\t\t<\/div>\n\t\t","protected":false},"excerpt":{"rendered":"<p>Kas vajate s\u00f5idukite transporti? Siis saab teid aidata Hert Transport Vilniuses!\u00a0Hert Transport pakub autotranspordi teenused Leedus, kogu Poolas, kui ka mujal Kesk-Euroopas. T\u00f6\u00f6tame selle nimel, et iga auto kohaletoimetamine oleks v\u00f5imalikult lihtne. Meie kliendibaas kiidab meid abivalmiduse ja \u00f5igeaegse kohaletoimetamise eest. Kui vajate usaldusv\u00e4\u00e4rset autotransporti siis on Hert Transport Teie jaoks \u00f5ige ettev\u00f5te! Pakume mitut &#8230; <a title=\"Vilnius Leedu S\u00f5idukite Transport\" class=\"read-more\" href=\"https:\/\/hert.ee\/et\/vilnius-leedu-soidukite-transport\/\" aria-label=\"Read more about Vilnius Leedu S\u00f5idukite Transport\">Read more<\/a><\/p>\n","protected":false},"author":1,"featured_media":0,"parent":0,"menu_order":0,"comment_status":"closed","ping_status":"closed","template":"elementor_header_footer","meta":{"footnotes":""},"yoast_head":"<!-- This site is optimized with the Yoast SEO plugin v22.9 - https:\/\/yoast.com\/wordpress\/plugins\/seo\/ -->\n<title>Vilnius Leedu S\u00f5idukite Transport - HERT Transport<\/title>\n<meta name=\"description\" content=\"Vilnius Leedu S\u00f5idukite Transport. Kui vajad abi transpordiga Euroopas v\u00f5i Venemaal v\u00f5ta meiega \u00fchendust!\" \/>\n<meta name=\"robots\" content=\"index, follow, max-snippet:-1, max-image-preview:large, max-video-preview:-1\" \/>\n<link rel=\"canonical\" href=\"https:\/\/hert.ee\/et\/vilnius-leedu-soidukite-transport\/\" \/>\n<meta property=\"og:locale\" content=\"et_EE\" \/>\n<meta property=\"og:type\" content=\"article\" \/>\n<meta property=\"og:title\" content=\"Vilnius Leedu S\u00f5idukite Transport - HERT Transport\" \/>\n<meta property=\"og:description\" content=\"Vilnius Leedu S\u00f5idukite Transport. Kui vajad abi transpordiga Euroopas v\u00f5i Venemaal v\u00f5ta meiega \u00fchendust!\" \/>\n<meta property=\"og:url\" content=\"https:\/\/hert.ee\/et\/vilnius-leedu-soidukite-transport\/\" \/>\n<meta property=\"og:site_name\" content=\"HERT Transport\" \/>\n<meta property=\"article:modified_time\" content=\"2020-11-12T13:18:11+00:00\" \/>\n<meta property=\"og:image\" content=\"http:\/\/hert.ee\/wp-content\/uploads\/2020\/06\/Photo-Apr-09-18-52-11-1024x576.jpg\" \/>\n<meta name=\"twitter:card\" content=\"summary_large_image\" \/>\n<meta name=\"twitter:label1\" content=\"Est. reading time\" \/>\n\t<meta name=\"twitter:data1\" content=\"2 minutit\" \/>\n<script type=\"application\/ld+json\" class=\"yoast-schema-graph\">{\"@context\":\"https:\/\/schema.org\",\"@graph\":[{\"@type\":\"WebPage\",\"@id\":\"https:\/\/hert.ee\/et\/vilnius-leedu-soidukite-transport\/\",\"url\":\"https:\/\/hert.ee\/et\/vilnius-leedu-soidukite-transport\/\",\"name\":\"Vilnius Leedu S\u00f5idukite Transport - HERT Transport\",\"isPartOf\":{\"@id\":\"https:\/\/hert.ee\/#website\"},\"primaryImageOfPage\":{\"@id\":\"https:\/\/hert.ee\/et\/vilnius-leedu-soidukite-transport\/#primaryimage\"},\"image\":{\"@id\":\"https:\/\/hert.ee\/et\/vilnius-leedu-soidukite-transport\/#primaryimage\"},\"thumbnailUrl\":\"http:\/\/hert.ee\/wp-content\/uploads\/2020\/06\/Photo-Apr-09-18-52-11-1024x576.jpg\",\"datePublished\":\"2020-08-02T18:03:30+00:00\",\"dateModified\":\"2020-11-12T13:18:11+00:00\",\"description\":\"Vilnius Leedu S\u00f5idukite Transport. Kui vajad abi transpordiga Euroopas v\u00f5i Venemaal v\u00f5ta meiega \u00fchendust!\",\"breadcrumb\":{\"@id\":\"https:\/\/hert.ee\/et\/vilnius-leedu-soidukite-transport\/#breadcrumb\"},\"inLanguage\":\"et\",\"potentialAction\":[{\"@type\":\"ReadAction\",\"target\":[\"https:\/\/hert.ee\/et\/vilnius-leedu-soidukite-transport\/\"]}]},{\"@type\":\"ImageObject\",\"inLanguage\":\"et\",\"@id\":\"https:\/\/hert.ee\/et\/vilnius-leedu-soidukite-transport\/#primaryimage\",\"url\":\"http:\/\/hert.ee\/wp-content\/uploads\/2020\/06\/Photo-Apr-09-18-52-11-1024x576.jpg\",\"contentUrl\":\"http:\/\/hert.ee\/wp-content\/uploads\/2020\/06\/Photo-Apr-09-18-52-11-1024x576.jpg\"},{\"@type\":\"BreadcrumbList\",\"@id\":\"https:\/\/hert.ee\/et\/vilnius-leedu-soidukite-transport\/#breadcrumb\",\"itemListElement\":[{\"@type\":\"ListItem\",\"position\":1,\"name\":\"Home\",\"item\":\"https:\/\/hert.ee\/et\/\"},{\"@type\":\"ListItem\",\"position\":2,\"name\":\"Vilnius Leedu S\u00f5idukite Transport\"}]},{\"@type\":\"WebSite\",\"@id\":\"https:\/\/hert.ee\/#website\",\"url\":\"https:\/\/hert.ee\/\",\"name\":\"HERT Transport\",\"description\":\"\",\"publisher\":{\"@id\":\"https:\/\/hert.ee\/#organization\"},\"potentialAction\":[{\"@type\":\"SearchAction\",\"target\":{\"@type\":\"EntryPoint\",\"urlTemplate\":\"https:\/\/hert.ee\/?s={search_term_string}\"},\"query-input\":\"required name=search_term_string\"}],\"inLanguage\":\"et\"},{\"@type\":\"Organization\",\"@id\":\"https:\/\/hert.ee\/#organization\",\"name\":\"Hert-Transport AS\",\"url\":\"https:\/\/hert.ee\/\",\"logo\":{\"@type\":\"ImageObject\",\"inLanguage\":\"et\",\"@id\":\"https:\/\/hert.ee\/#\/schema\/logo\/image\/\",\"url\":\"http:\/\/hert.ee\/wp-content\/uploads\/2020\/07\/Soidukite_transport.jpg\",\"contentUrl\":\"http:\/\/hert.ee\/wp-content\/uploads\/2020\/07\/Soidukite_transport.jpg\",\"width\":1024,\"height\":683,\"caption\":\"Hert-Transport AS\"},\"image\":{\"@id\":\"https:\/\/hert.ee\/#\/schema\/logo\/image\/\"}}]}<\/script>\n<!-- \/ Yoast SEO plugin. -->","yoast_head_json":{"title":"Vilnius Leedu S\u00f5idukite Transport - HERT Transport","description":"Vilnius Leedu S\u00f5idukite Transport. Kui vajad abi transpordiga Euroopas v\u00f5i Venemaal v\u00f5ta meiega \u00fchendust!","robots":{"index":"index","follow":"follow","max-snippet":"max-snippet:-1","max-image-preview":"max-image-preview:large","max-video-preview":"max-video-preview:-1"},"canonical":"https:\/\/hert.ee\/et\/vilnius-leedu-soidukite-transport\/","og_locale":"et_EE","og_type":"article","og_title":"Vilnius Leedu S\u00f5idukite Transport - HERT Transport","og_description":"Vilnius Leedu S\u00f5idukite Transport. Kui vajad abi transpordiga Euroopas v\u00f5i Venemaal v\u00f5ta meiega \u00fchendust!","og_url":"https:\/\/hert.ee\/et\/vilnius-leedu-soidukite-transport\/","og_site_name":"HERT Transport","article_modified_time":"2020-11-12T13:18:11+00:00","og_image":[{"url":"http:\/\/hert.ee\/wp-content\/uploads\/2020\/06\/Photo-Apr-09-18-52-11-1024x576.jpg"}],"twitter_card":"summary_large_image","twitter_misc":{"Est. reading time":"2 minutit"},"schema":{"@context":"https:\/\/schema.org","@graph":[{"@type":"WebPage","@id":"https:\/\/hert.ee\/et\/vilnius-leedu-soidukite-transport\/","url":"https:\/\/hert.ee\/et\/vilnius-leedu-soidukite-transport\/","name":"Vilnius Leedu S\u00f5idukite Transport - HERT Transport","isPartOf":{"@id":"https:\/\/hert.ee\/#website"},"primaryImageOfPage":{"@id":"https:\/\/hert.ee\/et\/vilnius-leedu-soidukite-transport\/#primaryimage"},"image":{"@id":"https:\/\/hert.ee\/et\/vilnius-leedu-soidukite-transport\/#primaryimage"},"thumbnailUrl":"http:\/\/hert.ee\/wp-content\/uploads\/2020\/06\/Photo-Apr-09-18-52-11-1024x576.jpg","datePublished":"2020-08-02T18:03:30+00:00","dateModified":"2020-11-12T13:18:11+00:00","description":"Vilnius Leedu S\u00f5idukite Transport. Kui vajad abi transpordiga Euroopas v\u00f5i Venemaal v\u00f5ta meiega \u00fchendust!","breadcrumb":{"@id":"https:\/\/hert.ee\/et\/vilnius-leedu-soidukite-transport\/#breadcrumb"},"inLanguage":"et","potentialAction":[{"@type":"ReadAction","target":["https:\/\/hert.ee\/et\/vilnius-leedu-soidukite-transport\/"]}]},{"@type":"ImageObject","inLanguage":"et","@id":"https:\/\/hert.ee\/et\/vilnius-leedu-soidukite-transport\/#primaryimage","url":"http:\/\/hert.ee\/wp-content\/uploads\/2020\/06\/Photo-Apr-09-18-52-11-1024x576.jpg","contentUrl":"http:\/\/hert.ee\/wp-content\/uploads\/2020\/06\/Photo-Apr-09-18-52-11-1024x576.jpg"},{"@type":"BreadcrumbList","@id":"https:\/\/hert.ee\/et\/vilnius-leedu-soidukite-transport\/#breadcrumb","itemListElement":[{"@type":"ListItem","position":1,"name":"Home","item":"https:\/\/hert.ee\/et\/"},{"@type":"ListItem","position":2,"name":"Vilnius Leedu S\u00f5idukite Transport"}]},{"@type":"WebSite","@id":"https:\/\/hert.ee\/#website","url":"https:\/\/hert.ee\/","name":"HERT Transport","description":"","publisher":{"@id":"https:\/\/hert.ee\/#organization"},"potentialAction":[{"@type":"SearchAction","target":{"@type":"EntryPoint","urlTemplate":"https:\/\/hert.ee\/?s={search_term_string}"},"query-input":"required name=search_term_string"}],"inLanguage":"et"},{"@type":"Organization","@id":"https:\/\/hert.ee\/#organization","name":"Hert-Transport AS","url":"https:\/\/hert.ee\/","logo":{"@type":"ImageObject","inLanguage":"et","@id":"https:\/\/hert.ee\/#\/schema\/logo\/image\/","url":"http:\/\/hert.ee\/wp-content\/uploads\/2020\/07\/Soidukite_transport.jpg","contentUrl":"http:\/\/hert.ee\/wp-content\/uploads\/2020\/07\/Soidukite_transport.jpg","width":1024,"height":683,"caption":"Hert-Transport AS"},"image":{"@id":"https:\/\/hert.ee\/#\/schema\/logo\/image\/"}}]}},"_links":{"self":[{"href":"https:\/\/hert.ee\/et\/wp-json\/wp\/v2\/pages\/1275"}],"collection":[{"href":"https:\/\/hert.ee\/et\/wp-json\/wp\/v2\/pages"}],"about":[{"href":"https:\/\/hert.ee\/et\/wp-json\/wp\/v2\/types\/page"}],"author":[{"embeddable":true,"href":"https:\/\/hert.ee\/et\/wp-json\/wp\/v2\/users\/1"}],"replies":[{"embeddable":true,"href":"https:\/\/hert.ee\/et\/wp-json\/wp\/v2\/comments?post=1275"}],"version-history":[{"count":5,"href":"https:\/\/hert.ee\/et\/wp-json\/wp\/v2\/pages\/1275\/revisions"}],"predecessor-version":[{"id":3593,"href":"https:\/\/hert.ee\/et\/wp-json\/wp\/v2\/pages\/1275\/revisions\/3593"}],"wp:attachment":[{"href":"https:\/\/hert.ee\/et\/wp-json\/wp\/v2\/media?parent=1275"}],"curies":[{"name":"wp","href":"https:\/\/api.w.org\/{rel}","templated":true}]}}