{"id":1279,"date":"2020-08-02T18:14:15","date_gmt":"2020-08-02T18:14:15","guid":{"rendered":"https:\/\/hert.swstesting.com\/varssavi-poola-transporditeenused\/"},"modified":"2020-11-12T13:18:22","modified_gmt":"2020-11-12T13:18:22","slug":"varssavi-poola-transporditeenused","status":"publish","type":"page","link":"https:\/\/hert.ee\/et\/varssavi-poola-transporditeenused\/","title":{"rendered":"Varssavi Poola Transporditeenused"},"content":{"rendered":"\t\t<div data-elementor-type=\"wp-page\" data-elementor-id=\"1279\" class=\"elementor elementor-1279 elementor-895\" data-elementor-post-type=\"page\">\n\t\t\t\t\t\t<section class=\"elementor-section elementor-top-section elementor-element elementor-element-15beb24 elementor-section-boxed elementor-section-height-default elementor-section-height-default\" data-id=\"15beb24\" data-element_type=\"section\" data-settings=\"{&quot;background_background&quot;:&quot;classic&quot;}\">\n\t\t\t\t\t\t<div class=\"elementor-container elementor-column-gap-default\">\n\t\t\t\t\t<div class=\"elementor-column elementor-col-100 elementor-top-column elementor-element elementor-element-82e7cba\" data-id=\"82e7cba\" data-element_type=\"column\">\n\t\t\t<div class=\"elementor-widget-wrap elementor-element-populated\">\n\t\t\t\t\t\t<div class=\"elementor-element elementor-element-1d16a51 elementor-widget elementor-widget-heading\" data-id=\"1d16a51\" data-element_type=\"widget\" data-widget_type=\"heading.default\">\n\t\t\t\t<div class=\"elementor-widget-container\">\n\t\t\t<h1 class=\"elementor-heading-title elementor-size-default\">Varssavi Poola Transporditeenused<\/h1>\t\t<\/div>\n\t\t\t\t<\/div>\n\t\t\t\t\t<\/div>\n\t\t<\/div>\n\t\t\t\t\t<\/div>\n\t\t<\/section>\n\t\t\t\t<section class=\"elementor-section elementor-top-section elementor-element elementor-element-220949d elementor-section-boxed elementor-section-height-default elementor-section-height-default\" data-id=\"220949d\" data-element_type=\"section\" data-settings=\"{&quot;background_background&quot;:&quot;classic&quot;}\">\n\t\t\t\t\t\t<div class=\"elementor-container elementor-column-gap-default\">\n\t\t\t\t\t<div class=\"elementor-column elementor-col-33 elementor-top-column elementor-element elementor-element-6def893 elementor-hidden-phone\" data-id=\"6def893\" data-element_type=\"column\">\n\t\t\t<div class=\"elementor-widget-wrap\">\n\t\t\t\t\t\t\t<\/div>\n\t\t<\/div>\n\t\t\t\t<div class=\"elementor-column elementor-col-33 elementor-top-column elementor-element elementor-element-aa23e7c\" data-id=\"aa23e7c\" data-element_type=\"column\">\n\t\t\t<div class=\"elementor-widget-wrap elementor-element-populated\">\n\t\t\t\t\t\t<div class=\"elementor-element elementor-element-d4aa373 elementor-widget elementor-widget-text-editor\" data-id=\"d4aa373\" data-element_type=\"widget\" data-widget_type=\"text-editor.default\">\n\t\t\t\t<div class=\"elementor-widget-container\">\n\t\t\t\t\t\t\t<p><!-- wp:paragraph --><\/p>\n<p><a href=\"https:\/\/www.google.com\/maps\/place\/Warsaw,+Poland\/data=!4m2!3m1!1s0x471ecc669a869f01:0x72f0be2a88ead3fc?sa=X&amp;ved=2ahUKEwjuv4uG-tnqAhWC2uAKHaIRACoQ8gEwHnoECBkQBg\">Hert Transport pakub Varssavis<\/a>\u00a0k\u00f5rge kvaliteediga transporditeenust nii autodele kui kaubale. Meie teeninduspiirkond on kogu Euroopa ja Venemaa. Meie eesm\u00e4rgiks on hoida teie s\u00f5idukeid kaubaveo ja kohaletoimetamise ajal turvaliselt.<\/p>\n<p><!-- \/wp:paragraph --><!-- wp:image {\"align\":\"full\",\"id\":201,\"sizeSlug\":\"large\"} --><\/p>\n<figure><img decoding=\"async\" src=\"http:\/\/hert.ee\/wp-content\/uploads\/2020\/06\/Photo-Apr-09-18-51-28-1-1024x576.jpg\" alt=\"\" \/><\/figure>\n<h2>Meie autopark<\/h2>\n<p><!-- \/wp:heading --><!-- wp:paragraph --><\/p>\n<p>Kaubaveo\u00e4ris tegutsemine eeldab, et teie s\u00f5idukite tarnimiseks oleks vaja erinevaid s\u00f5idukeid. Meil on veokid autoveoks, mis veavad \u00fchte kuni k\u00fcmme autot korraga. Meie kliendi s\u00f5idukite ohutus on meie peamine prioriteet, seega hoolitseme selle eest, et meie masinapark oleks hooldatud. Rakendame oma s\u00f5idukite suhtes ainult k\u00f5ige k\u00f5rgemaid n\u00f5udeid. Parim k\u00fclg on see, et k\u00f5ik meie meeskonna liikmed on p\u00fchendunud tipptaseme saavutamisele. Meie s\u00f5idukite transporditeenuste kasutamisel v\u00f5ite olla kindel, et teie s\u00f5iduk paigutatakse ainult k\u00f5ige turvalisematesse veoautodesse.<\/p>\n<h2>Ohutu transport Varssavis<\/h2>\n<p><!-- \/wp:heading --><!-- wp:paragraph --><\/p>\n<p>Teil v\u00f5ib tekkida k\u00fcsimus, et kuidas me kaitseme teie hinnalisi s\u00f5idukeid kahjustamise v\u00f5i varastamise eest, kui need on meie k\u00e4es. Oleme sellele k\u00fcsimusele palju m\u00f5elnud. Kahtlemata hoolime sinu autost sama palju kui sina. <a href=\"https:\/\/web.facebook.com\/HertTransport\/?_rdc=1&amp;_rdr\">Meie Varssavi t\u00f6\u00f6tajad on v\u00e4ga hea v\u00e4lja\u00f5ppe saanud ja teavad<\/a> t\u00e4pselt, kuidas s\u00f5idukeid peale ja maha laadida. Seet\u00f5ttu on s\u00f5idukite kahjustamine tarnimise ajal ebat\u00f5en\u00e4oline. Meil on ka muid meetmeid, alates autojuhtide kontrollimisest kuni j\u00e4lgimisv\u00f5imalusteni, et autosid turvaliselt hoida.<\/p>\n<h2>Kindlak\u00e4elised autojuhid<\/h2>\n<p><!-- \/wp:heading --><!-- wp:paragraph --><\/p>\n<p>Silmapaistev p\u00f5hjus, miks peaksite valima Hert&#8217;i transpordi Varssavis on tingitud meie kvalifitseeritud autojuhtidest. <a href=\"https:\/\/ops.fhwa.dot.gov\/freight\/sw\/regulations\/index.htm\">Meie transpordipilootsidel on aastatepikkune kogemus autode kohaletoimetamise teeninduses ja nad teavad t\u00e4pselt, kuidas meie veoautodega \u00fcmber k\u00e4ia.<\/a> Olenemata ilmast toimetavad meie autojuhid teie s\u00f5idukid vigastamata. T\u00e4nu j\u00e4lgimiss\u00fcsteemile on nad meiega kogu aeg kontaktis. Meie asjatundlike veoautojuhtidega saate lasta oma muredel hajuda. Teie s\u00f5idukid on nende k\u00e4es hoitud.<\/p>\n<h2>Kauba J\u00e4lgimine<\/h2>\n<p><!-- \/wp:heading --><!-- wp:paragraph --><\/p>\n<p>See, <a href=\"https:\/\/en.wikipedia.org\/wiki\/Federal_Motor_Vehicle_Safety_Standards\">kuidas kliendi saadetisi j\u00e4lgida, on meie jaoks v\u00e4ga oluline.<\/a> Koos sellega hoolitseme selle eest, et kaubatransport viiks \u00f5igesse kohta. T\u00e4nu oma tipptasemel j\u00e4lgimistehnoloogiale teame, kus iga tarne on kogu aeg. Olgu kaup Varssavis v\u00f5i mujal saame h\u00f5lpsalt j\u00e4lgida iga autot, et veenduda selle ohutuses. Eelk\u00f5ige tagame, et teie voes j\u00f5uaks \u00f5igel ajal kohale.<\/p>\n<p><!-- \/wp:paragraph --><!-- wp:image {\"align\":\"full\",\"id\":146,\"sizeSlug\":\"large\"} --><\/p>\n<figure><img decoding=\"async\" src=\"http:\/\/hert.ee\/wp-content\/uploads\/2020\/06\/Bredcome-1024x301.jpg\" alt=\"\" \/><\/figure>\n<h2>\u00a0<\/h2>\n<h2>Miks just Hert Transport?<\/h2>\n<p><!-- \/wp:heading --><!-- wp:paragraph --><\/p>\n<p><a href=\"http:\/\/hert.ee\/en\/contacts\/\">Hert transport on kindel valik<\/a>, kuna hoolime klientidest. Toome lauale suurep\u00e4rase klienditeeninduse ja suurep\u00e4rase tehnoloogia. Hert Transport Varssavis pakub teile v\u00e4\u00e4rt kaubavedu. V\u00f5tke <a href=\"http:\/\/hert.ee\/et\/kontakt\/\">meiega \u00fchendust<\/a> juba t\u00e4na.<\/p>\n<p><!-- \/wp:paragraph --><\/p>\t\t\t\t\t\t<\/div>\n\t\t\t\t<\/div>\n\t\t\t\t\t<\/div>\n\t\t<\/div>\n\t\t\t\t<div class=\"elementor-column elementor-col-33 elementor-top-column elementor-element elementor-element-76cb9e7 elementor-hidden-phone\" data-id=\"76cb9e7\" data-element_type=\"column\">\n\t\t\t<div class=\"elementor-widget-wrap\">\n\t\t\t\t\t\t\t<\/div>\n\t\t<\/div>\n\t\t\t\t\t<\/div>\n\t\t<\/section>\n\t\t\t\t<\/div>\n\t\t","protected":false},"excerpt":{"rendered":"<p>Hert Transport pakub Varssavis\u00a0k\u00f5rge kvaliteediga transporditeenust nii autodele kui kaubale. Meie teeninduspiirkond on kogu Euroopa ja Venemaa. Meie eesm\u00e4rgiks on hoida teie s\u00f5idukeid kaubaveo ja kohaletoimetamise ajal turvaliselt. Kaubaveo\u00e4ris tegutsemine eeldab, et teie s\u00f5idukite tarnimiseks oleks vaja erinevaid s\u00f5idukeid. Meil on veokid autoveoks, mis veavad \u00fchte kuni k\u00fcmme autot korraga. Meie kliendi s\u00f5idukite ohutus on &#8230; <a title=\"Varssavi Poola Transporditeenused\" class=\"read-more\" href=\"https:\/\/hert.ee\/et\/varssavi-poola-transporditeenused\/\" aria-label=\"Read more about Varssavi Poola Transporditeenused\">Read more<\/a><\/p>\n","protected":false},"author":1,"featured_media":0,"parent":0,"menu_order":0,"comment_status":"closed","ping_status":"closed","template":"elementor_header_footer","meta":{"footnotes":""},"yoast_head":"<!-- This site is optimized with the Yoast SEO plugin v22.9 - https:\/\/yoast.com\/wordpress\/plugins\/seo\/ -->\n<title>Varssavi Poola Transporditeenused - HERT Transport<\/title>\n<meta name=\"description\" content=\"Varssavi Poola Transporditeenused. Kui vajad abi transpordiga Euroopas v\u00f5i Venemaal v\u00f5ta meiega \u00fchendust!\" \/>\n<meta name=\"robots\" content=\"index, follow, max-snippet:-1, max-image-preview:large, max-video-preview:-1\" \/>\n<link rel=\"canonical\" href=\"https:\/\/hert.ee\/et\/varssavi-poola-transporditeenused\/\" \/>\n<meta property=\"og:locale\" content=\"et_EE\" \/>\n<meta property=\"og:type\" content=\"article\" \/>\n<meta property=\"og:title\" content=\"Varssavi Poola Transporditeenused - HERT Transport\" \/>\n<meta property=\"og:description\" content=\"Varssavi Poola Transporditeenused. Kui vajad abi transpordiga Euroopas v\u00f5i Venemaal v\u00f5ta meiega \u00fchendust!\" \/>\n<meta property=\"og:url\" content=\"https:\/\/hert.ee\/et\/varssavi-poola-transporditeenused\/\" \/>\n<meta property=\"og:site_name\" content=\"HERT Transport\" \/>\n<meta property=\"article:modified_time\" content=\"2020-11-12T13:18:22+00:00\" \/>\n<meta property=\"og:image\" content=\"http:\/\/hert.ee\/wp-content\/uploads\/2020\/06\/Photo-Apr-09-18-51-28-1-1024x576.jpg\" \/>\n<meta name=\"twitter:card\" content=\"summary_large_image\" \/>\n<meta name=\"twitter:label1\" content=\"Est. reading time\" \/>\n\t<meta name=\"twitter:data1\" content=\"2 minutit\" \/>\n<script type=\"application\/ld+json\" class=\"yoast-schema-graph\">{\"@context\":\"https:\/\/schema.org\",\"@graph\":[{\"@type\":\"WebPage\",\"@id\":\"https:\/\/hert.ee\/et\/varssavi-poola-transporditeenused\/\",\"url\":\"https:\/\/hert.ee\/et\/varssavi-poola-transporditeenused\/\",\"name\":\"Varssavi Poola Transporditeenused - HERT Transport\",\"isPartOf\":{\"@id\":\"https:\/\/hert.ee\/#website\"},\"primaryImageOfPage\":{\"@id\":\"https:\/\/hert.ee\/et\/varssavi-poola-transporditeenused\/#primaryimage\"},\"image\":{\"@id\":\"https:\/\/hert.ee\/et\/varssavi-poola-transporditeenused\/#primaryimage\"},\"thumbnailUrl\":\"http:\/\/hert.ee\/wp-content\/uploads\/2020\/06\/Photo-Apr-09-18-51-28-1-1024x576.jpg\",\"datePublished\":\"2020-08-02T18:14:15+00:00\",\"dateModified\":\"2020-11-12T13:18:22+00:00\",\"description\":\"Varssavi Poola Transporditeenused. Kui vajad abi transpordiga Euroopas v\u00f5i Venemaal v\u00f5ta meiega \u00fchendust!\",\"breadcrumb\":{\"@id\":\"https:\/\/hert.ee\/et\/varssavi-poola-transporditeenused\/#breadcrumb\"},\"inLanguage\":\"et\",\"potentialAction\":[{\"@type\":\"ReadAction\",\"target\":[\"https:\/\/hert.ee\/et\/varssavi-poola-transporditeenused\/\"]}]},{\"@type\":\"ImageObject\",\"inLanguage\":\"et\",\"@id\":\"https:\/\/hert.ee\/et\/varssavi-poola-transporditeenused\/#primaryimage\",\"url\":\"http:\/\/hert.ee\/wp-content\/uploads\/2020\/06\/Photo-Apr-09-18-51-28-1-1024x576.jpg\",\"contentUrl\":\"http:\/\/hert.ee\/wp-content\/uploads\/2020\/06\/Photo-Apr-09-18-51-28-1-1024x576.jpg\"},{\"@type\":\"BreadcrumbList\",\"@id\":\"https:\/\/hert.ee\/et\/varssavi-poola-transporditeenused\/#breadcrumb\",\"itemListElement\":[{\"@type\":\"ListItem\",\"position\":1,\"name\":\"Home\",\"item\":\"https:\/\/hert.ee\/et\/\"},{\"@type\":\"ListItem\",\"position\":2,\"name\":\"Varssavi Poola Transporditeenused\"}]},{\"@type\":\"WebSite\",\"@id\":\"https:\/\/hert.ee\/#website\",\"url\":\"https:\/\/hert.ee\/\",\"name\":\"HERT Transport\",\"description\":\"\",\"publisher\":{\"@id\":\"https:\/\/hert.ee\/#organization\"},\"potentialAction\":[{\"@type\":\"SearchAction\",\"target\":{\"@type\":\"EntryPoint\",\"urlTemplate\":\"https:\/\/hert.ee\/?s={search_term_string}\"},\"query-input\":\"required name=search_term_string\"}],\"inLanguage\":\"et\"},{\"@type\":\"Organization\",\"@id\":\"https:\/\/hert.ee\/#organization\",\"name\":\"Hert-Transport AS\",\"url\":\"https:\/\/hert.ee\/\",\"logo\":{\"@type\":\"ImageObject\",\"inLanguage\":\"et\",\"@id\":\"https:\/\/hert.ee\/#\/schema\/logo\/image\/\",\"url\":\"http:\/\/hert.ee\/wp-content\/uploads\/2020\/07\/Soidukite_transport.jpg\",\"contentUrl\":\"http:\/\/hert.ee\/wp-content\/uploads\/2020\/07\/Soidukite_transport.jpg\",\"width\":1024,\"height\":683,\"caption\":\"Hert-Transport AS\"},\"image\":{\"@id\":\"https:\/\/hert.ee\/#\/schema\/logo\/image\/\"}}]}<\/script>\n<!-- \/ Yoast SEO plugin. -->","yoast_head_json":{"title":"Varssavi Poola Transporditeenused - HERT Transport","description":"Varssavi Poola Transporditeenused. Kui vajad abi transpordiga Euroopas v\u00f5i Venemaal v\u00f5ta meiega \u00fchendust!","robots":{"index":"index","follow":"follow","max-snippet":"max-snippet:-1","max-image-preview":"max-image-preview:large","max-video-preview":"max-video-preview:-1"},"canonical":"https:\/\/hert.ee\/et\/varssavi-poola-transporditeenused\/","og_locale":"et_EE","og_type":"article","og_title":"Varssavi Poola Transporditeenused - HERT Transport","og_description":"Varssavi Poola Transporditeenused. Kui vajad abi transpordiga Euroopas v\u00f5i Venemaal v\u00f5ta meiega \u00fchendust!","og_url":"https:\/\/hert.ee\/et\/varssavi-poola-transporditeenused\/","og_site_name":"HERT Transport","article_modified_time":"2020-11-12T13:18:22+00:00","og_image":[{"url":"http:\/\/hert.ee\/wp-content\/uploads\/2020\/06\/Photo-Apr-09-18-51-28-1-1024x576.jpg"}],"twitter_card":"summary_large_image","twitter_misc":{"Est. reading time":"2 minutit"},"schema":{"@context":"https:\/\/schema.org","@graph":[{"@type":"WebPage","@id":"https:\/\/hert.ee\/et\/varssavi-poola-transporditeenused\/","url":"https:\/\/hert.ee\/et\/varssavi-poola-transporditeenused\/","name":"Varssavi Poola Transporditeenused - HERT Transport","isPartOf":{"@id":"https:\/\/hert.ee\/#website"},"primaryImageOfPage":{"@id":"https:\/\/hert.ee\/et\/varssavi-poola-transporditeenused\/#primaryimage"},"image":{"@id":"https:\/\/hert.ee\/et\/varssavi-poola-transporditeenused\/#primaryimage"},"thumbnailUrl":"http:\/\/hert.ee\/wp-content\/uploads\/2020\/06\/Photo-Apr-09-18-51-28-1-1024x576.jpg","datePublished":"2020-08-02T18:14:15+00:00","dateModified":"2020-11-12T13:18:22+00:00","description":"Varssavi Poola Transporditeenused. Kui vajad abi transpordiga Euroopas v\u00f5i Venemaal v\u00f5ta meiega \u00fchendust!","breadcrumb":{"@id":"https:\/\/hert.ee\/et\/varssavi-poola-transporditeenused\/#breadcrumb"},"inLanguage":"et","potentialAction":[{"@type":"ReadAction","target":["https:\/\/hert.ee\/et\/varssavi-poola-transporditeenused\/"]}]},{"@type":"ImageObject","inLanguage":"et","@id":"https:\/\/hert.ee\/et\/varssavi-poola-transporditeenused\/#primaryimage","url":"http:\/\/hert.ee\/wp-content\/uploads\/2020\/06\/Photo-Apr-09-18-51-28-1-1024x576.jpg","contentUrl":"http:\/\/hert.ee\/wp-content\/uploads\/2020\/06\/Photo-Apr-09-18-51-28-1-1024x576.jpg"},{"@type":"BreadcrumbList","@id":"https:\/\/hert.ee\/et\/varssavi-poola-transporditeenused\/#breadcrumb","itemListElement":[{"@type":"ListItem","position":1,"name":"Home","item":"https:\/\/hert.ee\/et\/"},{"@type":"ListItem","position":2,"name":"Varssavi Poola Transporditeenused"}]},{"@type":"WebSite","@id":"https:\/\/hert.ee\/#website","url":"https:\/\/hert.ee\/","name":"HERT Transport","description":"","publisher":{"@id":"https:\/\/hert.ee\/#organization"},"potentialAction":[{"@type":"SearchAction","target":{"@type":"EntryPoint","urlTemplate":"https:\/\/hert.ee\/?s={search_term_string}"},"query-input":"required name=search_term_string"}],"inLanguage":"et"},{"@type":"Organization","@id":"https:\/\/hert.ee\/#organization","name":"Hert-Transport AS","url":"https:\/\/hert.ee\/","logo":{"@type":"ImageObject","inLanguage":"et","@id":"https:\/\/hert.ee\/#\/schema\/logo\/image\/","url":"http:\/\/hert.ee\/wp-content\/uploads\/2020\/07\/Soidukite_transport.jpg","contentUrl":"http:\/\/hert.ee\/wp-content\/uploads\/2020\/07\/Soidukite_transport.jpg","width":1024,"height":683,"caption":"Hert-Transport AS"},"image":{"@id":"https:\/\/hert.ee\/#\/schema\/logo\/image\/"}}]}},"_links":{"self":[{"href":"https:\/\/hert.ee\/et\/wp-json\/wp\/v2\/pages\/1279"}],"collection":[{"href":"https:\/\/hert.ee\/et\/wp-json\/wp\/v2\/pages"}],"about":[{"href":"https:\/\/hert.ee\/et\/wp-json\/wp\/v2\/types\/page"}],"author":[{"embeddable":true,"href":"https:\/\/hert.ee\/et\/wp-json\/wp\/v2\/users\/1"}],"replies":[{"embeddable":true,"href":"https:\/\/hert.ee\/et\/wp-json\/wp\/v2\/comments?post=1279"}],"version-history":[{"count":5,"href":"https:\/\/hert.ee\/et\/wp-json\/wp\/v2\/pages\/1279\/revisions"}],"predecessor-version":[{"id":3594,"href":"https:\/\/hert.ee\/et\/wp-json\/wp\/v2\/pages\/1279\/revisions\/3594"}],"wp:attachment":[{"href":"https:\/\/hert.ee\/et\/wp-json\/wp\/v2\/media?parent=1279"}],"curies":[{"name":"wp","href":"https:\/\/api.w.org\/{rel}","templated":true}]}}