{"id":1284,"date":"2020-08-02T19:15:24","date_gmt":"2020-08-02T19:15:24","guid":{"rendered":"https:\/\/hert.swstesting.com\/amsterdam-holland-autode-ost\/"},"modified":"2020-11-12T13:20:21","modified_gmt":"2020-11-12T13:20:21","slug":"amsterdam-holland-kaubaekspeditsiooniteenused","status":"publish","type":"page","link":"https:\/\/hert.ee\/et\/amsterdam-holland-kaubaekspeditsiooniteenused\/","title":{"rendered":"Kaubaekspeditsiooni teenused Hollandis"},"content":{"rendered":"\t\t<div data-elementor-type=\"wp-page\" data-elementor-id=\"1284\" class=\"elementor elementor-1284 elementor-884\" data-elementor-post-type=\"page\">\n\t\t\t\t\t\t<section class=\"elementor-section elementor-top-section elementor-element elementor-element-c942d7d elementor-section-boxed elementor-section-height-default elementor-section-height-default\" data-id=\"c942d7d\" data-element_type=\"section\" data-settings=\"{&quot;background_background&quot;:&quot;classic&quot;}\">\n\t\t\t\t\t\t<div class=\"elementor-container elementor-column-gap-default\">\n\t\t\t\t\t<div class=\"elementor-column elementor-col-100 elementor-top-column elementor-element elementor-element-d93201b\" data-id=\"d93201b\" data-element_type=\"column\">\n\t\t\t<div class=\"elementor-widget-wrap elementor-element-populated\">\n\t\t\t\t\t\t<div class=\"elementor-element elementor-element-35082e4 elementor-widget elementor-widget-heading\" data-id=\"35082e4\" data-element_type=\"widget\" data-widget_type=\"heading.default\">\n\t\t\t\t<div class=\"elementor-widget-container\">\n\t\t\t<h1 class=\"elementor-heading-title elementor-size-default\">Kaubaekspeditsiooni teenused Hollandis<\/h1>\t\t<\/div>\n\t\t\t\t<\/div>\n\t\t\t\t\t<\/div>\n\t\t<\/div>\n\t\t\t\t\t<\/div>\n\t\t<\/section>\n\t\t\t\t<section class=\"elementor-section elementor-top-section elementor-element elementor-element-e3492d0 elementor-section-boxed elementor-section-height-default elementor-section-height-default\" data-id=\"e3492d0\" data-element_type=\"section\" data-settings=\"{&quot;background_background&quot;:&quot;classic&quot;}\">\n\t\t\t\t\t\t<div class=\"elementor-container elementor-column-gap-default\">\n\t\t\t\t\t<div class=\"elementor-column elementor-col-33 elementor-top-column elementor-element elementor-element-d96438d elementor-hidden-phone\" data-id=\"d96438d\" data-element_type=\"column\">\n\t\t\t<div class=\"elementor-widget-wrap\">\n\t\t\t\t\t\t\t<\/div>\n\t\t<\/div>\n\t\t\t\t<div class=\"elementor-column elementor-col-33 elementor-top-column elementor-element elementor-element-07798c7\" data-id=\"07798c7\" data-element_type=\"column\">\n\t\t\t<div class=\"elementor-widget-wrap elementor-element-populated\">\n\t\t\t\t\t\t<div class=\"elementor-element elementor-element-12007e0 elementor-widget elementor-widget-text-editor\" data-id=\"12007e0\" data-element_type=\"widget\" data-widget_type=\"text-editor.default\">\n\t\t\t\t<div class=\"elementor-widget-container\">\n\t\t\t\t\t\t\t<p><!-- wp:paragraph --><\/p>\n<h2>Parimad Kaubaekspeditsiooniteenused Amsterdamis<\/h2>\n<p>Oleme rahvusvaheline kaubaekspeditsiooniettev\u00f5te, mis asub Amsterdamis. \u00dcle 24-aastase kogemusega pakume teile usaldusv\u00e4\u00e4rset ja professionaalset auto kohaletoimetamise teenust. Hert Transport asutati 1994. aastal v\u00e4ikese kaubaveoettev\u00f5ttena. N\u00fc\u00fcdseks pole see mitte ainult arenenud teenuste pakkumiseks k\u00f5igil mandritel, vaid etendab ka selles valdkonnas juhtivat rolli. See ettev\u00f5te oli kolme venna \u00e4riettev\u00f5te. Aja jooksul on ettev\u00f5te arenenud kolme p\u00f5lvkonna jooksul. <a href=\"https:\/\/www.fmc.gov\/resources-services\/shipping-your-vehicle-overseas\/\">Oleme uhked oma v\u00f5imete laiendamise \u00fcle, et aidata pakkuda oma klientidele parimaid teenuseid.<\/a> Vaatamata sellele, et oleme laienenud, s\u00e4ilitatakse tuum, mille kaudu see ettev\u00f5tmine alguse sai. K\u00f5igepealt tagame, et paneme oma klientidele head suhted ja pakume hiljem kvaliteetset teenust.<\/p>\n<p><!-- wp:image {\"align\":\"full\",\"id\":237,\"sizeSlug\":\"large\"} --><\/p>\n<figure class=\"wp-block-image alignfull size-large\"><img fetchpriority=\"high\" decoding=\"async\" class=\"alignnone wp-image-217 size-full\" src=\"http:\/\/hert.ee\/wp-content\/uploads\/2020\/06\/Photo-Jun-11-01-27-43.jpg\" alt=\"Kaubaekspeditsioon Amsterdam, Holland\" width=\"2560\" height=\"1536\" srcset=\"https:\/\/hert.ee\/wp-content\/uploads\/2020\/06\/Photo-Jun-11-01-27-43.jpg 2560w, https:\/\/hert.ee\/wp-content\/uploads\/2020\/06\/Photo-Jun-11-01-27-43-300x180.jpg 300w, https:\/\/hert.ee\/wp-content\/uploads\/2020\/06\/Photo-Jun-11-01-27-43-1024x614.jpg 1024w, https:\/\/hert.ee\/wp-content\/uploads\/2020\/06\/Photo-Jun-11-01-27-43-768x461.jpg 768w, https:\/\/hert.ee\/wp-content\/uploads\/2020\/06\/Photo-Jun-11-01-27-43-1536x922.jpg 1536w, https:\/\/hert.ee\/wp-content\/uploads\/2020\/06\/Photo-Jun-11-01-27-43-2048x1229.jpg 2048w\" sizes=\"(max-width: 2560px) 100vw, 2560px\" \/><\/figure>\n<p><!-- \/wp:image --><\/p>\n<p>Kasutage meie kvaliteetseid kaubaveoteenuseid ja laske oma kaubad otse teie ukseni toimetada. Meie klientidelt, kes tulevad tagasi Amsterdamist, tuginevad Hert Transport s\u00f5idukite transporditeenustele kui k\u00f5ige lihtsamatele ja usaldusv\u00e4\u00e4rsematele. Oleme autode kohaletoimetamise meistrid ja meie t\u00f6\u00f6 algab sellega, et laadime teie s\u00f5iduki turvatud autotekkidesse. Seej\u00e4rel juhivad meie kogenud ja maailmatasemel <a href=\"https:\/\/www.google.com\/maps\/place\/Amsterdam,+Netherlands\/@52.3545828,4.7638781,11z\/data=!3m1!4b1!4m5!3m4!1s0x47c63fb5949a7755:0x6600fd4cb7c0af8d!8m2!3d52.3666969!4d4.8945398\">t\u00f6\u00f6tajad veoautosid Amsterdami keerduvatel tihedatel teedel.<\/a> Teie s\u00f5idukid toimetatakse soovitud sihtkohta t\u00e4iesti turvaliselt.<\/p>\n<p><!-- \/wp:paragraph --><!-- wp:heading {\"level\":3} --><\/p>\n<h2>Pakume enamat kui auto kohaletoimetamine<\/h2>\n<p><!-- \/wp:heading --><!-- wp:paragraph --><\/p>\n<p><a href=\"http:\/\/hert.ee\/en\/338-2\/\">\u00dche usaldusv\u00e4\u00e4rseima logistikaettev\u00f5ttena<\/a> pakume enamat kui autode kohaletoimetamist. Oleme paindlikud ja saame hakkama ka kaubaekspeditsioonidega. V\u00f5tke \u00fchendust meie meeskonnaga kaubaveo vajaduse korral. Teeme koost\u00f6\u00f6d kogenud ja usaldusv\u00e4\u00e4rsete transpordiagentidega, kes annavad teile n\u00f5u meie veoautode saadavuse osas. \u00dcksk\u00f5ik, mida teie kaubaekspeditsioon vajab, pakume v\u00e4lja kohandatava l\u00e4henemisviisi, et tagada just see, mida te vajate. Seet\u00f5ttu teeme k\u00f5ik v\u00f5imaliku, et teie auto kohaletoimetamise vajadus rahuldaks probleemideta.<\/p>\n<h2>\u00a0<\/h2>\n<h2>Miks just meie?<\/h2>\n<p><!-- \/wp:heading --><!-- wp:paragraph --><\/p>\n<p>Valige meid selle j\u00e4rgi, kes me oleme ja mille eest seisame. Keskendume teile ja oleme valmis t\u00e4itma k\u00f5ik teie vajadused. Alates 1994. aastast oleme teinud lugupeetud edusamme alustades olemisest, et saada \u00fcheks parimaks logistikaettev\u00f5tteks Amsterdamis. N\u00fc\u00fcd on meil k\u00fcmme autot. Kui otsite usaldusv\u00e4\u00e4rset partnerit kauba- ja autotranspordi valdkonnas, siis otsige enam. <a href=\"https:\/\/web.facebook.com\/HertTransport\/?_rdc=1&amp;_rdr\">Hert Transport on rahaliselt<\/a> stabiilne ja seet\u00f5ttu saab meie suhetest keskse t\u00e4htsusega meie usaldusv\u00e4\u00e4rne finantsjuhtimine.<\/p>\n<p><!-- wp:image {\"align\":\"full\",\"id\":233,\"sizeSlug\":\"large\"} --><\/p>\n<figure class=\"wp-block-image alignfull size-large\"><img decoding=\"async\" class=\"alignnone wp-image-213 size-full\" src=\"http:\/\/hert.ee\/wp-content\/uploads\/2020\/06\/Photo-Jun-11-01-18-28-1.jpg\" alt=\"Kaubaekspeditsiooniteenused Amsterdamis, HERT Transport\" width=\"1024\" height=\"768\" srcset=\"https:\/\/hert.ee\/wp-content\/uploads\/2020\/06\/Photo-Jun-11-01-18-28-1.jpg 1024w, https:\/\/hert.ee\/wp-content\/uploads\/2020\/06\/Photo-Jun-11-01-18-28-1-300x225.jpg 300w, https:\/\/hert.ee\/wp-content\/uploads\/2020\/06\/Photo-Jun-11-01-18-28-1-768x576.jpg 768w\" sizes=\"(max-width: 1024px) 100vw, 1024px\" \/><\/figure>\n<p><!-- \/wp:image --><\/p>\n<p>Vaadake kohe algusest peale oma kaubaekspeditsiooni olukorda. Hert Transpordi iseteenindus annab klientidele v\u00f5imaluse oma kaupa j\u00e4lgida ja j\u00e4lgida. Oleme loonud usaldusv\u00e4\u00e4rse veebis\u00fcsteemi s\u00f5idukite <a href=\"https:\/\/ops.fhwa.dot.gov\/freight\/sw\/regulations\/index.htm\">transporditeenuste sujuvamaks muutmiseks.<\/a> N\u00e4ete oma lasti olekut tellimuse vormistamise hetkest alates. Lisaks teavitatakse teid kuni selle kohaletoimetamiseni l\u00f5ppsihtkohta. S\u00fcsteem \u00fchildub enamiku seadmetega, seega on meie klientidel kiire juurdep\u00e4\u00e4s. Meie s\u00fcsteemi abil saate h\u00f5lpsalt veebis teenuseid broneerida, klienditeenindusele juurdep\u00e4\u00e4su saada ja pakkumist saada.<\/p>\n<p><!-- \/wp:paragraph --><!-- wp:heading --><\/p>\n<h2>\u00a0<\/h2>\n<h2>V\u00f5tke meiega juba t\u00e4na \u00fchendust<\/h2>\n<p><!-- \/wp:heading --><!-- wp:paragraph --><\/p>\n<p>V\u00f5tke meiega \u00fchendust \u00fche nupuvajutusega! Saate t\u00f6\u00f6tada Amsterdami tuntud kaubaekspeditsiooniteenuste spetsialistidega. <a href=\"http:\/\/hert.ee\/en\/contacts\/\">Oleme k\u00f5igi teie autotranspordi vajaduste jaoks saadaval 24-7.<\/a> Kuidas saaksime aidata? V\u00f5tke meiega julgelt \u00fchendust.<\/p>\n<p><!-- \/wp:paragraph --><\/p>\t\t\t\t\t\t<\/div>\n\t\t\t\t<\/div>\n\t\t\t\t\t<\/div>\n\t\t<\/div>\n\t\t\t\t<div class=\"elementor-column elementor-col-33 elementor-top-column elementor-element elementor-element-81e5395 elementor-hidden-phone\" data-id=\"81e5395\" data-element_type=\"column\">\n\t\t\t<div class=\"elementor-widget-wrap\">\n\t\t\t\t\t\t\t<\/div>\n\t\t<\/div>\n\t\t\t\t\t<\/div>\n\t\t<\/section>\n\t\t\t\t<\/div>\n\t\t","protected":false},"excerpt":{"rendered":"<p>Kaubaekspeditsiooni teenused Hollandis Pakume enamat kui auto kohaletoimetamine \u00dche usaldusv\u00e4\u00e4rseima logistikaettev\u00f5ttena pakume enamat kui autode kohaletoimetamist. Oleme paindlikud ja saame hakkama ka kaubaekspeditsioonidega. V\u00f5tke \u00fchendust meie meeskonnaga kaubaveo vajaduse korral. Teeme koost\u00f6\u00f6d kogenud ja usaldusv\u00e4\u00e4rsete transpordiagentidega, kes annavad teile n\u00f5u meie veoautode saadavuse osas. \u00dcksk\u00f5ik, mida teie kaubaekspeditsioon vajab, pakume v\u00e4lja kohandatava l\u00e4henemisviisi, et tagada &#8230; <a title=\"Kaubaekspeditsiooni teenused Hollandis\" class=\"read-more\" href=\"https:\/\/hert.ee\/et\/amsterdam-holland-kaubaekspeditsiooniteenused\/\" aria-label=\"Read more about Kaubaekspeditsiooni teenused Hollandis\">Read more<\/a><\/p>\n","protected":false},"author":1,"featured_media":0,"parent":0,"menu_order":0,"comment_status":"closed","ping_status":"closed","template":"elementor_header_footer","meta":{"footnotes":""},"yoast_head":"<!-- This site is optimized with the Yoast SEO plugin v22.9 - https:\/\/yoast.com\/wordpress\/plugins\/seo\/ -->\n<title>Kaubaekspeditsiooni teenused Hollandis (Amsterdam) - HERT Transport<\/title>\n<meta name=\"description\" content=\"Kaubaekspeditsiooni teenused Hollandis. Kui vajad abi transpordiga Euroopas v\u00f5i Venemaal v\u00f5ta meiega \u00fchendust!\" \/>\n<meta name=\"robots\" content=\"index, follow, max-snippet:-1, max-image-preview:large, max-video-preview:-1\" \/>\n<link rel=\"canonical\" href=\"https:\/\/hert.ee\/et\/amsterdam-holland-kaubaekspeditsiooniteenused\/\" \/>\n<meta property=\"og:locale\" content=\"et_EE\" \/>\n<meta property=\"og:type\" content=\"article\" \/>\n<meta property=\"og:title\" content=\"Kaubaekspeditsiooni teenused Hollandis (Amsterdam) - HERT Transport\" \/>\n<meta property=\"og:description\" content=\"Kaubaekspeditsiooni teenused Hollandis. Kui vajad abi transpordiga Euroopas v\u00f5i Venemaal v\u00f5ta meiega \u00fchendust!\" \/>\n<meta property=\"og:url\" content=\"https:\/\/hert.ee\/et\/amsterdam-holland-kaubaekspeditsiooniteenused\/\" \/>\n<meta property=\"og:site_name\" content=\"HERT Transport\" \/>\n<meta property=\"article:modified_time\" content=\"2020-11-12T13:20:21+00:00\" \/>\n<meta property=\"og:image\" content=\"http:\/\/hert.ee\/wp-content\/uploads\/2020\/06\/Photo-Jun-11-01-27-43.jpg\" \/>\n<meta name=\"twitter:card\" content=\"summary_large_image\" \/>\n<meta name=\"twitter:label1\" content=\"Est. reading time\" \/>\n\t<meta name=\"twitter:data1\" content=\"2 minutit\" \/>\n<script type=\"application\/ld+json\" class=\"yoast-schema-graph\">{\"@context\":\"https:\/\/schema.org\",\"@graph\":[{\"@type\":\"WebPage\",\"@id\":\"https:\/\/hert.ee\/et\/amsterdam-holland-kaubaekspeditsiooniteenused\/\",\"url\":\"https:\/\/hert.ee\/et\/amsterdam-holland-kaubaekspeditsiooniteenused\/\",\"name\":\"Kaubaekspeditsiooni teenused Hollandis (Amsterdam) - HERT Transport\",\"isPartOf\":{\"@id\":\"https:\/\/hert.ee\/#website\"},\"primaryImageOfPage\":{\"@id\":\"https:\/\/hert.ee\/et\/amsterdam-holland-kaubaekspeditsiooniteenused\/#primaryimage\"},\"image\":{\"@id\":\"https:\/\/hert.ee\/et\/amsterdam-holland-kaubaekspeditsiooniteenused\/#primaryimage\"},\"thumbnailUrl\":\"http:\/\/hert.ee\/wp-content\/uploads\/2020\/06\/Photo-Jun-11-01-27-43.jpg\",\"datePublished\":\"2020-08-02T19:15:24+00:00\",\"dateModified\":\"2020-11-12T13:20:21+00:00\",\"description\":\"Kaubaekspeditsiooni teenused Hollandis. Kui vajad abi transpordiga Euroopas v\u00f5i Venemaal v\u00f5ta meiega \u00fchendust!\",\"breadcrumb\":{\"@id\":\"https:\/\/hert.ee\/et\/amsterdam-holland-kaubaekspeditsiooniteenused\/#breadcrumb\"},\"inLanguage\":\"et\",\"potentialAction\":[{\"@type\":\"ReadAction\",\"target\":[\"https:\/\/hert.ee\/et\/amsterdam-holland-kaubaekspeditsiooniteenused\/\"]}]},{\"@type\":\"ImageObject\",\"inLanguage\":\"et\",\"@id\":\"https:\/\/hert.ee\/et\/amsterdam-holland-kaubaekspeditsiooniteenused\/#primaryimage\",\"url\":\"http:\/\/hert.ee\/wp-content\/uploads\/2020\/06\/Photo-Jun-11-01-27-43.jpg\",\"contentUrl\":\"http:\/\/hert.ee\/wp-content\/uploads\/2020\/06\/Photo-Jun-11-01-27-43.jpg\"},{\"@type\":\"BreadcrumbList\",\"@id\":\"https:\/\/hert.ee\/et\/amsterdam-holland-kaubaekspeditsiooniteenused\/#breadcrumb\",\"itemListElement\":[{\"@type\":\"ListItem\",\"position\":1,\"name\":\"Home\",\"item\":\"https:\/\/hert.ee\/et\/\"},{\"@type\":\"ListItem\",\"position\":2,\"name\":\"Kaubaekspeditsiooni teenused Hollandis\"}]},{\"@type\":\"WebSite\",\"@id\":\"https:\/\/hert.ee\/#website\",\"url\":\"https:\/\/hert.ee\/\",\"name\":\"HERT Transport\",\"description\":\"\",\"publisher\":{\"@id\":\"https:\/\/hert.ee\/#organization\"},\"potentialAction\":[{\"@type\":\"SearchAction\",\"target\":{\"@type\":\"EntryPoint\",\"urlTemplate\":\"https:\/\/hert.ee\/?s={search_term_string}\"},\"query-input\":\"required name=search_term_string\"}],\"inLanguage\":\"et\"},{\"@type\":\"Organization\",\"@id\":\"https:\/\/hert.ee\/#organization\",\"name\":\"Hert-Transport AS\",\"url\":\"https:\/\/hert.ee\/\",\"logo\":{\"@type\":\"ImageObject\",\"inLanguage\":\"et\",\"@id\":\"https:\/\/hert.ee\/#\/schema\/logo\/image\/\",\"url\":\"http:\/\/hert.ee\/wp-content\/uploads\/2020\/07\/Soidukite_transport.jpg\",\"contentUrl\":\"http:\/\/hert.ee\/wp-content\/uploads\/2020\/07\/Soidukite_transport.jpg\",\"width\":1024,\"height\":683,\"caption\":\"Hert-Transport AS\"},\"image\":{\"@id\":\"https:\/\/hert.ee\/#\/schema\/logo\/image\/\"}}]}<\/script>\n<!-- \/ Yoast SEO plugin. -->","yoast_head_json":{"title":"Kaubaekspeditsiooni teenused Hollandis (Amsterdam) - HERT Transport","description":"Kaubaekspeditsiooni teenused Hollandis. Kui vajad abi transpordiga Euroopas v\u00f5i Venemaal v\u00f5ta meiega \u00fchendust!","robots":{"index":"index","follow":"follow","max-snippet":"max-snippet:-1","max-image-preview":"max-image-preview:large","max-video-preview":"max-video-preview:-1"},"canonical":"https:\/\/hert.ee\/et\/amsterdam-holland-kaubaekspeditsiooniteenused\/","og_locale":"et_EE","og_type":"article","og_title":"Kaubaekspeditsiooni teenused Hollandis (Amsterdam) - HERT Transport","og_description":"Kaubaekspeditsiooni teenused Hollandis. Kui vajad abi transpordiga Euroopas v\u00f5i Venemaal v\u00f5ta meiega \u00fchendust!","og_url":"https:\/\/hert.ee\/et\/amsterdam-holland-kaubaekspeditsiooniteenused\/","og_site_name":"HERT Transport","article_modified_time":"2020-11-12T13:20:21+00:00","og_image":[{"url":"http:\/\/hert.ee\/wp-content\/uploads\/2020\/06\/Photo-Jun-11-01-27-43.jpg"}],"twitter_card":"summary_large_image","twitter_misc":{"Est. reading time":"2 minutit"},"schema":{"@context":"https:\/\/schema.org","@graph":[{"@type":"WebPage","@id":"https:\/\/hert.ee\/et\/amsterdam-holland-kaubaekspeditsiooniteenused\/","url":"https:\/\/hert.ee\/et\/amsterdam-holland-kaubaekspeditsiooniteenused\/","name":"Kaubaekspeditsiooni teenused Hollandis (Amsterdam) - HERT Transport","isPartOf":{"@id":"https:\/\/hert.ee\/#website"},"primaryImageOfPage":{"@id":"https:\/\/hert.ee\/et\/amsterdam-holland-kaubaekspeditsiooniteenused\/#primaryimage"},"image":{"@id":"https:\/\/hert.ee\/et\/amsterdam-holland-kaubaekspeditsiooniteenused\/#primaryimage"},"thumbnailUrl":"http:\/\/hert.ee\/wp-content\/uploads\/2020\/06\/Photo-Jun-11-01-27-43.jpg","datePublished":"2020-08-02T19:15:24+00:00","dateModified":"2020-11-12T13:20:21+00:00","description":"Kaubaekspeditsiooni teenused Hollandis. Kui vajad abi transpordiga Euroopas v\u00f5i Venemaal v\u00f5ta meiega \u00fchendust!","breadcrumb":{"@id":"https:\/\/hert.ee\/et\/amsterdam-holland-kaubaekspeditsiooniteenused\/#breadcrumb"},"inLanguage":"et","potentialAction":[{"@type":"ReadAction","target":["https:\/\/hert.ee\/et\/amsterdam-holland-kaubaekspeditsiooniteenused\/"]}]},{"@type":"ImageObject","inLanguage":"et","@id":"https:\/\/hert.ee\/et\/amsterdam-holland-kaubaekspeditsiooniteenused\/#primaryimage","url":"http:\/\/hert.ee\/wp-content\/uploads\/2020\/06\/Photo-Jun-11-01-27-43.jpg","contentUrl":"http:\/\/hert.ee\/wp-content\/uploads\/2020\/06\/Photo-Jun-11-01-27-43.jpg"},{"@type":"BreadcrumbList","@id":"https:\/\/hert.ee\/et\/amsterdam-holland-kaubaekspeditsiooniteenused\/#breadcrumb","itemListElement":[{"@type":"ListItem","position":1,"name":"Home","item":"https:\/\/hert.ee\/et\/"},{"@type":"ListItem","position":2,"name":"Kaubaekspeditsiooni teenused Hollandis"}]},{"@type":"WebSite","@id":"https:\/\/hert.ee\/#website","url":"https:\/\/hert.ee\/","name":"HERT Transport","description":"","publisher":{"@id":"https:\/\/hert.ee\/#organization"},"potentialAction":[{"@type":"SearchAction","target":{"@type":"EntryPoint","urlTemplate":"https:\/\/hert.ee\/?s={search_term_string}"},"query-input":"required name=search_term_string"}],"inLanguage":"et"},{"@type":"Organization","@id":"https:\/\/hert.ee\/#organization","name":"Hert-Transport AS","url":"https:\/\/hert.ee\/","logo":{"@type":"ImageObject","inLanguage":"et","@id":"https:\/\/hert.ee\/#\/schema\/logo\/image\/","url":"http:\/\/hert.ee\/wp-content\/uploads\/2020\/07\/Soidukite_transport.jpg","contentUrl":"http:\/\/hert.ee\/wp-content\/uploads\/2020\/07\/Soidukite_transport.jpg","width":1024,"height":683,"caption":"Hert-Transport AS"},"image":{"@id":"https:\/\/hert.ee\/#\/schema\/logo\/image\/"}}]}},"_links":{"self":[{"href":"https:\/\/hert.ee\/et\/wp-json\/wp\/v2\/pages\/1284"}],"collection":[{"href":"https:\/\/hert.ee\/et\/wp-json\/wp\/v2\/pages"}],"about":[{"href":"https:\/\/hert.ee\/et\/wp-json\/wp\/v2\/types\/page"}],"author":[{"embeddable":true,"href":"https:\/\/hert.ee\/et\/wp-json\/wp\/v2\/users\/1"}],"replies":[{"embeddable":true,"href":"https:\/\/hert.ee\/et\/wp-json\/wp\/v2\/comments?post=1284"}],"version-history":[{"count":5,"href":"https:\/\/hert.ee\/et\/wp-json\/wp\/v2\/pages\/1284\/revisions"}],"predecessor-version":[{"id":3103,"href":"https:\/\/hert.ee\/et\/wp-json\/wp\/v2\/pages\/1284\/revisions\/3103"}],"wp:attachment":[{"href":"https:\/\/hert.ee\/et\/wp-json\/wp\/v2\/media?parent=1284"}],"curies":[{"name":"wp","href":"https:\/\/api.w.org\/{rel}","templated":true}]}}