{"id":1289,"date":"2020-08-02T19:24:22","date_gmt":"2020-08-02T19:24:22","guid":{"rendered":"https:\/\/hert.swstesting.com\/brussel-belgia-autode-muuk\/"},"modified":"2020-11-12T13:20:56","modified_gmt":"2020-11-12T13:20:56","slug":"brussel-belgia-autode-vedamine","status":"publish","type":"page","link":"https:\/\/hert.ee\/et\/brussel-belgia-autode-vedamine\/","title":{"rendered":"Autode vedamine Belgiast (Br\u00fcssel)"},"content":{"rendered":"\t\t<div data-elementor-type=\"wp-page\" data-elementor-id=\"1289\" class=\"elementor elementor-1289 elementor-886\" data-elementor-post-type=\"page\">\n\t\t\t\t\t\t<section class=\"elementor-section elementor-top-section elementor-element elementor-element-bd68cef elementor-section-boxed elementor-section-height-default elementor-section-height-default\" data-id=\"bd68cef\" data-element_type=\"section\" data-settings=\"{&quot;background_background&quot;:&quot;classic&quot;}\">\n\t\t\t\t\t\t<div class=\"elementor-container elementor-column-gap-default\">\n\t\t\t\t\t<div class=\"elementor-column elementor-col-100 elementor-top-column elementor-element elementor-element-e9e471a\" data-id=\"e9e471a\" data-element_type=\"column\">\n\t\t\t<div class=\"elementor-widget-wrap elementor-element-populated\">\n\t\t\t\t\t\t<div class=\"elementor-element elementor-element-e5f02b6 elementor-widget elementor-widget-heading\" data-id=\"e5f02b6\" data-element_type=\"widget\" data-widget_type=\"heading.default\">\n\t\t\t\t<div class=\"elementor-widget-container\">\n\t\t\t<h1 class=\"elementor-heading-title elementor-size-default\">Autode vedamine Belgiast (Br\u00fcssel)<\/h1>\t\t<\/div>\n\t\t\t\t<\/div>\n\t\t\t\t\t<\/div>\n\t\t<\/div>\n\t\t\t\t\t<\/div>\n\t\t<\/section>\n\t\t\t\t<section class=\"elementor-section elementor-top-section elementor-element elementor-element-7cf0f46 elementor-section-boxed elementor-section-height-default elementor-section-height-default\" data-id=\"7cf0f46\" data-element_type=\"section\" data-settings=\"{&quot;background_background&quot;:&quot;classic&quot;}\">\n\t\t\t\t\t\t<div class=\"elementor-container elementor-column-gap-default\">\n\t\t\t\t\t<div class=\"elementor-column elementor-col-33 elementor-top-column elementor-element elementor-element-d79c180 elementor-hidden-phone\" data-id=\"d79c180\" data-element_type=\"column\">\n\t\t\t<div class=\"elementor-widget-wrap\">\n\t\t\t\t\t\t\t<\/div>\n\t\t<\/div>\n\t\t\t\t<div class=\"elementor-column elementor-col-33 elementor-top-column elementor-element elementor-element-d8a6fce\" data-id=\"d8a6fce\" data-element_type=\"column\">\n\t\t\t<div class=\"elementor-widget-wrap elementor-element-populated\">\n\t\t\t\t\t\t<div class=\"elementor-element elementor-element-fba3d48 elementor-widget elementor-widget-text-editor\" data-id=\"fba3d48\" data-element_type=\"widget\" data-widget_type=\"text-editor.default\">\n\t\t\t\t<div class=\"elementor-widget-container\">\n\t\t\t\t\t\t\t<p><!-- wp:paragraph --><\/p>\n<p>Hert Transport pakub silmapaistvaid kaubaekspeditsiooniteenuseid ja teda peetakse \u00fcheks parimaks logistikaettev\u00f5tteks Br\u00fcsselis. Firma asutati aastal 1994. Algselt asutasid kolm venda, praegu tegutseb ettev\u00f5te kolmandas p\u00f5lvkonnas. Oleme laiendanud uute ja kasutatud autode transpordi pakkumist, sealhulgas ka tipptasemel \u00f5rnaid s\u00f5idukeid. Seda enam, <a href=\"http:\/\/hert.ee\/en\/338-2\/\">et saate autotransporditeenuse kas \u00fche s\u00f5iduki v\u00f5i k\u00fcmne auto jaoks.<\/a><\/p>\n<p><!-- \/wp:paragraph --><\/p>\n<p><!-- wp:image {\"align\":\"wide\",\"id\":238,\"sizeSlug\":\"large\"} --><\/p>\n<figure class=\"wp-block-image alignwide size-large\"><img fetchpriority=\"high\" decoding=\"async\" class=\"alignnone wp-image-216 size-full\" src=\"http:\/\/hert.ee\/wp-content\/uploads\/2020\/06\/Photo-Jun-11-01-27-06.jpg\" alt=\"\" width=\"1024\" height=\"683\" srcset=\"https:\/\/hert.ee\/wp-content\/uploads\/2020\/06\/Photo-Jun-11-01-27-06.jpg 1024w, https:\/\/hert.ee\/wp-content\/uploads\/2020\/06\/Photo-Jun-11-01-27-06-300x200.jpg 300w, https:\/\/hert.ee\/wp-content\/uploads\/2020\/06\/Photo-Jun-11-01-27-06-768x512.jpg 768w\" sizes=\"(max-width: 1024px) 100vw, 1024px\" \/><\/figure>\n<p><!-- \/wp:image --><\/p>\n<p><!-- wp:heading --><\/p>\n<h2>\u00a0<\/h2>\n<h2>Oleme valmis \u00fcletama teie ootusi<\/h2>\n<p><!-- \/wp:heading --><\/p>\n<p><!-- wp:paragraph --><\/p>\n<p><a href=\"https:\/\/web.facebook.com\/HertTransport\/?_rdc=1&amp;_rdr\">Hert Transport on uhke<\/a>, et tal on kindel maine usaldusv\u00e4\u00e4rse partnerina kaubatranspordi valdkonnas Br\u00fcsselis. K\u00e4sitleme kogu teie kaubaekspeditsiooni protsessi erakordselt hoolikalt. Alates tellimuse vormistamisest kuni hetkeni, kui see k\u00e4es on. See tagab teie v\u00e4\u00e4rtusliku aja kokkuhoiu. \u00dcle 24-aastane kogemus autotranspordis teeb meist teie ideaalse partneri. Meie kogemus, kiirus ja absoluutne p\u00fchendumus tagavad alati teie ootuste \u00fcletamise.<\/p>\n<p><!-- \/wp:paragraph --><\/p>\n<p><!-- wp:heading {\"level\":3} --><\/p>\n<h3>\u00a0<\/h3>\n<h2>Hankige Br\u00fcsselis lastiekspeditsiooniteenuseid h\u00f5lpsalt<\/h2>\n<p><!-- \/wp:heading --><\/p>\n<p><!-- wp:paragraph --><\/p>\n<p>Hert Transport on <a href=\"https:\/\/www.fmc.gov\/resources-services\/shipping-your-vehicle-overseas\/\">lihtsustanud s\u00f5idukite transporditeenuste saamise protsessi.<\/a> Minge kohe nupule \u201eTaotle pakkumist\u201d, seal on v\u00e4ljad, kuhu oma andmed sisestada. \u00dcksikasjad, n\u00e4iteks veose t\u00fc\u00fcp, laadimispunkt ja sihtkoht Br\u00fcsselis, on \u00fcliolulised. Kasutame sisestatud \u00fcksikasju ka teile pakkumise saamiseks.<\/p>\n<p><!-- \/wp:paragraph --><\/p>\n<p><!-- wp:heading --><\/p>\n<h2><strong>\u00a0<\/strong><\/h2>\n<h2>Hoidke end kogu aeg kursis oma kaubaekspeditsiooniga<\/h2>\n<p><!-- \/wp:heading --><\/p>\n<p><!-- wp:paragraph --><\/p>\n<p>Hert Transport pakub teile \u00fcht \u00f5iglasemat ja konkurentsiv\u00f5imelisemat hinda. Meie hinnad on taskukohased ja sellised, mis annavad teie raha v\u00e4\u00e4rtuse tagasi. L\u00f5ppude l\u00f5puks on see valmis, teatame teile, millal oodata on teie kaubaekspeditsiooni tarnimist. <a href=\"https:\/\/ops.fhwa.dot.gov\/freight\/sw\/regulations\/index.htm\">Seej\u00e4rel saate j\u00e4lgida ja j\u00e4lgida oma auto kohaletoimetamise<\/a> hetke k\u00f5igis teekonna punktides.<\/p>\n<p><!-- \/wp:paragraph --><\/p>\n<p><!-- wp:heading --><\/p>\n<h2>\u00a0<\/h2>\n<h2>Oleme parimad selles, mida teeme!<\/h2>\n<p><!-- \/wp:heading --><\/p>\n<p><!-- wp:image {\"align\":\"wide\",\"id\":213,\"sizeSlug\":\"large\"} --><\/p>\n<figure class=\"wp-block-image alignwide size-large\"><img decoding=\"async\" width=\"1024\" height=\"768\" class=\"wp-image-213\" src=\"http:\/\/hert.ee\/wp-content\/uploads\/2020\/06\/Photo-Jun-11-01-18-28-1.jpg\" alt=\"\" srcset=\"https:\/\/hert.ee\/wp-content\/uploads\/2020\/06\/Photo-Jun-11-01-18-28-1.jpg 1024w, https:\/\/hert.ee\/wp-content\/uploads\/2020\/06\/Photo-Jun-11-01-18-28-1-300x225.jpg 300w, https:\/\/hert.ee\/wp-content\/uploads\/2020\/06\/Photo-Jun-11-01-18-28-1-768x576.jpg 768w\" sizes=\"(max-width: 1024px) 100vw, 1024px\" \/><\/figure>\n<p><!-- \/wp:image --><\/p>\n<p><!-- wp:paragraph --><\/p>\n<p>Hert Transport kasutab Br\u00fcsselis autoveoteenuseid. Meie aja jooksul testitud kogenud t\u00f6\u00f6tajate meeskond on teile \u00f6\u00f6p\u00e4evaringselt saadaval. J\u00e4rgime rangeimaid protokolle, et tagada kvaliteetsete teenuste pakkumine etten\u00e4htud t\u00e4htaja jooksul. Juba 24 aastat kasutame oma klientide teenindamisel v\u00e4\u00e4rtusp\u00f5hist l\u00e4henemist. Selle saavutame k\u00f5igepealt alustades headest kliendisuhetest ja pakkudes hiljem kvaliteetseid teenuseid.<\/p>\n<p><!-- \/wp:paragraph --><\/p>\n<p><!-- wp:heading --><\/p>\n<h2>\u00a0<\/h2>\n<h2>Veatu kaubaekspeditsioon<\/h2>\n<p><!-- \/wp:heading --><\/p>\n<p><!-- wp:paragraph --><\/p>\n<p>Hert Transport uhkeldab k\u00fcmne s\u00f5idukipargiga, nii et pidage meid valmis menetlema k\u00f5iki auto kohaletoimetamise taotlusi. Panime oma veokid alati j\u00e4rgima rahvusvahelisi ohutusstandardeid. Meie s\u00f5idukijuhid l\u00e4bivad ka k\u00f5ige k\u00f5rgema kontrolliprotsessi ja peavad kinni liiklusohutuse tagamisest. Tagame \u00f5igeaegsed, kvaliteetsed ja \u00f5nnetusteta tarned.<\/p>\n<p><!-- \/wp:paragraph --><\/p>\n<p><!-- wp:heading --><\/p>\n<h2>\u00a0<\/h2>\n<h2>K\u00f5ik on digitaalne<\/h2>\n<p><!-- \/wp:heading --><\/p>\n<p><!-- wp:paragraph --><\/p>\n<p>Oleme kasutanud uusimaid muudatusi pidevalt arenevas tehnoloogias, nii et meie autoedastusteenus on n\u00fc\u00fcd s\u00f5rmede peal. <a href=\"https:\/\/visit.brussels\/en\/visitus\/?redirect=\/&amp;\">Kasutage ekspeditsiooni broneerimiseks<\/a> meie veebip\u00f5hist broneerimiss\u00fcsteemi Br\u00fcsselis. Hankige pakkumine, t\u00e4psustage vastuv\u00f5tukoht ja sihtkoht ning j\u00e4tke k\u00f5ik meile. Pakume kohaletoimetamise teenust uksest ukseni ja tarnime tarnitud kauba otse teie ukseni. Meie ettev\u00f5ttel on j\u00e4lgimisvidinad, mis on paigutatud k\u00f5ikidesse meie veoautodesse. Me kasutame seda kaubaveo olukorra j\u00e4lgimiseks ja j\u00e4lgimiseks Br\u00fcsseli mis tahes kohas.<\/p>\n<p><!-- \/wp:paragraph --><\/p>\n<p><!-- wp:heading {\"level\":3} --><\/p>\n<h3>\u00a0<\/h3>\n<h3><strong>Kas teil on k\u00fcsimusi? Meil on hea meel aidata<\/strong><\/h3>\n<p><!-- \/wp:heading --><\/p>\n<p><!-- wp:paragraph --><\/p>\n<p>Meie s\u00f5braliku klienditeeninduse meeskond on valmis teie k\u00fcsimustele vastama. M\u00f5istame hea kliendikogemuse olulisust tipptasemel logistikaettev\u00f5tete loomisel. Aitame teid k\u00f5igi vajaduste v\u00f5i p\u00e4ringute korral. Seega <a href=\"http:\/\/hert.ee\/en\/contacts\/\">on aeg meiega \u00fchendust v\u00f5tta ja lasta oma ekspeditsioon kohale toimetada!<\/a><\/p>\n<p><!-- \/wp:paragraph --><\/p>\t\t\t\t\t\t<\/div>\n\t\t\t\t<\/div>\n\t\t\t\t\t<\/div>\n\t\t<\/div>\n\t\t\t\t<div class=\"elementor-column elementor-col-33 elementor-top-column elementor-element elementor-element-6f7ab76 elementor-hidden-phone\" data-id=\"6f7ab76\" data-element_type=\"column\">\n\t\t\t<div class=\"elementor-widget-wrap\">\n\t\t\t\t\t\t\t<\/div>\n\t\t<\/div>\n\t\t\t\t\t<\/div>\n\t\t<\/section>\n\t\t\t\t<\/div>\n\t\t","protected":false},"excerpt":{"rendered":"<p>Hert Transport pakub silmapaistvaid kaubaekspeditsiooniteenuseid ja teda peetakse \u00fcheks parimaks logistikaettev\u00f5tteks Br\u00fcsselis. Firma asutati aastal 1994. Algselt asutasid kolm venda, praegu tegutseb ettev\u00f5te kolmandas p\u00f5lvkonnas. Oleme laiendanud uute ja kasutatud autode transpordi pakkumist, sealhulgas ka tipptasemel \u00f5rnaid s\u00f5idukeid. Seda enam, et saate autotransporditeenuse kas \u00fche s\u00f5iduki v\u00f5i k\u00fcmne auto jaoks. \u00a0 Oleme valmis \u00fcletama teie &#8230; <a title=\"Autode vedamine Belgiast (Br\u00fcssel)\" class=\"read-more\" href=\"https:\/\/hert.ee\/et\/brussel-belgia-autode-vedamine\/\" aria-label=\"Read more about Autode vedamine Belgiast (Br\u00fcssel)\">Read more<\/a><\/p>\n","protected":false},"author":1,"featured_media":0,"parent":0,"menu_order":0,"comment_status":"closed","ping_status":"closed","template":"elementor_header_footer","meta":{"footnotes":""},"yoast_head":"<!-- This site is optimized with the Yoast SEO plugin v22.9 - https:\/\/yoast.com\/wordpress\/plugins\/seo\/ -->\n<title>Autode vedamine Belgiast (Br\u00fcssel) - HERT Transport<\/title>\n<meta name=\"description\" content=\"Autode vedamine Belgiast (Br\u00fcssel). Kui vajad abi transpordiga Euroopas v\u00f5i Venemaal v\u00f5ta meiega \u00fchendust!\" \/>\n<meta name=\"robots\" content=\"index, follow, max-snippet:-1, max-image-preview:large, max-video-preview:-1\" \/>\n<link rel=\"canonical\" href=\"https:\/\/hert.ee\/et\/brussel-belgia-autode-vedamine\/\" \/>\n<meta property=\"og:locale\" content=\"et_EE\" \/>\n<meta property=\"og:type\" content=\"article\" \/>\n<meta property=\"og:title\" content=\"Autode vedamine Belgiast (Br\u00fcssel) - HERT Transport\" \/>\n<meta property=\"og:description\" content=\"Autode vedamine Belgiast (Br\u00fcssel). Kui vajad abi transpordiga Euroopas v\u00f5i Venemaal v\u00f5ta meiega \u00fchendust!\" \/>\n<meta property=\"og:url\" content=\"https:\/\/hert.ee\/et\/brussel-belgia-autode-vedamine\/\" \/>\n<meta property=\"og:site_name\" content=\"HERT Transport\" \/>\n<meta property=\"article:modified_time\" content=\"2020-11-12T13:20:56+00:00\" \/>\n<meta property=\"og:image\" content=\"http:\/\/hert.ee\/wp-content\/uploads\/2020\/06\/Photo-Jun-11-01-27-06.jpg\" \/>\n<meta name=\"twitter:card\" content=\"summary_large_image\" \/>\n<meta name=\"twitter:label1\" content=\"Est. reading time\" \/>\n\t<meta name=\"twitter:data1\" content=\"2 minutit\" \/>\n<script type=\"application\/ld+json\" class=\"yoast-schema-graph\">{\"@context\":\"https:\/\/schema.org\",\"@graph\":[{\"@type\":\"WebPage\",\"@id\":\"https:\/\/hert.ee\/et\/brussel-belgia-autode-vedamine\/\",\"url\":\"https:\/\/hert.ee\/et\/brussel-belgia-autode-vedamine\/\",\"name\":\"Autode vedamine Belgiast (Br\u00fcssel) - HERT Transport\",\"isPartOf\":{\"@id\":\"https:\/\/hert.ee\/#website\"},\"primaryImageOfPage\":{\"@id\":\"https:\/\/hert.ee\/et\/brussel-belgia-autode-vedamine\/#primaryimage\"},\"image\":{\"@id\":\"https:\/\/hert.ee\/et\/brussel-belgia-autode-vedamine\/#primaryimage\"},\"thumbnailUrl\":\"http:\/\/hert.ee\/wp-content\/uploads\/2020\/06\/Photo-Jun-11-01-27-06.jpg\",\"datePublished\":\"2020-08-02T19:24:22+00:00\",\"dateModified\":\"2020-11-12T13:20:56+00:00\",\"description\":\"Autode vedamine Belgiast (Br\u00fcssel). Kui vajad abi transpordiga Euroopas v\u00f5i Venemaal v\u00f5ta meiega \u00fchendust!\",\"breadcrumb\":{\"@id\":\"https:\/\/hert.ee\/et\/brussel-belgia-autode-vedamine\/#breadcrumb\"},\"inLanguage\":\"et\",\"potentialAction\":[{\"@type\":\"ReadAction\",\"target\":[\"https:\/\/hert.ee\/et\/brussel-belgia-autode-vedamine\/\"]}]},{\"@type\":\"ImageObject\",\"inLanguage\":\"et\",\"@id\":\"https:\/\/hert.ee\/et\/brussel-belgia-autode-vedamine\/#primaryimage\",\"url\":\"http:\/\/hert.ee\/wp-content\/uploads\/2020\/06\/Photo-Jun-11-01-27-06.jpg\",\"contentUrl\":\"http:\/\/hert.ee\/wp-content\/uploads\/2020\/06\/Photo-Jun-11-01-27-06.jpg\"},{\"@type\":\"BreadcrumbList\",\"@id\":\"https:\/\/hert.ee\/et\/brussel-belgia-autode-vedamine\/#breadcrumb\",\"itemListElement\":[{\"@type\":\"ListItem\",\"position\":1,\"name\":\"Home\",\"item\":\"https:\/\/hert.ee\/et\/\"},{\"@type\":\"ListItem\",\"position\":2,\"name\":\"Autode vedamine Belgiast (Br\u00fcssel)\"}]},{\"@type\":\"WebSite\",\"@id\":\"https:\/\/hert.ee\/#website\",\"url\":\"https:\/\/hert.ee\/\",\"name\":\"HERT Transport\",\"description\":\"\",\"publisher\":{\"@id\":\"https:\/\/hert.ee\/#organization\"},\"potentialAction\":[{\"@type\":\"SearchAction\",\"target\":{\"@type\":\"EntryPoint\",\"urlTemplate\":\"https:\/\/hert.ee\/?s={search_term_string}\"},\"query-input\":\"required name=search_term_string\"}],\"inLanguage\":\"et\"},{\"@type\":\"Organization\",\"@id\":\"https:\/\/hert.ee\/#organization\",\"name\":\"Hert-Transport AS\",\"url\":\"https:\/\/hert.ee\/\",\"logo\":{\"@type\":\"ImageObject\",\"inLanguage\":\"et\",\"@id\":\"https:\/\/hert.ee\/#\/schema\/logo\/image\/\",\"url\":\"http:\/\/hert.ee\/wp-content\/uploads\/2020\/07\/Soidukite_transport.jpg\",\"contentUrl\":\"http:\/\/hert.ee\/wp-content\/uploads\/2020\/07\/Soidukite_transport.jpg\",\"width\":1024,\"height\":683,\"caption\":\"Hert-Transport AS\"},\"image\":{\"@id\":\"https:\/\/hert.ee\/#\/schema\/logo\/image\/\"}}]}<\/script>\n<!-- \/ Yoast SEO plugin. -->","yoast_head_json":{"title":"Autode vedamine Belgiast (Br\u00fcssel) - HERT Transport","description":"Autode vedamine Belgiast (Br\u00fcssel). Kui vajad abi transpordiga Euroopas v\u00f5i Venemaal v\u00f5ta meiega \u00fchendust!","robots":{"index":"index","follow":"follow","max-snippet":"max-snippet:-1","max-image-preview":"max-image-preview:large","max-video-preview":"max-video-preview:-1"},"canonical":"https:\/\/hert.ee\/et\/brussel-belgia-autode-vedamine\/","og_locale":"et_EE","og_type":"article","og_title":"Autode vedamine Belgiast (Br\u00fcssel) - HERT Transport","og_description":"Autode vedamine Belgiast (Br\u00fcssel). Kui vajad abi transpordiga Euroopas v\u00f5i Venemaal v\u00f5ta meiega \u00fchendust!","og_url":"https:\/\/hert.ee\/et\/brussel-belgia-autode-vedamine\/","og_site_name":"HERT Transport","article_modified_time":"2020-11-12T13:20:56+00:00","og_image":[{"url":"http:\/\/hert.ee\/wp-content\/uploads\/2020\/06\/Photo-Jun-11-01-27-06.jpg"}],"twitter_card":"summary_large_image","twitter_misc":{"Est. reading time":"2 minutit"},"schema":{"@context":"https:\/\/schema.org","@graph":[{"@type":"WebPage","@id":"https:\/\/hert.ee\/et\/brussel-belgia-autode-vedamine\/","url":"https:\/\/hert.ee\/et\/brussel-belgia-autode-vedamine\/","name":"Autode vedamine Belgiast (Br\u00fcssel) - HERT Transport","isPartOf":{"@id":"https:\/\/hert.ee\/#website"},"primaryImageOfPage":{"@id":"https:\/\/hert.ee\/et\/brussel-belgia-autode-vedamine\/#primaryimage"},"image":{"@id":"https:\/\/hert.ee\/et\/brussel-belgia-autode-vedamine\/#primaryimage"},"thumbnailUrl":"http:\/\/hert.ee\/wp-content\/uploads\/2020\/06\/Photo-Jun-11-01-27-06.jpg","datePublished":"2020-08-02T19:24:22+00:00","dateModified":"2020-11-12T13:20:56+00:00","description":"Autode vedamine Belgiast (Br\u00fcssel). Kui vajad abi transpordiga Euroopas v\u00f5i Venemaal v\u00f5ta meiega \u00fchendust!","breadcrumb":{"@id":"https:\/\/hert.ee\/et\/brussel-belgia-autode-vedamine\/#breadcrumb"},"inLanguage":"et","potentialAction":[{"@type":"ReadAction","target":["https:\/\/hert.ee\/et\/brussel-belgia-autode-vedamine\/"]}]},{"@type":"ImageObject","inLanguage":"et","@id":"https:\/\/hert.ee\/et\/brussel-belgia-autode-vedamine\/#primaryimage","url":"http:\/\/hert.ee\/wp-content\/uploads\/2020\/06\/Photo-Jun-11-01-27-06.jpg","contentUrl":"http:\/\/hert.ee\/wp-content\/uploads\/2020\/06\/Photo-Jun-11-01-27-06.jpg"},{"@type":"BreadcrumbList","@id":"https:\/\/hert.ee\/et\/brussel-belgia-autode-vedamine\/#breadcrumb","itemListElement":[{"@type":"ListItem","position":1,"name":"Home","item":"https:\/\/hert.ee\/et\/"},{"@type":"ListItem","position":2,"name":"Autode vedamine Belgiast (Br\u00fcssel)"}]},{"@type":"WebSite","@id":"https:\/\/hert.ee\/#website","url":"https:\/\/hert.ee\/","name":"HERT Transport","description":"","publisher":{"@id":"https:\/\/hert.ee\/#organization"},"potentialAction":[{"@type":"SearchAction","target":{"@type":"EntryPoint","urlTemplate":"https:\/\/hert.ee\/?s={search_term_string}"},"query-input":"required name=search_term_string"}],"inLanguage":"et"},{"@type":"Organization","@id":"https:\/\/hert.ee\/#organization","name":"Hert-Transport AS","url":"https:\/\/hert.ee\/","logo":{"@type":"ImageObject","inLanguage":"et","@id":"https:\/\/hert.ee\/#\/schema\/logo\/image\/","url":"http:\/\/hert.ee\/wp-content\/uploads\/2020\/07\/Soidukite_transport.jpg","contentUrl":"http:\/\/hert.ee\/wp-content\/uploads\/2020\/07\/Soidukite_transport.jpg","width":1024,"height":683,"caption":"Hert-Transport AS"},"image":{"@id":"https:\/\/hert.ee\/#\/schema\/logo\/image\/"}}]}},"_links":{"self":[{"href":"https:\/\/hert.ee\/et\/wp-json\/wp\/v2\/pages\/1289"}],"collection":[{"href":"https:\/\/hert.ee\/et\/wp-json\/wp\/v2\/pages"}],"about":[{"href":"https:\/\/hert.ee\/et\/wp-json\/wp\/v2\/types\/page"}],"author":[{"embeddable":true,"href":"https:\/\/hert.ee\/et\/wp-json\/wp\/v2\/users\/1"}],"replies":[{"embeddable":true,"href":"https:\/\/hert.ee\/et\/wp-json\/wp\/v2\/comments?post=1289"}],"version-history":[{"count":5,"href":"https:\/\/hert.ee\/et\/wp-json\/wp\/v2\/pages\/1289\/revisions"}],"predecessor-version":[{"id":3106,"href":"https:\/\/hert.ee\/et\/wp-json\/wp\/v2\/pages\/1289\/revisions\/3106"}],"wp:attachment":[{"href":"https:\/\/hert.ee\/et\/wp-json\/wp\/v2\/media?parent=1289"}],"curies":[{"name":"wp","href":"https:\/\/api.w.org\/{rel}","templated":true}]}}