{"id":1298,"date":"2020-08-02T19:41:39","date_gmt":"2020-08-02T19:41:39","guid":{"rendered":"https:\/\/hert.swstesting.com\/frankfurt-saksamaa-autode-transport\/"},"modified":"2020-11-12T13:19:25","modified_gmt":"2020-11-12T13:19:25","slug":"frankfurt-saksamaa-autode-transport","status":"publish","type":"page","link":"https:\/\/hert.ee\/et\/frankfurt-saksamaa-autode-transport\/","title":{"rendered":"Saksamaa Autode Transport (Frankfurt)"},"content":{"rendered":"\t\t<div data-elementor-type=\"wp-page\" data-elementor-id=\"1298\" class=\"elementor elementor-1298 elementor-920\" data-elementor-post-type=\"page\">\n\t\t\t\t\t\t<section class=\"elementor-section elementor-top-section elementor-element elementor-element-16b7fa1 elementor-section-boxed elementor-section-height-default elementor-section-height-default\" data-id=\"16b7fa1\" data-element_type=\"section\" data-settings=\"{&quot;background_background&quot;:&quot;classic&quot;}\">\n\t\t\t\t\t\t<div class=\"elementor-container elementor-column-gap-default\">\n\t\t\t\t\t<div class=\"elementor-column elementor-col-100 elementor-top-column elementor-element elementor-element-f1a5b95\" data-id=\"f1a5b95\" data-element_type=\"column\">\n\t\t\t<div class=\"elementor-widget-wrap elementor-element-populated\">\n\t\t\t\t\t\t<div class=\"elementor-element elementor-element-486fd35 elementor-widget elementor-widget-heading\" data-id=\"486fd35\" data-element_type=\"widget\" data-widget_type=\"heading.default\">\n\t\t\t\t<div class=\"elementor-widget-container\">\n\t\t\t<h1 class=\"elementor-heading-title elementor-size-default\">Saksamaa Autode Transport (Frankfurt)<\/h1>\t\t<\/div>\n\t\t\t\t<\/div>\n\t\t\t\t\t<\/div>\n\t\t<\/div>\n\t\t\t\t\t<\/div>\n\t\t<\/section>\n\t\t\t\t<section class=\"elementor-section elementor-top-section elementor-element elementor-element-2d28f52 elementor-section-boxed elementor-section-height-default elementor-section-height-default\" data-id=\"2d28f52\" data-element_type=\"section\" data-settings=\"{&quot;background_background&quot;:&quot;classic&quot;}\">\n\t\t\t\t\t\t<div class=\"elementor-container elementor-column-gap-default\">\n\t\t\t\t\t<div class=\"elementor-column elementor-col-33 elementor-top-column elementor-element elementor-element-2fd3a3e elementor-hidden-phone\" data-id=\"2fd3a3e\" data-element_type=\"column\">\n\t\t\t<div class=\"elementor-widget-wrap\">\n\t\t\t\t\t\t\t<\/div>\n\t\t<\/div>\n\t\t\t\t<div class=\"elementor-column elementor-col-33 elementor-top-column elementor-element elementor-element-d0cc0fa\" data-id=\"d0cc0fa\" data-element_type=\"column\">\n\t\t\t<div class=\"elementor-widget-wrap elementor-element-populated\">\n\t\t\t\t\t\t<div class=\"elementor-element elementor-element-634c390 elementor-widget elementor-widget-text-editor\" data-id=\"634c390\" data-element_type=\"widget\" data-widget_type=\"text-editor.default\">\n\t\t\t\t<div class=\"elementor-widget-container\">\n\t\t\t\t\t\t\t<p><!-- wp:paragraph --><\/p>\n<p>Tere tulemast Hert-Transporti, <a href=\"http:\/\/hert.ee\/en\/contacts\/\">\u00fchte suurimasse logistikaettev\u00f5ttesse Euroopas ja Venemaal<\/a>. Pakume k\u00f5rgeima kvaliteediga s\u00f5idukite transporditeenuseid turul. Hert-Transport asutati enam kui kolm aastak\u00fcmmet tagasi ja alates esimesest p\u00e4evast oleme pakkunud kvaliteetset kaubaekspeditsiooni. Ehkki alustasime v\u00e4ikeettev\u00f5ttena, on aja jooksul \u00f5nnestunud kaubaveod meile lojaalse kliendibaasi loonud. Frankfurti parimate autode kohaletoimetamise pakkujana lubame oma s\u00f5idukeid alati ohutult ja mitte kiiresti ajada.<\/p>\n<p><!-- \/wp:paragraph --><\/p>\n<p><!-- wp:image {\"align\":\"wide\",\"id\":235,\"sizeSlug\":\"large\"} --><\/p>\n<figure class=\"wp-block-image alignwide size-large\"><img fetchpriority=\"high\" decoding=\"async\" class=\"alignnone wp-image-209 size-full\" src=\"http:\/\/hert.ee\/wp-content\/uploads\/2020\/06\/Photo-Jun-06-13-31-41-scaled.jpg\" alt=\"\" width=\"2560\" height=\"1920\" srcset=\"https:\/\/hert.ee\/wp-content\/uploads\/2020\/06\/Photo-Jun-06-13-31-41-scaled.jpg 2560w, https:\/\/hert.ee\/wp-content\/uploads\/2020\/06\/Photo-Jun-06-13-31-41-300x225.jpg 300w, https:\/\/hert.ee\/wp-content\/uploads\/2020\/06\/Photo-Jun-06-13-31-41-1024x768.jpg 1024w, https:\/\/hert.ee\/wp-content\/uploads\/2020\/06\/Photo-Jun-06-13-31-41-768x576.jpg 768w, https:\/\/hert.ee\/wp-content\/uploads\/2020\/06\/Photo-Jun-06-13-31-41-1536x1152.jpg 1536w, https:\/\/hert.ee\/wp-content\/uploads\/2020\/06\/Photo-Jun-06-13-31-41-2048x1536.jpg 2048w\" sizes=\"(max-width: 2560px) 100vw, 2560px\" \/><br \/><figcaption>Cargo Expedition in Frankfurt<\/figcaption><\/figure>\n<p><!-- \/wp:image --><\/p>\n<p><!-- wp:heading --><\/p>\n<h2><\/h2>\n<h2>Autoteeninduse Autojuhid<\/h2>\n<p><!-- \/wp:heading --><\/p>\n<p><!-- wp:paragraph --><\/p>\n<p><a href=\"https:\/\/en.wikipedia.org\/wiki\/Frankfurt\">Hert-Transport Frankfurdis v\u00f5tab t\u00f6\u00f6le meie kaubaekspeditsiooni parimad juhid.<\/a> Sellep\u00e4rast, et teame, kui oluline on oma s\u00f5idukeid ohutult tarnida. Enne veoautodega maanteele lubamist kontrollitakse neid p\u00f5hjalikult, tagades teie autodele ohutuse. J\u00e4lgime koos t\u00f6\u00f6tajatega kaubaveo protsessi igal etapil, et veenduda probleemide ilmnemises. Meie autojuhtidel on suurte veoautode ja haagistega palju kogemusi ning nad navigeerivad hoolikalt teie s\u00f5idukites. Teisis\u00f5nu muudavad nad kaubaveo mahaj\u00e4\u00e4mise koha t\u00e4iesti kahjustamata.<\/p>\n<p><!-- \/wp:paragraph --><\/p>\n<p><!-- wp:heading --><\/p>\n<h2><\/h2>\n<h2>Kaubaekspeditsiooni s\u00f5idukid<\/h2>\n<p><!-- \/wp:heading --><\/p>\n<p><!-- wp:paragraph --><\/p>\n<p>Meie kaubatranspordis\u00f5idukid on teie autodele v\u00e4ga ohutud ja meie kvalifitseeritud t\u00f6\u00f6tajate jaoks on need h\u00f5lpsasti juhitavad. <a href=\"https:\/\/www.hel.fi\/helsinki\/en\/administration\/administration\/publications\/permits\/\">Kontrollime regulaarselt s\u00f5idukite \u00fclevaatusi<\/a> veendumaks, et meie veoautod on s\u00f5idukite veoteenuste jaoks kasutatavad. Meie veoautode suurused ulatuvad \u00fcheautodest kuni k\u00fcmne autovedajateni. Seega v\u00f5ib \u00f6elda, et k\u00f5ik need veokid on v\u00e4ga stabiilsed, nii et teie auto ei liiguks transiidi ajal.<\/p>\n<p><!-- \/wp:paragraph --><\/p>\n<p><!-- wp:heading --><\/p>\n<h2><\/h2>\n<h2>Autode turvalisus ja ohutus<\/h2>\n<p><!-- \/wp:heading --><\/p>\n<p><!-- wp:paragraph --><\/p>\n<p>Potentsiaalsetelt klientidelt kuuleme palju muret selle p\u00e4rast, kas nende auto j\u00e4\u00e4b meie Frankfurdi autoveoteenuse ajal turvaliseks v\u00f5i mitte. V\u00f5ite olla kindel, et hoiame teie autosid kogu aeg, kui nad meiega on, kahjustuste ja varguste eest kaitstud. \u00dcks teie autode ohutuse tagamiseks rakendatavatest meetmetest on nende n\u00f5uetekohane kinnitamine veokile. <a href=\"https:\/\/web.facebook.com\/HertTransport\/?_rdc=1&amp;_rdr\">Meie laadimispersonal on h\u00e4sti koolitatud<\/a>. K\u00f5ige t\u00e4htsam on see, et nad teavad t\u00e4pselt, kuidas teie s\u00f5idukit siduda, nii et see kauba vedamisel ei liiguks. Meie autojuhid kontrollivad perioodiliselt ka oma lasti turvalisust, et olla kindel, et midagi pole muutunud v\u00f5i seda on rikutud. Seet\u00f5ttu pole vaja meie auto kohaletoimetamise teenuse p\u00e4rast muretseda. Hoiame teie hinnalist lasti turvaliselt.<\/p>\n<p><!-- \/wp:paragraph --><\/p>\n<p><!-- wp:heading {\"level\":3} --><\/p>\n<h3><\/h3>\n<h3>Koost\u00f6\u00f6s lastiekspeditsiooni parimate ettev\u00f5tetega<\/h3>\n<p><!-- \/wp:heading --><\/p>\n<p><!-- wp:paragraph --><\/p>\n<p>Pakume k\u00f5rgeima kvaliteediga transporditeenust, kuid teame ka, et me ei saa seda \u00fcksi teha. <a href=\"http:\/\/hert.ee\/en\/323-2\/\">Oleme partneriks teiste kvaliteetsete ettev\u00f5tetega<\/a>, et olla kindel, et meie kaubaekspeditsiooni k\u00f5ik aspektid sujuvad sujuvalt. M\u00f5ned meie partnerid on GEFCO, Lohr ja AS24. Need aitavad meil mitmesuguseid funktsioone, n\u00e4iteks veenduda tehingute turvalisuses ja k\u00f5rgeima kvaliteediga autotranspordis\u00f5idukites.<\/p>\n<p><!-- \/wp:paragraph --><\/p>\n<p><!-- wp:heading --><\/p>\n<h2><\/h2>\n<h2>Miks valida Hert Transport Frankfurdis?<\/h2>\n<p><!-- \/wp:heading --><\/p>\n<p><!-- wp:paragraph --><\/p>\n<p>Nagu \u00fcks k\u00f5rgeima kvaliteediga teenust pakkuvatest logistikaettev\u00f5tetest, sooviksime, et teie klient oleks teie. Teeme teiega koost\u00f6\u00f6d ja proovime muuta teie lastiekspeditsiooni igal viisil positiivseks kogemuseks. <a href=\"http:\/\/hert.ee\/en\/338-2\/\">Esmaklassiliste autode kohaletoimetamiseks juurdep\u00e4\u00e4su<\/a> saamiseks v\u00f5tke meiega \u00fchendust nii kiiresti kui v\u00f5imalik.<\/p>\n<p><!-- \/wp:paragraph --><\/p>\n\t\t\t\t\t\t<\/div>\n\t\t\t\t<\/div>\n\t\t\t\t\t<\/div>\n\t\t<\/div>\n\t\t\t\t<div class=\"elementor-column elementor-col-33 elementor-top-column elementor-element elementor-element-b9ecd16 elementor-hidden-phone\" data-id=\"b9ecd16\" data-element_type=\"column\">\n\t\t\t<div class=\"elementor-widget-wrap\">\n\t\t\t\t\t\t\t<\/div>\n\t\t<\/div>\n\t\t\t\t\t<\/div>\n\t\t<\/section>\n\t\t\t\t<\/div>\n\t\t","protected":false},"excerpt":{"rendered":"<p>Tere tulemast Hert-Transporti, \u00fchte suurimasse logistikaettev\u00f5ttesse Euroopas ja Venemaal. Pakume k\u00f5rgeima kvaliteediga s\u00f5idukite transporditeenuseid turul. Hert-Transport asutati enam kui kolm aastak\u00fcmmet tagasi ja alates esimesest p\u00e4evast oleme pakkunud kvaliteetset kaubaekspeditsiooni. Ehkki alustasime v\u00e4ikeettev\u00f5ttena, on aja jooksul \u00f5nnestunud kaubaveod meile lojaalse kliendibaasi loonud. Frankfurti parimate autode kohaletoimetamise pakkujana lubame oma s\u00f5idukeid alati ohutult ja mitte kiiresti &#8230; <a title=\"Saksamaa Autode Transport (Frankfurt)\" class=\"read-more\" href=\"https:\/\/hert.ee\/et\/frankfurt-saksamaa-autode-transport\/\" aria-label=\"Read more about Saksamaa Autode Transport (Frankfurt)\">Read more<\/a><\/p>\n","protected":false},"author":1,"featured_media":0,"parent":0,"menu_order":0,"comment_status":"closed","ping_status":"closed","template":"elementor_header_footer","meta":{"footnotes":""},"yoast_head":"<!-- This site is optimized with the Yoast SEO plugin v22.9 - https:\/\/yoast.com\/wordpress\/plugins\/seo\/ -->\n<title>Saksamaa Autode Transport (Frankfurt) - HERT Transport<\/title>\n<meta name=\"description\" content=\"Saksamaa Autode Transport (Frankfurt). Kui vajad abi transpordiga Euroopas v\u00f5i Venemaal v\u00f5ta meiega \u00fchendust!\" \/>\n<meta name=\"robots\" content=\"index, follow, max-snippet:-1, max-image-preview:large, max-video-preview:-1\" \/>\n<link rel=\"canonical\" href=\"https:\/\/hert.ee\/et\/frankfurt-saksamaa-autode-transport\/\" \/>\n<meta property=\"og:locale\" content=\"et_EE\" \/>\n<meta property=\"og:type\" content=\"article\" \/>\n<meta property=\"og:title\" content=\"Saksamaa Autode Transport (Frankfurt) - HERT Transport\" \/>\n<meta property=\"og:description\" content=\"Saksamaa Autode Transport (Frankfurt). Kui vajad abi transpordiga Euroopas v\u00f5i Venemaal v\u00f5ta meiega \u00fchendust!\" \/>\n<meta property=\"og:url\" content=\"https:\/\/hert.ee\/et\/frankfurt-saksamaa-autode-transport\/\" \/>\n<meta property=\"og:site_name\" content=\"HERT Transport\" \/>\n<meta property=\"article:modified_time\" content=\"2020-11-12T13:19:25+00:00\" \/>\n<meta property=\"og:image\" content=\"http:\/\/hert.ee\/wp-content\/uploads\/2020\/06\/Photo-Jun-06-13-31-41-scaled.jpg\" \/>\n<meta name=\"twitter:card\" content=\"summary_large_image\" \/>\n<meta name=\"twitter:label1\" content=\"Est. reading time\" \/>\n\t<meta name=\"twitter:data1\" content=\"2 minutit\" \/>\n<script type=\"application\/ld+json\" class=\"yoast-schema-graph\">{\"@context\":\"https:\/\/schema.org\",\"@graph\":[{\"@type\":\"WebPage\",\"@id\":\"https:\/\/hert.ee\/et\/frankfurt-saksamaa-autode-transport\/\",\"url\":\"https:\/\/hert.ee\/et\/frankfurt-saksamaa-autode-transport\/\",\"name\":\"Saksamaa Autode Transport (Frankfurt) - HERT Transport\",\"isPartOf\":{\"@id\":\"https:\/\/hert.ee\/#website\"},\"primaryImageOfPage\":{\"@id\":\"https:\/\/hert.ee\/et\/frankfurt-saksamaa-autode-transport\/#primaryimage\"},\"image\":{\"@id\":\"https:\/\/hert.ee\/et\/frankfurt-saksamaa-autode-transport\/#primaryimage\"},\"thumbnailUrl\":\"http:\/\/hert.ee\/wp-content\/uploads\/2020\/06\/Photo-Jun-06-13-31-41-scaled.jpg\",\"datePublished\":\"2020-08-02T19:41:39+00:00\",\"dateModified\":\"2020-11-12T13:19:25+00:00\",\"description\":\"Saksamaa Autode Transport (Frankfurt). Kui vajad abi transpordiga Euroopas v\u00f5i Venemaal v\u00f5ta meiega \u00fchendust!\",\"breadcrumb\":{\"@id\":\"https:\/\/hert.ee\/et\/frankfurt-saksamaa-autode-transport\/#breadcrumb\"},\"inLanguage\":\"et\",\"potentialAction\":[{\"@type\":\"ReadAction\",\"target\":[\"https:\/\/hert.ee\/et\/frankfurt-saksamaa-autode-transport\/\"]}]},{\"@type\":\"ImageObject\",\"inLanguage\":\"et\",\"@id\":\"https:\/\/hert.ee\/et\/frankfurt-saksamaa-autode-transport\/#primaryimage\",\"url\":\"http:\/\/hert.ee\/wp-content\/uploads\/2020\/06\/Photo-Jun-06-13-31-41-scaled.jpg\",\"contentUrl\":\"http:\/\/hert.ee\/wp-content\/uploads\/2020\/06\/Photo-Jun-06-13-31-41-scaled.jpg\"},{\"@type\":\"BreadcrumbList\",\"@id\":\"https:\/\/hert.ee\/et\/frankfurt-saksamaa-autode-transport\/#breadcrumb\",\"itemListElement\":[{\"@type\":\"ListItem\",\"position\":1,\"name\":\"Home\",\"item\":\"https:\/\/hert.ee\/et\/\"},{\"@type\":\"ListItem\",\"position\":2,\"name\":\"Saksamaa Autode Transport (Frankfurt)\"}]},{\"@type\":\"WebSite\",\"@id\":\"https:\/\/hert.ee\/#website\",\"url\":\"https:\/\/hert.ee\/\",\"name\":\"HERT Transport\",\"description\":\"\",\"publisher\":{\"@id\":\"https:\/\/hert.ee\/#organization\"},\"potentialAction\":[{\"@type\":\"SearchAction\",\"target\":{\"@type\":\"EntryPoint\",\"urlTemplate\":\"https:\/\/hert.ee\/?s={search_term_string}\"},\"query-input\":\"required name=search_term_string\"}],\"inLanguage\":\"et\"},{\"@type\":\"Organization\",\"@id\":\"https:\/\/hert.ee\/#organization\",\"name\":\"Hert-Transport AS\",\"url\":\"https:\/\/hert.ee\/\",\"logo\":{\"@type\":\"ImageObject\",\"inLanguage\":\"et\",\"@id\":\"https:\/\/hert.ee\/#\/schema\/logo\/image\/\",\"url\":\"http:\/\/hert.ee\/wp-content\/uploads\/2020\/07\/Soidukite_transport.jpg\",\"contentUrl\":\"http:\/\/hert.ee\/wp-content\/uploads\/2020\/07\/Soidukite_transport.jpg\",\"width\":1024,\"height\":683,\"caption\":\"Hert-Transport AS\"},\"image\":{\"@id\":\"https:\/\/hert.ee\/#\/schema\/logo\/image\/\"}}]}<\/script>\n<!-- \/ Yoast SEO plugin. -->","yoast_head_json":{"title":"Saksamaa Autode Transport (Frankfurt) - HERT Transport","description":"Saksamaa Autode Transport (Frankfurt). Kui vajad abi transpordiga Euroopas v\u00f5i Venemaal v\u00f5ta meiega \u00fchendust!","robots":{"index":"index","follow":"follow","max-snippet":"max-snippet:-1","max-image-preview":"max-image-preview:large","max-video-preview":"max-video-preview:-1"},"canonical":"https:\/\/hert.ee\/et\/frankfurt-saksamaa-autode-transport\/","og_locale":"et_EE","og_type":"article","og_title":"Saksamaa Autode Transport (Frankfurt) - HERT Transport","og_description":"Saksamaa Autode Transport (Frankfurt). Kui vajad abi transpordiga Euroopas v\u00f5i Venemaal v\u00f5ta meiega \u00fchendust!","og_url":"https:\/\/hert.ee\/et\/frankfurt-saksamaa-autode-transport\/","og_site_name":"HERT Transport","article_modified_time":"2020-11-12T13:19:25+00:00","og_image":[{"url":"http:\/\/hert.ee\/wp-content\/uploads\/2020\/06\/Photo-Jun-06-13-31-41-scaled.jpg"}],"twitter_card":"summary_large_image","twitter_misc":{"Est. reading time":"2 minutit"},"schema":{"@context":"https:\/\/schema.org","@graph":[{"@type":"WebPage","@id":"https:\/\/hert.ee\/et\/frankfurt-saksamaa-autode-transport\/","url":"https:\/\/hert.ee\/et\/frankfurt-saksamaa-autode-transport\/","name":"Saksamaa Autode Transport (Frankfurt) - HERT Transport","isPartOf":{"@id":"https:\/\/hert.ee\/#website"},"primaryImageOfPage":{"@id":"https:\/\/hert.ee\/et\/frankfurt-saksamaa-autode-transport\/#primaryimage"},"image":{"@id":"https:\/\/hert.ee\/et\/frankfurt-saksamaa-autode-transport\/#primaryimage"},"thumbnailUrl":"http:\/\/hert.ee\/wp-content\/uploads\/2020\/06\/Photo-Jun-06-13-31-41-scaled.jpg","datePublished":"2020-08-02T19:41:39+00:00","dateModified":"2020-11-12T13:19:25+00:00","description":"Saksamaa Autode Transport (Frankfurt). Kui vajad abi transpordiga Euroopas v\u00f5i Venemaal v\u00f5ta meiega \u00fchendust!","breadcrumb":{"@id":"https:\/\/hert.ee\/et\/frankfurt-saksamaa-autode-transport\/#breadcrumb"},"inLanguage":"et","potentialAction":[{"@type":"ReadAction","target":["https:\/\/hert.ee\/et\/frankfurt-saksamaa-autode-transport\/"]}]},{"@type":"ImageObject","inLanguage":"et","@id":"https:\/\/hert.ee\/et\/frankfurt-saksamaa-autode-transport\/#primaryimage","url":"http:\/\/hert.ee\/wp-content\/uploads\/2020\/06\/Photo-Jun-06-13-31-41-scaled.jpg","contentUrl":"http:\/\/hert.ee\/wp-content\/uploads\/2020\/06\/Photo-Jun-06-13-31-41-scaled.jpg"},{"@type":"BreadcrumbList","@id":"https:\/\/hert.ee\/et\/frankfurt-saksamaa-autode-transport\/#breadcrumb","itemListElement":[{"@type":"ListItem","position":1,"name":"Home","item":"https:\/\/hert.ee\/et\/"},{"@type":"ListItem","position":2,"name":"Saksamaa Autode Transport (Frankfurt)"}]},{"@type":"WebSite","@id":"https:\/\/hert.ee\/#website","url":"https:\/\/hert.ee\/","name":"HERT Transport","description":"","publisher":{"@id":"https:\/\/hert.ee\/#organization"},"potentialAction":[{"@type":"SearchAction","target":{"@type":"EntryPoint","urlTemplate":"https:\/\/hert.ee\/?s={search_term_string}"},"query-input":"required name=search_term_string"}],"inLanguage":"et"},{"@type":"Organization","@id":"https:\/\/hert.ee\/#organization","name":"Hert-Transport AS","url":"https:\/\/hert.ee\/","logo":{"@type":"ImageObject","inLanguage":"et","@id":"https:\/\/hert.ee\/#\/schema\/logo\/image\/","url":"http:\/\/hert.ee\/wp-content\/uploads\/2020\/07\/Soidukite_transport.jpg","contentUrl":"http:\/\/hert.ee\/wp-content\/uploads\/2020\/07\/Soidukite_transport.jpg","width":1024,"height":683,"caption":"Hert-Transport AS"},"image":{"@id":"https:\/\/hert.ee\/#\/schema\/logo\/image\/"}}]}},"_links":{"self":[{"href":"https:\/\/hert.ee\/et\/wp-json\/wp\/v2\/pages\/1298"}],"collection":[{"href":"https:\/\/hert.ee\/et\/wp-json\/wp\/v2\/pages"}],"about":[{"href":"https:\/\/hert.ee\/et\/wp-json\/wp\/v2\/types\/page"}],"author":[{"embeddable":true,"href":"https:\/\/hert.ee\/et\/wp-json\/wp\/v2\/users\/1"}],"replies":[{"embeddable":true,"href":"https:\/\/hert.ee\/et\/wp-json\/wp\/v2\/comments?post=1298"}],"version-history":[{"count":5,"href":"https:\/\/hert.ee\/et\/wp-json\/wp\/v2\/pages\/1298\/revisions"}],"predecessor-version":[{"id":3112,"href":"https:\/\/hert.ee\/et\/wp-json\/wp\/v2\/pages\/1298\/revisions\/3112"}],"wp:attachment":[{"href":"https:\/\/hert.ee\/et\/wp-json\/wp\/v2\/media?parent=1298"}],"curies":[{"name":"wp","href":"https:\/\/api.w.org\/{rel}","templated":true}]}}