{"id":1347,"date":"2020-08-03T09:08:54","date_gmt":"2020-08-03T09:08:54","guid":{"rendered":"https:\/\/hert.swstesting.com\/stuttgart-saksamaa-soidukite-transport\/"},"modified":"2020-11-12T13:18:43","modified_gmt":"2020-11-12T13:18:43","slug":"stuttgart-saksamaa-soidukite-transport","status":"publish","type":"page","link":"https:\/\/hert.ee\/et\/stuttgart-saksamaa-soidukite-transport\/","title":{"rendered":"Stuttgart Saksamaa S\u00f5idukite Transport"},"content":{"rendered":"\t\t<div data-elementor-type=\"wp-page\" data-elementor-id=\"1347\" class=\"elementor elementor-1347 elementor-923\" data-elementor-post-type=\"page\">\n\t\t\t\t\t\t<section class=\"elementor-section elementor-top-section elementor-element elementor-element-c07d3ab elementor-section-boxed elementor-section-height-default elementor-section-height-default\" data-id=\"c07d3ab\" data-element_type=\"section\" data-settings=\"{&quot;background_background&quot;:&quot;classic&quot;}\">\n\t\t\t\t\t\t<div class=\"elementor-container elementor-column-gap-default\">\n\t\t\t\t\t<div class=\"elementor-column elementor-col-100 elementor-top-column elementor-element elementor-element-330f630\" data-id=\"330f630\" data-element_type=\"column\">\n\t\t\t<div class=\"elementor-widget-wrap elementor-element-populated\">\n\t\t\t\t\t\t<div class=\"elementor-element elementor-element-87912ae elementor-widget elementor-widget-heading\" data-id=\"87912ae\" data-element_type=\"widget\" data-widget_type=\"heading.default\">\n\t\t\t\t<div class=\"elementor-widget-container\">\n\t\t\t<h1 class=\"elementor-heading-title elementor-size-default\">Stuttgart Saksamaa S\u00f5idukite Transport<\/h1>\t\t<\/div>\n\t\t\t\t<\/div>\n\t\t\t\t\t<\/div>\n\t\t<\/div>\n\t\t\t\t\t<\/div>\n\t\t<\/section>\n\t\t\t\t<section class=\"elementor-section elementor-top-section elementor-element elementor-element-12b899c elementor-section-boxed elementor-section-height-default elementor-section-height-default\" data-id=\"12b899c\" data-element_type=\"section\" data-settings=\"{&quot;background_background&quot;:&quot;classic&quot;}\">\n\t\t\t\t\t\t<div class=\"elementor-container elementor-column-gap-default\">\n\t\t\t\t\t<div class=\"elementor-column elementor-col-33 elementor-top-column elementor-element elementor-element-9e8b97f elementor-hidden-phone\" data-id=\"9e8b97f\" data-element_type=\"column\">\n\t\t\t<div class=\"elementor-widget-wrap\">\n\t\t\t\t\t\t\t<\/div>\n\t\t<\/div>\n\t\t\t\t<div class=\"elementor-column elementor-col-33 elementor-top-column elementor-element elementor-element-ba960e6\" data-id=\"ba960e6\" data-element_type=\"column\">\n\t\t\t<div class=\"elementor-widget-wrap elementor-element-populated\">\n\t\t\t\t\t\t<div class=\"elementor-element elementor-element-08328bb elementor-widget elementor-widget-text-editor\" data-id=\"08328bb\" data-element_type=\"widget\" data-widget_type=\"text-editor.default\">\n\t\t\t\t<div class=\"elementor-widget-container\">\n\t\t\t\t\t\t\t<p><!-- wp:paragraph --><\/p>\n<p>Kas vajate Stuttgarti piirkonna l\u00e4hedal s\u00f5idukitransporti? Kui jah, siis on Hert Transport on valmis! Pakume Euroopas ja Venemaal kvaliteetset autode transporti.&nbsp;&nbsp;<a href=\"http:\/\/hert.ee\/en\/contacts\/\">Kui vajate kiiret ja tipptasemel transporti, saab<\/a> Hert Transport Stuttgardis pakkuda teile t\u00e4pselt seda, mida vajate.<\/p>\n<p><!-- \/wp:paragraph --><\/p>\n<p><!-- wp:heading --><\/p>\n<h2><\/h2>\n<h2><strong>Miks meie?<\/strong><\/h2>\n<p><!-- \/wp:heading --><\/p>\n<p><!-- wp:paragraph --><\/p>\n<p>Meie kliendid on erineva taustaga. lisaks \u00e4riklientidele kasutavad ka erakliendid meid&nbsp;<a href=\"https:\/\/web.facebook.com\/HertTransport\/?_rdc=1&amp;_rdr\">oma autode kohaletoimeta<\/a>miseks.&nbsp;Autotransport on saadaval nii vanade kui ka uute autode jaoks, nii et v\u00f5tke meiega \u00fchendust. V\u00e4\u00e4rtustame k\u00f5iki oma kliente, ettev\u00f5tteid ja eraisikuid sarnaselt ning soovime pakkuda neile teenust, mida nad v\u00e4\u00e4rivad.<\/p>\n<p><!-- \/wp:paragraph --><\/p>\n<p><!-- wp:image {\"id\":213,\"sizeSlug\":\"large\"} --><\/p>\n<figure class=\"wp-block-image size-large\"><img fetchpriority=\"high\" decoding=\"async\" width=\"1024\" height=\"768\" class=\"wp-image-213\" src=\"http:\/\/hert.ee\/wp-content\/uploads\/2020\/06\/Photo-Jun-11-01-18-28-1.jpg\" alt=\"\" srcset=\"https:\/\/hert.ee\/wp-content\/uploads\/2020\/06\/Photo-Jun-11-01-18-28-1.jpg 1024w, https:\/\/hert.ee\/wp-content\/uploads\/2020\/06\/Photo-Jun-11-01-18-28-1-300x225.jpg 300w, https:\/\/hert.ee\/wp-content\/uploads\/2020\/06\/Photo-Jun-11-01-18-28-1-768x576.jpg 768w\" sizes=\"(max-width: 1024px) 100vw, 1024px\" \/><p><\/p>\n<figcaption>Autovedu Stuttgardis<\/figcaption>\n<\/figure>\n<p><!-- \/wp:image --><\/p>\n<p><!-- wp:heading --><\/p>\n<h2><\/h2>\n<h2><strong>Stuttgarti kaubaveod<\/strong><\/h2>\n<p><!-- \/wp:heading --><\/p>\n<p><!-- wp:paragraph --><\/p>\n<p>Hert Transpordi kasutatavad s\u00f5idukid on autotranspordi jaoks usaldusv\u00e4\u00e4rsed ja ohutud. Regulaarselt hooldatud ja remonditud. Ennek\u00f5ike kontrollib meie autojuht, et veenduda, kas last on turvaliselt kinnitatud. Mis k\u00f5ige t\u00e4htsam &#8211; meie laadimismeeskond on ka k\u00f5igi s\u00f5idukit\u00fc\u00fcpide turvamisega h\u00e4sti kursis. <a href=\"http:\/\/hert.ee\/en\/338-2\/\">Nii et igal ajal, kui soovid veoteenust v\u00f5id olla kindel, et m<\/a>eie autod on turvalised.<\/p>\n<p><!-- \/wp:paragraph --><\/p>\n<p><!-- wp:heading --><\/p>\n<h2><\/h2>\n<h2><strong>S\u00f5idukite Veoteenused<\/strong><\/h2>\n<p><!-- \/wp:heading --><\/p>\n<p><!-- wp:paragraph --><\/p>\n<p>Meie mitmekesistele klientidele on palju erinevaid veoteenuse v\u00f5imalusi. K\u00f5iki meie autoveoteenuseid viivad l\u00e4bi suurep\u00e4rase v\u00e4lja\u00f5ppe saanud professionaalsed t\u00f6\u00f6tajad. Partnerlus meie maailmatasemel kaubaekspeditsiooni partneritega aitab meil saavutada meie \u00fchiseid eesm\u00e4rke.<\/p>\n<p><!-- \/wp:paragraph --><\/p>\n<p><!-- wp:heading {\"level\":3} --><\/p>\n<h3><\/h3>\n<h3><strong>Asjatundlikud Autojuhid<\/strong><\/h3>\n<p><!-- \/wp:heading --><\/p>\n<p><!-- wp:paragraph --><\/p>\n<p>Meie autojuhid on v\u00e4ga kvalifitseeritud ja suurep\u00e4rased oma t\u00f6\u00f6kohtadel. Kontrollime oma autojuhte p\u00f5hjalikult. Nii et te ei pea oma autode p\u00e4rast muretsema, kui nad on meie k\u00e4tes. Suhtleme oma autojuhtidega pidevalt ja j\u00e4lgimistarkvara n\u00e4itab teie kauba liikumist<\/p>\n<p><!-- \/wp:paragraph --><\/p>\n<p><!-- wp:heading --><\/p>\n<h2><\/h2>\n<h2><strong>Miks meie?<\/strong><\/h2>\n<p><!-- \/wp:heading --><\/p>\n<p><!-- wp:paragraph --><\/p>\n<p>Me hoolime oma klientidest. Pakume parimaid veoteenuseid, mida raha saab osta, kuna usume, et just seda te v\u00e4\u00e4rite. Teie saadetised on alati meie prioriteet ja me teeme k\u00f5ik endast oleneva, et teie autod turvaliselt kohale toimetada. V<a href=\"http:\/\/hert.ee\/en\/323-2\/\">\u00f5tke meiega juba t\u00e4na \u00fchendust<\/a>&nbsp;ja lepime transpordi kokku.<\/p>\n<p><!-- \/wp:paragraph --><\/p>\t\t\t\t\t\t<\/div>\n\t\t\t\t<\/div>\n\t\t\t\t\t<\/div>\n\t\t<\/div>\n\t\t\t\t<div class=\"elementor-column elementor-col-33 elementor-top-column elementor-element elementor-element-24fe66d elementor-hidden-phone\" data-id=\"24fe66d\" data-element_type=\"column\">\n\t\t\t<div class=\"elementor-widget-wrap\">\n\t\t\t\t\t\t\t<\/div>\n\t\t<\/div>\n\t\t\t\t\t<\/div>\n\t\t<\/section>\n\t\t\t\t<\/div>\n\t\t","protected":false},"excerpt":{"rendered":"<p>Kas vajate Stuttgarti piirkonna l\u00e4hedal s\u00f5idukitransporti? Kui jah, siis on Hert Transport on valmis! Pakume Euroopas ja Venemaal kvaliteetset autode transporti.\u00a0\u00a0Kui vajate kiiret ja tipptasemel transporti, saab Hert Transport Stuttgardis pakkuda teile t\u00e4pselt seda, mida vajate. \u00a0 Miks meie? Meie kliendid on erineva taustaga. lisaks \u00e4riklientidele kasutavad ka erakliendid meid\u00a0oma autode kohaletoimetamiseks.\u00a0Autotransport on saadaval nii &#8230; <a title=\"Stuttgart Saksamaa S\u00f5idukite Transport\" class=\"read-more\" href=\"https:\/\/hert.ee\/et\/stuttgart-saksamaa-soidukite-transport\/\" aria-label=\"Read more about Stuttgart Saksamaa S\u00f5idukite Transport\">Read more<\/a><\/p>\n","protected":false},"author":1,"featured_media":0,"parent":0,"menu_order":0,"comment_status":"closed","ping_status":"closed","template":"elementor_header_footer","meta":{"footnotes":""},"yoast_head":"<!-- This site is optimized with the Yoast SEO plugin v22.9 - https:\/\/yoast.com\/wordpress\/plugins\/seo\/ -->\n<title>Stuttgart Saksamaa S\u00f5idukite Transport - HERT Transport<\/title>\n<meta name=\"description\" content=\"Stuttgart Saksamaa S\u00f5idukite Transport. Kui vajad abi transpordiga Euroopas v\u00f5i Venemaal v\u00f5ta meiega \u00fchendust!\" \/>\n<meta name=\"robots\" content=\"index, follow, max-snippet:-1, max-image-preview:large, max-video-preview:-1\" \/>\n<link rel=\"canonical\" href=\"https:\/\/hert.ee\/et\/stuttgart-saksamaa-soidukite-transport\/\" \/>\n<meta property=\"og:locale\" content=\"et_EE\" \/>\n<meta property=\"og:type\" content=\"article\" \/>\n<meta property=\"og:title\" content=\"Stuttgart Saksamaa S\u00f5idukite Transport - HERT Transport\" \/>\n<meta property=\"og:description\" content=\"Stuttgart Saksamaa S\u00f5idukite Transport. Kui vajad abi transpordiga Euroopas v\u00f5i Venemaal v\u00f5ta meiega \u00fchendust!\" \/>\n<meta property=\"og:url\" content=\"https:\/\/hert.ee\/et\/stuttgart-saksamaa-soidukite-transport\/\" \/>\n<meta property=\"og:site_name\" content=\"HERT Transport\" \/>\n<meta property=\"article:modified_time\" content=\"2020-11-12T13:18:43+00:00\" \/>\n<meta property=\"og:image\" content=\"http:\/\/hert.ee\/wp-content\/uploads\/2020\/06\/Photo-Jun-11-01-18-28-1.jpg\" \/>\n<meta name=\"twitter:card\" content=\"summary_large_image\" \/>\n<meta name=\"twitter:label1\" content=\"Est. reading time\" \/>\n\t<meta name=\"twitter:data1\" content=\"1 minut\" \/>\n<script type=\"application\/ld+json\" class=\"yoast-schema-graph\">{\"@context\":\"https:\/\/schema.org\",\"@graph\":[{\"@type\":\"WebPage\",\"@id\":\"https:\/\/hert.ee\/et\/stuttgart-saksamaa-soidukite-transport\/\",\"url\":\"https:\/\/hert.ee\/et\/stuttgart-saksamaa-soidukite-transport\/\",\"name\":\"Stuttgart Saksamaa S\u00f5idukite Transport - HERT Transport\",\"isPartOf\":{\"@id\":\"https:\/\/hert.ee\/#website\"},\"primaryImageOfPage\":{\"@id\":\"https:\/\/hert.ee\/et\/stuttgart-saksamaa-soidukite-transport\/#primaryimage\"},\"image\":{\"@id\":\"https:\/\/hert.ee\/et\/stuttgart-saksamaa-soidukite-transport\/#primaryimage\"},\"thumbnailUrl\":\"http:\/\/hert.ee\/wp-content\/uploads\/2020\/06\/Photo-Jun-11-01-18-28-1.jpg\",\"datePublished\":\"2020-08-03T09:08:54+00:00\",\"dateModified\":\"2020-11-12T13:18:43+00:00\",\"description\":\"Stuttgart Saksamaa S\u00f5idukite Transport. Kui vajad abi transpordiga Euroopas v\u00f5i Venemaal v\u00f5ta meiega \u00fchendust!\",\"breadcrumb\":{\"@id\":\"https:\/\/hert.ee\/et\/stuttgart-saksamaa-soidukite-transport\/#breadcrumb\"},\"inLanguage\":\"et\",\"potentialAction\":[{\"@type\":\"ReadAction\",\"target\":[\"https:\/\/hert.ee\/et\/stuttgart-saksamaa-soidukite-transport\/\"]}]},{\"@type\":\"ImageObject\",\"inLanguage\":\"et\",\"@id\":\"https:\/\/hert.ee\/et\/stuttgart-saksamaa-soidukite-transport\/#primaryimage\",\"url\":\"http:\/\/hert.ee\/wp-content\/uploads\/2020\/06\/Photo-Jun-11-01-18-28-1.jpg\",\"contentUrl\":\"http:\/\/hert.ee\/wp-content\/uploads\/2020\/06\/Photo-Jun-11-01-18-28-1.jpg\"},{\"@type\":\"BreadcrumbList\",\"@id\":\"https:\/\/hert.ee\/et\/stuttgart-saksamaa-soidukite-transport\/#breadcrumb\",\"itemListElement\":[{\"@type\":\"ListItem\",\"position\":1,\"name\":\"Home\",\"item\":\"https:\/\/hert.ee\/et\/\"},{\"@type\":\"ListItem\",\"position\":2,\"name\":\"Stuttgart Saksamaa S\u00f5idukite Transport\"}]},{\"@type\":\"WebSite\",\"@id\":\"https:\/\/hert.ee\/#website\",\"url\":\"https:\/\/hert.ee\/\",\"name\":\"HERT Transport\",\"description\":\"\",\"publisher\":{\"@id\":\"https:\/\/hert.ee\/#organization\"},\"potentialAction\":[{\"@type\":\"SearchAction\",\"target\":{\"@type\":\"EntryPoint\",\"urlTemplate\":\"https:\/\/hert.ee\/?s={search_term_string}\"},\"query-input\":\"required name=search_term_string\"}],\"inLanguage\":\"et\"},{\"@type\":\"Organization\",\"@id\":\"https:\/\/hert.ee\/#organization\",\"name\":\"Hert-Transport AS\",\"url\":\"https:\/\/hert.ee\/\",\"logo\":{\"@type\":\"ImageObject\",\"inLanguage\":\"et\",\"@id\":\"https:\/\/hert.ee\/#\/schema\/logo\/image\/\",\"url\":\"http:\/\/hert.ee\/wp-content\/uploads\/2020\/07\/Soidukite_transport.jpg\",\"contentUrl\":\"http:\/\/hert.ee\/wp-content\/uploads\/2020\/07\/Soidukite_transport.jpg\",\"width\":1024,\"height\":683,\"caption\":\"Hert-Transport AS\"},\"image\":{\"@id\":\"https:\/\/hert.ee\/#\/schema\/logo\/image\/\"}}]}<\/script>\n<!-- \/ Yoast SEO plugin. -->","yoast_head_json":{"title":"Stuttgart Saksamaa S\u00f5idukite Transport - HERT Transport","description":"Stuttgart Saksamaa S\u00f5idukite Transport. Kui vajad abi transpordiga Euroopas v\u00f5i Venemaal v\u00f5ta meiega \u00fchendust!","robots":{"index":"index","follow":"follow","max-snippet":"max-snippet:-1","max-image-preview":"max-image-preview:large","max-video-preview":"max-video-preview:-1"},"canonical":"https:\/\/hert.ee\/et\/stuttgart-saksamaa-soidukite-transport\/","og_locale":"et_EE","og_type":"article","og_title":"Stuttgart Saksamaa S\u00f5idukite Transport - HERT Transport","og_description":"Stuttgart Saksamaa S\u00f5idukite Transport. Kui vajad abi transpordiga Euroopas v\u00f5i Venemaal v\u00f5ta meiega \u00fchendust!","og_url":"https:\/\/hert.ee\/et\/stuttgart-saksamaa-soidukite-transport\/","og_site_name":"HERT Transport","article_modified_time":"2020-11-12T13:18:43+00:00","og_image":[{"url":"http:\/\/hert.ee\/wp-content\/uploads\/2020\/06\/Photo-Jun-11-01-18-28-1.jpg"}],"twitter_card":"summary_large_image","twitter_misc":{"Est. reading time":"1 minut"},"schema":{"@context":"https:\/\/schema.org","@graph":[{"@type":"WebPage","@id":"https:\/\/hert.ee\/et\/stuttgart-saksamaa-soidukite-transport\/","url":"https:\/\/hert.ee\/et\/stuttgart-saksamaa-soidukite-transport\/","name":"Stuttgart Saksamaa S\u00f5idukite Transport - HERT Transport","isPartOf":{"@id":"https:\/\/hert.ee\/#website"},"primaryImageOfPage":{"@id":"https:\/\/hert.ee\/et\/stuttgart-saksamaa-soidukite-transport\/#primaryimage"},"image":{"@id":"https:\/\/hert.ee\/et\/stuttgart-saksamaa-soidukite-transport\/#primaryimage"},"thumbnailUrl":"http:\/\/hert.ee\/wp-content\/uploads\/2020\/06\/Photo-Jun-11-01-18-28-1.jpg","datePublished":"2020-08-03T09:08:54+00:00","dateModified":"2020-11-12T13:18:43+00:00","description":"Stuttgart Saksamaa S\u00f5idukite Transport. Kui vajad abi transpordiga Euroopas v\u00f5i Venemaal v\u00f5ta meiega \u00fchendust!","breadcrumb":{"@id":"https:\/\/hert.ee\/et\/stuttgart-saksamaa-soidukite-transport\/#breadcrumb"},"inLanguage":"et","potentialAction":[{"@type":"ReadAction","target":["https:\/\/hert.ee\/et\/stuttgart-saksamaa-soidukite-transport\/"]}]},{"@type":"ImageObject","inLanguage":"et","@id":"https:\/\/hert.ee\/et\/stuttgart-saksamaa-soidukite-transport\/#primaryimage","url":"http:\/\/hert.ee\/wp-content\/uploads\/2020\/06\/Photo-Jun-11-01-18-28-1.jpg","contentUrl":"http:\/\/hert.ee\/wp-content\/uploads\/2020\/06\/Photo-Jun-11-01-18-28-1.jpg"},{"@type":"BreadcrumbList","@id":"https:\/\/hert.ee\/et\/stuttgart-saksamaa-soidukite-transport\/#breadcrumb","itemListElement":[{"@type":"ListItem","position":1,"name":"Home","item":"https:\/\/hert.ee\/et\/"},{"@type":"ListItem","position":2,"name":"Stuttgart Saksamaa S\u00f5idukite Transport"}]},{"@type":"WebSite","@id":"https:\/\/hert.ee\/#website","url":"https:\/\/hert.ee\/","name":"HERT Transport","description":"","publisher":{"@id":"https:\/\/hert.ee\/#organization"},"potentialAction":[{"@type":"SearchAction","target":{"@type":"EntryPoint","urlTemplate":"https:\/\/hert.ee\/?s={search_term_string}"},"query-input":"required name=search_term_string"}],"inLanguage":"et"},{"@type":"Organization","@id":"https:\/\/hert.ee\/#organization","name":"Hert-Transport AS","url":"https:\/\/hert.ee\/","logo":{"@type":"ImageObject","inLanguage":"et","@id":"https:\/\/hert.ee\/#\/schema\/logo\/image\/","url":"http:\/\/hert.ee\/wp-content\/uploads\/2020\/07\/Soidukite_transport.jpg","contentUrl":"http:\/\/hert.ee\/wp-content\/uploads\/2020\/07\/Soidukite_transport.jpg","width":1024,"height":683,"caption":"Hert-Transport AS"},"image":{"@id":"https:\/\/hert.ee\/#\/schema\/logo\/image\/"}}]}},"_links":{"self":[{"href":"https:\/\/hert.ee\/et\/wp-json\/wp\/v2\/pages\/1347"}],"collection":[{"href":"https:\/\/hert.ee\/et\/wp-json\/wp\/v2\/pages"}],"about":[{"href":"https:\/\/hert.ee\/et\/wp-json\/wp\/v2\/types\/page"}],"author":[{"embeddable":true,"href":"https:\/\/hert.ee\/et\/wp-json\/wp\/v2\/users\/1"}],"replies":[{"embeddable":true,"href":"https:\/\/hert.ee\/et\/wp-json\/wp\/v2\/comments?post=1347"}],"version-history":[{"count":5,"href":"https:\/\/hert.ee\/et\/wp-json\/wp\/v2\/pages\/1347\/revisions"}],"predecessor-version":[{"id":3596,"href":"https:\/\/hert.ee\/et\/wp-json\/wp\/v2\/pages\/1347\/revisions\/3596"}],"wp:attachment":[{"href":"https:\/\/hert.ee\/et\/wp-json\/wp\/v2\/media?parent=1347"}],"curies":[{"name":"wp","href":"https:\/\/api.w.org\/{rel}","templated":true}]}}