{"id":1356,"date":"2020-08-03T09:22:06","date_gmt":"2020-08-03T09:22:06","guid":{"rendered":"https:\/\/hert.swstesting.com\/munchen-saksamaa-soidukite-vedamine\/"},"modified":"2020-12-19T22:18:34","modified_gmt":"2020-12-19T22:18:34","slug":"munchen-saksamaa-soidukite-vedamine","status":"publish","type":"page","link":"https:\/\/hert.ee\/et\/munchen-saksamaa-soidukite-vedamine\/","title":{"rendered":"M\u00fcnchen Saksamaa S\u00f5idukite Vedamine"},"content":{"rendered":"\t\t<div data-elementor-type=\"wp-page\" data-elementor-id=\"1356\" class=\"elementor elementor-1356 elementor-926\" data-elementor-post-type=\"page\">\n\t\t\t\t\t\t<section class=\"elementor-section elementor-top-section elementor-element elementor-element-70fdeb1 elementor-section-boxed elementor-section-height-default elementor-section-height-default\" data-id=\"70fdeb1\" data-element_type=\"section\" data-settings=\"{&quot;background_background&quot;:&quot;classic&quot;}\">\n\t\t\t\t\t\t<div class=\"elementor-container elementor-column-gap-default\">\n\t\t\t\t\t<div class=\"elementor-column elementor-col-100 elementor-top-column elementor-element elementor-element-fa3c77d\" data-id=\"fa3c77d\" data-element_type=\"column\">\n\t\t\t<div class=\"elementor-widget-wrap elementor-element-populated\">\n\t\t\t\t\t\t<div class=\"elementor-element elementor-element-bd20266 elementor-widget elementor-widget-heading\" data-id=\"bd20266\" data-element_type=\"widget\" data-widget_type=\"heading.default\">\n\t\t\t\t<div class=\"elementor-widget-container\">\n\t\t\t<h1 class=\"elementor-heading-title elementor-size-default\">M\u00fcnchen Saksamaa S\u00f5idukite Vedamine<\/h1>\t\t<\/div>\n\t\t\t\t<\/div>\n\t\t\t\t\t<\/div>\n\t\t<\/div>\n\t\t\t\t\t<\/div>\n\t\t<\/section>\n\t\t\t\t<section class=\"elementor-section elementor-top-section elementor-element elementor-element-794816d elementor-section-boxed elementor-section-height-default elementor-section-height-default\" data-id=\"794816d\" data-element_type=\"section\" data-settings=\"{&quot;background_background&quot;:&quot;classic&quot;}\">\n\t\t\t\t\t\t<div class=\"elementor-container elementor-column-gap-default\">\n\t\t\t\t\t<div class=\"elementor-column elementor-col-33 elementor-top-column elementor-element elementor-element-9049d48 elementor-hidden-phone\" data-id=\"9049d48\" data-element_type=\"column\">\n\t\t\t<div class=\"elementor-widget-wrap\">\n\t\t\t\t\t\t\t<\/div>\n\t\t<\/div>\n\t\t\t\t<div class=\"elementor-column elementor-col-33 elementor-top-column elementor-element elementor-element-68b2a30\" data-id=\"68b2a30\" data-element_type=\"column\">\n\t\t\t<div class=\"elementor-widget-wrap elementor-element-populated\">\n\t\t\t\t\t\t<div class=\"elementor-element elementor-element-a476761 elementor-widget elementor-widget-text-editor\" data-id=\"a476761\" data-element_type=\"widget\" data-widget_type=\"text-editor.default\">\n\t\t\t\t<div class=\"elementor-widget-container\">\n\t\t\t\t\t\t\t<p><!-- wp:paragraph --><\/p>\n<p><a href=\"http:\/\/hert.ee\/en\/contacts\/\">Hert Transport pakub hea mainega ekspeditsiooniteenuseid M\u00fcnchenis, Saksamaal<\/a>. Meie ettev\u00f5te on asutatud 1994. aastal. See, mis sai alguse pelgalt pereettev\u00f5tte ettev\u00f5tmisest, on edasi arenenud ja tegutseb n\u00fc\u00fcd kolmandat p\u00f5lvkonda. Kolme aastak\u00fcmne pikkune autode kohaletoimetamise kogemus on laiendanud meie v\u00f5imeid, pakkudes n\u00fc\u00fcd kuni \u00fcheksa s\u00f5iduki kohaletoimetamise teenust korraga. Oleme uhked, et igas projektis s\u00e4ilitatakse v\u00e4\u00e4rtusp\u00f5hist l\u00e4henemist. Hert Transpordile toetatakse kogu Euroopas ja Venemaal kui \u00fcht juhtivat logistikaettev\u00f5tet. Mis on tore! N\u00fc\u00fcd on meil hea meel teatada, et v\u00f5ite meiega usaldada kaubaekspeditsiooni Saksamaal M\u00fcnchenis.<\/p>\n<p>\u00a0<\/p>\n<p><!-- \/wp:paragraph --><\/p>\n<p><!-- wp:heading --><\/p>\n<h2><strong>Broneerige S\u00f5idukite Transporditeenused Saksamaal M\u00fcnchenis Hert Transpordi kaudu<\/strong><\/h2>\n<p><!-- \/wp:heading --><\/p>\n<p><!-- wp:paragraph --><\/p>\n<p>Hert Transport on tehnoloogia abil toonud kaubaekspeditsiooni s\u00f5rmeotstele. Meie kogenud kaubaekspeditsiooni meeskond on valmis teie s\u00f5idukit transportima. \u00dcksk\u00f5ik, kas Berliinis, Frankfurdis v\u00f5i \u00fcksk\u00f5ik kus M\u00fcnchenis, k\u00e4itleme teie veosega hea meelega. Meie ettev\u00f5te veab \u00fcksikuid s\u00f5idukeid v\u00f5i kuni \u00fcheksa autoparki. Oleme usaldusv\u00e4\u00e4rsed ja kaasatud M\u00fcncheni kaubaveosse aastak\u00fcmneid. Oleme uhked, et saame aru k\u00f5igist peamistest marsruutidest linnas.<a href=\"https:\/\/web.facebook.com\/HertTransport\/?_rdc=1&amp;_rdr\"> Seet\u00f5ttu kasutame kaubavedude marsruuditeadmisi oma klientide huvides.<\/a><\/p>\n<p><!-- \/wp:paragraph --><\/p>\n<p><!-- wp:image {\"align\":\"wide\",\"id\":212,\"sizeSlug\":\"large\"} --><\/p>\n<figure class=\"wp-block-image alignwide size-large\"><img fetchpriority=\"high\" decoding=\"async\" width=\"768\" height=\"808\" class=\"wp-image-212\" src=\"http:\/\/hert.ee\/wp-content\/uploads\/2020\/06\/Photo-Jun-11-01-17-36.jpg\" alt=\"\" srcset=\"https:\/\/hert.ee\/wp-content\/uploads\/2020\/06\/Photo-Jun-11-01-17-36.jpg 768w, https:\/\/hert.ee\/wp-content\/uploads\/2020\/06\/Photo-Jun-11-01-17-36-285x300.jpg 285w\" sizes=\"(max-width: 768px) 100vw, 768px\" \/>\n<figcaption>Kaubaekspeditsioon M\u00fcnchenis<\/figcaption>\n<\/figure>\n<p><!-- \/wp:image --><\/p>\n<p><!-- wp:heading --><\/p>\n<h2>\u00a0<\/h2>\n<h2><strong>Turvalised ja usaldusv\u00e4\u00e4rsed kaubaveoteenused<\/strong><\/h2>\n<p><!-- \/wp:heading --><\/p>\n<p><!-- wp:paragraph --><\/p>\n<p>Saate oma kaubaga meid usaldada. Usaldusv\u00e4\u00e4rsete, professionaalsete ja v\u00f5imekate t\u00f6\u00f6tajate palkamiseks kasutame k\u00f5ige rangemaid mudeleid. Alates pakkimisest kuni lasti transportimiseni ja l\u00f5puks kohaletoimetamiseni on meie meeskond osutunud eeskujulikult v\u00f5imekaks. Veelgi enam, pakume autoteeninduse veoautosid, <a href=\"http:\/\/hert.ee\/en\/338-2\/\">et hoida neid v\u00f5imalikult heas seisukorras<\/a>. Nii transpordime lasti sujuvalt, ilma et haagiseid oleks. Veoautode purunemiste, \u00f5li, rehvide ja k\u00f5ige kontrollimine enne ja p\u00e4rast iga kaubaekspeditsiooni on v\u00f5imaldanud meie transpordiettev\u00f5ttel toimetada. Meie professionaalne meeskond j\u00e4rgib k\u00f5iki kaubaveo n\u00f5udeid. Aastate jooksul on protokollid osutunud \u00fclioluliseks, v\u00f5imaldades paketil j\u00f5uda probleemideta meie klientideni.<\/p>\n<p><!-- \/wp:paragraph --><\/p>\n<p><!-- wp:heading {\"level\":3} --><\/p>\n<h3>\u00a0<\/h3>\n<h2><strong>Reisimine kaubaekspeditsiooniga<\/strong><\/h2>\n<p><!-- \/wp:heading --><\/p>\n<p><!-- wp:paragraph --><\/p>\n<p>Hert Transport pakub auto \u00fclimat staatust. <a href=\"https:\/\/www.google.com\/maps\/place\/Munich,+Germany\/data=!4m2!3m1!1s0x479e75f9a38c5fd9:0x10cb84a7db1987d?sa=X&amp;ved=2ahUKEwjC19fgzN7qAhWLA2MBHc6sBMEQ8gEwGHoECBsQBg\">Olenemata teie lasti M\u00fcncheni sihtkohast,<\/a> oleme igal ajal kasutanud uusimat uuenduslikku tehnoloogiat, et teada selle asukohta. Ennek\u00f5ike v\u00f5imaldab meie mainekate partneritega \u00fchine ettev\u00f5tmine teie s\u00f5idukite tarnimist v\u00f5imalikult kiiresti ja ohutult.<\/p>\n<p><!-- \/wp:paragraph --><\/p>\n<p><!-- wp:heading --><\/p>\n<h2>\u00a0<\/h2>\n<h2><strong>Meie kaubaekspeditsiooniteenuseid on n\u00fc\u00fcd lihtne hankida<\/strong><\/h2>\n<p><!-- \/wp:heading --><\/p>\n<p><!-- wp:paragraph --><\/p>\n<p>K\u00f5ik Saksamaa M\u00fcncheni (Saksamaa) kliendid saavad n\u00fc\u00fcd meie teenuseid saada vaid \u00fche kl\u00f5psuga. Peame kinni tihedatest s\u00f5iduplaanidest ja soovime oma teenuste saamist lihtsamaks muuta. \u00c4ri alustades saime tellimusi isiklike kontaktide ja hiljem telefoni teel. Hert Transport on laienenud \u00fcheks parimaks logistikaettev\u00f5tteks. Anname M\u00fcnchenis k\u00f5igile v\u00f5imaluse esitada maismaatranspordi taotlusi otse oma mugavustsoonist.<\/p>\n<p><!-- \/wp:paragraph --><\/p>\n<p><!-- wp:heading --><\/p>\n<h2>\u00a0<\/h2>\n<h2><strong>Meie hinnad on ausad, taskukohased ja konkurentsiv\u00f5imelised<\/strong><\/h2>\n<p><!-- \/wp:heading --><\/p>\n<p><!-- wp:paragraph --><\/p>\n<p>Hert Network pakub juurdep\u00e4\u00e4su tohutule hulgale mainekate operaatoritele soodsa hinnaga. Pakume teile pakkumise ette, ilma varjatud tasudeta. Kl\u00f5psake lihtsalt meie peamisel veebisaidil asuvat nuppu Taotle pakkumist. T\u00e4itke \u00fcksikasjad, sealhulgas, kuid mitte ainult, lasti asukoht ja sihtkoht. Nii et j\u00e4tke meelerahu, j\u00e4tke k\u00f5ik meile!<\/p>\n<p><!-- \/wp:paragraph --><\/p>\t\t\t\t\t\t<\/div>\n\t\t\t\t<\/div>\n\t\t\t\t\t<\/div>\n\t\t<\/div>\n\t\t\t\t<div class=\"elementor-column elementor-col-33 elementor-top-column elementor-element elementor-element-79310f2 elementor-hidden-phone\" data-id=\"79310f2\" data-element_type=\"column\">\n\t\t\t<div class=\"elementor-widget-wrap\">\n\t\t\t\t\t\t\t<\/div>\n\t\t<\/div>\n\t\t\t\t\t<\/div>\n\t\t<\/section>\n\t\t\t\t<\/div>\n\t\t","protected":false},"excerpt":{"rendered":"<p>Hert Transport pakub hea mainega ekspeditsiooniteenuseid M\u00fcnchenis, Saksamaal. Meie ettev\u00f5te on asutatud 1994. aastal. See, mis sai alguse pelgalt pereettev\u00f5tte ettev\u00f5tmisest, on edasi arenenud ja tegutseb n\u00fc\u00fcd kolmandat p\u00f5lvkonda. Kolme aastak\u00fcmne pikkune autode kohaletoimetamise kogemus on laiendanud meie v\u00f5imeid, pakkudes n\u00fc\u00fcd kuni \u00fcheksa s\u00f5iduki kohaletoimetamise teenust korraga. Oleme uhked, et igas projektis s\u00e4ilitatakse v\u00e4\u00e4rtusp\u00f5hist l\u00e4henemist. &#8230; <a title=\"M\u00fcnchen Saksamaa S\u00f5idukite Vedamine\" class=\"read-more\" href=\"https:\/\/hert.ee\/et\/munchen-saksamaa-soidukite-vedamine\/\" aria-label=\"Read more about M\u00fcnchen Saksamaa S\u00f5idukite Vedamine\">Read more<\/a><\/p>\n","protected":false},"author":1,"featured_media":0,"parent":0,"menu_order":0,"comment_status":"closed","ping_status":"closed","template":"elementor_header_footer","meta":{"footnotes":""},"yoast_head":"<!-- This site is optimized with the Yoast SEO plugin v22.9 - https:\/\/yoast.com\/wordpress\/plugins\/seo\/ -->\n<title>M\u00fcnchen Saksamaa S\u00f5idukite Vedamine - HERT Transport<\/title>\n<meta name=\"description\" content=\"M\u00fcnchen Saksamaa S\u00f5idukite Vedamine. Kui vajad abi transpordiga Euroopas v\u00f5i Venemaal v\u00f5ta meiega \u00fchendust!\" \/>\n<meta name=\"robots\" content=\"index, follow, max-snippet:-1, max-image-preview:large, max-video-preview:-1\" \/>\n<link rel=\"canonical\" href=\"https:\/\/hert.ee\/et\/munchen-saksamaa-soidukite-vedamine\/\" \/>\n<meta property=\"og:locale\" content=\"et_EE\" \/>\n<meta property=\"og:type\" content=\"article\" \/>\n<meta property=\"og:title\" content=\"M\u00fcnchen Saksamaa S\u00f5idukite Vedamine - HERT Transport\" \/>\n<meta property=\"og:description\" content=\"M\u00fcnchen Saksamaa S\u00f5idukite Vedamine. Kui vajad abi transpordiga Euroopas v\u00f5i Venemaal v\u00f5ta meiega \u00fchendust!\" \/>\n<meta property=\"og:url\" content=\"https:\/\/hert.ee\/et\/munchen-saksamaa-soidukite-vedamine\/\" \/>\n<meta property=\"og:site_name\" content=\"HERT Transport\" \/>\n<meta property=\"article:modified_time\" content=\"2020-12-19T22:18:34+00:00\" \/>\n<meta property=\"og:image\" content=\"http:\/\/hert.ee\/wp-content\/uploads\/2020\/06\/Photo-Jun-11-01-17-36.jpg\" \/>\n<meta name=\"twitter:card\" content=\"summary_large_image\" \/>\n<meta name=\"twitter:label1\" content=\"Est. reading time\" \/>\n\t<meta name=\"twitter:data1\" content=\"2 minutit\" \/>\n<script type=\"application\/ld+json\" class=\"yoast-schema-graph\">{\"@context\":\"https:\/\/schema.org\",\"@graph\":[{\"@type\":\"WebPage\",\"@id\":\"https:\/\/hert.ee\/et\/munchen-saksamaa-soidukite-vedamine\/\",\"url\":\"https:\/\/hert.ee\/et\/munchen-saksamaa-soidukite-vedamine\/\",\"name\":\"M\u00fcnchen Saksamaa S\u00f5idukite Vedamine - HERT Transport\",\"isPartOf\":{\"@id\":\"https:\/\/hert.ee\/#website\"},\"primaryImageOfPage\":{\"@id\":\"https:\/\/hert.ee\/et\/munchen-saksamaa-soidukite-vedamine\/#primaryimage\"},\"image\":{\"@id\":\"https:\/\/hert.ee\/et\/munchen-saksamaa-soidukite-vedamine\/#primaryimage\"},\"thumbnailUrl\":\"http:\/\/hert.ee\/wp-content\/uploads\/2020\/06\/Photo-Jun-11-01-17-36.jpg\",\"datePublished\":\"2020-08-03T09:22:06+00:00\",\"dateModified\":\"2020-12-19T22:18:34+00:00\",\"description\":\"M\u00fcnchen Saksamaa S\u00f5idukite Vedamine. Kui vajad abi transpordiga Euroopas v\u00f5i Venemaal v\u00f5ta meiega \u00fchendust!\",\"breadcrumb\":{\"@id\":\"https:\/\/hert.ee\/et\/munchen-saksamaa-soidukite-vedamine\/#breadcrumb\"},\"inLanguage\":\"et\",\"potentialAction\":[{\"@type\":\"ReadAction\",\"target\":[\"https:\/\/hert.ee\/et\/munchen-saksamaa-soidukite-vedamine\/\"]}]},{\"@type\":\"ImageObject\",\"inLanguage\":\"et\",\"@id\":\"https:\/\/hert.ee\/et\/munchen-saksamaa-soidukite-vedamine\/#primaryimage\",\"url\":\"http:\/\/hert.ee\/wp-content\/uploads\/2020\/06\/Photo-Jun-11-01-17-36.jpg\",\"contentUrl\":\"http:\/\/hert.ee\/wp-content\/uploads\/2020\/06\/Photo-Jun-11-01-17-36.jpg\"},{\"@type\":\"BreadcrumbList\",\"@id\":\"https:\/\/hert.ee\/et\/munchen-saksamaa-soidukite-vedamine\/#breadcrumb\",\"itemListElement\":[{\"@type\":\"ListItem\",\"position\":1,\"name\":\"Home\",\"item\":\"https:\/\/hert.ee\/et\/\"},{\"@type\":\"ListItem\",\"position\":2,\"name\":\"M\u00fcnchen Saksamaa S\u00f5idukite Vedamine\"}]},{\"@type\":\"WebSite\",\"@id\":\"https:\/\/hert.ee\/#website\",\"url\":\"https:\/\/hert.ee\/\",\"name\":\"HERT Transport\",\"description\":\"\",\"publisher\":{\"@id\":\"https:\/\/hert.ee\/#organization\"},\"potentialAction\":[{\"@type\":\"SearchAction\",\"target\":{\"@type\":\"EntryPoint\",\"urlTemplate\":\"https:\/\/hert.ee\/?s={search_term_string}\"},\"query-input\":\"required name=search_term_string\"}],\"inLanguage\":\"et\"},{\"@type\":\"Organization\",\"@id\":\"https:\/\/hert.ee\/#organization\",\"name\":\"Hert-Transport AS\",\"url\":\"https:\/\/hert.ee\/\",\"logo\":{\"@type\":\"ImageObject\",\"inLanguage\":\"et\",\"@id\":\"https:\/\/hert.ee\/#\/schema\/logo\/image\/\",\"url\":\"http:\/\/hert.ee\/wp-content\/uploads\/2020\/07\/Soidukite_transport.jpg\",\"contentUrl\":\"http:\/\/hert.ee\/wp-content\/uploads\/2020\/07\/Soidukite_transport.jpg\",\"width\":1024,\"height\":683,\"caption\":\"Hert-Transport AS\"},\"image\":{\"@id\":\"https:\/\/hert.ee\/#\/schema\/logo\/image\/\"}}]}<\/script>\n<!-- \/ Yoast SEO plugin. -->","yoast_head_json":{"title":"M\u00fcnchen Saksamaa S\u00f5idukite Vedamine - HERT Transport","description":"M\u00fcnchen Saksamaa S\u00f5idukite Vedamine. Kui vajad abi transpordiga Euroopas v\u00f5i Venemaal v\u00f5ta meiega \u00fchendust!","robots":{"index":"index","follow":"follow","max-snippet":"max-snippet:-1","max-image-preview":"max-image-preview:large","max-video-preview":"max-video-preview:-1"},"canonical":"https:\/\/hert.ee\/et\/munchen-saksamaa-soidukite-vedamine\/","og_locale":"et_EE","og_type":"article","og_title":"M\u00fcnchen Saksamaa S\u00f5idukite Vedamine - HERT Transport","og_description":"M\u00fcnchen Saksamaa S\u00f5idukite Vedamine. Kui vajad abi transpordiga Euroopas v\u00f5i Venemaal v\u00f5ta meiega \u00fchendust!","og_url":"https:\/\/hert.ee\/et\/munchen-saksamaa-soidukite-vedamine\/","og_site_name":"HERT Transport","article_modified_time":"2020-12-19T22:18:34+00:00","og_image":[{"url":"http:\/\/hert.ee\/wp-content\/uploads\/2020\/06\/Photo-Jun-11-01-17-36.jpg"}],"twitter_card":"summary_large_image","twitter_misc":{"Est. reading time":"2 minutit"},"schema":{"@context":"https:\/\/schema.org","@graph":[{"@type":"WebPage","@id":"https:\/\/hert.ee\/et\/munchen-saksamaa-soidukite-vedamine\/","url":"https:\/\/hert.ee\/et\/munchen-saksamaa-soidukite-vedamine\/","name":"M\u00fcnchen Saksamaa S\u00f5idukite Vedamine - HERT Transport","isPartOf":{"@id":"https:\/\/hert.ee\/#website"},"primaryImageOfPage":{"@id":"https:\/\/hert.ee\/et\/munchen-saksamaa-soidukite-vedamine\/#primaryimage"},"image":{"@id":"https:\/\/hert.ee\/et\/munchen-saksamaa-soidukite-vedamine\/#primaryimage"},"thumbnailUrl":"http:\/\/hert.ee\/wp-content\/uploads\/2020\/06\/Photo-Jun-11-01-17-36.jpg","datePublished":"2020-08-03T09:22:06+00:00","dateModified":"2020-12-19T22:18:34+00:00","description":"M\u00fcnchen Saksamaa S\u00f5idukite Vedamine. Kui vajad abi transpordiga Euroopas v\u00f5i Venemaal v\u00f5ta meiega \u00fchendust!","breadcrumb":{"@id":"https:\/\/hert.ee\/et\/munchen-saksamaa-soidukite-vedamine\/#breadcrumb"},"inLanguage":"et","potentialAction":[{"@type":"ReadAction","target":["https:\/\/hert.ee\/et\/munchen-saksamaa-soidukite-vedamine\/"]}]},{"@type":"ImageObject","inLanguage":"et","@id":"https:\/\/hert.ee\/et\/munchen-saksamaa-soidukite-vedamine\/#primaryimage","url":"http:\/\/hert.ee\/wp-content\/uploads\/2020\/06\/Photo-Jun-11-01-17-36.jpg","contentUrl":"http:\/\/hert.ee\/wp-content\/uploads\/2020\/06\/Photo-Jun-11-01-17-36.jpg"},{"@type":"BreadcrumbList","@id":"https:\/\/hert.ee\/et\/munchen-saksamaa-soidukite-vedamine\/#breadcrumb","itemListElement":[{"@type":"ListItem","position":1,"name":"Home","item":"https:\/\/hert.ee\/et\/"},{"@type":"ListItem","position":2,"name":"M\u00fcnchen Saksamaa S\u00f5idukite Vedamine"}]},{"@type":"WebSite","@id":"https:\/\/hert.ee\/#website","url":"https:\/\/hert.ee\/","name":"HERT Transport","description":"","publisher":{"@id":"https:\/\/hert.ee\/#organization"},"potentialAction":[{"@type":"SearchAction","target":{"@type":"EntryPoint","urlTemplate":"https:\/\/hert.ee\/?s={search_term_string}"},"query-input":"required name=search_term_string"}],"inLanguage":"et"},{"@type":"Organization","@id":"https:\/\/hert.ee\/#organization","name":"Hert-Transport AS","url":"https:\/\/hert.ee\/","logo":{"@type":"ImageObject","inLanguage":"et","@id":"https:\/\/hert.ee\/#\/schema\/logo\/image\/","url":"http:\/\/hert.ee\/wp-content\/uploads\/2020\/07\/Soidukite_transport.jpg","contentUrl":"http:\/\/hert.ee\/wp-content\/uploads\/2020\/07\/Soidukite_transport.jpg","width":1024,"height":683,"caption":"Hert-Transport AS"},"image":{"@id":"https:\/\/hert.ee\/#\/schema\/logo\/image\/"}}]}},"_links":{"self":[{"href":"https:\/\/hert.ee\/et\/wp-json\/wp\/v2\/pages\/1356"}],"collection":[{"href":"https:\/\/hert.ee\/et\/wp-json\/wp\/v2\/pages"}],"about":[{"href":"https:\/\/hert.ee\/et\/wp-json\/wp\/v2\/types\/page"}],"author":[{"embeddable":true,"href":"https:\/\/hert.ee\/et\/wp-json\/wp\/v2\/users\/1"}],"replies":[{"embeddable":true,"href":"https:\/\/hert.ee\/et\/wp-json\/wp\/v2\/comments?post=1356"}],"version-history":[{"count":5,"href":"https:\/\/hert.ee\/et\/wp-json\/wp\/v2\/pages\/1356\/revisions"}],"predecessor-version":[{"id":3855,"href":"https:\/\/hert.ee\/et\/wp-json\/wp\/v2\/pages\/1356\/revisions\/3855"}],"wp:attachment":[{"href":"https:\/\/hert.ee\/et\/wp-json\/wp\/v2\/media?parent=1356"}],"curies":[{"name":"wp","href":"https:\/\/api.w.org\/{rel}","templated":true}]}}