{"id":1365,"date":"2020-08-03T09:33:20","date_gmt":"2020-08-03T09:33:20","guid":{"rendered":"https:\/\/hert.swstesting.com\/hamburg-saksmaa-autode-ost\/"},"modified":"2020-11-12T13:19:33","modified_gmt":"2020-11-12T13:19:33","slug":"hamburg-saksmaa-autode-ost","status":"publish","type":"page","link":"https:\/\/hert.ee\/et\/hamburg-saksmaa-autode-ost\/","title":{"rendered":"Saksamaa autode ost (Hamburg)"},"content":{"rendered":"\t\t<div data-elementor-type=\"wp-page\" data-elementor-id=\"1365\" class=\"elementor elementor-1365 elementor-933\" data-elementor-post-type=\"page\">\n\t\t\t\t\t\t<section class=\"elementor-section elementor-top-section elementor-element elementor-element-7810c1f elementor-section-boxed elementor-section-height-default elementor-section-height-default\" data-id=\"7810c1f\" data-element_type=\"section\" data-settings=\"{&quot;background_background&quot;:&quot;classic&quot;}\">\n\t\t\t\t\t\t<div class=\"elementor-container elementor-column-gap-default\">\n\t\t\t\t\t<div class=\"elementor-column elementor-col-100 elementor-top-column elementor-element elementor-element-2a4bc01\" data-id=\"2a4bc01\" data-element_type=\"column\">\n\t\t\t<div class=\"elementor-widget-wrap elementor-element-populated\">\n\t\t\t\t\t\t<div class=\"elementor-element elementor-element-f293c94 elementor-widget elementor-widget-heading\" data-id=\"f293c94\" data-element_type=\"widget\" data-widget_type=\"heading.default\">\n\t\t\t\t<div class=\"elementor-widget-container\">\n\t\t\t<h1 class=\"elementor-heading-title elementor-size-default\">Saksamaa autode ost (Hamburg)<\/h1>\t\t<\/div>\n\t\t\t\t<\/div>\n\t\t\t\t\t<\/div>\n\t\t<\/div>\n\t\t\t\t\t<\/div>\n\t\t<\/section>\n\t\t\t\t<section class=\"elementor-section elementor-top-section elementor-element elementor-element-717d874 elementor-section-boxed elementor-section-height-default elementor-section-height-default\" data-id=\"717d874\" data-element_type=\"section\" data-settings=\"{&quot;background_background&quot;:&quot;classic&quot;}\">\n\t\t\t\t\t\t<div class=\"elementor-container elementor-column-gap-default\">\n\t\t\t\t\t<div class=\"elementor-column elementor-col-33 elementor-top-column elementor-element elementor-element-6f2bc27 elementor-hidden-phone\" data-id=\"6f2bc27\" data-element_type=\"column\">\n\t\t\t<div class=\"elementor-widget-wrap\">\n\t\t\t\t\t\t\t<\/div>\n\t\t<\/div>\n\t\t\t\t<div class=\"elementor-column elementor-col-33 elementor-top-column elementor-element elementor-element-23c27a7\" data-id=\"23c27a7\" data-element_type=\"column\">\n\t\t\t<div class=\"elementor-widget-wrap elementor-element-populated\">\n\t\t\t\t\t\t<div class=\"elementor-element elementor-element-63150fc elementor-widget elementor-widget-text-editor\" data-id=\"63150fc\" data-element_type=\"widget\" data-widget_type=\"text-editor.default\">\n\t\t\t\t<div class=\"elementor-widget-container\">\n\t\t\t\t\t\t\t<p><!-- wp:paragraph --><\/p>\n<p>Tere tulemast Hert Transpordisse, mis on parim koht autoteenuste ostmiseks. Meie ettev\u00f5te on tegutsenud aastak\u00fcmneid ja pakume parimaks s\u00f5idukite transporditeenuste turule. Me transpordime s\u00f5idukeid h\u00f5lpsalt kogu Euroopas ja Venemaal ning meie s\u00f5idukid on meiega alati turvalised. <a href=\"http:\/\/hert.ee\/en\/338-2\/\">Kui meie ettev\u00f5tjad soovivad kasutada<\/a> kommertskaubanduse p\u00f5him\u00f5tteid, tuleb neid kasutada. Hert Transpordi kasutamise valimine Hamburgis on k\u00f5igi asjaosaliste kasutatav kogemus.<\/p>\n<p><!-- \/wp:paragraph --><\/p>\n<p><!-- wp:heading --><\/p>\n<h2><\/h2>\n<h2><strong>S\u00f5iduki turvalisuse kaubaekspeditsioonil<\/strong><\/h2>\n<p><!-- \/wp:heading --><\/p>\n<p><!-- wp:paragraph --><\/p>\n<p>Kaubaekspeditsioon v\u00f5ib olla kliendi stressi tekitaja, kuna teie s\u00f5idukite k\u00e4itlemise j\u00e4rel on vaja vaja muretseda. <a href=\"https:\/\/wikitravel.org\/en\/Kaunas\">Hert Transportiga Hamburgis<\/a> ei ole hernes aga autode p\u00e4rast seda, kui muretsema. Hoolime omaenda kohtuotsuse alla kuuluvaid s\u00f5idukeid alati, kui vaja, kuid ei vaja vigastada. Meie peale- ja mahalaadimismeeskondade r\u00fchmad v\u00f5ivad v\u00e4lja tulla, kui nad saavad s\u00f5ita. Kuna me oleme l\u00e4bi aegade \u00fcks parimaid logistikaettev\u00f5tteid, anname teile kauba, mida te v\u00e4\u00e4rite.<\/p>\n<p><!-- \/wp:paragraph --><\/p>\n<p><!-- wp:image {\"id\":217,\"sizeSlug\":\"large\"} --><\/p>\n<figure class=\"wp-block-image size-large\"><img fetchpriority=\"high\" decoding=\"async\" width=\"1024\" height=\"614\" class=\"wp-image-217\" src=\"http:\/\/hert.ee\/wp-content\/uploads\/2020\/06\/Photo-Jun-11-01-27-43-1024x614.jpg\" alt=\"\" srcset=\"https:\/\/hert.ee\/wp-content\/uploads\/2020\/06\/Photo-Jun-11-01-27-43-1024x614.jpg 1024w, https:\/\/hert.ee\/wp-content\/uploads\/2020\/06\/Photo-Jun-11-01-27-43-300x180.jpg 300w, https:\/\/hert.ee\/wp-content\/uploads\/2020\/06\/Photo-Jun-11-01-27-43-768x461.jpg 768w, https:\/\/hert.ee\/wp-content\/uploads\/2020\/06\/Photo-Jun-11-01-27-43-1536x922.jpg 1536w, https:\/\/hert.ee\/wp-content\/uploads\/2020\/06\/Photo-Jun-11-01-27-43-2048x1229.jpg 2048w\" sizes=\"(max-width: 1024px) 100vw, 1024px\" \/><figcaption><strong>Kaubaekspeditsioon <a href=\"https:\/\/wikitravel.org\/en\/Kaunas\">Hamburgis<\/a><\/strong><\/figcaption><\/figure>\n<p><!-- \/wp:image --><\/p>\n<p><!-- wp:heading {\"level\":3} --><\/p>\n<h3><\/h3>\n<h3><strong>Kaubaekspeditsiooni j\u00e4lgimine<\/strong><\/h3>\n<p><!-- \/wp:heading --><\/p>\n<p><!-- wp:paragraph --><\/p>\n<p><a href=\"https:\/\/www.fmc.gov\/resources-services\/shipping-your-vehicle-overseas\/\">Veel \u00fcks parimusabin\u00f5u, mida v\u00f5idakse teie lasti ekspeditsiooni puhul, saadetiste j\u00e4lgimisel.<\/a> Me teame t\u00e4pselt, kui k\u00f5ik s\u00f5idukid asuvad kogu aeg. Vaata, et te ei saa muret teha, kui autotransport eksib v\u00f5i tuleb ette v\u00f5tta, kuna meie meeskontrolli abil saab meie tarneid. Seda funktsiooni saab kasutada veenvalt, et saate edastada j\u00f5uavad teile \u00f5igeaegselt. Hoiame Hamburgis Hertis teie s\u00f5idukeid kindlalt.<\/p>\n<p><!-- \/wp:paragraph --><\/p>\n<p><!-- wp:heading --><\/p>\n<h2><\/h2>\n<h2><strong>Autoteeninduse autojuhid<\/strong><\/h2>\n<p><!-- \/wp:heading --><\/p>\n<p><!-- wp:paragraph --><\/p>\n<p>\u00dcks peamisi esitajaid v\u00f5iks k\u00e4sitleda meie kaubaveojuhtide kohta. Inimesed tahavad teada, kas meie transpordivahendite juhid on kvalifitseeritud ja h\u00e4sti koolitatud. Kinnitame teile, et meie autojuhid l\u00e4bivad enne autotranspordi pilooti vahemikku kontrolli ja koolituse. Vahel suhtleme autojuhtidega igal sammul. T\u00f5sta kerkivatest probleemidest esile. <a href=\"https:\/\/web.facebook.com\/HertTransport\/?_rdc=1&amp;_rdr\">Teie autod on meie s\u00f5idukite<\/a> transporditeenuste kasutamisel k\u00f5ige paremad k\u00e4ekotid.<\/p>\n<p><!-- \/wp:paragraph --><\/p>\n<p><!-- wp:heading --><\/p>\n<h2><\/h2>\n<h2><strong>Hamburgi kaubaveos\u00f5idukid<\/strong><\/h2>\n<p><!-- \/wp:heading --><\/p>\n<p><!-- wp:paragraph --><\/p>\n<p>Meie Hamburgis asuvad autos\u00f5idukid on teie autodele usaldusv\u00e4\u00e4rsed ja ohutud. \u00dcksk\u00f5ik, kas vanad s\u00f5idukid v\u00f5i mitut s\u00f5idukit kasutavad, meie vedajad saavad teie saadetise \u00f5igeks ajaks ja h\u00f5lpsalt. <a href=\"https:\/\/ops.fhwa.dot.gov\/freight\/sw\/regulations\/index.htm\">Meie kaubatranspordis\u00f5idukid l\u00e4bisid \u00e4\u00e4rmise katsetamise enne,<\/a> kui neid oli vaja liiklusk\u00f5lblikuks. Nii et olete kindel, et teie autod on ohutud. Tarnime s\u00f5idukeid k\u00f5rgeima v\u00e4\u00e4rtusega veoautodega, sest te v\u00e4\u00e4rite parimat.<\/p>\n<p><!-- \/wp:paragraph --><\/p>\n<p><!-- wp:heading --><\/p>\n<h2><\/h2>\n<h2><strong>Miks mitte teiste logistikaettev\u00f5tted?<\/strong><\/h2>\n<p><!-- \/wp:heading --><\/p>\n<p><!-- wp:paragraph --><\/p>\n<p>Peaksite kasutatud Herti transporti, sest meie hoolime. Meie erakordsetest autojuhtidest kuni usaldusv\u00e4\u00e4rsete veoautodeni pakume oma klientidele parimat. Kui teised logistikaettev\u00f5tted teevad ainult hoolitseda, on hea kvaliteediga kaubavedude ajalugu juba pikk. Valige Hert Transpordi Hamburgis ja autod, kus vigastamata ja \u00f5igel ajal kohale toimetatakse. <a href=\"http:\/\/hert.ee\/en\/contacts\/\">Pakume teile iga kord parimat teenust. Kui meiega t\u00e4na minnakse,<\/a> siis saadakse lasti ekspeditsiooniteenuseid, et saaksite loota.<\/p>\n<p><!-- \/wp:paragraph --><\/p>\n\t\t\t\t\t\t<\/div>\n\t\t\t\t<\/div>\n\t\t\t\t\t<\/div>\n\t\t<\/div>\n\t\t\t\t<div class=\"elementor-column elementor-col-33 elementor-top-column elementor-element elementor-element-fe66b8e elementor-hidden-phone\" data-id=\"fe66b8e\" data-element_type=\"column\">\n\t\t\t<div class=\"elementor-widget-wrap\">\n\t\t\t\t\t\t\t<\/div>\n\t\t<\/div>\n\t\t\t\t\t<\/div>\n\t\t<\/section>\n\t\t\t\t<\/div>\n\t\t","protected":false},"excerpt":{"rendered":"<p>Tere tulemast Hert Transpordisse, mis on parim koht autoteenuste ostmiseks. Meie ettev\u00f5te on tegutsenud aastak\u00fcmneid ja pakume parimaks s\u00f5idukite transporditeenuste turule. Me transpordime s\u00f5idukeid h\u00f5lpsalt kogu Euroopas ja Venemaal ning meie s\u00f5idukid on meiega alati turvalised. Kui meie ettev\u00f5tjad soovivad kasutada kommertskaubanduse p\u00f5him\u00f5tteid, tuleb neid kasutada. Hert Transpordi kasutamise valimine Hamburgis on k\u00f5igi asjaosaliste kasutatav &#8230; <a title=\"Saksamaa autode ost (Hamburg)\" class=\"read-more\" href=\"https:\/\/hert.ee\/et\/hamburg-saksmaa-autode-ost\/\" aria-label=\"Read more about Saksamaa autode ost (Hamburg)\">Read more<\/a><\/p>\n","protected":false},"author":1,"featured_media":0,"parent":0,"menu_order":0,"comment_status":"closed","ping_status":"closed","template":"elementor_header_footer","meta":{"footnotes":""},"yoast_head":"<!-- This site is optimized with the Yoast SEO plugin v22.9 - https:\/\/yoast.com\/wordpress\/plugins\/seo\/ -->\n<title>Saksamaa autode ost (Hamburg) - HERT Transport<\/title>\n<meta name=\"description\" content=\"Saksamaa autode ost (Hamburg). Kui vajad abi transpordiga Euroopas v\u00f5i Venemaal v\u00f5ta meiega \u00fchendust!\" \/>\n<meta name=\"robots\" content=\"index, follow, max-snippet:-1, max-image-preview:large, max-video-preview:-1\" \/>\n<link rel=\"canonical\" href=\"https:\/\/hert.ee\/et\/hamburg-saksmaa-autode-ost\/\" \/>\n<meta property=\"og:locale\" content=\"et_EE\" \/>\n<meta property=\"og:type\" content=\"article\" \/>\n<meta property=\"og:title\" content=\"Saksamaa autode ost (Hamburg) - HERT Transport\" \/>\n<meta property=\"og:description\" content=\"Saksamaa autode ost (Hamburg). Kui vajad abi transpordiga Euroopas v\u00f5i Venemaal v\u00f5ta meiega \u00fchendust!\" \/>\n<meta property=\"og:url\" content=\"https:\/\/hert.ee\/et\/hamburg-saksmaa-autode-ost\/\" \/>\n<meta property=\"og:site_name\" content=\"HERT Transport\" \/>\n<meta property=\"article:modified_time\" content=\"2020-11-12T13:19:33+00:00\" \/>\n<meta property=\"og:image\" content=\"http:\/\/hert.ee\/wp-content\/uploads\/2020\/06\/Photo-Jun-11-01-27-43-1024x614.jpg\" \/>\n<meta name=\"twitter:card\" content=\"summary_large_image\" \/>\n<meta name=\"twitter:label1\" content=\"Est. reading time\" \/>\n\t<meta name=\"twitter:data1\" content=\"2 minutit\" \/>\n<script type=\"application\/ld+json\" class=\"yoast-schema-graph\">{\"@context\":\"https:\/\/schema.org\",\"@graph\":[{\"@type\":\"WebPage\",\"@id\":\"https:\/\/hert.ee\/et\/hamburg-saksmaa-autode-ost\/\",\"url\":\"https:\/\/hert.ee\/et\/hamburg-saksmaa-autode-ost\/\",\"name\":\"Saksamaa autode ost (Hamburg) - HERT Transport\",\"isPartOf\":{\"@id\":\"https:\/\/hert.ee\/#website\"},\"primaryImageOfPage\":{\"@id\":\"https:\/\/hert.ee\/et\/hamburg-saksmaa-autode-ost\/#primaryimage\"},\"image\":{\"@id\":\"https:\/\/hert.ee\/et\/hamburg-saksmaa-autode-ost\/#primaryimage\"},\"thumbnailUrl\":\"http:\/\/hert.ee\/wp-content\/uploads\/2020\/06\/Photo-Jun-11-01-27-43-1024x614.jpg\",\"datePublished\":\"2020-08-03T09:33:20+00:00\",\"dateModified\":\"2020-11-12T13:19:33+00:00\",\"description\":\"Saksamaa autode ost (Hamburg). Kui vajad abi transpordiga Euroopas v\u00f5i Venemaal v\u00f5ta meiega \u00fchendust!\",\"breadcrumb\":{\"@id\":\"https:\/\/hert.ee\/et\/hamburg-saksmaa-autode-ost\/#breadcrumb\"},\"inLanguage\":\"et\",\"potentialAction\":[{\"@type\":\"ReadAction\",\"target\":[\"https:\/\/hert.ee\/et\/hamburg-saksmaa-autode-ost\/\"]}]},{\"@type\":\"ImageObject\",\"inLanguage\":\"et\",\"@id\":\"https:\/\/hert.ee\/et\/hamburg-saksmaa-autode-ost\/#primaryimage\",\"url\":\"http:\/\/hert.ee\/wp-content\/uploads\/2020\/06\/Photo-Jun-11-01-27-43-1024x614.jpg\",\"contentUrl\":\"http:\/\/hert.ee\/wp-content\/uploads\/2020\/06\/Photo-Jun-11-01-27-43-1024x614.jpg\"},{\"@type\":\"BreadcrumbList\",\"@id\":\"https:\/\/hert.ee\/et\/hamburg-saksmaa-autode-ost\/#breadcrumb\",\"itemListElement\":[{\"@type\":\"ListItem\",\"position\":1,\"name\":\"Home\",\"item\":\"https:\/\/hert.ee\/et\/\"},{\"@type\":\"ListItem\",\"position\":2,\"name\":\"Saksamaa autode ost (Hamburg)\"}]},{\"@type\":\"WebSite\",\"@id\":\"https:\/\/hert.ee\/#website\",\"url\":\"https:\/\/hert.ee\/\",\"name\":\"HERT Transport\",\"description\":\"\",\"publisher\":{\"@id\":\"https:\/\/hert.ee\/#organization\"},\"potentialAction\":[{\"@type\":\"SearchAction\",\"target\":{\"@type\":\"EntryPoint\",\"urlTemplate\":\"https:\/\/hert.ee\/?s={search_term_string}\"},\"query-input\":\"required name=search_term_string\"}],\"inLanguage\":\"et\"},{\"@type\":\"Organization\",\"@id\":\"https:\/\/hert.ee\/#organization\",\"name\":\"Hert-Transport AS\",\"url\":\"https:\/\/hert.ee\/\",\"logo\":{\"@type\":\"ImageObject\",\"inLanguage\":\"et\",\"@id\":\"https:\/\/hert.ee\/#\/schema\/logo\/image\/\",\"url\":\"http:\/\/hert.ee\/wp-content\/uploads\/2020\/07\/Soidukite_transport.jpg\",\"contentUrl\":\"http:\/\/hert.ee\/wp-content\/uploads\/2020\/07\/Soidukite_transport.jpg\",\"width\":1024,\"height\":683,\"caption\":\"Hert-Transport AS\"},\"image\":{\"@id\":\"https:\/\/hert.ee\/#\/schema\/logo\/image\/\"}}]}<\/script>\n<!-- \/ Yoast SEO plugin. -->","yoast_head_json":{"title":"Saksamaa autode ost (Hamburg) - HERT Transport","description":"Saksamaa autode ost (Hamburg). Kui vajad abi transpordiga Euroopas v\u00f5i Venemaal v\u00f5ta meiega \u00fchendust!","robots":{"index":"index","follow":"follow","max-snippet":"max-snippet:-1","max-image-preview":"max-image-preview:large","max-video-preview":"max-video-preview:-1"},"canonical":"https:\/\/hert.ee\/et\/hamburg-saksmaa-autode-ost\/","og_locale":"et_EE","og_type":"article","og_title":"Saksamaa autode ost (Hamburg) - HERT Transport","og_description":"Saksamaa autode ost (Hamburg). Kui vajad abi transpordiga Euroopas v\u00f5i Venemaal v\u00f5ta meiega \u00fchendust!","og_url":"https:\/\/hert.ee\/et\/hamburg-saksmaa-autode-ost\/","og_site_name":"HERT Transport","article_modified_time":"2020-11-12T13:19:33+00:00","og_image":[{"url":"http:\/\/hert.ee\/wp-content\/uploads\/2020\/06\/Photo-Jun-11-01-27-43-1024x614.jpg"}],"twitter_card":"summary_large_image","twitter_misc":{"Est. reading time":"2 minutit"},"schema":{"@context":"https:\/\/schema.org","@graph":[{"@type":"WebPage","@id":"https:\/\/hert.ee\/et\/hamburg-saksmaa-autode-ost\/","url":"https:\/\/hert.ee\/et\/hamburg-saksmaa-autode-ost\/","name":"Saksamaa autode ost (Hamburg) - HERT Transport","isPartOf":{"@id":"https:\/\/hert.ee\/#website"},"primaryImageOfPage":{"@id":"https:\/\/hert.ee\/et\/hamburg-saksmaa-autode-ost\/#primaryimage"},"image":{"@id":"https:\/\/hert.ee\/et\/hamburg-saksmaa-autode-ost\/#primaryimage"},"thumbnailUrl":"http:\/\/hert.ee\/wp-content\/uploads\/2020\/06\/Photo-Jun-11-01-27-43-1024x614.jpg","datePublished":"2020-08-03T09:33:20+00:00","dateModified":"2020-11-12T13:19:33+00:00","description":"Saksamaa autode ost (Hamburg). Kui vajad abi transpordiga Euroopas v\u00f5i Venemaal v\u00f5ta meiega \u00fchendust!","breadcrumb":{"@id":"https:\/\/hert.ee\/et\/hamburg-saksmaa-autode-ost\/#breadcrumb"},"inLanguage":"et","potentialAction":[{"@type":"ReadAction","target":["https:\/\/hert.ee\/et\/hamburg-saksmaa-autode-ost\/"]}]},{"@type":"ImageObject","inLanguage":"et","@id":"https:\/\/hert.ee\/et\/hamburg-saksmaa-autode-ost\/#primaryimage","url":"http:\/\/hert.ee\/wp-content\/uploads\/2020\/06\/Photo-Jun-11-01-27-43-1024x614.jpg","contentUrl":"http:\/\/hert.ee\/wp-content\/uploads\/2020\/06\/Photo-Jun-11-01-27-43-1024x614.jpg"},{"@type":"BreadcrumbList","@id":"https:\/\/hert.ee\/et\/hamburg-saksmaa-autode-ost\/#breadcrumb","itemListElement":[{"@type":"ListItem","position":1,"name":"Home","item":"https:\/\/hert.ee\/et\/"},{"@type":"ListItem","position":2,"name":"Saksamaa autode ost (Hamburg)"}]},{"@type":"WebSite","@id":"https:\/\/hert.ee\/#website","url":"https:\/\/hert.ee\/","name":"HERT Transport","description":"","publisher":{"@id":"https:\/\/hert.ee\/#organization"},"potentialAction":[{"@type":"SearchAction","target":{"@type":"EntryPoint","urlTemplate":"https:\/\/hert.ee\/?s={search_term_string}"},"query-input":"required name=search_term_string"}],"inLanguage":"et"},{"@type":"Organization","@id":"https:\/\/hert.ee\/#organization","name":"Hert-Transport AS","url":"https:\/\/hert.ee\/","logo":{"@type":"ImageObject","inLanguage":"et","@id":"https:\/\/hert.ee\/#\/schema\/logo\/image\/","url":"http:\/\/hert.ee\/wp-content\/uploads\/2020\/07\/Soidukite_transport.jpg","contentUrl":"http:\/\/hert.ee\/wp-content\/uploads\/2020\/07\/Soidukite_transport.jpg","width":1024,"height":683,"caption":"Hert-Transport AS"},"image":{"@id":"https:\/\/hert.ee\/#\/schema\/logo\/image\/"}}]}},"_links":{"self":[{"href":"https:\/\/hert.ee\/et\/wp-json\/wp\/v2\/pages\/1365"}],"collection":[{"href":"https:\/\/hert.ee\/et\/wp-json\/wp\/v2\/pages"}],"about":[{"href":"https:\/\/hert.ee\/et\/wp-json\/wp\/v2\/types\/page"}],"author":[{"embeddable":true,"href":"https:\/\/hert.ee\/et\/wp-json\/wp\/v2\/users\/1"}],"replies":[{"embeddable":true,"href":"https:\/\/hert.ee\/et\/wp-json\/wp\/v2\/comments?post=1365"}],"version-history":[{"count":5,"href":"https:\/\/hert.ee\/et\/wp-json\/wp\/v2\/pages\/1365\/revisions"}],"predecessor-version":[{"id":3599,"href":"https:\/\/hert.ee\/et\/wp-json\/wp\/v2\/pages\/1365\/revisions\/3599"}],"wp:attachment":[{"href":"https:\/\/hert.ee\/et\/wp-json\/wp\/v2\/media?parent=1365"}],"curies":[{"name":"wp","href":"https:\/\/api.w.org\/{rel}","templated":true}]}}