{"id":1370,"date":"2020-08-03T09:53:22","date_gmt":"2020-08-03T09:53:22","guid":{"rendered":"https:\/\/hert.swstesting.com\/nurnberg-saksamaa-autode-muuk\/"},"modified":"2020-12-19T22:18:04","modified_gmt":"2020-12-19T22:18:04","slug":"nurnberg-saksamaa-autode-muuk","status":"publish","type":"page","link":"https:\/\/hert.ee\/et\/nurnberg-saksamaa-autode-muuk\/","title":{"rendered":"N\u00fcrnberg Saksamaa Autode M\u00fc\u00fck"},"content":{"rendered":"\t\t<div data-elementor-type=\"wp-page\" data-elementor-id=\"1370\" class=\"elementor elementor-1370 elementor-936\" data-elementor-post-type=\"page\">\n\t\t\t\t\t\t<section class=\"elementor-section elementor-top-section elementor-element elementor-element-b3aa8a9 elementor-section-boxed elementor-section-height-default elementor-section-height-default\" data-id=\"b3aa8a9\" data-element_type=\"section\" data-settings=\"{&quot;background_background&quot;:&quot;classic&quot;}\">\n\t\t\t\t\t\t<div class=\"elementor-container elementor-column-gap-default\">\n\t\t\t\t\t<div class=\"elementor-column elementor-col-100 elementor-top-column elementor-element elementor-element-3ef1616\" data-id=\"3ef1616\" data-element_type=\"column\">\n\t\t\t<div class=\"elementor-widget-wrap elementor-element-populated\">\n\t\t\t\t\t\t<div class=\"elementor-element elementor-element-dfadeea elementor-widget elementor-widget-heading\" data-id=\"dfadeea\" data-element_type=\"widget\" data-widget_type=\"heading.default\">\n\t\t\t\t<div class=\"elementor-widget-container\">\n\t\t\t<h1 class=\"elementor-heading-title elementor-size-default\">N\u00fcrnberg Saksamaa Autode M\u00fc\u00fck<\/h1>\t\t<\/div>\n\t\t\t\t<\/div>\n\t\t\t\t\t<\/div>\n\t\t<\/div>\n\t\t\t\t\t<\/div>\n\t\t<\/section>\n\t\t\t\t<section class=\"elementor-section elementor-top-section elementor-element elementor-element-7d36e1e elementor-section-boxed elementor-section-height-default elementor-section-height-default\" data-id=\"7d36e1e\" data-element_type=\"section\" data-settings=\"{&quot;background_background&quot;:&quot;classic&quot;}\">\n\t\t\t\t\t\t<div class=\"elementor-container elementor-column-gap-default\">\n\t\t\t\t\t<div class=\"elementor-column elementor-col-33 elementor-top-column elementor-element elementor-element-df5af1e elementor-hidden-phone\" data-id=\"df5af1e\" data-element_type=\"column\">\n\t\t\t<div class=\"elementor-widget-wrap\">\n\t\t\t\t\t\t\t<\/div>\n\t\t<\/div>\n\t\t\t\t<div class=\"elementor-column elementor-col-33 elementor-top-column elementor-element elementor-element-3845913\" data-id=\"3845913\" data-element_type=\"column\">\n\t\t\t<div class=\"elementor-widget-wrap elementor-element-populated\">\n\t\t\t\t\t\t<div class=\"elementor-element elementor-element-f3ba73e elementor-widget elementor-widget-text-editor\" data-id=\"f3ba73e\" data-element_type=\"widget\" data-widget_type=\"text-editor.default\">\n\t\t\t\t<div class=\"elementor-widget-container\">\n\t\t\t\t\t\t\t<p><!-- wp:paragraph --><\/p>\n<p>Kas vajate transporditud s\u00f5idukeid? Kas otsite kvaliteetset kaubaekspeditsiooni ettev\u00f5tet? <a href=\"https:\/\/en.wikipedia.org\/wiki\/Nuremberg\">Siis saab teid aidata Hert Transport N\u00fcrnbergis.<\/a> Oleme \u00fcks juhtivamaid logistikaettev\u00f5tteid maailmas ja pakume parimaid autode kohaletoimetamise teenuseid. Hert Transpordil on kaubatranspordi teenused Euroopas ja Venemaal ning t\u00f6\u00f6tame selle nimel, et iga auto kohaletoimetamine oleks v\u00f5imalikult lihtne. Meie kliendibaas kiidab meid abivalmis personali ja \u00f5igeaegsete tarnete eest. Kui vajate parimat autotransporti, on Hert Transport teie jaoks ettev\u00f5te.<\/p>\n<p><!-- \/wp:paragraph --><\/p>\n<p><!-- wp:heading --><\/p>\n<h2>\u00a0<\/h2>\n<h2><strong>Kas Hert pakub ainult kommertstransporti?<\/strong><\/h2>\n<p><!-- \/wp:heading --><\/p>\n<p><!-- wp:paragraph --><\/p>\n<p>Hert pakub mitut t\u00fc\u00fcpi transporti ja me ei piirdu oma \u00e4riettev\u00f5tetega. <a href=\"https:\/\/web.facebook.com\/HertTransport\/?_rdc=1&amp;_rdr\">Pakume s\u00f5idukite veoteenuseid ka paljudele eraklientidele.<\/a> Pakume ka mitmesuguseid kaubaveoseid. Meie transpordivahendid ulatuvad \u00fcheautoveost kuni k\u00fcmneauto poolhaagini. Kui teil on vaja kolitud s\u00f5idukeid, v\u00f5tke meiega \u00fchendust. Meie suurep\u00e4rane meeskond aitab teil saada kvaliteetset kaubaekspeditsiooni s\u00f5ltumata teie olukorrast.<\/p>\n<p><!-- \/wp:paragraph --><\/p>\n<p><!-- wp:image {\"id\":219,\"sizeSlug\":\"large\"} --><\/p>\n<figure class=\"wp-block-image size-large\"><img fetchpriority=\"high\" decoding=\"async\" width=\"1024\" height=\"768\" class=\"wp-image-219\" src=\"http:\/\/hert.ee\/wp-content\/uploads\/2020\/06\/Photo-May-01-10-00-06-1024x768.jpg\" alt=\"\" srcset=\"https:\/\/hert.ee\/wp-content\/uploads\/2020\/06\/Photo-May-01-10-00-06-1024x768.jpg 1024w, https:\/\/hert.ee\/wp-content\/uploads\/2020\/06\/Photo-May-01-10-00-06-300x225.jpg 300w, https:\/\/hert.ee\/wp-content\/uploads\/2020\/06\/Photo-May-01-10-00-06-768x576.jpg 768w, https:\/\/hert.ee\/wp-content\/uploads\/2020\/06\/Photo-May-01-10-00-06-1536x1152.jpg 1536w, https:\/\/hert.ee\/wp-content\/uploads\/2020\/06\/Photo-May-01-10-00-06.jpg 1600w\" sizes=\"(max-width: 1024px) 100vw, 1024px\" \/>\n<figcaption><strong>Kaubaekspeditsioon <a href=\"https:\/\/en.wikipedia.org\/wiki\/Nuremberg\">N\u00fcrnbergis<\/a><\/strong><\/figcaption>\n<\/figure>\n<p><!-- \/wp:image --><\/p>\n<p><!-- wp:heading --><\/p>\n<h2>\u00a0<\/h2>\n<h2><strong>N\u00fcrnbergi Autotranspordi Ohutus<\/strong><\/h2>\n<p><!-- \/wp:heading --><\/p>\n<p><!-- wp:paragraph --><\/p>\n<p>Potentsiaalsete klientide seas on levinud k\u00fcsimus, kuidas tagame nende s\u00f5idukite turvalisuse. Paljude klientide jaoks on meie kaubaekspeditsioonil olevad s\u00f5idukid neile olulise t\u00e4htsusega. M\u00f5ni muretseb, et nende autod ei pruugi olla ohutud. Kuid te ei pea muretsema, et kaotate oma s\u00f5iduki koos Hertiga N\u00fcrnbergis. <a href=\"https:\/\/en.wikipedia.org\/wiki\/Federal_Motor_Vehicle_Safety_Standards\">K\u00e4sitletavate s\u00f5idukite kahjustuste v\u00f5i varguste \u00e4rahoidmiseks on meil kasutusele v\u00f5etud palju ettevaatusabin\u00f5usid.<\/a><\/p>\n<p><!-- \/wp:paragraph --><\/p>\n<p><!-- wp:heading {\"level\":3} --><\/p>\n<h3>\u00a0<\/h3>\n<h2>Kaubaekspeditsiooni juhid<\/h2>\n<p><!-- \/wp:heading --><\/p>\n<p><!-- wp:paragraph --><\/p>\n<p>\u00dcks viis, kuidas me tagame s\u00f5iduki ohutuse auto kohaletoimetamisel, on juhtide p\u00f5hjalik koolitus. Meie s\u00f5idu meeskonna k\u00f5iki liikmeid testitakse p\u00f5hjalikult, et olla kindel, et nad saavad meie kaubas\u00f5idukitega professionaalselt liikuda. <a href=\"https:\/\/www.epa.gov\/importing-exporting\">Samuti kontrollime korrap\u00e4raselt<\/a> k\u00f5iki oma juhte, et olla kindel, kas kaubaveoga pole probleeme.<\/p>\n<p><!-- \/wp:paragraph --><\/p>\n<p><!-- wp:heading {\"level\":3} --><\/p>\n<h3>\u00a0<\/h3>\n<h2><strong>S\u00f5idukite peale- ja mahalaadimine<\/strong><\/h2>\n<p><!-- \/wp:heading --><\/p>\n<p><!-- wp:paragraph --><\/p>\n<p>Veel \u00fcks meie teenuse valdkond, milles rakendame palju ettevaatusabin\u00f5usid, on mahalaadimis- ja laadimisprotsess. Me teame, et mahalaadimine ja laadimine v\u00f5ib s\u00f5idukitele kahjustada, kui seda ei tehta \u00f5igesti. Seet\u00f5ttu hoolitseme oma meeskonna hea v\u00e4lja\u00f5ppe eest, et pakkuda teile parimaid v\u00f5imalikke teenuseid. Iga meie kaubaekspeditsiooni meeskonna liige peab enne teie s\u00f5idukitega k\u00e4itlemist l\u00e4bima \u00fcksikasjaliku v\u00e4lja\u00f5ppeprotsessi. S\u00f5idukite kinnitamiseks, et need kaubaveo ajal vigastada ei saaks, on sisse seatud palju protokolle.<\/p>\n<p><!-- \/wp:paragraph --><\/p>\n<p><!-- wp:heading --><\/p>\n<h2>\u00a0<\/h2>\n<h2><strong>Cargo Expedition transpordis\u00f5idukid<\/strong><\/h2>\n<p><!-- \/wp:heading --><\/p>\n<p><!-- wp:paragraph --><\/p>\n<p>Meie veoautodel kontrollitakse tehno\u00fclevaatust enne iga kohaletoimetamist, nii et v\u00f5ite olla kindel, et teie autod on ohutud. <a href=\"http:\/\/hert.ee\/en\/338-2\/\">Meie s\u00f5idukite transporditeenused vajavad<\/a> kohaletoimetamiseks mitmesuguseid s\u00f5idukisuurusi. Meil on \u00fche autotransport, k\u00fcmne autoga poolhaagised ja k\u00f5ik vahepealne. Meie s\u00f5idukid on usaldusv\u00e4\u00e4rsed ja aitavad meil teie autosid ohutult ja \u00f5igeaegselt kohale toimetada.<\/p>\n<p><!-- \/wp:paragraph --><\/p>\n<p><!-- wp:heading --><\/p>\n<h2>\u00a0<\/h2>\n<h2><strong>Miks on Hert Transport parim valik?<\/strong><\/h2>\n<p><!-- \/wp:heading --><\/p>\n<p><!-- wp:paragraph --><\/p>\n<p>Oma ettev\u00f5ttes anname k\u00f5ik oma autoteenuste osutamisega endast parima. <a href=\"http:\/\/hert.ee\/en\/contacts\/\">Meie meeskond Nuremburgis on professionaalne ja kvalifitseeritud<\/a>, nii et teie s\u00f5idukid toimetatakse kohale kiiresti ja ohutult. Teised logistikaettev\u00f5tted v\u00f5ivad v\u00e4ita, et neil on samad eelised, kuid me teame t\u00f5de. Kuna t\u00f6\u00f6stuses on olnud \u00fcle kolme aastak\u00fcmne, v\u00f5iksime pakkuda teile parimaid kaubaekspeditsiooniteenuseid. Liituge meie klientidega juba t\u00e4na ja transportige oma autosid h\u00f5lpsalt.<\/p>\n<p><!-- \/wp:paragraph --><\/p>\t\t\t\t\t\t<\/div>\n\t\t\t\t<\/div>\n\t\t\t\t\t<\/div>\n\t\t<\/div>\n\t\t\t\t<div class=\"elementor-column elementor-col-33 elementor-top-column elementor-element elementor-element-47ab17d elementor-hidden-phone\" data-id=\"47ab17d\" data-element_type=\"column\">\n\t\t\t<div class=\"elementor-widget-wrap\">\n\t\t\t\t\t\t\t<\/div>\n\t\t<\/div>\n\t\t\t\t\t<\/div>\n\t\t<\/section>\n\t\t\t\t<\/div>\n\t\t","protected":false},"excerpt":{"rendered":"<p>Kas vajate transporditud s\u00f5idukeid? Kas otsite kvaliteetset kaubaekspeditsiooni ettev\u00f5tet? Siis saab teid aidata Hert Transport N\u00fcrnbergis. Oleme \u00fcks juhtivamaid logistikaettev\u00f5tteid maailmas ja pakume parimaid autode kohaletoimetamise teenuseid. Hert Transpordil on kaubatranspordi teenused Euroopas ja Venemaal ning t\u00f6\u00f6tame selle nimel, et iga auto kohaletoimetamine oleks v\u00f5imalikult lihtne. Meie kliendibaas kiidab meid abivalmis personali ja \u00f5igeaegsete tarnete &#8230; <a title=\"N\u00fcrnberg Saksamaa Autode M\u00fc\u00fck\" class=\"read-more\" href=\"https:\/\/hert.ee\/et\/nurnberg-saksamaa-autode-muuk\/\" aria-label=\"Read more about N\u00fcrnberg Saksamaa Autode M\u00fc\u00fck\">Read more<\/a><\/p>\n","protected":false},"author":1,"featured_media":0,"parent":0,"menu_order":0,"comment_status":"closed","ping_status":"closed","template":"elementor_header_footer","meta":{"footnotes":""},"yoast_head":"<!-- This site is optimized with the Yoast SEO plugin v22.9 - https:\/\/yoast.com\/wordpress\/plugins\/seo\/ -->\n<title>N\u00fcrnberg Saksamaa Autode M\u00fc\u00fck - HERT Transport<\/title>\n<meta name=\"description\" content=\"N\u00fcrnberg Saksamaa Autode M\u00fc\u00fck. Kui vajad abi transpordiga Euroopas v\u00f5i Venemaal v\u00f5ta meiega \u00fchendust!\" \/>\n<meta name=\"robots\" content=\"index, follow, max-snippet:-1, max-image-preview:large, max-video-preview:-1\" \/>\n<link rel=\"canonical\" href=\"https:\/\/hert.ee\/et\/nurnberg-saksamaa-autode-muuk\/\" \/>\n<meta property=\"og:locale\" content=\"et_EE\" \/>\n<meta property=\"og:type\" content=\"article\" \/>\n<meta property=\"og:title\" content=\"N\u00fcrnberg Saksamaa Autode M\u00fc\u00fck - HERT Transport\" \/>\n<meta property=\"og:description\" content=\"N\u00fcrnberg Saksamaa Autode M\u00fc\u00fck. Kui vajad abi transpordiga Euroopas v\u00f5i Venemaal v\u00f5ta meiega \u00fchendust!\" \/>\n<meta property=\"og:url\" content=\"https:\/\/hert.ee\/et\/nurnberg-saksamaa-autode-muuk\/\" \/>\n<meta property=\"og:site_name\" content=\"HERT Transport\" \/>\n<meta property=\"article:modified_time\" content=\"2020-12-19T22:18:04+00:00\" \/>\n<meta property=\"og:image\" content=\"http:\/\/hert.ee\/wp-content\/uploads\/2020\/06\/Photo-May-01-10-00-06-1024x768.jpg\" \/>\n<meta name=\"twitter:card\" content=\"summary_large_image\" \/>\n<meta name=\"twitter:label1\" content=\"Est. reading time\" \/>\n\t<meta name=\"twitter:data1\" content=\"2 minutit\" \/>\n<script type=\"application\/ld+json\" class=\"yoast-schema-graph\">{\"@context\":\"https:\/\/schema.org\",\"@graph\":[{\"@type\":\"WebPage\",\"@id\":\"https:\/\/hert.ee\/et\/nurnberg-saksamaa-autode-muuk\/\",\"url\":\"https:\/\/hert.ee\/et\/nurnberg-saksamaa-autode-muuk\/\",\"name\":\"N\u00fcrnberg Saksamaa Autode M\u00fc\u00fck - HERT Transport\",\"isPartOf\":{\"@id\":\"https:\/\/hert.ee\/#website\"},\"primaryImageOfPage\":{\"@id\":\"https:\/\/hert.ee\/et\/nurnberg-saksamaa-autode-muuk\/#primaryimage\"},\"image\":{\"@id\":\"https:\/\/hert.ee\/et\/nurnberg-saksamaa-autode-muuk\/#primaryimage\"},\"thumbnailUrl\":\"http:\/\/hert.ee\/wp-content\/uploads\/2020\/06\/Photo-May-01-10-00-06-1024x768.jpg\",\"datePublished\":\"2020-08-03T09:53:22+00:00\",\"dateModified\":\"2020-12-19T22:18:04+00:00\",\"description\":\"N\u00fcrnberg Saksamaa Autode M\u00fc\u00fck. Kui vajad abi transpordiga Euroopas v\u00f5i Venemaal v\u00f5ta meiega \u00fchendust!\",\"breadcrumb\":{\"@id\":\"https:\/\/hert.ee\/et\/nurnberg-saksamaa-autode-muuk\/#breadcrumb\"},\"inLanguage\":\"et\",\"potentialAction\":[{\"@type\":\"ReadAction\",\"target\":[\"https:\/\/hert.ee\/et\/nurnberg-saksamaa-autode-muuk\/\"]}]},{\"@type\":\"ImageObject\",\"inLanguage\":\"et\",\"@id\":\"https:\/\/hert.ee\/et\/nurnberg-saksamaa-autode-muuk\/#primaryimage\",\"url\":\"http:\/\/hert.ee\/wp-content\/uploads\/2020\/06\/Photo-May-01-10-00-06-1024x768.jpg\",\"contentUrl\":\"http:\/\/hert.ee\/wp-content\/uploads\/2020\/06\/Photo-May-01-10-00-06-1024x768.jpg\"},{\"@type\":\"BreadcrumbList\",\"@id\":\"https:\/\/hert.ee\/et\/nurnberg-saksamaa-autode-muuk\/#breadcrumb\",\"itemListElement\":[{\"@type\":\"ListItem\",\"position\":1,\"name\":\"Home\",\"item\":\"https:\/\/hert.ee\/et\/\"},{\"@type\":\"ListItem\",\"position\":2,\"name\":\"N\u00fcrnberg Saksamaa Autode M\u00fc\u00fck\"}]},{\"@type\":\"WebSite\",\"@id\":\"https:\/\/hert.ee\/#website\",\"url\":\"https:\/\/hert.ee\/\",\"name\":\"HERT Transport\",\"description\":\"\",\"publisher\":{\"@id\":\"https:\/\/hert.ee\/#organization\"},\"potentialAction\":[{\"@type\":\"SearchAction\",\"target\":{\"@type\":\"EntryPoint\",\"urlTemplate\":\"https:\/\/hert.ee\/?s={search_term_string}\"},\"query-input\":\"required name=search_term_string\"}],\"inLanguage\":\"et\"},{\"@type\":\"Organization\",\"@id\":\"https:\/\/hert.ee\/#organization\",\"name\":\"Hert-Transport AS\",\"url\":\"https:\/\/hert.ee\/\",\"logo\":{\"@type\":\"ImageObject\",\"inLanguage\":\"et\",\"@id\":\"https:\/\/hert.ee\/#\/schema\/logo\/image\/\",\"url\":\"http:\/\/hert.ee\/wp-content\/uploads\/2020\/07\/Soidukite_transport.jpg\",\"contentUrl\":\"http:\/\/hert.ee\/wp-content\/uploads\/2020\/07\/Soidukite_transport.jpg\",\"width\":1024,\"height\":683,\"caption\":\"Hert-Transport AS\"},\"image\":{\"@id\":\"https:\/\/hert.ee\/#\/schema\/logo\/image\/\"}}]}<\/script>\n<!-- \/ Yoast SEO plugin. -->","yoast_head_json":{"title":"N\u00fcrnberg Saksamaa Autode M\u00fc\u00fck - HERT Transport","description":"N\u00fcrnberg Saksamaa Autode M\u00fc\u00fck. Kui vajad abi transpordiga Euroopas v\u00f5i Venemaal v\u00f5ta meiega \u00fchendust!","robots":{"index":"index","follow":"follow","max-snippet":"max-snippet:-1","max-image-preview":"max-image-preview:large","max-video-preview":"max-video-preview:-1"},"canonical":"https:\/\/hert.ee\/et\/nurnberg-saksamaa-autode-muuk\/","og_locale":"et_EE","og_type":"article","og_title":"N\u00fcrnberg Saksamaa Autode M\u00fc\u00fck - HERT Transport","og_description":"N\u00fcrnberg Saksamaa Autode M\u00fc\u00fck. Kui vajad abi transpordiga Euroopas v\u00f5i Venemaal v\u00f5ta meiega \u00fchendust!","og_url":"https:\/\/hert.ee\/et\/nurnberg-saksamaa-autode-muuk\/","og_site_name":"HERT Transport","article_modified_time":"2020-12-19T22:18:04+00:00","og_image":[{"url":"http:\/\/hert.ee\/wp-content\/uploads\/2020\/06\/Photo-May-01-10-00-06-1024x768.jpg"}],"twitter_card":"summary_large_image","twitter_misc":{"Est. reading time":"2 minutit"},"schema":{"@context":"https:\/\/schema.org","@graph":[{"@type":"WebPage","@id":"https:\/\/hert.ee\/et\/nurnberg-saksamaa-autode-muuk\/","url":"https:\/\/hert.ee\/et\/nurnberg-saksamaa-autode-muuk\/","name":"N\u00fcrnberg Saksamaa Autode M\u00fc\u00fck - HERT Transport","isPartOf":{"@id":"https:\/\/hert.ee\/#website"},"primaryImageOfPage":{"@id":"https:\/\/hert.ee\/et\/nurnberg-saksamaa-autode-muuk\/#primaryimage"},"image":{"@id":"https:\/\/hert.ee\/et\/nurnberg-saksamaa-autode-muuk\/#primaryimage"},"thumbnailUrl":"http:\/\/hert.ee\/wp-content\/uploads\/2020\/06\/Photo-May-01-10-00-06-1024x768.jpg","datePublished":"2020-08-03T09:53:22+00:00","dateModified":"2020-12-19T22:18:04+00:00","description":"N\u00fcrnberg Saksamaa Autode M\u00fc\u00fck. Kui vajad abi transpordiga Euroopas v\u00f5i Venemaal v\u00f5ta meiega \u00fchendust!","breadcrumb":{"@id":"https:\/\/hert.ee\/et\/nurnberg-saksamaa-autode-muuk\/#breadcrumb"},"inLanguage":"et","potentialAction":[{"@type":"ReadAction","target":["https:\/\/hert.ee\/et\/nurnberg-saksamaa-autode-muuk\/"]}]},{"@type":"ImageObject","inLanguage":"et","@id":"https:\/\/hert.ee\/et\/nurnberg-saksamaa-autode-muuk\/#primaryimage","url":"http:\/\/hert.ee\/wp-content\/uploads\/2020\/06\/Photo-May-01-10-00-06-1024x768.jpg","contentUrl":"http:\/\/hert.ee\/wp-content\/uploads\/2020\/06\/Photo-May-01-10-00-06-1024x768.jpg"},{"@type":"BreadcrumbList","@id":"https:\/\/hert.ee\/et\/nurnberg-saksamaa-autode-muuk\/#breadcrumb","itemListElement":[{"@type":"ListItem","position":1,"name":"Home","item":"https:\/\/hert.ee\/et\/"},{"@type":"ListItem","position":2,"name":"N\u00fcrnberg Saksamaa Autode M\u00fc\u00fck"}]},{"@type":"WebSite","@id":"https:\/\/hert.ee\/#website","url":"https:\/\/hert.ee\/","name":"HERT Transport","description":"","publisher":{"@id":"https:\/\/hert.ee\/#organization"},"potentialAction":[{"@type":"SearchAction","target":{"@type":"EntryPoint","urlTemplate":"https:\/\/hert.ee\/?s={search_term_string}"},"query-input":"required name=search_term_string"}],"inLanguage":"et"},{"@type":"Organization","@id":"https:\/\/hert.ee\/#organization","name":"Hert-Transport AS","url":"https:\/\/hert.ee\/","logo":{"@type":"ImageObject","inLanguage":"et","@id":"https:\/\/hert.ee\/#\/schema\/logo\/image\/","url":"http:\/\/hert.ee\/wp-content\/uploads\/2020\/07\/Soidukite_transport.jpg","contentUrl":"http:\/\/hert.ee\/wp-content\/uploads\/2020\/07\/Soidukite_transport.jpg","width":1024,"height":683,"caption":"Hert-Transport AS"},"image":{"@id":"https:\/\/hert.ee\/#\/schema\/logo\/image\/"}}]}},"_links":{"self":[{"href":"https:\/\/hert.ee\/et\/wp-json\/wp\/v2\/pages\/1370"}],"collection":[{"href":"https:\/\/hert.ee\/et\/wp-json\/wp\/v2\/pages"}],"about":[{"href":"https:\/\/hert.ee\/et\/wp-json\/wp\/v2\/types\/page"}],"author":[{"embeddable":true,"href":"https:\/\/hert.ee\/et\/wp-json\/wp\/v2\/users\/1"}],"replies":[{"embeddable":true,"href":"https:\/\/hert.ee\/et\/wp-json\/wp\/v2\/comments?post=1370"}],"version-history":[{"count":5,"href":"https:\/\/hert.ee\/et\/wp-json\/wp\/v2\/pages\/1370\/revisions"}],"predecessor-version":[{"id":3854,"href":"https:\/\/hert.ee\/et\/wp-json\/wp\/v2\/pages\/1370\/revisions\/3854"}],"wp:attachment":[{"href":"https:\/\/hert.ee\/et\/wp-json\/wp\/v2\/media?parent=1370"}],"curies":[{"name":"wp","href":"https:\/\/api.w.org\/{rel}","templated":true}]}}