{"id":1374,"date":"2020-08-03T10:05:37","date_gmt":"2020-08-03T10:05:37","guid":{"rendered":"https:\/\/hert.swstesting.com\/tartu-eesti-soidukite-transport\/"},"modified":"2020-11-12T13:19:07","modified_gmt":"2020-11-12T13:19:07","slug":"tartu-eesti-soidukite-transport","status":"publish","type":"page","link":"https:\/\/hert.ee\/et\/tartu-eesti-soidukite-transport\/","title":{"rendered":"S\u00f5idukite Transport (Tartu, Eesti)"},"content":{"rendered":"\t\t<div data-elementor-type=\"wp-page\" data-elementor-id=\"1374\" class=\"elementor elementor-1374 elementor-939\" data-elementor-post-type=\"page\">\n\t\t\t\t\t\t<section class=\"elementor-section elementor-top-section elementor-element elementor-element-f739593 elementor-section-boxed elementor-section-height-default elementor-section-height-default\" data-id=\"f739593\" data-element_type=\"section\" data-settings=\"{&quot;background_background&quot;:&quot;classic&quot;}\">\n\t\t\t\t\t\t<div class=\"elementor-container elementor-column-gap-default\">\n\t\t\t\t\t<div class=\"elementor-column elementor-col-100 elementor-top-column elementor-element elementor-element-a0c6579\" data-id=\"a0c6579\" data-element_type=\"column\">\n\t\t\t<div class=\"elementor-widget-wrap elementor-element-populated\">\n\t\t\t\t\t\t<div class=\"elementor-element elementor-element-332204c elementor-widget elementor-widget-heading\" data-id=\"332204c\" data-element_type=\"widget\" data-widget_type=\"heading.default\">\n\t\t\t\t<div class=\"elementor-widget-container\">\n\t\t\t<h1 class=\"elementor-heading-title elementor-size-default\">S\u00f5idukite Transport (Tartu, Eesti)<\/h1>\t\t<\/div>\n\t\t\t\t<\/div>\n\t\t\t\t\t<\/div>\n\t\t<\/div>\n\t\t\t\t\t<\/div>\n\t\t<\/section>\n\t\t\t\t<section class=\"elementor-section elementor-top-section elementor-element elementor-element-9a14ffe elementor-section-boxed elementor-section-height-default elementor-section-height-default\" data-id=\"9a14ffe\" data-element_type=\"section\" data-settings=\"{&quot;background_background&quot;:&quot;classic&quot;}\">\n\t\t\t\t\t\t<div class=\"elementor-container elementor-column-gap-default\">\n\t\t\t\t\t<div class=\"elementor-column elementor-col-33 elementor-top-column elementor-element elementor-element-31b3f3e elementor-hidden-phone\" data-id=\"31b3f3e\" data-element_type=\"column\">\n\t\t\t<div class=\"elementor-widget-wrap\">\n\t\t\t\t\t\t\t<\/div>\n\t\t<\/div>\n\t\t\t\t<div class=\"elementor-column elementor-col-33 elementor-top-column elementor-element elementor-element-e6e3729\" data-id=\"e6e3729\" data-element_type=\"column\">\n\t\t\t<div class=\"elementor-widget-wrap elementor-element-populated\">\n\t\t\t\t\t\t<div class=\"elementor-element elementor-element-0554d43 elementor-widget elementor-widget-text-editor\" data-id=\"0554d43\" data-element_type=\"widget\" data-widget_type=\"text-editor.default\">\n\t\t\t\t<div class=\"elementor-widget-container\">\n\t\t\t\t\t\t\t<p><!-- wp:paragraph --><\/p>\n<p>Suurep\u00e4raseid s\u00f5idukite transporditeenuseid vajavad paljud ettev\u00f5tted ja eraisikud. Hert Transport on Tartust alguse saanud transpordiettev\u00f5tte. Pakume kvaliteetseid veoteenuseid kogu Euroopas ja Venemaal. Garanteerime, et hoiame teie s\u00f5idukeid veo ja kohaletoimetamise ajal turvaliselt.<\/p>\n<p><!-- \/wp:paragraph --><\/p>\n<p><!-- wp:heading --><\/p>\n<h2><\/h2>\n<h2><strong>Meie Autopark<\/strong><\/h2>\n<p><!-- \/wp:heading --><\/p>\n<p><!-- wp:paragraph --><\/p>\n<p>Veoteenus eeldab, et vajame mitmeid erinevaid s\u00f5idukeid. meie veokid saavad vedada \u00fchte kuni k\u00fcmme autot korraga. Meie kliendi s\u00f5idukite ohutus on meie peamine prioriteet, seega hoolitseme selle eest, et meie vedajad oleksid alati tasemel. Meie s\u00f5idukite transporditeenuste kasutamisel v\u00f5ite olla kindel, et teie s\u00f5iduk on kindlates k\u00e4tes.<\/p>\n<p><!-- \/wp:paragraph --><\/p>\n<p><!-- wp:image {\"id\":220,\"sizeSlug\":\"large\"} --><\/p>\n<figure class=\"wp-block-image size-large\"><img fetchpriority=\"high\" decoding=\"async\" width=\"960\" height=\"495\" class=\"wp-image-220\" src=\"http:\/\/hert.ee\/wp-content\/uploads\/2020\/06\/Photo-May-01-10-30-16.jpg\" alt=\"\" srcset=\"https:\/\/hert.ee\/wp-content\/uploads\/2020\/06\/Photo-May-01-10-30-16.jpg 960w, https:\/\/hert.ee\/wp-content\/uploads\/2020\/06\/Photo-May-01-10-30-16-300x155.jpg 300w, https:\/\/hert.ee\/wp-content\/uploads\/2020\/06\/Photo-May-01-10-30-16-768x396.jpg 768w\" sizes=\"(max-width: 960px) 100vw, 960px\" \/><p><\/p>\n<figcaption>Veoteenus&nbsp;<a href=\"https:\/\/web.facebook.com\/HertTransport\/?_rdc=1&amp;_rdr\">Tartus<\/a><\/figcaption>\n<\/figure>\n<p><!-- \/wp:image --><\/p>\n<p><!-- wp:heading --><\/p>\n<h2><\/h2>\n<h2><strong>Tartu veoteenus<\/strong><\/h2>\n<p><!-- \/wp:heading --><\/p>\n<p><!-- wp:paragraph --><\/p>\n<p>Teil v\u00f5ib tekkida k\u00fcsimus, kuidas me kaitseme teie hinnalisi s\u00f5idukeid kahjustamise v\u00f5i varastamise eest, kui need meie k\u00e4es on? Oleme sellele k\u00fcsimusele palju m\u00f5elnud. Kahtlemata hoolime teie autodest sama palju kui sina. <a href=\"https:\/\/web.facebook.com\/HertTransport\/?_rdc=1&amp;_rdr\">Meie Tartu t\u00f6\u00f6tajad on v\u00e4ga hea v\u00e4lja\u00f5ppe saanud ja teavad t\u00e4pselt<\/a>, kuidas s\u00f5idukeid maha ja peale laadida. Seet\u00f5ttu on s\u00f5idukite kahjustamine tarnimise ajal ebat\u00f5en\u00e4oline. Meil on ka muid meetmeid, alates autojuhtide kontrollimisest kuni j\u00e4lgimisv\u00f5imalusteni, et autosid turvaliselt hoida.<\/p>\n<p><!-- \/wp:paragraph --><\/p>\n<p><!-- wp:heading {\"level\":3} --><\/p>\n<h3><\/h3>\n<h3><strong>Kaubavedu Tartus<\/strong><\/h3>\n<p><!-- \/wp:heading --><\/p>\n<p><!-- wp:paragraph --><\/p>\n<p>Lisaks autodele transpordime ka muud kaupa. Silmapaistev p\u00f5hjus, miks peaksite valima meie transpordi Tartus on kodulinna eelis.&nbsp;<a href=\"https:\/\/ops.fhwa.dot.gov\/freight\/sw\/regulations\/index.htm\">Meie juhtidel on aastatepikkune kogemus autode kohaletoimetamises ja nad teavad t\u00e4pselt, kuidas meie veoautodega \u00fcmber k\u00e4ia<\/a>. Olenemata ilmast, toimetavad meie autojuhid teie s\u00f5idukid vigastamata. Nad on koolitatud ning j\u00e4lgimistarkvara edastab meile pidevat infot nende asukohast. Meie asjatundlike veoautojuhtidega saate lasta oma muredel hajuda. Teie s\u00f5idukid on nende k\u00e4es turvaliselt hoitud.<\/p>\n<p><!-- \/wp:paragraph --><\/p>\n<p><!-- wp:heading {\"level\":3} --><\/p>\n<h3><\/h3>\n<h3><span style=\"font-size: 17px;\">T\u00e4nu oma tipptasemel j\u00e4lgimistehnoloogiale teame, kus iga tarne on kogu aeg. Olgu veok Tartus v\u00f5i mujal saame h\u00f5lpsalt j\u00e4lgida iga liigutust, et veenduda selle ohutuses. Eelk\u00f5ige tagame, et teie s\u00f5iduk \u00f5igel ajal kohale j\u00f5uaks.<\/span><br><\/h3>\n<p><!-- \/wp:paragraph --><\/p>\n<p><!-- wp:heading --><\/p>\n<h2><\/h2>\n<h2><strong>Miks just Hert Transport?<\/strong><\/h2>\n<p><!-- \/wp:heading --><\/p>\n<p><!-- wp:paragraph --><\/p>\n<p>Hoolime oma klientidest. Kuigi teised logistikaettev\u00f5tted v\u00f5ivad lihtsalt autosid kohale toimetada, teeme me palju enamat. Toome lauale ka suurep\u00e4rase klienditeeninduse ja suurep\u00e4rase tehnoloogia. Hert Transport Tartus pakub teile v\u00e4\u00e4rt kaubavedu. V\u00f5tke meiega juba t\u00e4na \u00fchendust!<\/p>\n<p><!-- \/wp:paragraph --><\/p>\t\t\t\t\t\t<\/div>\n\t\t\t\t<\/div>\n\t\t\t\t\t<\/div>\n\t\t<\/div>\n\t\t\t\t<div class=\"elementor-column elementor-col-33 elementor-top-column elementor-element elementor-element-0f3b4a3 elementor-hidden-phone\" data-id=\"0f3b4a3\" data-element_type=\"column\">\n\t\t\t<div class=\"elementor-widget-wrap\">\n\t\t\t\t\t\t\t<\/div>\n\t\t<\/div>\n\t\t\t\t\t<\/div>\n\t\t<\/section>\n\t\t\t\t<\/div>\n\t\t","protected":false},"excerpt":{"rendered":"<p>Suurep\u00e4raseid s\u00f5idukite transporditeenuseid vajavad paljud ettev\u00f5tted ja eraisikud. Hert Transport on Tartust alguse saanud transpordiettev\u00f5tte. Pakume kvaliteetseid veoteenuseid kogu Euroopas ja Venemaal. Garanteerime, et hoiame teie s\u00f5idukeid veo ja kohaletoimetamise ajal turvaliselt. \u00a0 Meie Autopark Veoteenus eeldab, et vajame mitmeid erinevaid s\u00f5idukeid. meie veokid saavad vedada \u00fchte kuni k\u00fcmme autot korraga. Meie kliendi s\u00f5idukite ohutus &#8230; <a title=\"S\u00f5idukite Transport (Tartu, Eesti)\" class=\"read-more\" href=\"https:\/\/hert.ee\/et\/tartu-eesti-soidukite-transport\/\" aria-label=\"Read more about S\u00f5idukite Transport (Tartu, Eesti)\">Read more<\/a><\/p>\n","protected":false},"author":1,"featured_media":0,"parent":0,"menu_order":0,"comment_status":"closed","ping_status":"closed","template":"elementor_header_footer","meta":{"footnotes":""},"yoast_head":"<!-- This site is optimized with the Yoast SEO plugin v22.9 - https:\/\/yoast.com\/wordpress\/plugins\/seo\/ -->\n<title>S\u00f5idukite Transport (Tartu, Eesti) - HERT Transport<\/title>\n<meta name=\"description\" content=\"S\u00f5idukite Transport (Tartu, Eesti). Kui vajad abi transpordiga Euroopas v\u00f5i Venemaal v\u00f5ta meiega \u00fchendust!\" \/>\n<meta name=\"robots\" content=\"index, follow, max-snippet:-1, max-image-preview:large, max-video-preview:-1\" \/>\n<link rel=\"canonical\" href=\"https:\/\/hert.ee\/et\/tartu-eesti-soidukite-transport\/\" \/>\n<meta property=\"og:locale\" content=\"et_EE\" \/>\n<meta property=\"og:type\" content=\"article\" \/>\n<meta property=\"og:title\" content=\"S\u00f5idukite Transport (Tartu, Eesti) - HERT Transport\" \/>\n<meta property=\"og:description\" content=\"S\u00f5idukite Transport (Tartu, Eesti). Kui vajad abi transpordiga Euroopas v\u00f5i Venemaal v\u00f5ta meiega \u00fchendust!\" \/>\n<meta property=\"og:url\" content=\"https:\/\/hert.ee\/et\/tartu-eesti-soidukite-transport\/\" \/>\n<meta property=\"og:site_name\" content=\"HERT Transport\" \/>\n<meta property=\"article:modified_time\" content=\"2020-11-12T13:19:07+00:00\" \/>\n<meta property=\"og:image\" content=\"http:\/\/hert.ee\/wp-content\/uploads\/2020\/06\/Photo-May-01-10-30-16.jpg\" \/>\n<meta name=\"twitter:card\" content=\"summary_large_image\" \/>\n<meta name=\"twitter:label1\" content=\"Est. reading time\" \/>\n\t<meta name=\"twitter:data1\" content=\"2 minutit\" \/>\n<script type=\"application\/ld+json\" class=\"yoast-schema-graph\">{\"@context\":\"https:\/\/schema.org\",\"@graph\":[{\"@type\":\"WebPage\",\"@id\":\"https:\/\/hert.ee\/et\/tartu-eesti-soidukite-transport\/\",\"url\":\"https:\/\/hert.ee\/et\/tartu-eesti-soidukite-transport\/\",\"name\":\"S\u00f5idukite Transport (Tartu, Eesti) - HERT Transport\",\"isPartOf\":{\"@id\":\"https:\/\/hert.ee\/#website\"},\"primaryImageOfPage\":{\"@id\":\"https:\/\/hert.ee\/et\/tartu-eesti-soidukite-transport\/#primaryimage\"},\"image\":{\"@id\":\"https:\/\/hert.ee\/et\/tartu-eesti-soidukite-transport\/#primaryimage\"},\"thumbnailUrl\":\"http:\/\/hert.ee\/wp-content\/uploads\/2020\/06\/Photo-May-01-10-30-16.jpg\",\"datePublished\":\"2020-08-03T10:05:37+00:00\",\"dateModified\":\"2020-11-12T13:19:07+00:00\",\"description\":\"S\u00f5idukite Transport (Tartu, Eesti). Kui vajad abi transpordiga Euroopas v\u00f5i Venemaal v\u00f5ta meiega \u00fchendust!\",\"breadcrumb\":{\"@id\":\"https:\/\/hert.ee\/et\/tartu-eesti-soidukite-transport\/#breadcrumb\"},\"inLanguage\":\"et\",\"potentialAction\":[{\"@type\":\"ReadAction\",\"target\":[\"https:\/\/hert.ee\/et\/tartu-eesti-soidukite-transport\/\"]}]},{\"@type\":\"ImageObject\",\"inLanguage\":\"et\",\"@id\":\"https:\/\/hert.ee\/et\/tartu-eesti-soidukite-transport\/#primaryimage\",\"url\":\"http:\/\/hert.ee\/wp-content\/uploads\/2020\/06\/Photo-May-01-10-30-16.jpg\",\"contentUrl\":\"http:\/\/hert.ee\/wp-content\/uploads\/2020\/06\/Photo-May-01-10-30-16.jpg\"},{\"@type\":\"BreadcrumbList\",\"@id\":\"https:\/\/hert.ee\/et\/tartu-eesti-soidukite-transport\/#breadcrumb\",\"itemListElement\":[{\"@type\":\"ListItem\",\"position\":1,\"name\":\"Home\",\"item\":\"https:\/\/hert.ee\/et\/\"},{\"@type\":\"ListItem\",\"position\":2,\"name\":\"S\u00f5idukite Transport (Tartu, Eesti)\"}]},{\"@type\":\"WebSite\",\"@id\":\"https:\/\/hert.ee\/#website\",\"url\":\"https:\/\/hert.ee\/\",\"name\":\"HERT Transport\",\"description\":\"\",\"publisher\":{\"@id\":\"https:\/\/hert.ee\/#organization\"},\"potentialAction\":[{\"@type\":\"SearchAction\",\"target\":{\"@type\":\"EntryPoint\",\"urlTemplate\":\"https:\/\/hert.ee\/?s={search_term_string}\"},\"query-input\":\"required name=search_term_string\"}],\"inLanguage\":\"et\"},{\"@type\":\"Organization\",\"@id\":\"https:\/\/hert.ee\/#organization\",\"name\":\"Hert-Transport AS\",\"url\":\"https:\/\/hert.ee\/\",\"logo\":{\"@type\":\"ImageObject\",\"inLanguage\":\"et\",\"@id\":\"https:\/\/hert.ee\/#\/schema\/logo\/image\/\",\"url\":\"http:\/\/hert.ee\/wp-content\/uploads\/2020\/07\/Soidukite_transport.jpg\",\"contentUrl\":\"http:\/\/hert.ee\/wp-content\/uploads\/2020\/07\/Soidukite_transport.jpg\",\"width\":1024,\"height\":683,\"caption\":\"Hert-Transport AS\"},\"image\":{\"@id\":\"https:\/\/hert.ee\/#\/schema\/logo\/image\/\"}}]}<\/script>\n<!-- \/ Yoast SEO plugin. -->","yoast_head_json":{"title":"S\u00f5idukite Transport (Tartu, Eesti) - HERT Transport","description":"S\u00f5idukite Transport (Tartu, Eesti). Kui vajad abi transpordiga Euroopas v\u00f5i Venemaal v\u00f5ta meiega \u00fchendust!","robots":{"index":"index","follow":"follow","max-snippet":"max-snippet:-1","max-image-preview":"max-image-preview:large","max-video-preview":"max-video-preview:-1"},"canonical":"https:\/\/hert.ee\/et\/tartu-eesti-soidukite-transport\/","og_locale":"et_EE","og_type":"article","og_title":"S\u00f5idukite Transport (Tartu, Eesti) - HERT Transport","og_description":"S\u00f5idukite Transport (Tartu, Eesti). Kui vajad abi transpordiga Euroopas v\u00f5i Venemaal v\u00f5ta meiega \u00fchendust!","og_url":"https:\/\/hert.ee\/et\/tartu-eesti-soidukite-transport\/","og_site_name":"HERT Transport","article_modified_time":"2020-11-12T13:19:07+00:00","og_image":[{"url":"http:\/\/hert.ee\/wp-content\/uploads\/2020\/06\/Photo-May-01-10-30-16.jpg"}],"twitter_card":"summary_large_image","twitter_misc":{"Est. reading time":"2 minutit"},"schema":{"@context":"https:\/\/schema.org","@graph":[{"@type":"WebPage","@id":"https:\/\/hert.ee\/et\/tartu-eesti-soidukite-transport\/","url":"https:\/\/hert.ee\/et\/tartu-eesti-soidukite-transport\/","name":"S\u00f5idukite Transport (Tartu, Eesti) - HERT Transport","isPartOf":{"@id":"https:\/\/hert.ee\/#website"},"primaryImageOfPage":{"@id":"https:\/\/hert.ee\/et\/tartu-eesti-soidukite-transport\/#primaryimage"},"image":{"@id":"https:\/\/hert.ee\/et\/tartu-eesti-soidukite-transport\/#primaryimage"},"thumbnailUrl":"http:\/\/hert.ee\/wp-content\/uploads\/2020\/06\/Photo-May-01-10-30-16.jpg","datePublished":"2020-08-03T10:05:37+00:00","dateModified":"2020-11-12T13:19:07+00:00","description":"S\u00f5idukite Transport (Tartu, Eesti). Kui vajad abi transpordiga Euroopas v\u00f5i Venemaal v\u00f5ta meiega \u00fchendust!","breadcrumb":{"@id":"https:\/\/hert.ee\/et\/tartu-eesti-soidukite-transport\/#breadcrumb"},"inLanguage":"et","potentialAction":[{"@type":"ReadAction","target":["https:\/\/hert.ee\/et\/tartu-eesti-soidukite-transport\/"]}]},{"@type":"ImageObject","inLanguage":"et","@id":"https:\/\/hert.ee\/et\/tartu-eesti-soidukite-transport\/#primaryimage","url":"http:\/\/hert.ee\/wp-content\/uploads\/2020\/06\/Photo-May-01-10-30-16.jpg","contentUrl":"http:\/\/hert.ee\/wp-content\/uploads\/2020\/06\/Photo-May-01-10-30-16.jpg"},{"@type":"BreadcrumbList","@id":"https:\/\/hert.ee\/et\/tartu-eesti-soidukite-transport\/#breadcrumb","itemListElement":[{"@type":"ListItem","position":1,"name":"Home","item":"https:\/\/hert.ee\/et\/"},{"@type":"ListItem","position":2,"name":"S\u00f5idukite Transport (Tartu, Eesti)"}]},{"@type":"WebSite","@id":"https:\/\/hert.ee\/#website","url":"https:\/\/hert.ee\/","name":"HERT Transport","description":"","publisher":{"@id":"https:\/\/hert.ee\/#organization"},"potentialAction":[{"@type":"SearchAction","target":{"@type":"EntryPoint","urlTemplate":"https:\/\/hert.ee\/?s={search_term_string}"},"query-input":"required name=search_term_string"}],"inLanguage":"et"},{"@type":"Organization","@id":"https:\/\/hert.ee\/#organization","name":"Hert-Transport AS","url":"https:\/\/hert.ee\/","logo":{"@type":"ImageObject","inLanguage":"et","@id":"https:\/\/hert.ee\/#\/schema\/logo\/image\/","url":"http:\/\/hert.ee\/wp-content\/uploads\/2020\/07\/Soidukite_transport.jpg","contentUrl":"http:\/\/hert.ee\/wp-content\/uploads\/2020\/07\/Soidukite_transport.jpg","width":1024,"height":683,"caption":"Hert-Transport AS"},"image":{"@id":"https:\/\/hert.ee\/#\/schema\/logo\/image\/"}}]}},"_links":{"self":[{"href":"https:\/\/hert.ee\/et\/wp-json\/wp\/v2\/pages\/1374"}],"collection":[{"href":"https:\/\/hert.ee\/et\/wp-json\/wp\/v2\/pages"}],"about":[{"href":"https:\/\/hert.ee\/et\/wp-json\/wp\/v2\/types\/page"}],"author":[{"embeddable":true,"href":"https:\/\/hert.ee\/et\/wp-json\/wp\/v2\/users\/1"}],"replies":[{"embeddable":true,"href":"https:\/\/hert.ee\/et\/wp-json\/wp\/v2\/comments?post=1374"}],"version-history":[{"count":5,"href":"https:\/\/hert.ee\/et\/wp-json\/wp\/v2\/pages\/1374\/revisions"}],"predecessor-version":[{"id":3598,"href":"https:\/\/hert.ee\/et\/wp-json\/wp\/v2\/pages\/1374\/revisions\/3598"}],"wp:attachment":[{"href":"https:\/\/hert.ee\/et\/wp-json\/wp\/v2\/media?parent=1374"}],"curies":[{"name":"wp","href":"https:\/\/api.w.org\/{rel}","templated":true}]}}