{"id":1384,"date":"2020-08-03T10:39:35","date_gmt":"2020-08-03T10:39:35","guid":{"rendered":"https:\/\/hert.swstesting.com\/dusseldorf-saksamaa-kaubaveoteenused\/"},"modified":"2020-11-12T13:19:15","modified_gmt":"2020-11-12T13:19:15","slug":"dusseldorf-saksamaa-kaubaveoteenused","status":"publish","type":"page","link":"https:\/\/hert.ee\/et\/dusseldorf-saksamaa-kaubaveoteenused\/","title":{"rendered":"Saksamaa Kaubaveoteenused (Dusseldorf)"},"content":{"rendered":"\t\t<div data-elementor-type=\"wp-page\" data-elementor-id=\"1384\" class=\"elementor elementor-1384 elementor-945\" data-elementor-post-type=\"page\">\n\t\t\t\t\t\t<section class=\"elementor-section elementor-top-section elementor-element elementor-element-275cd83 elementor-section-boxed elementor-section-height-default elementor-section-height-default\" data-id=\"275cd83\" data-element_type=\"section\" data-settings=\"{&quot;background_background&quot;:&quot;classic&quot;}\">\n\t\t\t\t\t\t<div class=\"elementor-container elementor-column-gap-default\">\n\t\t\t\t\t<div class=\"elementor-column elementor-col-100 elementor-top-column elementor-element elementor-element-95fb3d3\" data-id=\"95fb3d3\" data-element_type=\"column\">\n\t\t\t<div class=\"elementor-widget-wrap elementor-element-populated\">\n\t\t\t\t\t\t<div class=\"elementor-element elementor-element-c66c54e elementor-widget elementor-widget-heading\" data-id=\"c66c54e\" data-element_type=\"widget\" data-widget_type=\"heading.default\">\n\t\t\t\t<div class=\"elementor-widget-container\">\n\t\t\t<h1 class=\"elementor-heading-title elementor-size-default\">Saksamaa Kaubaveoteenused (Dusseldorf)<\/h1>\t\t<\/div>\n\t\t\t\t<\/div>\n\t\t\t\t\t<\/div>\n\t\t<\/div>\n\t\t\t\t\t<\/div>\n\t\t<\/section>\n\t\t\t\t<section class=\"elementor-section elementor-top-section elementor-element elementor-element-a54b2a6 elementor-section-boxed elementor-section-height-default elementor-section-height-default\" data-id=\"a54b2a6\" data-element_type=\"section\" data-settings=\"{&quot;background_background&quot;:&quot;classic&quot;}\">\n\t\t\t\t\t\t<div class=\"elementor-container elementor-column-gap-default\">\n\t\t\t\t\t<div class=\"elementor-column elementor-col-33 elementor-top-column elementor-element elementor-element-31402d8 elementor-hidden-phone\" data-id=\"31402d8\" data-element_type=\"column\">\n\t\t\t<div class=\"elementor-widget-wrap\">\n\t\t\t\t\t\t\t<\/div>\n\t\t<\/div>\n\t\t\t\t<div class=\"elementor-column elementor-col-33 elementor-top-column elementor-element elementor-element-2e2c797\" data-id=\"2e2c797\" data-element_type=\"column\">\n\t\t\t<div class=\"elementor-widget-wrap elementor-element-populated\">\n\t\t\t\t\t\t<div class=\"elementor-element elementor-element-8236ce6 elementor-widget elementor-widget-text-editor\" data-id=\"8236ce6\" data-element_type=\"widget\" data-widget_type=\"text-editor.default\">\n\t\t\t\t<div class=\"elementor-widget-container\">\n\t\t\t\t\t\t\t<p><!-- wp:paragraph --><\/p>\n<p>Hert Transport pakub silmapaistvaid kaubaekspeditsiooniteenuseid ja me oleme kuulsad kui \u00fcks parimaid logistikaettev\u00f5tteid D\u00fcsseldorfis. Firma asutati aastal 1994. Algselt asutasid kolm venda, praegu tegutseb ettev\u00f5te kolmandas p\u00f5lvkonnas. Oleme laiendanud uute ja kasutatud autode transpordi pakkumist, sealhulgas ka tipptasemel \u00f5rnaid s\u00f5idukeid. Seda enam, <a href=\"http:\/\/hert.ee\/en\/338-2\/\">et saate autotransporditeenuse kas \u00fche s\u00f5iduki v\u00f5i k\u00fcmne auto jaoks.<\/a><\/p>\n<p><!-- \/wp:paragraph --><\/p>\n<p><!-- wp:heading --><\/p>\n<h2>\u00a0<\/h2>\n<h2><strong>Oleme valmis \u00fcletama teie ootusi<\/strong><\/h2>\n<p><!-- \/wp:heading --><\/p>\n<p><!-- wp:paragraph --><\/p>\n<p><a href=\"https:\/\/web.facebook.com\/HertTransport\/?_rdc=1&amp;_rdr\">Hert Transport on uhke<\/a>, et tal on D\u00fcsseldorfi kaubatranspordi valdkonnas usaldusv\u00e4\u00e4rne partner usaldusv\u00e4\u00e4rse partnerina. K\u00e4sitleme kogu teie kaubaekspeditsiooni protsessi erakordselt hoolikalt. Alates tellimuse vormistamisest kuni hetkeni, kui see k\u00e4es on. See tagab teie v\u00e4\u00e4rtusliku aja kokkuhoiu. \u00dcle 24-aastane kogemus autotranspordis teeb meist teie ideaalse partneri. Meie kogemus, kiirus ja absoluutne p\u00fchendumus tagavad alati teie ootuste \u00fcletamise.<\/p>\n<p><!-- \/wp:paragraph --><\/p>\n<p><!-- wp:image {\"id\":200,\"sizeSlug\":\"large\"} --><\/p>\n<figure class=\"wp-block-image size-large\"><img fetchpriority=\"high\" decoding=\"async\" width=\"1024\" height=\"576\" class=\"wp-image-200\" src=\"http:\/\/hert.ee\/wp-content\/uploads\/2020\/06\/Photo-Apr-09-18-51-12-1-1024x576.jpg\" alt=\"\" srcset=\"https:\/\/hert.ee\/wp-content\/uploads\/2020\/06\/Photo-Apr-09-18-51-12-1-1024x576.jpg 1024w, https:\/\/hert.ee\/wp-content\/uploads\/2020\/06\/Photo-Apr-09-18-51-12-1-300x169.jpg 300w, https:\/\/hert.ee\/wp-content\/uploads\/2020\/06\/Photo-Apr-09-18-51-12-1-768x432.jpg 768w, https:\/\/hert.ee\/wp-content\/uploads\/2020\/06\/Photo-Apr-09-18-51-12-1.jpg 1032w\" sizes=\"(max-width: 1024px) 100vw, 1024px\" \/>\n<figcaption><strong>Kaubaekspeditsioon D\u00fcsseldorfis<\/strong><\/figcaption>\n<\/figure>\n<p><!-- \/wp:image --><\/p>\n<p><!-- wp:heading {\"level\":3} --><\/p>\n<h3>\u00a0<\/h3>\n<h2><strong>Hankige D\u00fcsseldorfis ekspeditsiooniteenuseid h\u00f5lpsalt<\/strong><\/h2>\n<p><!-- \/wp:heading --><\/p>\n<p><!-- wp:paragraph --><\/p>\n<p>Hert Transport on <a href=\"https:\/\/www.fmc.gov\/resources-services\/shipping-your-vehicle-overseas\/\">lihtsustanud s\u00f5idukite transporditeenuste saamise protsessi<\/a>. Minge kohe nupule \u201eTaotle pakkumist\u201d, seal on v\u00e4ljad, kuhu sisestada oma andmed. \u00dcksikasjad, n\u00e4iteks veose t\u00fc\u00fcp, mida soovite transportida, pikap ja sihtkoht D\u00fcsseldorfis, on \u00fclioluline. Kasutame sisestatud \u00fcksikasju ka teile pakkumise saamiseks.<\/p>\n<p><!-- \/wp:paragraph --><\/p>\n<p><!-- wp:heading --><\/p>\n<h2>\u00a0<\/h2>\n<h2><strong>Hoidke end kogu aeg kursis oma kaubaekspeditsiooniga<\/strong><\/h2>\n<p><!-- \/wp:heading --><\/p>\n<p><!-- wp:paragraph --><\/p>\n<p>Hert Transport pakub teile \u00fcht \u00f5iglasemat ja konkurentsiv\u00f5imelisemat hinda. Meie hinnad on taskukohased ja sellised, mis annavad teie raha v\u00e4\u00e4rtuse tagasi. L\u00f5ppude l\u00f5puks on see valmis, teatame teile, millal oodata on teie kaubaekspeditsiooni tarnimist. <a href=\"https:\/\/ops.fhwa.dot.gov\/freight\/sw\/regulations\/index.htm\">Seej\u00e4rel saate j\u00e4lgida ja j\u00e4lgida oma auto kohaletoimetamise hetke k\u00f5igis teekonna punktides.<\/a><\/p>\n<p><!-- \/wp:paragraph --><\/p>\n<p><!-- wp:heading --><\/p>\n<h2>\u00a0<\/h2>\n<h2><strong>Oleme parimad, mida teeme!<\/strong><\/h2>\n<p><!-- \/wp:heading --><\/p>\n<p><!-- wp:paragraph --><\/p>\n<p>Hert Transport kasutab D\u00fcsseldorfis autoveoteenuseid. Meie aja jooksul testitud kogenud t\u00f6\u00f6tajate meeskond on teile \u00f6\u00f6p\u00e4evaringselt saadaval. J\u00e4rgime rangeimaid protokolle, et tagada kvaliteetsete teenuste pakkumine etten\u00e4htud t\u00e4htaja jooksul. Juba 24 aastat kasutame oma klientide teenindamisel v\u00e4\u00e4rtusp\u00f5hist l\u00e4henemist. Selle saavutame k\u00f5igepealt alustades headest kliendisuhetest ja pakkudes hiljem kvaliteetseid teenuseid.<\/p>\n<p><!-- \/wp:paragraph --><\/p>\n<p><!-- wp:heading --><\/p>\n<h2>\u00a0<\/h2>\n<h2><strong>Veatu kaubaekspeditsioon<\/strong><\/h2>\n<p><!-- \/wp:heading --><\/p>\n<p><!-- wp:paragraph --><\/p>\n<p>Hert Transport uhkeldab k\u00fcmne s\u00f5idukipargiga, nii et pidage meid valmis menetlema k\u00f5iki auto kohaletoimetamise taotlusi. Panime oma veokid alati j\u00e4rgima rahvusvahelisi ohutusstandardeid. Meie s\u00f5idukijuhid l\u00e4bivad ka k\u00f5ige k\u00f5rgema kontrolliprotsessi ja peavad kinni liiklusohutuse tagamisest. Tagame \u00f5igeaegsed, kvaliteetsed ja \u00f5nnetusteta tarned.<\/p>\n<p><!-- \/wp:paragraph --><\/p>\n<p><!-- wp:heading --><\/p>\n<h2>\u00a0<\/h2>\n<h2><strong>K\u00f5ik on digitaalne.<\/strong><\/h2>\n<p><!-- \/wp:heading --><\/p>\n<p><!-- wp:paragraph --><\/p>\n<p>Oleme kasutanud uusimaid muudatusi pidevalt arenevas tehnoloogias, nii et meie autoedastusteenus on n\u00fc\u00fcd s\u00f5rmede peal. <a href=\"https:\/\/www.google.com\/maps\/place\/D%C3%BCsseldorf,+Germany\/@51.2383712,6.6742677,11z\/data=!3m1!4b1!4m5!3m4!1s0x47b8c97bf1465907:0x42760fc4a2a73b0!8m2!3d51.2277411!4d6.7734556\">Kasutage meie ekspeditsiooni broneerimiseks<\/a> D\u00fcsseldorfi online broneerimiss\u00fcsteemi. Hankige pakkumine, t\u00e4psustage vastuv\u00f5tukoht ja sihtkoht ning j\u00e4tke k\u00f5ik meile. Pakume kohaletoimetamise teenust uksest ukseni ja tarnime tarnitud kauba otse teie ukseni. Meie ettev\u00f5ttel on j\u00e4lgimisvidinad, mis on paigutatud k\u00f5ikidesse meie veoautodesse. Me kasutame seda kaubaveo olukorra j\u00e4lgimiseks ja j\u00e4lgimiseks D\u00fcsseldorfi mis tahes kohas.<\/p>\n<p><!-- \/wp:paragraph --><\/p>\n<p><!-- wp:heading {\"level\":3} --><\/p>\n<h3><strong>Kas teil on k\u00fcsimusi? Meil on hea meel aidata<\/strong><\/h3>\n<p><!-- \/wp:heading --><\/p>\n<p><!-- wp:paragraph --><\/p>\n<p>Meie s\u00f5braliku klienditeeninduse meeskond on valmis teie k\u00fcsimustele vastama. M\u00f5istame hea kliendikogemuse olulisust tipptasemel logistikaettev\u00f5tete loomisel. Aitame teid k\u00f5igi vajaduste v\u00f5i p\u00e4ringute korral. Seega <a href=\"http:\/\/hert.ee\/en\/contacts\/\">on aeg meiega \u00fchendust v\u00f5tta ja lasta oma ekspeditsioon kohale toimetada!<\/a><\/p>\n<p><!-- \/wp:paragraph --><\/p>\t\t\t\t\t\t<\/div>\n\t\t\t\t<\/div>\n\t\t\t\t\t<\/div>\n\t\t<\/div>\n\t\t\t\t<div class=\"elementor-column elementor-col-33 elementor-top-column elementor-element elementor-element-0b0d1b9 elementor-hidden-phone\" data-id=\"0b0d1b9\" data-element_type=\"column\">\n\t\t\t<div class=\"elementor-widget-wrap\">\n\t\t\t\t\t\t\t<\/div>\n\t\t<\/div>\n\t\t\t\t\t<\/div>\n\t\t<\/section>\n\t\t\t\t<\/div>\n\t\t","protected":false},"excerpt":{"rendered":"<p>Hert Transport pakub silmapaistvaid kaubaekspeditsiooniteenuseid ja me oleme kuulsad kui \u00fcks parimaid logistikaettev\u00f5tteid D\u00fcsseldorfis. Firma asutati aastal 1994. Algselt asutasid kolm venda, praegu tegutseb ettev\u00f5te kolmandas p\u00f5lvkonnas. Oleme laiendanud uute ja kasutatud autode transpordi pakkumist, sealhulgas ka tipptasemel \u00f5rnaid s\u00f5idukeid. Seda enam, et saate autotransporditeenuse kas \u00fche s\u00f5iduki v\u00f5i k\u00fcmne auto jaoks. \u00a0 Oleme valmis &#8230; <a title=\"Saksamaa Kaubaveoteenused (Dusseldorf)\" class=\"read-more\" href=\"https:\/\/hert.ee\/et\/dusseldorf-saksamaa-kaubaveoteenused\/\" aria-label=\"Read more about Saksamaa Kaubaveoteenused (Dusseldorf)\">Read more<\/a><\/p>\n","protected":false},"author":1,"featured_media":0,"parent":0,"menu_order":0,"comment_status":"closed","ping_status":"closed","template":"elementor_header_footer","meta":{"footnotes":""},"yoast_head":"<!-- This site is optimized with the Yoast SEO plugin v22.9 - https:\/\/yoast.com\/wordpress\/plugins\/seo\/ -->\n<title>Saksamaa Kaubaveoteenused (Dusseldorf) - HERT Transport<\/title>\n<meta name=\"description\" content=\"Saksamaa Kaubaveoteenused (Dusseldorf). Kui vajad abi transpordiga Euroopas v\u00f5i Venemaal v\u00f5ta meiega \u00fchendust!\" \/>\n<meta name=\"robots\" content=\"index, follow, max-snippet:-1, max-image-preview:large, max-video-preview:-1\" \/>\n<link rel=\"canonical\" href=\"https:\/\/hert.ee\/et\/dusseldorf-saksamaa-kaubaveoteenused\/\" \/>\n<meta property=\"og:locale\" content=\"et_EE\" \/>\n<meta property=\"og:type\" content=\"article\" \/>\n<meta property=\"og:title\" content=\"Saksamaa Kaubaveoteenused (Dusseldorf) - HERT Transport\" \/>\n<meta property=\"og:description\" content=\"Saksamaa Kaubaveoteenused (Dusseldorf). Kui vajad abi transpordiga Euroopas v\u00f5i Venemaal v\u00f5ta meiega \u00fchendust!\" \/>\n<meta property=\"og:url\" content=\"https:\/\/hert.ee\/et\/dusseldorf-saksamaa-kaubaveoteenused\/\" \/>\n<meta property=\"og:site_name\" content=\"HERT Transport\" \/>\n<meta property=\"article:modified_time\" content=\"2020-11-12T13:19:15+00:00\" \/>\n<meta property=\"og:image\" content=\"http:\/\/hert.ee\/wp-content\/uploads\/2020\/06\/Photo-Apr-09-18-51-12-1-1024x576.jpg\" \/>\n<meta name=\"twitter:card\" content=\"summary_large_image\" \/>\n<meta name=\"twitter:label1\" content=\"Est. reading time\" \/>\n\t<meta name=\"twitter:data1\" content=\"2 minutit\" \/>\n<script type=\"application\/ld+json\" class=\"yoast-schema-graph\">{\"@context\":\"https:\/\/schema.org\",\"@graph\":[{\"@type\":\"WebPage\",\"@id\":\"https:\/\/hert.ee\/et\/dusseldorf-saksamaa-kaubaveoteenused\/\",\"url\":\"https:\/\/hert.ee\/et\/dusseldorf-saksamaa-kaubaveoteenused\/\",\"name\":\"Saksamaa Kaubaveoteenused (Dusseldorf) - HERT Transport\",\"isPartOf\":{\"@id\":\"https:\/\/hert.ee\/#website\"},\"primaryImageOfPage\":{\"@id\":\"https:\/\/hert.ee\/et\/dusseldorf-saksamaa-kaubaveoteenused\/#primaryimage\"},\"image\":{\"@id\":\"https:\/\/hert.ee\/et\/dusseldorf-saksamaa-kaubaveoteenused\/#primaryimage\"},\"thumbnailUrl\":\"http:\/\/hert.ee\/wp-content\/uploads\/2020\/06\/Photo-Apr-09-18-51-12-1-1024x576.jpg\",\"datePublished\":\"2020-08-03T10:39:35+00:00\",\"dateModified\":\"2020-11-12T13:19:15+00:00\",\"description\":\"Saksamaa Kaubaveoteenused (Dusseldorf). Kui vajad abi transpordiga Euroopas v\u00f5i Venemaal v\u00f5ta meiega \u00fchendust!\",\"breadcrumb\":{\"@id\":\"https:\/\/hert.ee\/et\/dusseldorf-saksamaa-kaubaveoteenused\/#breadcrumb\"},\"inLanguage\":\"et\",\"potentialAction\":[{\"@type\":\"ReadAction\",\"target\":[\"https:\/\/hert.ee\/et\/dusseldorf-saksamaa-kaubaveoteenused\/\"]}]},{\"@type\":\"ImageObject\",\"inLanguage\":\"et\",\"@id\":\"https:\/\/hert.ee\/et\/dusseldorf-saksamaa-kaubaveoteenused\/#primaryimage\",\"url\":\"http:\/\/hert.ee\/wp-content\/uploads\/2020\/06\/Photo-Apr-09-18-51-12-1-1024x576.jpg\",\"contentUrl\":\"http:\/\/hert.ee\/wp-content\/uploads\/2020\/06\/Photo-Apr-09-18-51-12-1-1024x576.jpg\"},{\"@type\":\"BreadcrumbList\",\"@id\":\"https:\/\/hert.ee\/et\/dusseldorf-saksamaa-kaubaveoteenused\/#breadcrumb\",\"itemListElement\":[{\"@type\":\"ListItem\",\"position\":1,\"name\":\"Home\",\"item\":\"https:\/\/hert.ee\/et\/\"},{\"@type\":\"ListItem\",\"position\":2,\"name\":\"Saksamaa Kaubaveoteenused (Dusseldorf)\"}]},{\"@type\":\"WebSite\",\"@id\":\"https:\/\/hert.ee\/#website\",\"url\":\"https:\/\/hert.ee\/\",\"name\":\"HERT Transport\",\"description\":\"\",\"publisher\":{\"@id\":\"https:\/\/hert.ee\/#organization\"},\"potentialAction\":[{\"@type\":\"SearchAction\",\"target\":{\"@type\":\"EntryPoint\",\"urlTemplate\":\"https:\/\/hert.ee\/?s={search_term_string}\"},\"query-input\":\"required name=search_term_string\"}],\"inLanguage\":\"et\"},{\"@type\":\"Organization\",\"@id\":\"https:\/\/hert.ee\/#organization\",\"name\":\"Hert-Transport AS\",\"url\":\"https:\/\/hert.ee\/\",\"logo\":{\"@type\":\"ImageObject\",\"inLanguage\":\"et\",\"@id\":\"https:\/\/hert.ee\/#\/schema\/logo\/image\/\",\"url\":\"http:\/\/hert.ee\/wp-content\/uploads\/2020\/07\/Soidukite_transport.jpg\",\"contentUrl\":\"http:\/\/hert.ee\/wp-content\/uploads\/2020\/07\/Soidukite_transport.jpg\",\"width\":1024,\"height\":683,\"caption\":\"Hert-Transport AS\"},\"image\":{\"@id\":\"https:\/\/hert.ee\/#\/schema\/logo\/image\/\"}}]}<\/script>\n<!-- \/ Yoast SEO plugin. -->","yoast_head_json":{"title":"Saksamaa Kaubaveoteenused (Dusseldorf) - HERT Transport","description":"Saksamaa Kaubaveoteenused (Dusseldorf). Kui vajad abi transpordiga Euroopas v\u00f5i Venemaal v\u00f5ta meiega \u00fchendust!","robots":{"index":"index","follow":"follow","max-snippet":"max-snippet:-1","max-image-preview":"max-image-preview:large","max-video-preview":"max-video-preview:-1"},"canonical":"https:\/\/hert.ee\/et\/dusseldorf-saksamaa-kaubaveoteenused\/","og_locale":"et_EE","og_type":"article","og_title":"Saksamaa Kaubaveoteenused (Dusseldorf) - HERT Transport","og_description":"Saksamaa Kaubaveoteenused (Dusseldorf). Kui vajad abi transpordiga Euroopas v\u00f5i Venemaal v\u00f5ta meiega \u00fchendust!","og_url":"https:\/\/hert.ee\/et\/dusseldorf-saksamaa-kaubaveoteenused\/","og_site_name":"HERT Transport","article_modified_time":"2020-11-12T13:19:15+00:00","og_image":[{"url":"http:\/\/hert.ee\/wp-content\/uploads\/2020\/06\/Photo-Apr-09-18-51-12-1-1024x576.jpg"}],"twitter_card":"summary_large_image","twitter_misc":{"Est. reading time":"2 minutit"},"schema":{"@context":"https:\/\/schema.org","@graph":[{"@type":"WebPage","@id":"https:\/\/hert.ee\/et\/dusseldorf-saksamaa-kaubaveoteenused\/","url":"https:\/\/hert.ee\/et\/dusseldorf-saksamaa-kaubaveoteenused\/","name":"Saksamaa Kaubaveoteenused (Dusseldorf) - HERT Transport","isPartOf":{"@id":"https:\/\/hert.ee\/#website"},"primaryImageOfPage":{"@id":"https:\/\/hert.ee\/et\/dusseldorf-saksamaa-kaubaveoteenused\/#primaryimage"},"image":{"@id":"https:\/\/hert.ee\/et\/dusseldorf-saksamaa-kaubaveoteenused\/#primaryimage"},"thumbnailUrl":"http:\/\/hert.ee\/wp-content\/uploads\/2020\/06\/Photo-Apr-09-18-51-12-1-1024x576.jpg","datePublished":"2020-08-03T10:39:35+00:00","dateModified":"2020-11-12T13:19:15+00:00","description":"Saksamaa Kaubaveoteenused (Dusseldorf). Kui vajad abi transpordiga Euroopas v\u00f5i Venemaal v\u00f5ta meiega \u00fchendust!","breadcrumb":{"@id":"https:\/\/hert.ee\/et\/dusseldorf-saksamaa-kaubaveoteenused\/#breadcrumb"},"inLanguage":"et","potentialAction":[{"@type":"ReadAction","target":["https:\/\/hert.ee\/et\/dusseldorf-saksamaa-kaubaveoteenused\/"]}]},{"@type":"ImageObject","inLanguage":"et","@id":"https:\/\/hert.ee\/et\/dusseldorf-saksamaa-kaubaveoteenused\/#primaryimage","url":"http:\/\/hert.ee\/wp-content\/uploads\/2020\/06\/Photo-Apr-09-18-51-12-1-1024x576.jpg","contentUrl":"http:\/\/hert.ee\/wp-content\/uploads\/2020\/06\/Photo-Apr-09-18-51-12-1-1024x576.jpg"},{"@type":"BreadcrumbList","@id":"https:\/\/hert.ee\/et\/dusseldorf-saksamaa-kaubaveoteenused\/#breadcrumb","itemListElement":[{"@type":"ListItem","position":1,"name":"Home","item":"https:\/\/hert.ee\/et\/"},{"@type":"ListItem","position":2,"name":"Saksamaa Kaubaveoteenused (Dusseldorf)"}]},{"@type":"WebSite","@id":"https:\/\/hert.ee\/#website","url":"https:\/\/hert.ee\/","name":"HERT Transport","description":"","publisher":{"@id":"https:\/\/hert.ee\/#organization"},"potentialAction":[{"@type":"SearchAction","target":{"@type":"EntryPoint","urlTemplate":"https:\/\/hert.ee\/?s={search_term_string}"},"query-input":"required name=search_term_string"}],"inLanguage":"et"},{"@type":"Organization","@id":"https:\/\/hert.ee\/#organization","name":"Hert-Transport AS","url":"https:\/\/hert.ee\/","logo":{"@type":"ImageObject","inLanguage":"et","@id":"https:\/\/hert.ee\/#\/schema\/logo\/image\/","url":"http:\/\/hert.ee\/wp-content\/uploads\/2020\/07\/Soidukite_transport.jpg","contentUrl":"http:\/\/hert.ee\/wp-content\/uploads\/2020\/07\/Soidukite_transport.jpg","width":1024,"height":683,"caption":"Hert-Transport AS"},"image":{"@id":"https:\/\/hert.ee\/#\/schema\/logo\/image\/"}}]}},"_links":{"self":[{"href":"https:\/\/hert.ee\/et\/wp-json\/wp\/v2\/pages\/1384"}],"collection":[{"href":"https:\/\/hert.ee\/et\/wp-json\/wp\/v2\/pages"}],"about":[{"href":"https:\/\/hert.ee\/et\/wp-json\/wp\/v2\/types\/page"}],"author":[{"embeddable":true,"href":"https:\/\/hert.ee\/et\/wp-json\/wp\/v2\/users\/1"}],"replies":[{"embeddable":true,"href":"https:\/\/hert.ee\/et\/wp-json\/wp\/v2\/comments?post=1384"}],"version-history":[{"count":5,"href":"https:\/\/hert.ee\/et\/wp-json\/wp\/v2\/pages\/1384\/revisions"}],"predecessor-version":[{"id":3116,"href":"https:\/\/hert.ee\/et\/wp-json\/wp\/v2\/pages\/1384\/revisions\/3116"}],"wp:attachment":[{"href":"https:\/\/hert.ee\/et\/wp-json\/wp\/v2\/media?parent=1384"}],"curies":[{"name":"wp","href":"https:\/\/api.w.org\/{rel}","templated":true}]}}