{"id":1389,"date":"2020-08-03T10:48:47","date_gmt":"2020-08-03T10:48:47","guid":{"rendered":"https:\/\/hert.swstesting.com\/rotterdam-holland-soidukite-transport\/"},"modified":"2020-11-12T13:19:41","modified_gmt":"2020-11-12T13:19:41","slug":"rotterdam-holland-soidukite-transport","status":"publish","type":"page","link":"https:\/\/hert.ee\/et\/rotterdam-holland-soidukite-transport\/","title":{"rendered":"Rotterdam Holland S\u00f5idukite Transport"},"content":{"rendered":"\t\t<div data-elementor-type=\"wp-page\" data-elementor-id=\"1389\" class=\"elementor elementor-1389 elementor-948\" data-elementor-post-type=\"page\">\n\t\t\t\t\t\t<section class=\"elementor-section elementor-top-section elementor-element elementor-element-05037bf elementor-section-boxed elementor-section-height-default elementor-section-height-default\" data-id=\"05037bf\" data-element_type=\"section\" data-settings=\"{&quot;background_background&quot;:&quot;classic&quot;}\">\n\t\t\t\t\t\t<div class=\"elementor-container elementor-column-gap-default\">\n\t\t\t\t\t<div class=\"elementor-column elementor-col-100 elementor-top-column elementor-element elementor-element-966f9f7\" data-id=\"966f9f7\" data-element_type=\"column\">\n\t\t\t<div class=\"elementor-widget-wrap elementor-element-populated\">\n\t\t\t\t\t\t<div class=\"elementor-element elementor-element-ca557eb elementor-widget elementor-widget-heading\" data-id=\"ca557eb\" data-element_type=\"widget\" data-widget_type=\"heading.default\">\n\t\t\t\t<div class=\"elementor-widget-container\">\n\t\t\t<h1 class=\"elementor-heading-title elementor-size-default\">Rotterdam Holland S\u00f5idukite Transport<\/h1>\t\t<\/div>\n\t\t\t\t<\/div>\n\t\t\t\t\t<\/div>\n\t\t<\/div>\n\t\t\t\t\t<\/div>\n\t\t<\/section>\n\t\t\t\t<section class=\"elementor-section elementor-top-section elementor-element elementor-element-f50ef32 elementor-section-boxed elementor-section-height-default elementor-section-height-default\" data-id=\"f50ef32\" data-element_type=\"section\" data-settings=\"{&quot;background_background&quot;:&quot;classic&quot;}\">\n\t\t\t\t\t\t<div class=\"elementor-container elementor-column-gap-default\">\n\t\t\t\t\t<div class=\"elementor-column elementor-col-33 elementor-top-column elementor-element elementor-element-79797e4 elementor-hidden-phone\" data-id=\"79797e4\" data-element_type=\"column\">\n\t\t\t<div class=\"elementor-widget-wrap\">\n\t\t\t\t\t\t\t<\/div>\n\t\t<\/div>\n\t\t\t\t<div class=\"elementor-column elementor-col-33 elementor-top-column elementor-element elementor-element-107b6b3\" data-id=\"107b6b3\" data-element_type=\"column\">\n\t\t\t<div class=\"elementor-widget-wrap elementor-element-populated\">\n\t\t\t\t\t\t<div class=\"elementor-element elementor-element-994a7c9 elementor-widget elementor-widget-text-editor\" data-id=\"994a7c9\" data-element_type=\"widget\" data-widget_type=\"text-editor.default\">\n\t\t\t\t<div class=\"elementor-widget-container\">\n\t\t\t\t\t\t\t<p><!-- wp:paragraph --><\/p>\n<p>Hert Transport on juhtiv s\u00f5idukite transporti pakkuv ettev\u00f5te, kellel on aastak\u00fcmnete pikkune <a href=\"http:\/\/hert.ee\/en\/338-2\/\">autovedude kogemus kogu Euroopas ja Venemaal<\/a>. Ettev\u00f5te on 1994. aastal loodud kolme venna pereettev\u00f5te. Sellest ajast alates tugineb ettev\u00f5te tipptasemel ja usaldusv\u00e4\u00e4rsetele s\u00f5idukite transporditeenustele. Hert Transpordi autopark on kasvanud iga aastaga.<\/p>\n<p>&nbsp;<\/p>\n<p><!-- \/wp:paragraph --><\/p>\n<p><!-- wp:heading --><\/p>\n<h2><strong>P\u00fcsikliendibaas<\/strong><\/h2>\n<p><!-- \/wp:heading --><\/p>\n<p><!-- wp:paragraph --><\/p>\n<p>Kuna meie teenused on laienenud, on meie v\u00f5imalused laienenud. Pakume n\u00fc\u00fcd erinevaid lahendusi mitmesugustele kliendi soovidele. Oleme uhked, et oleme s\u00e4ilitanud lojaalse kliendibaasi mitmete aastate jooksul, luues samal ajal oma klientidega h\u00e4id suhteid. Seet\u00f5ttu usub meie ettev\u00f5te <a href=\"https:\/\/en.wikipedia.org\/wiki\/Federal_Motor_Vehicle_Safety_Standards\">kvaliteetsete teenuste osutamisesse<\/a>.<\/p>\n<p><!-- \/wp:paragraph --><\/p>\n<p><!-- wp:image {\"id\":60,\"sizeSlug\":\"large\"} --><\/p>\n<figure class=\"wp-block-image size-large\"><img fetchpriority=\"high\" decoding=\"async\" width=\"1024\" height=\"758\" class=\"wp-image-60\" src=\"http:\/\/hert.ee\/wp-content\/uploads\/2020\/06\/truck-1024x758.jpg\" alt=\"\" srcset=\"https:\/\/hert.ee\/wp-content\/uploads\/2020\/06\/truck-1024x758.jpg 1024w, https:\/\/hert.ee\/wp-content\/uploads\/2020\/06\/truck-300x222.jpg 300w, https:\/\/hert.ee\/wp-content\/uploads\/2020\/06\/truck-768x568.jpg 768w, https:\/\/hert.ee\/wp-content\/uploads\/2020\/06\/truck.jpg 1419w\" sizes=\"(max-width: 1024px) 100vw, 1024px\" \/><figcaption><strong>Cargo Expedition in Rotterdam<\/strong><\/figcaption><\/figure>\n<p><!-- \/wp:image --><\/p>\n<p><!-- wp:heading --><\/p>\n<h2><\/h2>\n<h2><strong>Kaubavedu Rotterdamis<\/strong><\/h2>\n<p><!-- \/wp:heading --><\/p>\n<p><!-- wp:paragraph --><\/p>\n<p>Hert Transport pakub laiaulatuslikke autoveoteenuseid nii \u00e4ri- kui ka eraklientidele. \u00dcksk\u00f5ik, kas soovite transportida \u00fchte s\u00f5idukit v\u00f5i kuni k\u00fcmmet s\u00f5idukit, saame sellega hakkama. Meie teadlike ja usaldusv\u00e4\u00e4rsete spetsialistide meeskonnal on kogemus <a href=\"https:\/\/en.wikipedia.org\/wiki\/Rotterdam\">kaubaekspeditsiooniteenuste k\u00e4itlemisel Rotterdami suurematel marsruutidel.<\/a><\/p>\n<p><!-- \/wp:paragraph --><\/p>\n<p><!-- wp:heading {\"level\":3} --><\/p>\n<h3><\/h3>\n<h3>Kaubavedu nii uutele kui ka kasutatud s\u00f5idukitele<\/h3>\n<p><!-- \/wp:heading --><\/p>\n<p><!-- wp:paragraph --><\/p>\n<p>Rakendame uusimat tehnoloogiat s\u00f5idukite \u00fcleslaadimiseks oma veoautodele. P\u00e4rast \u00fcleslaadimist rihmivad meie profid s\u00f5idukid h\u00e4sti, et tagada ohutu kohaletoimetamine s\u00f5ltumata sihtkohast Rotterdamis. Seet\u00f5ttu v\u00f5ite olla kindel <a href=\"https:\/\/ops.fhwa.dot.gov\/freight\/sw\/regulations\/index.htm\">professionaalse ja turvalise auto kohaletoimetamise<\/a> teeninduses. Rotterdami tipptasemel s\u00f5idukitranspordi jaoks on Hert Transport k\u00f5ige usaldusv\u00e4\u00e4rsem autode k\u00e4ttetoimetamise teenus. Meie professionaalsel meeskonnal on aastatepikkune kogemus selliste autotranspordi vajaduste osas kogu Rotterdamis. Kas vajate Rotterdamis tuhandete kilomeetrite pikkuseid kaubaekspeditsiooniteenuseid? Noh, \u00e4rge muretsege! Seda teeb Hert Transport p\u00e4evast p\u00e4eva alates 1994. aastast.<\/p>\n<p><!-- \/wp:paragraph --><\/p>\n<p><!-- wp:heading --><\/p>\n<h2><\/h2>\n<h2>Ohutu, aus ja kiire kaubaekspeditsioon<\/h2>\n<p><!-- \/wp:heading --><\/p>\n<p><!-- wp:paragraph --><\/p>\n<p><a href=\"https:\/\/web.facebook.com\/HertTransport\/?_rdc=1&amp;_rdr\">Kvaliteetne t\u00f6\u00f6 on muutnud Hert Transpordi parimate logistikaettev\u00f5tete hulka.<\/a> Selle saavutame tagades m\u00f5ned p\u00f5hiprotokollid, mida me kunagi ei j\u00e4rgi. Palkame ausa, silmapaistva ja konkurentsiv\u00f5imelise meeskonna. Meie kogenud koolitajad v\u00f5tavad palgatud t\u00f6\u00f6tajad l\u00e4bi olulistest kaubavedudest. Nii ei l\u00e4he kaduma see, mida ettev\u00f5te on 24 aasta jooksul kaubaveo\u00e4ris \u00f5ppinud. See kantakse lihtsalt \u00fchest meeskonnast teise.<\/p>\n<p><!-- \/wp:paragraph --><\/p>\n<p><!-- wp:heading {\"level\":3} --><\/p>\n<h3><\/h3>\n<h3><strong>Veatu kaubaekspeditsioon<\/strong><\/h3>\n<p><!-- \/wp:heading --><\/p>\n<p><!-- wp:paragraph --><\/p>\n<p>Kasutame uusimat tehnoloogiat, mida t\u00e4na kasutatakse s\u00f5idukite veoteenustes. <a href=\"https:\/\/www.epa.gov\/importing-exporting\">Seet\u00f5ttu on lastiekspeditsioonide lihtsuse ja ohutuse osas tehtud edusammud<\/a> meie k\u00e4es. Nii saame teile pakkuda kvaliteetset teenust. Veelgi enam &#8211; meie meeskond kontrollib tavaliselt meie veoautode seisukorda enne ja p\u00e4rast iga kaubaekspeditsiooni.<\/p>\n<p><!-- \/wp:paragraph --><\/p>\n<p><!-- wp:heading --><\/p>\n<h2><\/h2>\n<h2>J\u00f5udke meie poole<\/h2>\n<p><!-- \/wp:heading --><\/p>\n<p><!-- wp:paragraph --><\/p>\n<p>\u00dcksk\u00f5ik kus teie asukoht on Rotterdamis, laske oma autode kohaletoimetamisel tegeleda \u00fche parima logistikaettev\u00f5ttega. Broneeri kaubaekspeditsioon meiega \u00fche hiirekl\u00f5psuga. K\u00fclastage meie veebis\u00fcsteemi, et broneerida veosekspeditsioon, saada pakkumist ja j\u00e4lgida oma kohaletoimetamise hetkeseisu. Meil on s\u00f5braliku klienditeeninduse meeskond, kes on valmis vastama teie vajadustele. <a href=\"http:\/\/hert.ee\/en\/contacts\/\">V\u00f5tke meiega kohe \u00fchendust, et teie auto tarnitaks Rotterdamis<\/a> v\u00f5i mujal ilma \u00fchegi kriimustuseta.<\/p>\n<p><!-- \/wp:paragraph --><\/p>\n\t\t\t\t\t\t<\/div>\n\t\t\t\t<\/div>\n\t\t\t\t\t<\/div>\n\t\t<\/div>\n\t\t\t\t<div class=\"elementor-column elementor-col-33 elementor-top-column elementor-element elementor-element-9d45d46 elementor-hidden-phone\" data-id=\"9d45d46\" data-element_type=\"column\">\n\t\t\t<div class=\"elementor-widget-wrap\">\n\t\t\t\t\t\t\t<\/div>\n\t\t<\/div>\n\t\t\t\t\t<\/div>\n\t\t<\/section>\n\t\t\t\t<\/div>\n\t\t","protected":false},"excerpt":{"rendered":"<p>Hert Transport on juhtiv s\u00f5idukite transporti pakkuv ettev\u00f5te, kellel on aastak\u00fcmnete pikkune autovedude kogemus kogu Euroopas ja Venemaal. Ettev\u00f5te on 1994. aastal loodud kolme venna pereettev\u00f5te. Sellest ajast alates tugineb ettev\u00f5te tipptasemel ja usaldusv\u00e4\u00e4rsetele s\u00f5idukite transporditeenustele. Hert Transpordi autopark on kasvanud iga aastaga. &nbsp; P\u00fcsikliendibaas Kuna meie teenused on laienenud, on meie v\u00f5imalused laienenud. Pakume &#8230; <a title=\"Rotterdam Holland S\u00f5idukite Transport\" class=\"read-more\" href=\"https:\/\/hert.ee\/et\/rotterdam-holland-soidukite-transport\/\" aria-label=\"Read more about Rotterdam Holland S\u00f5idukite Transport\">Read more<\/a><\/p>\n","protected":false},"author":1,"featured_media":0,"parent":0,"menu_order":0,"comment_status":"closed","ping_status":"closed","template":"elementor_header_footer","meta":{"footnotes":""},"yoast_head":"<!-- This site is optimized with the Yoast SEO plugin v22.9 - https:\/\/yoast.com\/wordpress\/plugins\/seo\/ -->\n<title>Rotterdam Holland S\u00f5idukite Transport - HERT Transport<\/title>\n<meta name=\"description\" content=\"Rotterdam Holland S\u00f5idukite Transport. Kui vajad abi transpordiga Euroopas v\u00f5i Venemaal v\u00f5ta meiega \u00fchendust!\" \/>\n<meta name=\"robots\" content=\"index, follow, max-snippet:-1, max-image-preview:large, max-video-preview:-1\" \/>\n<link rel=\"canonical\" href=\"https:\/\/hert.ee\/et\/rotterdam-holland-soidukite-transport\/\" \/>\n<meta property=\"og:locale\" content=\"et_EE\" \/>\n<meta property=\"og:type\" content=\"article\" \/>\n<meta property=\"og:title\" content=\"Rotterdam Holland S\u00f5idukite Transport - HERT Transport\" \/>\n<meta property=\"og:description\" content=\"Rotterdam Holland S\u00f5idukite Transport. Kui vajad abi transpordiga Euroopas v\u00f5i Venemaal v\u00f5ta meiega \u00fchendust!\" \/>\n<meta property=\"og:url\" content=\"https:\/\/hert.ee\/et\/rotterdam-holland-soidukite-transport\/\" \/>\n<meta property=\"og:site_name\" content=\"HERT Transport\" \/>\n<meta property=\"article:modified_time\" content=\"2020-11-12T13:19:41+00:00\" \/>\n<meta property=\"og:image\" content=\"http:\/\/hert.ee\/wp-content\/uploads\/2020\/06\/truck-1024x758.jpg\" \/>\n<meta name=\"twitter:card\" content=\"summary_large_image\" \/>\n<meta name=\"twitter:label1\" content=\"Est. reading time\" \/>\n\t<meta name=\"twitter:data1\" content=\"2 minutit\" \/>\n<script type=\"application\/ld+json\" class=\"yoast-schema-graph\">{\"@context\":\"https:\/\/schema.org\",\"@graph\":[{\"@type\":\"WebPage\",\"@id\":\"https:\/\/hert.ee\/et\/rotterdam-holland-soidukite-transport\/\",\"url\":\"https:\/\/hert.ee\/et\/rotterdam-holland-soidukite-transport\/\",\"name\":\"Rotterdam Holland S\u00f5idukite Transport - HERT Transport\",\"isPartOf\":{\"@id\":\"https:\/\/hert.ee\/#website\"},\"primaryImageOfPage\":{\"@id\":\"https:\/\/hert.ee\/et\/rotterdam-holland-soidukite-transport\/#primaryimage\"},\"image\":{\"@id\":\"https:\/\/hert.ee\/et\/rotterdam-holland-soidukite-transport\/#primaryimage\"},\"thumbnailUrl\":\"http:\/\/hert.ee\/wp-content\/uploads\/2020\/06\/truck-1024x758.jpg\",\"datePublished\":\"2020-08-03T10:48:47+00:00\",\"dateModified\":\"2020-11-12T13:19:41+00:00\",\"description\":\"Rotterdam Holland S\u00f5idukite Transport. Kui vajad abi transpordiga Euroopas v\u00f5i Venemaal v\u00f5ta meiega \u00fchendust!\",\"breadcrumb\":{\"@id\":\"https:\/\/hert.ee\/et\/rotterdam-holland-soidukite-transport\/#breadcrumb\"},\"inLanguage\":\"et\",\"potentialAction\":[{\"@type\":\"ReadAction\",\"target\":[\"https:\/\/hert.ee\/et\/rotterdam-holland-soidukite-transport\/\"]}]},{\"@type\":\"ImageObject\",\"inLanguage\":\"et\",\"@id\":\"https:\/\/hert.ee\/et\/rotterdam-holland-soidukite-transport\/#primaryimage\",\"url\":\"http:\/\/hert.ee\/wp-content\/uploads\/2020\/06\/truck-1024x758.jpg\",\"contentUrl\":\"http:\/\/hert.ee\/wp-content\/uploads\/2020\/06\/truck-1024x758.jpg\"},{\"@type\":\"BreadcrumbList\",\"@id\":\"https:\/\/hert.ee\/et\/rotterdam-holland-soidukite-transport\/#breadcrumb\",\"itemListElement\":[{\"@type\":\"ListItem\",\"position\":1,\"name\":\"Home\",\"item\":\"https:\/\/hert.ee\/et\/\"},{\"@type\":\"ListItem\",\"position\":2,\"name\":\"Rotterdam Holland S\u00f5idukite Transport\"}]},{\"@type\":\"WebSite\",\"@id\":\"https:\/\/hert.ee\/#website\",\"url\":\"https:\/\/hert.ee\/\",\"name\":\"HERT Transport\",\"description\":\"\",\"publisher\":{\"@id\":\"https:\/\/hert.ee\/#organization\"},\"potentialAction\":[{\"@type\":\"SearchAction\",\"target\":{\"@type\":\"EntryPoint\",\"urlTemplate\":\"https:\/\/hert.ee\/?s={search_term_string}\"},\"query-input\":\"required name=search_term_string\"}],\"inLanguage\":\"et\"},{\"@type\":\"Organization\",\"@id\":\"https:\/\/hert.ee\/#organization\",\"name\":\"Hert-Transport AS\",\"url\":\"https:\/\/hert.ee\/\",\"logo\":{\"@type\":\"ImageObject\",\"inLanguage\":\"et\",\"@id\":\"https:\/\/hert.ee\/#\/schema\/logo\/image\/\",\"url\":\"http:\/\/hert.ee\/wp-content\/uploads\/2020\/07\/Soidukite_transport.jpg\",\"contentUrl\":\"http:\/\/hert.ee\/wp-content\/uploads\/2020\/07\/Soidukite_transport.jpg\",\"width\":1024,\"height\":683,\"caption\":\"Hert-Transport AS\"},\"image\":{\"@id\":\"https:\/\/hert.ee\/#\/schema\/logo\/image\/\"}}]}<\/script>\n<!-- \/ Yoast SEO plugin. -->","yoast_head_json":{"title":"Rotterdam Holland S\u00f5idukite Transport - HERT Transport","description":"Rotterdam Holland S\u00f5idukite Transport. Kui vajad abi transpordiga Euroopas v\u00f5i Venemaal v\u00f5ta meiega \u00fchendust!","robots":{"index":"index","follow":"follow","max-snippet":"max-snippet:-1","max-image-preview":"max-image-preview:large","max-video-preview":"max-video-preview:-1"},"canonical":"https:\/\/hert.ee\/et\/rotterdam-holland-soidukite-transport\/","og_locale":"et_EE","og_type":"article","og_title":"Rotterdam Holland S\u00f5idukite Transport - HERT Transport","og_description":"Rotterdam Holland S\u00f5idukite Transport. Kui vajad abi transpordiga Euroopas v\u00f5i Venemaal v\u00f5ta meiega \u00fchendust!","og_url":"https:\/\/hert.ee\/et\/rotterdam-holland-soidukite-transport\/","og_site_name":"HERT Transport","article_modified_time":"2020-11-12T13:19:41+00:00","og_image":[{"url":"http:\/\/hert.ee\/wp-content\/uploads\/2020\/06\/truck-1024x758.jpg"}],"twitter_card":"summary_large_image","twitter_misc":{"Est. reading time":"2 minutit"},"schema":{"@context":"https:\/\/schema.org","@graph":[{"@type":"WebPage","@id":"https:\/\/hert.ee\/et\/rotterdam-holland-soidukite-transport\/","url":"https:\/\/hert.ee\/et\/rotterdam-holland-soidukite-transport\/","name":"Rotterdam Holland S\u00f5idukite Transport - HERT Transport","isPartOf":{"@id":"https:\/\/hert.ee\/#website"},"primaryImageOfPage":{"@id":"https:\/\/hert.ee\/et\/rotterdam-holland-soidukite-transport\/#primaryimage"},"image":{"@id":"https:\/\/hert.ee\/et\/rotterdam-holland-soidukite-transport\/#primaryimage"},"thumbnailUrl":"http:\/\/hert.ee\/wp-content\/uploads\/2020\/06\/truck-1024x758.jpg","datePublished":"2020-08-03T10:48:47+00:00","dateModified":"2020-11-12T13:19:41+00:00","description":"Rotterdam Holland S\u00f5idukite Transport. Kui vajad abi transpordiga Euroopas v\u00f5i Venemaal v\u00f5ta meiega \u00fchendust!","breadcrumb":{"@id":"https:\/\/hert.ee\/et\/rotterdam-holland-soidukite-transport\/#breadcrumb"},"inLanguage":"et","potentialAction":[{"@type":"ReadAction","target":["https:\/\/hert.ee\/et\/rotterdam-holland-soidukite-transport\/"]}]},{"@type":"ImageObject","inLanguage":"et","@id":"https:\/\/hert.ee\/et\/rotterdam-holland-soidukite-transport\/#primaryimage","url":"http:\/\/hert.ee\/wp-content\/uploads\/2020\/06\/truck-1024x758.jpg","contentUrl":"http:\/\/hert.ee\/wp-content\/uploads\/2020\/06\/truck-1024x758.jpg"},{"@type":"BreadcrumbList","@id":"https:\/\/hert.ee\/et\/rotterdam-holland-soidukite-transport\/#breadcrumb","itemListElement":[{"@type":"ListItem","position":1,"name":"Home","item":"https:\/\/hert.ee\/et\/"},{"@type":"ListItem","position":2,"name":"Rotterdam Holland S\u00f5idukite Transport"}]},{"@type":"WebSite","@id":"https:\/\/hert.ee\/#website","url":"https:\/\/hert.ee\/","name":"HERT Transport","description":"","publisher":{"@id":"https:\/\/hert.ee\/#organization"},"potentialAction":[{"@type":"SearchAction","target":{"@type":"EntryPoint","urlTemplate":"https:\/\/hert.ee\/?s={search_term_string}"},"query-input":"required name=search_term_string"}],"inLanguage":"et"},{"@type":"Organization","@id":"https:\/\/hert.ee\/#organization","name":"Hert-Transport AS","url":"https:\/\/hert.ee\/","logo":{"@type":"ImageObject","inLanguage":"et","@id":"https:\/\/hert.ee\/#\/schema\/logo\/image\/","url":"http:\/\/hert.ee\/wp-content\/uploads\/2020\/07\/Soidukite_transport.jpg","contentUrl":"http:\/\/hert.ee\/wp-content\/uploads\/2020\/07\/Soidukite_transport.jpg","width":1024,"height":683,"caption":"Hert-Transport AS"},"image":{"@id":"https:\/\/hert.ee\/#\/schema\/logo\/image\/"}}]}},"_links":{"self":[{"href":"https:\/\/hert.ee\/et\/wp-json\/wp\/v2\/pages\/1389"}],"collection":[{"href":"https:\/\/hert.ee\/et\/wp-json\/wp\/v2\/pages"}],"about":[{"href":"https:\/\/hert.ee\/et\/wp-json\/wp\/v2\/types\/page"}],"author":[{"embeddable":true,"href":"https:\/\/hert.ee\/et\/wp-json\/wp\/v2\/users\/1"}],"replies":[{"embeddable":true,"href":"https:\/\/hert.ee\/et\/wp-json\/wp\/v2\/comments?post=1389"}],"version-history":[{"count":5,"href":"https:\/\/hert.ee\/et\/wp-json\/wp\/v2\/pages\/1389\/revisions"}],"predecessor-version":[{"id":3139,"href":"https:\/\/hert.ee\/et\/wp-json\/wp\/v2\/pages\/1389\/revisions\/3139"}],"wp:attachment":[{"href":"https:\/\/hert.ee\/et\/wp-json\/wp\/v2\/media?parent=1389"}],"curies":[{"name":"wp","href":"https:\/\/api.w.org\/{rel}","templated":true}]}}