{"id":1393,"date":"2020-08-03T10:57:24","date_gmt":"2020-08-03T10:57:24","guid":{"rendered":"https:\/\/hert.swstesting.com\/berliin-saksamaa-autode-vedu\/"},"modified":"2020-11-12T13:20:45","modified_gmt":"2020-11-12T13:20:45","slug":"berliin-saksamaa-autode-vedu","status":"publish","type":"page","link":"https:\/\/hert.ee\/et\/berliin-saksamaa-autode-vedu\/","title":{"rendered":"Autode vedu Saksamaalt (Berliin)"},"content":{"rendered":"\t\t<div data-elementor-type=\"wp-page\" data-elementor-id=\"1393\" class=\"elementor elementor-1393 elementor-889\" data-elementor-post-type=\"page\">\n\t\t\t\t\t\t<section class=\"elementor-section elementor-top-section elementor-element elementor-element-7be126d elementor-section-boxed elementor-section-height-default elementor-section-height-default\" data-id=\"7be126d\" data-element_type=\"section\" data-settings=\"{&quot;background_background&quot;:&quot;classic&quot;}\">\n\t\t\t\t\t\t<div class=\"elementor-container elementor-column-gap-default\">\n\t\t\t\t\t<div class=\"elementor-column elementor-col-100 elementor-top-column elementor-element elementor-element-08a311a\" data-id=\"08a311a\" data-element_type=\"column\">\n\t\t\t<div class=\"elementor-widget-wrap elementor-element-populated\">\n\t\t\t\t\t\t<div class=\"elementor-element elementor-element-fb35091 elementor-widget elementor-widget-heading\" data-id=\"fb35091\" data-element_type=\"widget\" data-widget_type=\"heading.default\">\n\t\t\t\t<div class=\"elementor-widget-container\">\n\t\t\t<h1 class=\"elementor-heading-title elementor-size-default\">Autode vedu Saksamaalt (Berliin)<\/h1>\t\t<\/div>\n\t\t\t\t<\/div>\n\t\t\t\t\t<\/div>\n\t\t<\/div>\n\t\t\t\t\t<\/div>\n\t\t<\/section>\n\t\t\t\t<section class=\"elementor-section elementor-top-section elementor-element elementor-element-ddbdfb1 elementor-section-boxed elementor-section-height-default elementor-section-height-default\" data-id=\"ddbdfb1\" data-element_type=\"section\" data-settings=\"{&quot;background_background&quot;:&quot;classic&quot;}\">\n\t\t\t\t\t\t<div class=\"elementor-container elementor-column-gap-default\">\n\t\t\t\t\t<div class=\"elementor-column elementor-col-33 elementor-top-column elementor-element elementor-element-4dd7cc7 elementor-hidden-phone\" data-id=\"4dd7cc7\" data-element_type=\"column\">\n\t\t\t<div class=\"elementor-widget-wrap\">\n\t\t\t\t\t\t\t<\/div>\n\t\t<\/div>\n\t\t\t\t<div class=\"elementor-column elementor-col-33 elementor-top-column elementor-element elementor-element-9c2f421\" data-id=\"9c2f421\" data-element_type=\"column\">\n\t\t\t<div class=\"elementor-widget-wrap elementor-element-populated\">\n\t\t\t\t\t\t<div class=\"elementor-element elementor-element-772c830 elementor-widget elementor-widget-text-editor\" data-id=\"772c830\" data-element_type=\"widget\" data-widget_type=\"text-editor.default\">\n\t\t\t\t<div class=\"elementor-widget-container\">\n\t\t\t\t\t\t\t<p><!-- wp:paragraph --><\/p>\n<p>Hert Transport on juhtiv kaubaekspeditsiooniettev\u00f5te, kellel on aastak\u00fcmnete pikkune autovedude <a href=\"http:\/\/hert.ee\/en\/338-2\/\">kogemus kogu Euroopas ja Venemaal<\/a>. Ettev\u00f5te on 1994. aastal loodud kolme venna pereettev\u00f5te. Sellest ajast alates tugineb ettev\u00f5te tipptasemel ja usaldusv\u00e4\u00e4rsetele s\u00f5idukite transporditeenustele. Hert Transport on kolinud kolme p\u00f5lvkonna juhtimisel. See on kasvanud kuni k\u00fcmne s\u00f5idukitransporditeenust pakkuva autopargi praeguseks v\u00f5imaluseks.<\/p>\n<p><!-- \/wp:paragraph --><\/p>\n<p><!-- wp:image {\"align\":\"full\",\"id\":204,\"sizeSlug\":\"large\"} --><\/p>\n<figure class=\"wp-block-image alignfull size-large\"><img fetchpriority=\"high\" decoding=\"async\" width=\"940\" height=\"788\" class=\"wp-image-204\" src=\"http:\/\/hert.ee\/wp-content\/uploads\/2020\/06\/Photo-Apr-19-01-31-31.jpg\" alt=\"\" srcset=\"https:\/\/hert.ee\/wp-content\/uploads\/2020\/06\/Photo-Apr-19-01-31-31.jpg 940w, https:\/\/hert.ee\/wp-content\/uploads\/2020\/06\/Photo-Apr-19-01-31-31-300x251.jpg 300w, https:\/\/hert.ee\/wp-content\/uploads\/2020\/06\/Photo-Apr-19-01-31-31-768x644.jpg 768w\" sizes=\"(max-width: 940px) 100vw, 940px\" \/><\/figure>\n<p><!-- \/wp:image --><\/p>\n<p><!-- wp:heading --><\/p>\n<h2>\u00a0<\/h2>\n<h2><strong>P\u00fcsikliendibaas<\/strong><\/h2>\n<p><!-- \/wp:heading --><\/p>\n<p><!-- wp:paragraph --><\/p>\n<p>Ja kuna meie teenused on laienenud, on meie v\u00f5imalused laienenud, kuna pakume n\u00fc\u00fcd erinevaid lahendusi mitmesugustele kliendi soovidele. Oleme uhked, et s\u00e4ilitame lojaalse kliendibaasi juba ammusest ajast, luues samal ajal oma klientidega h\u00e4id suhteid. Seet\u00f5ttu usub meie <a href=\"https:\/\/en.wikipedia.org\/wiki\/Federal_Motor_Vehicle_Safety_Standards\">ettev\u00f5te kvaliteetsete teenuste osutamisse.<\/a><\/p>\n<h2><strong>\u00a0<\/strong><\/h2>\n<h2><strong>Kaubaveoteenused<\/strong><\/h2>\n<p><!-- \/wp:heading --><\/p>\n<p><!-- wp:paragraph --><\/p>\n<p>Hert Transport pakub laiaulatuslikke autoveoteenuseid nii \u00e4ri- kui ka eraklientidele. \u00dcksk\u00f5ik, kas soovite transportida \u00fchte s\u00f5idukit v\u00f5i kuni k\u00fcmmet s\u00f5idukit, saame sellega hakkama. Meie teadlike ja usaldusv\u00e4\u00e4rsete spetsialistide meeskonnal on kogemus <a href=\"https:\/\/www.berlin.de\/en\/\">kaubaekspeditsiooniteenuste k\u00e4itlemisel Berliini peamistel marsruutidel.<\/a><\/p>\n<p><!-- \/wp:paragraph --><\/p>\n<p><!-- wp:heading {\"level\":3} --><\/p>\n<h3>\u00a0<\/h3>\n<h2><strong>Kaubavedu nii uutele kui ka kasutatud s\u00f5idukitele<\/strong><\/h2>\n<p><!-- \/wp:heading --><\/p>\n<p><!-- wp:paragraph --><\/p>\n<p>Rakendame uusimat tehnoloogiat s\u00f5idukite \u00fcleslaadimiseks oma veoautodele. P\u00e4rast \u00fcleslaadimist rihmivad meie profid s\u00f5idukid h\u00e4sti, et tagada ohutu kohaletoimetamine s\u00f5ltumata sihtkohast Berliinis. Seet\u00f5ttu v\u00f5ite olla kindel <a href=\"https:\/\/ops.fhwa.dot.gov\/freight\/sw\/regulations\/index.htm\">professionaalse ja turvalise auto kohaletoimetamise teeninduses<\/a>. Oluline on Berliini tipptasemel s\u00f5idukitranspordi jaoks Hert Transport k\u00f5ige usaldusv\u00e4\u00e4rsem autode k\u00e4ttetoimetamise teenus. Meie professionaalsel meeskonnal on aastane kogemus selliste autotranspordi vajaduste osas kogu Berliinis. Kas vajate tuhandete kilomeetrite pikkuseid kaubaekspeditsiooniteenuseid Berliinis? Noh, \u00e4rge muretsege! Seda teeb Hert Transport p\u00e4evast p\u00e4eva alates 1994. aastast.<\/p>\n<p><!-- \/wp:paragraph --><\/p>\n<p><!-- wp:heading --><\/p>\n<h2>\u00a0<\/h2>\n<h2><strong>Ohutu, aus ja kiire kaubaekspeditsioon<\/strong><\/h2>\n<p><!-- \/wp:heading --><\/p>\n<p><!-- wp:paragraph --><\/p>\n<p><a href=\"https:\/\/web.facebook.com\/HertTransport\/?_rdc=1&amp;_rdr\">Kvaliteetne t\u00f6\u00f6 on muutnud Hert Transpordi parimate logistikaettev\u00f5tete hulka.<\/a> Selle saavutame tagades m\u00f5ned p\u00f5hiprotokollid, mida me kunagi ei j\u00e4rgi. Palkame ausa, silmapaistva ja konkurentsiv\u00f5imelise meeskonna. Meie kogenud koolitajad v\u00f5tavad palgatud t\u00f6\u00f6tajad l\u00e4bi olulistest kaubavedudest. Nii ei l\u00e4he kaduma see, mida ettev\u00f5te on 24 aasta jooksul kaubaveo\u00e4ris \u00f5ppinud. See kantakse lihtsalt \u00fchest meeskonnast teise.<\/p>\n<p><!-- \/wp:paragraph --><\/p>\n<p><!-- wp:heading {\"level\":3} --><\/p>\n<h3>\u00a0<\/h3>\n<h2><strong>Veatu kaubaekspeditsioon<\/strong><\/h2>\n<p><!-- \/wp:heading --><\/p>\n<p><!-- wp:paragraph --><\/p>\n<p>Kasutame uusimat tehnoloogiat, mida t\u00e4na kasutatakse s\u00f5idukite veoteenustes. <a href=\"https:\/\/www.epa.gov\/importing-exporting\">Seet\u00f5ttu on lastiekspeditsioonide lihtsuse ja ohutuse<\/a> osas tehtud edusammud meie k\u00e4es. Nii saame teile pakkuda kvaliteetset teenust. Veelgi enam &#8211; meie meeskond kontrollib tavaliselt meie veoautode seisukorda enne ja p\u00e4rast iga kaubaekspeditsiooni.<\/p>\n<p><!-- \/wp:paragraph --><\/p>\n<p><!-- wp:image {\"align\":\"full\",\"id\":202,\"sizeSlug\":\"large\"} --><\/p>\n<figure class=\"wp-block-image alignfull size-large\"><img decoding=\"async\" width=\"1024\" height=\"576\" class=\"wp-image-202\" src=\"http:\/\/hert.ee\/wp-content\/uploads\/2020\/06\/Photo-Apr-09-18-51-34-1024x576.jpg\" alt=\"\" srcset=\"https:\/\/hert.ee\/wp-content\/uploads\/2020\/06\/Photo-Apr-09-18-51-34-1024x576.jpg 1024w, https:\/\/hert.ee\/wp-content\/uploads\/2020\/06\/Photo-Apr-09-18-51-34-300x169.jpg 300w, https:\/\/hert.ee\/wp-content\/uploads\/2020\/06\/Photo-Apr-09-18-51-34-768x432.jpg 768w, https:\/\/hert.ee\/wp-content\/uploads\/2020\/06\/Photo-Apr-09-18-51-34.jpg 1032w\" sizes=\"(max-width: 1024px) 100vw, 1024px\" \/><\/figure>\n<p><!-- \/wp:image --><\/p>\n<p><!-- wp:heading --><\/p>\n<h2>\u00a0<\/h2>\n<h2><strong>J\u00f5udke meie poole<\/strong><\/h2>\n<p><!-- \/wp:heading --><\/p>\n<p><!-- wp:paragraph --><\/p>\n<p>\u00dcksk\u00f5ik kus asub teie asukoht Berliinis, laske oma autode kohaletoimetamisel tegeleda \u00fche parima logistikaettev\u00f5ttega. Broneeri kaubaekspeditsioon meiega \u00fche hiirekl\u00f5psuga. K\u00fclastage meie veebis\u00fcsteemi, et broneerida veosekspeditsioon, saada pakkumist ja j\u00e4lgida oma kohaletoimetamise hetkeseisu. Meil on s\u00f5braliku klienditeeninduse meeskond, kes on valmis vastama teie vajadustele. <a href=\"http:\/\/hert.ee\/en\/contacts\/\">V\u00f5tke meiega kohe \u00fchendust, et teie auto tarnitaks Berliinis<\/a> v\u00f5i mujal ilma \u00fchegi kriimustuseta.<\/p>\n<p><!-- \/wp:paragraph --><\/p>\t\t\t\t\t\t<\/div>\n\t\t\t\t<\/div>\n\t\t\t\t\t<\/div>\n\t\t<\/div>\n\t\t\t\t<div class=\"elementor-column elementor-col-33 elementor-top-column elementor-element elementor-element-60322c0 elementor-hidden-phone\" data-id=\"60322c0\" data-element_type=\"column\">\n\t\t\t<div class=\"elementor-widget-wrap\">\n\t\t\t\t\t\t\t<\/div>\n\t\t<\/div>\n\t\t\t\t\t<\/div>\n\t\t<\/section>\n\t\t\t\t<\/div>\n\t\t","protected":false},"excerpt":{"rendered":"<p>Hert Transport on juhtiv kaubaekspeditsiooniettev\u00f5te, kellel on aastak\u00fcmnete pikkune autovedude kogemus kogu Euroopas ja Venemaal. Ettev\u00f5te on 1994. aastal loodud kolme venna pereettev\u00f5te. Sellest ajast alates tugineb ettev\u00f5te tipptasemel ja usaldusv\u00e4\u00e4rsetele s\u00f5idukite transporditeenustele. Hert Transport on kolinud kolme p\u00f5lvkonna juhtimisel. See on kasvanud kuni k\u00fcmne s\u00f5idukitransporditeenust pakkuva autopargi praeguseks v\u00f5imaluseks. \u00a0 P\u00fcsikliendibaas Ja kuna meie &#8230; <a title=\"Autode vedu Saksamaalt (Berliin)\" class=\"read-more\" href=\"https:\/\/hert.ee\/et\/berliin-saksamaa-autode-vedu\/\" aria-label=\"Read more about Autode vedu Saksamaalt (Berliin)\">Read more<\/a><\/p>\n","protected":false},"author":1,"featured_media":0,"parent":0,"menu_order":0,"comment_status":"closed","ping_status":"closed","template":"elementor_header_footer","meta":{"footnotes":""},"yoast_head":"<!-- This site is optimized with the Yoast SEO plugin v22.9 - https:\/\/yoast.com\/wordpress\/plugins\/seo\/ -->\n<title>Autode vedu Saksamaalt (Berliin) - HERT Transport<\/title>\n<meta name=\"description\" content=\"Autode vedu Saksamaalt (Berliin). Kui vajad abi transpordiga Euroopas v\u00f5i Venemaal v\u00f5ta meiega \u00fchendust!\" \/>\n<meta name=\"robots\" content=\"index, follow, max-snippet:-1, max-image-preview:large, max-video-preview:-1\" \/>\n<link rel=\"canonical\" href=\"https:\/\/hert.ee\/et\/berliin-saksamaa-autode-vedu\/\" \/>\n<meta property=\"og:locale\" content=\"et_EE\" \/>\n<meta property=\"og:type\" content=\"article\" \/>\n<meta property=\"og:title\" content=\"Autode vedu Saksamaalt (Berliin) - HERT Transport\" \/>\n<meta property=\"og:description\" content=\"Autode vedu Saksamaalt (Berliin). Kui vajad abi transpordiga Euroopas v\u00f5i Venemaal v\u00f5ta meiega \u00fchendust!\" \/>\n<meta property=\"og:url\" content=\"https:\/\/hert.ee\/et\/berliin-saksamaa-autode-vedu\/\" \/>\n<meta property=\"og:site_name\" content=\"HERT Transport\" \/>\n<meta property=\"article:modified_time\" content=\"2020-11-12T13:20:45+00:00\" \/>\n<meta property=\"og:image\" content=\"http:\/\/hert.ee\/wp-content\/uploads\/2020\/06\/Photo-Apr-19-01-31-31.jpg\" \/>\n<meta name=\"twitter:card\" content=\"summary_large_image\" \/>\n<meta name=\"twitter:label1\" content=\"Est. reading time\" \/>\n\t<meta name=\"twitter:data1\" content=\"2 minutit\" \/>\n<script type=\"application\/ld+json\" class=\"yoast-schema-graph\">{\"@context\":\"https:\/\/schema.org\",\"@graph\":[{\"@type\":\"WebPage\",\"@id\":\"https:\/\/hert.ee\/et\/berliin-saksamaa-autode-vedu\/\",\"url\":\"https:\/\/hert.ee\/et\/berliin-saksamaa-autode-vedu\/\",\"name\":\"Autode vedu Saksamaalt (Berliin) - HERT Transport\",\"isPartOf\":{\"@id\":\"https:\/\/hert.ee\/#website\"},\"primaryImageOfPage\":{\"@id\":\"https:\/\/hert.ee\/et\/berliin-saksamaa-autode-vedu\/#primaryimage\"},\"image\":{\"@id\":\"https:\/\/hert.ee\/et\/berliin-saksamaa-autode-vedu\/#primaryimage\"},\"thumbnailUrl\":\"http:\/\/hert.ee\/wp-content\/uploads\/2020\/06\/Photo-Apr-19-01-31-31.jpg\",\"datePublished\":\"2020-08-03T10:57:24+00:00\",\"dateModified\":\"2020-11-12T13:20:45+00:00\",\"description\":\"Autode vedu Saksamaalt (Berliin). Kui vajad abi transpordiga Euroopas v\u00f5i Venemaal v\u00f5ta meiega \u00fchendust!\",\"breadcrumb\":{\"@id\":\"https:\/\/hert.ee\/et\/berliin-saksamaa-autode-vedu\/#breadcrumb\"},\"inLanguage\":\"et\",\"potentialAction\":[{\"@type\":\"ReadAction\",\"target\":[\"https:\/\/hert.ee\/et\/berliin-saksamaa-autode-vedu\/\"]}]},{\"@type\":\"ImageObject\",\"inLanguage\":\"et\",\"@id\":\"https:\/\/hert.ee\/et\/berliin-saksamaa-autode-vedu\/#primaryimage\",\"url\":\"http:\/\/hert.ee\/wp-content\/uploads\/2020\/06\/Photo-Apr-19-01-31-31.jpg\",\"contentUrl\":\"http:\/\/hert.ee\/wp-content\/uploads\/2020\/06\/Photo-Apr-19-01-31-31.jpg\"},{\"@type\":\"BreadcrumbList\",\"@id\":\"https:\/\/hert.ee\/et\/berliin-saksamaa-autode-vedu\/#breadcrumb\",\"itemListElement\":[{\"@type\":\"ListItem\",\"position\":1,\"name\":\"Home\",\"item\":\"https:\/\/hert.ee\/et\/\"},{\"@type\":\"ListItem\",\"position\":2,\"name\":\"Autode vedu Saksamaalt (Berliin)\"}]},{\"@type\":\"WebSite\",\"@id\":\"https:\/\/hert.ee\/#website\",\"url\":\"https:\/\/hert.ee\/\",\"name\":\"HERT Transport\",\"description\":\"\",\"publisher\":{\"@id\":\"https:\/\/hert.ee\/#organization\"},\"potentialAction\":[{\"@type\":\"SearchAction\",\"target\":{\"@type\":\"EntryPoint\",\"urlTemplate\":\"https:\/\/hert.ee\/?s={search_term_string}\"},\"query-input\":\"required name=search_term_string\"}],\"inLanguage\":\"et\"},{\"@type\":\"Organization\",\"@id\":\"https:\/\/hert.ee\/#organization\",\"name\":\"Hert-Transport AS\",\"url\":\"https:\/\/hert.ee\/\",\"logo\":{\"@type\":\"ImageObject\",\"inLanguage\":\"et\",\"@id\":\"https:\/\/hert.ee\/#\/schema\/logo\/image\/\",\"url\":\"http:\/\/hert.ee\/wp-content\/uploads\/2020\/07\/Soidukite_transport.jpg\",\"contentUrl\":\"http:\/\/hert.ee\/wp-content\/uploads\/2020\/07\/Soidukite_transport.jpg\",\"width\":1024,\"height\":683,\"caption\":\"Hert-Transport AS\"},\"image\":{\"@id\":\"https:\/\/hert.ee\/#\/schema\/logo\/image\/\"}}]}<\/script>\n<!-- \/ Yoast SEO plugin. -->","yoast_head_json":{"title":"Autode vedu Saksamaalt (Berliin) - HERT Transport","description":"Autode vedu Saksamaalt (Berliin). Kui vajad abi transpordiga Euroopas v\u00f5i Venemaal v\u00f5ta meiega \u00fchendust!","robots":{"index":"index","follow":"follow","max-snippet":"max-snippet:-1","max-image-preview":"max-image-preview:large","max-video-preview":"max-video-preview:-1"},"canonical":"https:\/\/hert.ee\/et\/berliin-saksamaa-autode-vedu\/","og_locale":"et_EE","og_type":"article","og_title":"Autode vedu Saksamaalt (Berliin) - HERT Transport","og_description":"Autode vedu Saksamaalt (Berliin). Kui vajad abi transpordiga Euroopas v\u00f5i Venemaal v\u00f5ta meiega \u00fchendust!","og_url":"https:\/\/hert.ee\/et\/berliin-saksamaa-autode-vedu\/","og_site_name":"HERT Transport","article_modified_time":"2020-11-12T13:20:45+00:00","og_image":[{"url":"http:\/\/hert.ee\/wp-content\/uploads\/2020\/06\/Photo-Apr-19-01-31-31.jpg"}],"twitter_card":"summary_large_image","twitter_misc":{"Est. reading time":"2 minutit"},"schema":{"@context":"https:\/\/schema.org","@graph":[{"@type":"WebPage","@id":"https:\/\/hert.ee\/et\/berliin-saksamaa-autode-vedu\/","url":"https:\/\/hert.ee\/et\/berliin-saksamaa-autode-vedu\/","name":"Autode vedu Saksamaalt (Berliin) - HERT Transport","isPartOf":{"@id":"https:\/\/hert.ee\/#website"},"primaryImageOfPage":{"@id":"https:\/\/hert.ee\/et\/berliin-saksamaa-autode-vedu\/#primaryimage"},"image":{"@id":"https:\/\/hert.ee\/et\/berliin-saksamaa-autode-vedu\/#primaryimage"},"thumbnailUrl":"http:\/\/hert.ee\/wp-content\/uploads\/2020\/06\/Photo-Apr-19-01-31-31.jpg","datePublished":"2020-08-03T10:57:24+00:00","dateModified":"2020-11-12T13:20:45+00:00","description":"Autode vedu Saksamaalt (Berliin). Kui vajad abi transpordiga Euroopas v\u00f5i Venemaal v\u00f5ta meiega \u00fchendust!","breadcrumb":{"@id":"https:\/\/hert.ee\/et\/berliin-saksamaa-autode-vedu\/#breadcrumb"},"inLanguage":"et","potentialAction":[{"@type":"ReadAction","target":["https:\/\/hert.ee\/et\/berliin-saksamaa-autode-vedu\/"]}]},{"@type":"ImageObject","inLanguage":"et","@id":"https:\/\/hert.ee\/et\/berliin-saksamaa-autode-vedu\/#primaryimage","url":"http:\/\/hert.ee\/wp-content\/uploads\/2020\/06\/Photo-Apr-19-01-31-31.jpg","contentUrl":"http:\/\/hert.ee\/wp-content\/uploads\/2020\/06\/Photo-Apr-19-01-31-31.jpg"},{"@type":"BreadcrumbList","@id":"https:\/\/hert.ee\/et\/berliin-saksamaa-autode-vedu\/#breadcrumb","itemListElement":[{"@type":"ListItem","position":1,"name":"Home","item":"https:\/\/hert.ee\/et\/"},{"@type":"ListItem","position":2,"name":"Autode vedu Saksamaalt (Berliin)"}]},{"@type":"WebSite","@id":"https:\/\/hert.ee\/#website","url":"https:\/\/hert.ee\/","name":"HERT Transport","description":"","publisher":{"@id":"https:\/\/hert.ee\/#organization"},"potentialAction":[{"@type":"SearchAction","target":{"@type":"EntryPoint","urlTemplate":"https:\/\/hert.ee\/?s={search_term_string}"},"query-input":"required name=search_term_string"}],"inLanguage":"et"},{"@type":"Organization","@id":"https:\/\/hert.ee\/#organization","name":"Hert-Transport AS","url":"https:\/\/hert.ee\/","logo":{"@type":"ImageObject","inLanguage":"et","@id":"https:\/\/hert.ee\/#\/schema\/logo\/image\/","url":"http:\/\/hert.ee\/wp-content\/uploads\/2020\/07\/Soidukite_transport.jpg","contentUrl":"http:\/\/hert.ee\/wp-content\/uploads\/2020\/07\/Soidukite_transport.jpg","width":1024,"height":683,"caption":"Hert-Transport AS"},"image":{"@id":"https:\/\/hert.ee\/#\/schema\/logo\/image\/"}}]}},"_links":{"self":[{"href":"https:\/\/hert.ee\/et\/wp-json\/wp\/v2\/pages\/1393"}],"collection":[{"href":"https:\/\/hert.ee\/et\/wp-json\/wp\/v2\/pages"}],"about":[{"href":"https:\/\/hert.ee\/et\/wp-json\/wp\/v2\/types\/page"}],"author":[{"embeddable":true,"href":"https:\/\/hert.ee\/et\/wp-json\/wp\/v2\/users\/1"}],"replies":[{"embeddable":true,"href":"https:\/\/hert.ee\/et\/wp-json\/wp\/v2\/comments?post=1393"}],"version-history":[{"count":5,"href":"https:\/\/hert.ee\/et\/wp-json\/wp\/v2\/pages\/1393\/revisions"}],"predecessor-version":[{"id":3110,"href":"https:\/\/hert.ee\/et\/wp-json\/wp\/v2\/pages\/1393\/revisions\/3110"}],"wp:attachment":[{"href":"https:\/\/hert.ee\/et\/wp-json\/wp\/v2\/media?parent=1393"}],"curies":[{"name":"wp","href":"https:\/\/api.w.org\/{rel}","templated":true}]}}