{"id":1407,"date":"2020-08-03T12:07:37","date_gmt":"2020-08-03T12:07:37","guid":{"rendered":"https:\/\/hert.swstesting.com\/kaunas-leedu-kauba-transport\/"},"modified":"2020-11-12T13:20:37","modified_gmt":"2020-11-12T13:20:37","slug":"kaunas-leedu-kauba-transport","status":"publish","type":"page","link":"https:\/\/hert.ee\/et\/kaunas-leedu-kauba-transport\/","title":{"rendered":"Kauba Transport (Kaunas, Leedu)"},"content":{"rendered":"\t\t<div data-elementor-type=\"wp-page\" data-elementor-id=\"1407\" class=\"elementor elementor-1407 elementor-891\" data-elementor-post-type=\"page\">\n\t\t\t\t\t\t<section class=\"elementor-section elementor-top-section elementor-element elementor-element-16d137b elementor-section-boxed elementor-section-height-default elementor-section-height-default\" data-id=\"16d137b\" data-element_type=\"section\" data-settings=\"{&quot;background_background&quot;:&quot;classic&quot;}\">\n\t\t\t\t\t\t<div class=\"elementor-container elementor-column-gap-default\">\n\t\t\t\t\t<div class=\"elementor-column elementor-col-100 elementor-top-column elementor-element elementor-element-adc8b87\" data-id=\"adc8b87\" data-element_type=\"column\">\n\t\t\t<div class=\"elementor-widget-wrap elementor-element-populated\">\n\t\t\t\t\t\t<div class=\"elementor-element elementor-element-6266dbb elementor-widget elementor-widget-heading\" data-id=\"6266dbb\" data-element_type=\"widget\" data-widget_type=\"heading.default\">\n\t\t\t\t<div class=\"elementor-widget-container\">\n\t\t\t<h1 class=\"elementor-heading-title elementor-size-default\">Kauba Transport (Kaunas, Leedu)<\/h1>\t\t<\/div>\n\t\t\t\t<\/div>\n\t\t\t\t\t<\/div>\n\t\t<\/div>\n\t\t\t\t\t<\/div>\n\t\t<\/section>\n\t\t\t\t<section class=\"elementor-section elementor-top-section elementor-element elementor-element-9f08a50 elementor-section-boxed elementor-section-height-default elementor-section-height-default\" data-id=\"9f08a50\" data-element_type=\"section\" data-settings=\"{&quot;background_background&quot;:&quot;classic&quot;}\">\n\t\t\t\t\t\t<div class=\"elementor-container elementor-column-gap-default\">\n\t\t\t\t\t<div class=\"elementor-column elementor-col-33 elementor-top-column elementor-element elementor-element-966576e elementor-hidden-phone\" data-id=\"966576e\" data-element_type=\"column\">\n\t\t\t<div class=\"elementor-widget-wrap\">\n\t\t\t\t\t\t\t<\/div>\n\t\t<\/div>\n\t\t\t\t<div class=\"elementor-column elementor-col-33 elementor-top-column elementor-element elementor-element-5fdd74a\" data-id=\"5fdd74a\" data-element_type=\"column\">\n\t\t\t<div class=\"elementor-widget-wrap elementor-element-populated\">\n\t\t\t\t\t\t<div class=\"elementor-element elementor-element-8810456 elementor-widget elementor-widget-text-editor\" data-id=\"8810456\" data-element_type=\"widget\" data-widget_type=\"text-editor.default\">\n\t\t\t\t<div class=\"elementor-widget-container\">\n\t\t\t\t\t\t\t<p><!-- wp:paragraph --><\/p>\n<p>Tere tulemast, Hert Transporti! Parim koht autoteenuste ostmiseks! Meie ettev\u00f5te on tegutsenud aastak\u00fcmneid ja pakume parimaid s\u00f5idukite transporditeenuseid turul. Me transpordime s\u00f5idukeid h\u00f5lpsasti Leedus ja teistes Balti riikides. Teie s\u00f5idukid on meiega alati turvalised. <a href=\"http:\/\/hert.ee\/en\/338-2\/\">Meie ettev\u00f5te pakub nii kommerts- kui ka isiklikke transporditeenuseid<\/a>, nii et olenemata Teie vajadustest saame Teid aidata. Hert Transpordi kasutamise valimine Kaunases loob suurep\u00e4rase elamuse k\u00f5igile asjaosalistele.<\/p>\n<p><!-- \/wp:paragraph --><!-- wp:image {\"align\":\"full\",\"id\":57,\"sizeSlug\":\"large\"} --><\/p>\n<figure class=\"wp-block-image alignfull size-large\"><img fetchpriority=\"high\" decoding=\"async\" width=\"1024\" height=\"431\" class=\"wp-image-57\" src=\"http:\/\/hert.ee\/wp-content\/uploads\/2020\/06\/Bitmap-1-1024x431.png\" alt=\"\" srcset=\"https:\/\/hert.ee\/wp-content\/uploads\/2020\/06\/Bitmap-1-1024x431.png 1024w, https:\/\/hert.ee\/wp-content\/uploads\/2020\/06\/Bitmap-1-300x126.png 300w, https:\/\/hert.ee\/wp-content\/uploads\/2020\/06\/Bitmap-1-768x324.png 768w, https:\/\/hert.ee\/wp-content\/uploads\/2020\/06\/Bitmap-1-1536x647.png 1536w, https:\/\/hert.ee\/wp-content\/uploads\/2020\/06\/Bitmap-1.png 1543w\" sizes=\"(max-width: 1024px) 100vw, 1024px\" \/><\/figure>\n<p><!-- \/wp:image --><!-- wp:heading --><\/p>\n<h2>\u00a0<\/h2>\n<h2><strong>S\u00f5iduki turvalisus transportimisel<\/strong><\/h2>\n<p><!-- \/wp:heading --><!-- wp:paragraph --><\/p>\n<p>S\u00f5iduki transportimine v\u00f5ib olla klientidele stressi tekitav, kuna teie s\u00f5idukite k\u00e4itlemise p\u00e4rast on sageli vaja muretseda. <a href=\"https:\/\/wikitravel.org\/en\/Kaunas\">Hert Transpordiga Kaunases<\/a> ei pea Te aga oma autode p\u00e4rast \u00fcldse muretsema. Hoolime meie alla kuuluvate s\u00f5idukite eest alati eriti h\u00e4sti, et need ei saaks vigastada. Meie peale- ja mahalaadimise meeskonnad on hea v\u00e4lja\u00f5ppe saanud ning nad teavad, kuidas Teie s\u00f5idukeid transpordil h\u00f5lpsalt sisse ja v\u00e4lja viia. Kuna oleme l\u00e4bi aegade \u00fcks parimaid logistikaettev\u00f5tteid, toome Teile teenuse, mida Te v\u00e4\u00e4rite.<\/p>\n<p><!-- \/wp:paragraph --><!-- wp:heading {\"level\":3} --><\/p>\n<h3>\u00a0<\/h3>\n<h2>Kauba j\u00e4lgimine<\/h2>\n<p><!-- \/wp:heading --><!-- wp:paragraph --><\/p>\n<p><a href=\"https:\/\/www.fmc.gov\/resources-services\/shipping-your-vehicle-overseas\/\">Veel \u00fcks ettevaatusabin\u00f5u, mida v\u00f5tame teie kauba transportimise puhul, on saadetiste j\u00e4lgimine.<\/a> Me teame t\u00e4pselt, kus Teie s\u00f5idukid kogu aeg asuvad. See t\u00e4hendab, et Te ei pea muretsema, et Teie autotransport varastatakse, kuna meie meeskond kontrollib pidevalt meie tarneid. Seda funktsiooni kasutades saame ka veenduda, et teie saadetised j\u00f5uavad Teile \u00f5igeaegselt. Hoiame Kaunases s\u00f5idukeid alati turvaliselt.<\/p>\n<p><!-- \/wp:paragraph --><!-- wp:heading --><\/p>\n<h2>\u00a0<\/h2>\n<h2>Autoteeninduse Autojuhid<\/h2>\n<p><!-- \/wp:heading --><!-- wp:paragraph --><\/p>\n<p>\u00dcks sagedamini esitatavaid k\u00fcsimusi on meie kaubaveojuhtide kohta. Inimesed tahavad teada, kas meie transpordivahendite juhid on kvalifitseeritud ja h\u00e4sti koolitatud. Kinnitame teile, et meie autojuhid l\u00e4bivad enne autotransportimist range kontrolli ja koolituse. Samuti suhtleme autojuhtidega igal sammul. Selle tulemusel teavitatakse meid kohe k\u00f5igist esile kerkivatest probleemidest. <a href=\"https:\/\/web.facebook.com\/HertTransport\/?_rdc=1&amp;_rdr\">Teie autod on meie s\u00f5idukite transporditeenuste<\/a> kasutamisel k\u00f5ige v\u00f5imekamates k\u00e4tes.<\/p>\n<p><!-- \/wp:paragraph --><!-- wp:heading --><\/p>\n<h2>\u00a0<\/h2>\n<h2><strong>Kaunase kaubaveokid<\/strong><\/h2>\n<p><!-- \/wp:heading --><!-- wp:paragraph --><\/p>\n<p>Meie autokauba kohaletoimetamise s\u00f5idukid siin Kaunases on Teie autodele usaldusv\u00e4\u00e4rsed ja ohutud. \u00dcksk\u00f5ik, kas veate \u00fchte autot v\u00f5i mitut s\u00f5idukit, toimetavad meie vedajad Teie saadetise \u00f5igeaegselt ja h\u00f5lpsalt. <a href=\"https:\/\/ops.fhwa.dot.gov\/freight\/sw\/regulations\/index.htm\">Meie kaubatranspordis\u00f5idukid l\u00e4bivad \u00e4\u00e4rmiselt tiheda katsetamise enne<\/a>, kui neid peetakse liiklusk\u00f5lblikuks. Nii v\u00f5ite olla kindel, et Teie autod on ohutud. Tarnime s\u00f5idukeid k\u00f5rgeima kvaliteediga veoautodega, sest Te v\u00e4\u00e4rite parimat.<\/p>\n<p><!-- \/wp:paragraph --><br \/><!-- wp:image {\"align\":\"center\",\"id\":556,\"width\":584,\"height\":141,\"sizeSlug\":\"large\"} --><\/p>\n<div class=\"wp-block-image\">\n<figure class=\"aligncenter size-large is-resized\"><img decoding=\"async\" class=\"size-medium wp-image-1750 aligncenter\" src=\"http:\/\/hert.ee\/wp-content\/uploads\/2020\/08\/Hert-300x77.png\" alt=\"\" width=\"300\" height=\"77\" srcset=\"https:\/\/hert.ee\/wp-content\/uploads\/2020\/08\/Hert-300x77.png 300w, https:\/\/hert.ee\/wp-content\/uploads\/2020\/08\/Hert-1024x262.png 1024w, https:\/\/hert.ee\/wp-content\/uploads\/2020\/08\/Hert-768x197.png 768w, https:\/\/hert.ee\/wp-content\/uploads\/2020\/08\/Hert-1536x393.png 1536w, https:\/\/hert.ee\/wp-content\/uploads\/2020\/08\/Hert-2048x524.png 2048w\" sizes=\"(max-width: 300px) 100vw, 300px\" \/><\/figure>\n<\/div>\n<p><!-- \/wp:image --><br \/><!-- wp:heading --><\/p>\n<h2>\u00a0<\/h2>\n<h2><strong>Miks mitte teised logistikaettev\u00f5tted?<\/strong><\/h2>\n<p><!-- \/wp:heading --><!-- wp:paragraph --><\/p>\n<p>Peaksite kasutama Herti Transporti, sest meie hoolime. Meie erakordsetest autojuhtidest kuni usaldusv\u00e4\u00e4rsete veoautodeni pakume oma klientidele parimat. Kui teised logistikaettev\u00f5tted v\u00f5ivad ainult hoolitseda, on meil kvaliteetsete kaubavedude ajalugu juba pikk. Valige Hert Transport Kaunases, et autod oleksid vigastamata ja \u00f5igel ajal kohale toimetatud. Pakume Teile iga kord parimat teenust. <a href=\"http:\/\/hert.ee\/en\/contacts\/\">V\u00f5tke meiega juba t\u00e4na \u00fchendust!<\/a><\/p>\n<p><!-- \/wp:paragraph --><\/p>\t\t\t\t\t\t<\/div>\n\t\t\t\t<\/div>\n\t\t\t\t\t<\/div>\n\t\t<\/div>\n\t\t\t\t<div class=\"elementor-column elementor-col-33 elementor-top-column elementor-element elementor-element-ac6be58 elementor-hidden-phone\" data-id=\"ac6be58\" data-element_type=\"column\">\n\t\t\t<div class=\"elementor-widget-wrap\">\n\t\t\t\t\t\t\t<\/div>\n\t\t<\/div>\n\t\t\t\t\t<\/div>\n\t\t<\/section>\n\t\t\t\t<\/div>\n\t\t","protected":false},"excerpt":{"rendered":"<p>Tere tulemast, Hert Transporti! Parim koht autoteenuste ostmiseks! Meie ettev\u00f5te on tegutsenud aastak\u00fcmneid ja pakume parimaid s\u00f5idukite transporditeenuseid turul. Me transpordime s\u00f5idukeid h\u00f5lpsasti Leedus ja teistes Balti riikides. Teie s\u00f5idukid on meiega alati turvalised. Meie ettev\u00f5te pakub nii kommerts- kui ka isiklikke transporditeenuseid, nii et olenemata Teie vajadustest saame Teid aidata. Hert Transpordi kasutamise valimine &#8230; <a title=\"Kauba Transport (Kaunas, Leedu)\" class=\"read-more\" href=\"https:\/\/hert.ee\/et\/kaunas-leedu-kauba-transport\/\" aria-label=\"Read more about Kauba Transport (Kaunas, Leedu)\">Read more<\/a><\/p>\n","protected":false},"author":1,"featured_media":0,"parent":0,"menu_order":0,"comment_status":"closed","ping_status":"closed","template":"elementor_header_footer","meta":{"footnotes":""},"yoast_head":"<!-- This site is optimized with the Yoast SEO plugin v22.9 - https:\/\/yoast.com\/wordpress\/plugins\/seo\/ -->\n<title>Kauba Transport (Kaunas, Leedu) - HERT Transport<\/title>\n<meta name=\"description\" content=\"Kauba Transport (Kaunas, Leedu). Kui vajad abi transpordiga Euroopas v\u00f5i Venemaal v\u00f5ta meiega \u00fchendust!\" \/>\n<meta name=\"robots\" content=\"index, follow, max-snippet:-1, max-image-preview:large, max-video-preview:-1\" \/>\n<link rel=\"canonical\" href=\"https:\/\/hert.ee\/et\/kaunas-leedu-kauba-transport\/\" \/>\n<meta property=\"og:locale\" content=\"et_EE\" \/>\n<meta property=\"og:type\" content=\"article\" \/>\n<meta property=\"og:title\" content=\"Kauba Transport (Kaunas, Leedu) - HERT Transport\" \/>\n<meta property=\"og:description\" content=\"Kauba Transport (Kaunas, Leedu). Kui vajad abi transpordiga Euroopas v\u00f5i Venemaal v\u00f5ta meiega \u00fchendust!\" \/>\n<meta property=\"og:url\" content=\"https:\/\/hert.ee\/et\/kaunas-leedu-kauba-transport\/\" \/>\n<meta property=\"og:site_name\" content=\"HERT Transport\" \/>\n<meta property=\"article:modified_time\" content=\"2020-11-12T13:20:37+00:00\" \/>\n<meta property=\"og:image\" content=\"http:\/\/hert.ee\/wp-content\/uploads\/2020\/06\/Bitmap-1-1024x431.png\" \/>\n<meta name=\"twitter:card\" content=\"summary_large_image\" \/>\n<meta name=\"twitter:label1\" content=\"Est. reading time\" \/>\n\t<meta name=\"twitter:data1\" content=\"2 minutit\" \/>\n<script type=\"application\/ld+json\" class=\"yoast-schema-graph\">{\"@context\":\"https:\/\/schema.org\",\"@graph\":[{\"@type\":\"WebPage\",\"@id\":\"https:\/\/hert.ee\/et\/kaunas-leedu-kauba-transport\/\",\"url\":\"https:\/\/hert.ee\/et\/kaunas-leedu-kauba-transport\/\",\"name\":\"Kauba Transport (Kaunas, Leedu) - HERT Transport\",\"isPartOf\":{\"@id\":\"https:\/\/hert.ee\/#website\"},\"primaryImageOfPage\":{\"@id\":\"https:\/\/hert.ee\/et\/kaunas-leedu-kauba-transport\/#primaryimage\"},\"image\":{\"@id\":\"https:\/\/hert.ee\/et\/kaunas-leedu-kauba-transport\/#primaryimage\"},\"thumbnailUrl\":\"http:\/\/hert.ee\/wp-content\/uploads\/2020\/06\/Bitmap-1-1024x431.png\",\"datePublished\":\"2020-08-03T12:07:37+00:00\",\"dateModified\":\"2020-11-12T13:20:37+00:00\",\"description\":\"Kauba Transport (Kaunas, Leedu). Kui vajad abi transpordiga Euroopas v\u00f5i Venemaal v\u00f5ta meiega \u00fchendust!\",\"breadcrumb\":{\"@id\":\"https:\/\/hert.ee\/et\/kaunas-leedu-kauba-transport\/#breadcrumb\"},\"inLanguage\":\"et\",\"potentialAction\":[{\"@type\":\"ReadAction\",\"target\":[\"https:\/\/hert.ee\/et\/kaunas-leedu-kauba-transport\/\"]}]},{\"@type\":\"ImageObject\",\"inLanguage\":\"et\",\"@id\":\"https:\/\/hert.ee\/et\/kaunas-leedu-kauba-transport\/#primaryimage\",\"url\":\"http:\/\/hert.ee\/wp-content\/uploads\/2020\/06\/Bitmap-1-1024x431.png\",\"contentUrl\":\"http:\/\/hert.ee\/wp-content\/uploads\/2020\/06\/Bitmap-1-1024x431.png\"},{\"@type\":\"BreadcrumbList\",\"@id\":\"https:\/\/hert.ee\/et\/kaunas-leedu-kauba-transport\/#breadcrumb\",\"itemListElement\":[{\"@type\":\"ListItem\",\"position\":1,\"name\":\"Home\",\"item\":\"https:\/\/hert.ee\/et\/\"},{\"@type\":\"ListItem\",\"position\":2,\"name\":\"Kauba Transport (Kaunas, Leedu)\"}]},{\"@type\":\"WebSite\",\"@id\":\"https:\/\/hert.ee\/#website\",\"url\":\"https:\/\/hert.ee\/\",\"name\":\"HERT Transport\",\"description\":\"\",\"publisher\":{\"@id\":\"https:\/\/hert.ee\/#organization\"},\"potentialAction\":[{\"@type\":\"SearchAction\",\"target\":{\"@type\":\"EntryPoint\",\"urlTemplate\":\"https:\/\/hert.ee\/?s={search_term_string}\"},\"query-input\":\"required name=search_term_string\"}],\"inLanguage\":\"et\"},{\"@type\":\"Organization\",\"@id\":\"https:\/\/hert.ee\/#organization\",\"name\":\"Hert-Transport AS\",\"url\":\"https:\/\/hert.ee\/\",\"logo\":{\"@type\":\"ImageObject\",\"inLanguage\":\"et\",\"@id\":\"https:\/\/hert.ee\/#\/schema\/logo\/image\/\",\"url\":\"http:\/\/hert.ee\/wp-content\/uploads\/2020\/07\/Soidukite_transport.jpg\",\"contentUrl\":\"http:\/\/hert.ee\/wp-content\/uploads\/2020\/07\/Soidukite_transport.jpg\",\"width\":1024,\"height\":683,\"caption\":\"Hert-Transport AS\"},\"image\":{\"@id\":\"https:\/\/hert.ee\/#\/schema\/logo\/image\/\"}}]}<\/script>\n<!-- \/ Yoast SEO plugin. -->","yoast_head_json":{"title":"Kauba Transport (Kaunas, Leedu) - HERT Transport","description":"Kauba Transport (Kaunas, Leedu). Kui vajad abi transpordiga Euroopas v\u00f5i Venemaal v\u00f5ta meiega \u00fchendust!","robots":{"index":"index","follow":"follow","max-snippet":"max-snippet:-1","max-image-preview":"max-image-preview:large","max-video-preview":"max-video-preview:-1"},"canonical":"https:\/\/hert.ee\/et\/kaunas-leedu-kauba-transport\/","og_locale":"et_EE","og_type":"article","og_title":"Kauba Transport (Kaunas, Leedu) - HERT Transport","og_description":"Kauba Transport (Kaunas, Leedu). Kui vajad abi transpordiga Euroopas v\u00f5i Venemaal v\u00f5ta meiega \u00fchendust!","og_url":"https:\/\/hert.ee\/et\/kaunas-leedu-kauba-transport\/","og_site_name":"HERT Transport","article_modified_time":"2020-11-12T13:20:37+00:00","og_image":[{"url":"http:\/\/hert.ee\/wp-content\/uploads\/2020\/06\/Bitmap-1-1024x431.png"}],"twitter_card":"summary_large_image","twitter_misc":{"Est. reading time":"2 minutit"},"schema":{"@context":"https:\/\/schema.org","@graph":[{"@type":"WebPage","@id":"https:\/\/hert.ee\/et\/kaunas-leedu-kauba-transport\/","url":"https:\/\/hert.ee\/et\/kaunas-leedu-kauba-transport\/","name":"Kauba Transport (Kaunas, Leedu) - HERT Transport","isPartOf":{"@id":"https:\/\/hert.ee\/#website"},"primaryImageOfPage":{"@id":"https:\/\/hert.ee\/et\/kaunas-leedu-kauba-transport\/#primaryimage"},"image":{"@id":"https:\/\/hert.ee\/et\/kaunas-leedu-kauba-transport\/#primaryimage"},"thumbnailUrl":"http:\/\/hert.ee\/wp-content\/uploads\/2020\/06\/Bitmap-1-1024x431.png","datePublished":"2020-08-03T12:07:37+00:00","dateModified":"2020-11-12T13:20:37+00:00","description":"Kauba Transport (Kaunas, Leedu). Kui vajad abi transpordiga Euroopas v\u00f5i Venemaal v\u00f5ta meiega \u00fchendust!","breadcrumb":{"@id":"https:\/\/hert.ee\/et\/kaunas-leedu-kauba-transport\/#breadcrumb"},"inLanguage":"et","potentialAction":[{"@type":"ReadAction","target":["https:\/\/hert.ee\/et\/kaunas-leedu-kauba-transport\/"]}]},{"@type":"ImageObject","inLanguage":"et","@id":"https:\/\/hert.ee\/et\/kaunas-leedu-kauba-transport\/#primaryimage","url":"http:\/\/hert.ee\/wp-content\/uploads\/2020\/06\/Bitmap-1-1024x431.png","contentUrl":"http:\/\/hert.ee\/wp-content\/uploads\/2020\/06\/Bitmap-1-1024x431.png"},{"@type":"BreadcrumbList","@id":"https:\/\/hert.ee\/et\/kaunas-leedu-kauba-transport\/#breadcrumb","itemListElement":[{"@type":"ListItem","position":1,"name":"Home","item":"https:\/\/hert.ee\/et\/"},{"@type":"ListItem","position":2,"name":"Kauba Transport (Kaunas, Leedu)"}]},{"@type":"WebSite","@id":"https:\/\/hert.ee\/#website","url":"https:\/\/hert.ee\/","name":"HERT Transport","description":"","publisher":{"@id":"https:\/\/hert.ee\/#organization"},"potentialAction":[{"@type":"SearchAction","target":{"@type":"EntryPoint","urlTemplate":"https:\/\/hert.ee\/?s={search_term_string}"},"query-input":"required name=search_term_string"}],"inLanguage":"et"},{"@type":"Organization","@id":"https:\/\/hert.ee\/#organization","name":"Hert-Transport AS","url":"https:\/\/hert.ee\/","logo":{"@type":"ImageObject","inLanguage":"et","@id":"https:\/\/hert.ee\/#\/schema\/logo\/image\/","url":"http:\/\/hert.ee\/wp-content\/uploads\/2020\/07\/Soidukite_transport.jpg","contentUrl":"http:\/\/hert.ee\/wp-content\/uploads\/2020\/07\/Soidukite_transport.jpg","width":1024,"height":683,"caption":"Hert-Transport AS"},"image":{"@id":"https:\/\/hert.ee\/#\/schema\/logo\/image\/"}}]}},"_links":{"self":[{"href":"https:\/\/hert.ee\/et\/wp-json\/wp\/v2\/pages\/1407"}],"collection":[{"href":"https:\/\/hert.ee\/et\/wp-json\/wp\/v2\/pages"}],"about":[{"href":"https:\/\/hert.ee\/et\/wp-json\/wp\/v2\/types\/page"}],"author":[{"embeddable":true,"href":"https:\/\/hert.ee\/et\/wp-json\/wp\/v2\/users\/1"}],"replies":[{"embeddable":true,"href":"https:\/\/hert.ee\/et\/wp-json\/wp\/v2\/comments?post=1407"}],"version-history":[{"count":5,"href":"https:\/\/hert.ee\/et\/wp-json\/wp\/v2\/pages\/1407\/revisions"}],"predecessor-version":[{"id":3127,"href":"https:\/\/hert.ee\/et\/wp-json\/wp\/v2\/pages\/1407\/revisions\/3127"}],"wp:attachment":[{"href":"https:\/\/hert.ee\/et\/wp-json\/wp\/v2\/media?parent=1407"}],"curies":[{"name":"wp","href":"https:\/\/api.w.org\/{rel}","templated":true}]}}