{"id":1412,"date":"2020-08-03T12:16:28","date_gmt":"2020-08-03T12:16:28","guid":{"rendered":"https:\/\/hert.swstesting.com\/stockholm-rootsi-autode-transport\/"},"modified":"2020-11-12T13:18:58","modified_gmt":"2020-11-12T13:18:58","slug":"stockholm-rootsi-autode-transport","status":"publish","type":"page","link":"https:\/\/hert.ee\/et\/stockholm-rootsi-autode-transport\/","title":{"rendered":"Stockholm Rootsi Autode Transport"},"content":{"rendered":"\t\t<div data-elementor-type=\"wp-page\" data-elementor-id=\"1412\" class=\"elementor elementor-1412 elementor-875\" data-elementor-post-type=\"page\">\n\t\t\t\t\t\t<section class=\"elementor-section elementor-top-section elementor-element elementor-element-6d286ad elementor-section-boxed elementor-section-height-default elementor-section-height-default\" data-id=\"6d286ad\" data-element_type=\"section\" data-settings=\"{&quot;background_background&quot;:&quot;classic&quot;}\">\n\t\t\t\t\t\t<div class=\"elementor-container elementor-column-gap-default\">\n\t\t\t\t\t<div class=\"elementor-column elementor-col-100 elementor-top-column elementor-element elementor-element-5fd5bf5\" data-id=\"5fd5bf5\" data-element_type=\"column\">\n\t\t\t<div class=\"elementor-widget-wrap elementor-element-populated\">\n\t\t\t\t\t\t<div class=\"elementor-element elementor-element-ef90c7b elementor-widget elementor-widget-heading\" data-id=\"ef90c7b\" data-element_type=\"widget\" data-widget_type=\"heading.default\">\n\t\t\t\t<div class=\"elementor-widget-container\">\n\t\t\t<h1 class=\"elementor-heading-title elementor-size-default\">Stockholm Rootsi Autode Transport<\/h1>\t\t<\/div>\n\t\t\t\t<\/div>\n\t\t\t\t\t<\/div>\n\t\t<\/div>\n\t\t\t\t\t<\/div>\n\t\t<\/section>\n\t\t\t\t<section class=\"elementor-section elementor-top-section elementor-element elementor-element-eb0a0f7 elementor-section-boxed elementor-section-height-default elementor-section-height-default\" data-id=\"eb0a0f7\" data-element_type=\"section\" data-settings=\"{&quot;background_background&quot;:&quot;classic&quot;}\">\n\t\t\t\t\t\t<div class=\"elementor-container elementor-column-gap-default\">\n\t\t\t\t\t<div class=\"elementor-column elementor-col-33 elementor-top-column elementor-element elementor-element-f753d94 elementor-hidden-phone\" data-id=\"f753d94\" data-element_type=\"column\">\n\t\t\t<div class=\"elementor-widget-wrap\">\n\t\t\t\t\t\t\t<\/div>\n\t\t<\/div>\n\t\t\t\t<div class=\"elementor-column elementor-col-33 elementor-top-column elementor-element elementor-element-dd80b78\" data-id=\"dd80b78\" data-element_type=\"column\">\n\t\t\t<div class=\"elementor-widget-wrap elementor-element-populated\">\n\t\t\t\t\t\t<div class=\"elementor-element elementor-element-e0969c2 elementor-widget elementor-widget-text-editor\" data-id=\"e0969c2\" data-element_type=\"widget\" data-widget_type=\"text-editor.default\">\n\t\t\t\t<div class=\"elementor-widget-container\">\n\t\t\t\t\t\t\t<p><!-- wp:paragraph --><\/p>\n<p>Kas vajate s\u00f5idukite transporti Stockholmi piirkonna l\u00e4hedal? Kui jah, siis on Hert Transport teie jaoks! Oleme tegevad Euroopas ja Skandinaavias ning pakume autode ja kauba transporti ning veoteenuseid. <a href=\"http:\/\/hert.ee\/en\/contacts\/\">Kui vajate kiiret ja tipptasemel s\u00f5idukitransporti,<\/a> saab Hert Transport Stockholmis seda pakkuda.<\/p>\n<p><!-- \/wp:paragraph --><!-- wp:image {\"id\":220,\"sizeSlug\":\"large\"} --><\/p>\n<figure class=\"wp-block-image size-large\"><img fetchpriority=\"high\" decoding=\"async\" width=\"960\" height=\"495\" class=\"wp-image-220\" src=\"http:\/\/hert.ee\/wp-content\/uploads\/2020\/06\/Photo-May-01-10-30-16.jpg\" alt=\"\" srcset=\"https:\/\/hert.ee\/wp-content\/uploads\/2020\/06\/Photo-May-01-10-30-16.jpg 960w, https:\/\/hert.ee\/wp-content\/uploads\/2020\/06\/Photo-May-01-10-30-16-300x155.jpg 300w, https:\/\/hert.ee\/wp-content\/uploads\/2020\/06\/Photo-May-01-10-30-16-768x396.jpg 768w\" sizes=\"(max-width: 960px) 100vw, 960px\" \/><\/figure>\n<p><!-- \/wp:image --><!-- wp:heading --><\/p>\n<h2 style=\"font-style: normal;\"><span style=\"font-weight: 700;\">Stockholmi s\u00f5idukite vedu<\/span><\/h2>\n<p><!-- \/wp:heading --><!-- wp:paragraph --><\/p>\n<p>Meie kliendid on erineva taustaga eraisikud ja ettev\u00f5tted. Me ei vea ainult uusi autosid. See t\u00e4hendab, et erakliendid kasutavad meie autode kohaletoimetamise teenust ka kasutatud autode transportimiseks v\u00e4lismaalt. <a href=\"https:\/\/web.facebook.com\/HertTransport\/?_rdc=1&amp;_rdr\">Autotransport<\/a> on saadaval nii vanade kui ka uute autode jaoks, nii et helistage meile kui vajate abi. V\u00e4\u00e4rtustame k\u00f5iki oma kliente, nii ettev\u00f5tteid kui eraisikuid ning pakume usaldusv\u00e4\u00e4rset teenust.<\/p>\n<p><!-- \/wp:heading --><!-- wp:paragraph --><\/p>\n<p>Hert Transpordi kasutatavad s\u00f5idukid on autotranspordi jaoks usaldusv\u00e4\u00e4rsed ja ohutud. Kontrollime sageli nende korrasolekut. Oleme h\u00e4sti kursis ka k\u00f5igi s\u00f5idukit\u00fc\u00fcpide turvalise vedamisega.&nbsp;<a href=\"http:\/\/hert.ee\/en\/338-2\/\">Nii et igal ajal, kui Teie autod osalevad transportimisel, v\u00f5ite olla kindel, et need on meie veoautodel k<\/a>aitstud.<\/p>\n<p><!-- \/wp:paragraph --><!-- wp:heading --><\/p>\n<h2><\/h2>\n<h2><strong>Stockholmi kaubaveo j\u00e4lgimine<\/strong><\/h2>\n<p><!-- \/wp:heading --><!-- wp:paragraph --><\/p>\n<p>Hert Transport kasutab j\u00e4lgimistarkvara, mis aitab reaalajas j\u00e4lgida k\u00f5iki veokeid. See t\u00e4hendab, et me teame t\u00e4pselt, kus Teie saadetis on.<\/p>\n<p><!-- \/wp:paragraph --><!-- wp:heading --><\/p>\n<h2><\/h2>\n<h2>S\u00f5idukite veoteenused<\/h2>\n<p><!-- \/wp:heading --><!-- wp:paragraph --><\/p>\n<p>Meie mitmekesistele klientidele on palju erinevaid kaubaveo v\u00f5imalusi. Meie juhid on saanud suurep\u00e4rase v\u00e4lja\u00f5ppega professionaalsed t\u00f6\u00f6tajad. Koost\u00f6\u00f6s maailmatasemel partneritega on kiire ja turvaline veoteenus tagatud.<\/p>\n<p><!-- \/wp:paragraph --><!-- wp:heading {\"level\":3} --><\/p>\n<h3><\/h3>\n<h3><strong>Parimad autojuhid s\u00f5idukite transpordil<\/strong><\/h3>\n<p><!-- \/wp:heading --><!-- wp:paragraph --><\/p>\n<p>Meie autojuhid on v\u00e4ga kvalifitseeritud ja suurep\u00e4rased oma t\u00f6\u00f6kohtadel. Kontrollime oma autojuhte p\u00f5hjalikult. Te ei pea oma autode p\u00e4rast muretsema, kui kasutate meie teenust. Suhtleme oma autojuhtidega j\u00e4rjepidevalt, nii et me teaksime, mis transpordi ajal toimub.<\/p>\n<p><!-- \/wp:paragraph --><!-- wp:image {\"id\":60,\"sizeSlug\":\"large\"} --><\/p>\n<figure class=\"wp-block-image size-large\"><img decoding=\"async\" width=\"1024\" height=\"758\" class=\"wp-image-60\" src=\"http:\/\/hert.ee\/wp-content\/uploads\/2020\/06\/truck-1024x758.jpg\" alt=\"\" srcset=\"https:\/\/hert.ee\/wp-content\/uploads\/2020\/06\/truck-1024x758.jpg 1024w, https:\/\/hert.ee\/wp-content\/uploads\/2020\/06\/truck-300x222.jpg 300w, https:\/\/hert.ee\/wp-content\/uploads\/2020\/06\/truck-768x568.jpg 768w, https:\/\/hert.ee\/wp-content\/uploads\/2020\/06\/truck.jpg 1419w\" sizes=\"(max-width: 1024px) 100vw, 1024px\" \/><\/figure>\n<p><!-- \/wp:image --><!-- wp:heading --><\/p>\n<h2><\/h2>\n<h2><strong>Miks mitte teised logistikaettev\u00f5tted?<\/strong><\/h2>\n<p><!-- \/wp:heading --><!-- wp:paragraph --><\/p>\n<p><a href=\"https:\/\/www.visitstockholm.com\/\">Peaksite valima Hert Transport Stockholmis,<\/a> sest me hoolime oma klientide eest. Teie saadetised on alati meie prioriteet ja me teeme k\u00f5ik endast oleneva, et teie autod turvaliselt kohale toimetada.<a href=\"http:\/\/hert.ee\/en\/323-2\/\"> V\u00f5tke meiega juba t\u00e4na \u00fchendust!<\/a><\/p>\n<p><!-- \/wp:paragraph --><\/p>\t\t\t\t\t\t<\/div>\n\t\t\t\t<\/div>\n\t\t\t\t\t<\/div>\n\t\t<\/div>\n\t\t\t\t<div class=\"elementor-column elementor-col-33 elementor-top-column elementor-element elementor-element-72327b2 elementor-hidden-phone\" data-id=\"72327b2\" data-element_type=\"column\">\n\t\t\t<div class=\"elementor-widget-wrap\">\n\t\t\t\t\t\t\t<\/div>\n\t\t<\/div>\n\t\t\t\t\t<\/div>\n\t\t<\/section>\n\t\t\t\t<\/div>\n\t\t","protected":false},"excerpt":{"rendered":"<p>Kas vajate s\u00f5idukite transporti Stockholmi piirkonna l\u00e4hedal? Kui jah, siis on Hert Transport teie jaoks! Oleme tegevad Euroopas ja Skandinaavias ning pakume autode ja kauba transporti ning veoteenuseid. Kui vajate kiiret ja tipptasemel s\u00f5idukitransporti, saab Hert Transport Stockholmis seda pakkuda. Stockholmi s\u00f5idukite vedu Meie kliendid on erineva taustaga eraisikud ja ettev\u00f5tted. Me ei vea ainult &#8230; <a title=\"Stockholm Rootsi Autode Transport\" class=\"read-more\" href=\"https:\/\/hert.ee\/et\/stockholm-rootsi-autode-transport\/\" aria-label=\"Read more about Stockholm Rootsi Autode Transport\">Read more<\/a><\/p>\n","protected":false},"author":1,"featured_media":0,"parent":0,"menu_order":0,"comment_status":"closed","ping_status":"closed","template":"elementor_header_footer","meta":{"footnotes":""},"yoast_head":"<!-- This site is optimized with the Yoast SEO plugin v22.9 - https:\/\/yoast.com\/wordpress\/plugins\/seo\/ -->\n<title>Stockholm Rootsi Autode Transport - HERT Transport<\/title>\n<meta name=\"description\" content=\"Stockholm Rootsi Autode Transport. Kui vajad abi transpordiga Euroopas v\u00f5i Venemaal v\u00f5ta meiega \u00fchendust!\" \/>\n<meta name=\"robots\" content=\"index, follow, max-snippet:-1, max-image-preview:large, max-video-preview:-1\" \/>\n<link rel=\"canonical\" href=\"https:\/\/hert.ee\/et\/stockholm-rootsi-autode-transport\/\" \/>\n<meta property=\"og:locale\" content=\"et_EE\" \/>\n<meta property=\"og:type\" content=\"article\" \/>\n<meta property=\"og:title\" content=\"Stockholm Rootsi Autode Transport - HERT Transport\" \/>\n<meta property=\"og:description\" content=\"Stockholm Rootsi Autode Transport. Kui vajad abi transpordiga Euroopas v\u00f5i Venemaal v\u00f5ta meiega \u00fchendust!\" \/>\n<meta property=\"og:url\" content=\"https:\/\/hert.ee\/et\/stockholm-rootsi-autode-transport\/\" \/>\n<meta property=\"og:site_name\" content=\"HERT Transport\" \/>\n<meta property=\"article:modified_time\" content=\"2020-11-12T13:18:58+00:00\" \/>\n<meta property=\"og:image\" content=\"http:\/\/hert.ee\/wp-content\/uploads\/2020\/06\/Photo-May-01-10-30-16.jpg\" \/>\n<meta name=\"twitter:card\" content=\"summary_large_image\" \/>\n<meta name=\"twitter:label1\" content=\"Est. reading time\" \/>\n\t<meta name=\"twitter:data1\" content=\"2 minutit\" \/>\n<script type=\"application\/ld+json\" class=\"yoast-schema-graph\">{\"@context\":\"https:\/\/schema.org\",\"@graph\":[{\"@type\":\"WebPage\",\"@id\":\"https:\/\/hert.ee\/et\/stockholm-rootsi-autode-transport\/\",\"url\":\"https:\/\/hert.ee\/et\/stockholm-rootsi-autode-transport\/\",\"name\":\"Stockholm Rootsi Autode Transport - HERT Transport\",\"isPartOf\":{\"@id\":\"https:\/\/hert.ee\/#website\"},\"primaryImageOfPage\":{\"@id\":\"https:\/\/hert.ee\/et\/stockholm-rootsi-autode-transport\/#primaryimage\"},\"image\":{\"@id\":\"https:\/\/hert.ee\/et\/stockholm-rootsi-autode-transport\/#primaryimage\"},\"thumbnailUrl\":\"http:\/\/hert.ee\/wp-content\/uploads\/2020\/06\/Photo-May-01-10-30-16.jpg\",\"datePublished\":\"2020-08-03T12:16:28+00:00\",\"dateModified\":\"2020-11-12T13:18:58+00:00\",\"description\":\"Stockholm Rootsi Autode Transport. Kui vajad abi transpordiga Euroopas v\u00f5i Venemaal v\u00f5ta meiega \u00fchendust!\",\"breadcrumb\":{\"@id\":\"https:\/\/hert.ee\/et\/stockholm-rootsi-autode-transport\/#breadcrumb\"},\"inLanguage\":\"et\",\"potentialAction\":[{\"@type\":\"ReadAction\",\"target\":[\"https:\/\/hert.ee\/et\/stockholm-rootsi-autode-transport\/\"]}]},{\"@type\":\"ImageObject\",\"inLanguage\":\"et\",\"@id\":\"https:\/\/hert.ee\/et\/stockholm-rootsi-autode-transport\/#primaryimage\",\"url\":\"http:\/\/hert.ee\/wp-content\/uploads\/2020\/06\/Photo-May-01-10-30-16.jpg\",\"contentUrl\":\"http:\/\/hert.ee\/wp-content\/uploads\/2020\/06\/Photo-May-01-10-30-16.jpg\"},{\"@type\":\"BreadcrumbList\",\"@id\":\"https:\/\/hert.ee\/et\/stockholm-rootsi-autode-transport\/#breadcrumb\",\"itemListElement\":[{\"@type\":\"ListItem\",\"position\":1,\"name\":\"Home\",\"item\":\"https:\/\/hert.ee\/et\/\"},{\"@type\":\"ListItem\",\"position\":2,\"name\":\"Stockholm Rootsi Autode Transport\"}]},{\"@type\":\"WebSite\",\"@id\":\"https:\/\/hert.ee\/#website\",\"url\":\"https:\/\/hert.ee\/\",\"name\":\"HERT Transport\",\"description\":\"\",\"publisher\":{\"@id\":\"https:\/\/hert.ee\/#organization\"},\"potentialAction\":[{\"@type\":\"SearchAction\",\"target\":{\"@type\":\"EntryPoint\",\"urlTemplate\":\"https:\/\/hert.ee\/?s={search_term_string}\"},\"query-input\":\"required name=search_term_string\"}],\"inLanguage\":\"et\"},{\"@type\":\"Organization\",\"@id\":\"https:\/\/hert.ee\/#organization\",\"name\":\"Hert-Transport AS\",\"url\":\"https:\/\/hert.ee\/\",\"logo\":{\"@type\":\"ImageObject\",\"inLanguage\":\"et\",\"@id\":\"https:\/\/hert.ee\/#\/schema\/logo\/image\/\",\"url\":\"http:\/\/hert.ee\/wp-content\/uploads\/2020\/07\/Soidukite_transport.jpg\",\"contentUrl\":\"http:\/\/hert.ee\/wp-content\/uploads\/2020\/07\/Soidukite_transport.jpg\",\"width\":1024,\"height\":683,\"caption\":\"Hert-Transport AS\"},\"image\":{\"@id\":\"https:\/\/hert.ee\/#\/schema\/logo\/image\/\"}}]}<\/script>\n<!-- \/ Yoast SEO plugin. -->","yoast_head_json":{"title":"Stockholm Rootsi Autode Transport - HERT Transport","description":"Stockholm Rootsi Autode Transport. Kui vajad abi transpordiga Euroopas v\u00f5i Venemaal v\u00f5ta meiega \u00fchendust!","robots":{"index":"index","follow":"follow","max-snippet":"max-snippet:-1","max-image-preview":"max-image-preview:large","max-video-preview":"max-video-preview:-1"},"canonical":"https:\/\/hert.ee\/et\/stockholm-rootsi-autode-transport\/","og_locale":"et_EE","og_type":"article","og_title":"Stockholm Rootsi Autode Transport - HERT Transport","og_description":"Stockholm Rootsi Autode Transport. Kui vajad abi transpordiga Euroopas v\u00f5i Venemaal v\u00f5ta meiega \u00fchendust!","og_url":"https:\/\/hert.ee\/et\/stockholm-rootsi-autode-transport\/","og_site_name":"HERT Transport","article_modified_time":"2020-11-12T13:18:58+00:00","og_image":[{"url":"http:\/\/hert.ee\/wp-content\/uploads\/2020\/06\/Photo-May-01-10-30-16.jpg"}],"twitter_card":"summary_large_image","twitter_misc":{"Est. reading time":"2 minutit"},"schema":{"@context":"https:\/\/schema.org","@graph":[{"@type":"WebPage","@id":"https:\/\/hert.ee\/et\/stockholm-rootsi-autode-transport\/","url":"https:\/\/hert.ee\/et\/stockholm-rootsi-autode-transport\/","name":"Stockholm Rootsi Autode Transport - HERT Transport","isPartOf":{"@id":"https:\/\/hert.ee\/#website"},"primaryImageOfPage":{"@id":"https:\/\/hert.ee\/et\/stockholm-rootsi-autode-transport\/#primaryimage"},"image":{"@id":"https:\/\/hert.ee\/et\/stockholm-rootsi-autode-transport\/#primaryimage"},"thumbnailUrl":"http:\/\/hert.ee\/wp-content\/uploads\/2020\/06\/Photo-May-01-10-30-16.jpg","datePublished":"2020-08-03T12:16:28+00:00","dateModified":"2020-11-12T13:18:58+00:00","description":"Stockholm Rootsi Autode Transport. Kui vajad abi transpordiga Euroopas v\u00f5i Venemaal v\u00f5ta meiega \u00fchendust!","breadcrumb":{"@id":"https:\/\/hert.ee\/et\/stockholm-rootsi-autode-transport\/#breadcrumb"},"inLanguage":"et","potentialAction":[{"@type":"ReadAction","target":["https:\/\/hert.ee\/et\/stockholm-rootsi-autode-transport\/"]}]},{"@type":"ImageObject","inLanguage":"et","@id":"https:\/\/hert.ee\/et\/stockholm-rootsi-autode-transport\/#primaryimage","url":"http:\/\/hert.ee\/wp-content\/uploads\/2020\/06\/Photo-May-01-10-30-16.jpg","contentUrl":"http:\/\/hert.ee\/wp-content\/uploads\/2020\/06\/Photo-May-01-10-30-16.jpg"},{"@type":"BreadcrumbList","@id":"https:\/\/hert.ee\/et\/stockholm-rootsi-autode-transport\/#breadcrumb","itemListElement":[{"@type":"ListItem","position":1,"name":"Home","item":"https:\/\/hert.ee\/et\/"},{"@type":"ListItem","position":2,"name":"Stockholm Rootsi Autode Transport"}]},{"@type":"WebSite","@id":"https:\/\/hert.ee\/#website","url":"https:\/\/hert.ee\/","name":"HERT Transport","description":"","publisher":{"@id":"https:\/\/hert.ee\/#organization"},"potentialAction":[{"@type":"SearchAction","target":{"@type":"EntryPoint","urlTemplate":"https:\/\/hert.ee\/?s={search_term_string}"},"query-input":"required name=search_term_string"}],"inLanguage":"et"},{"@type":"Organization","@id":"https:\/\/hert.ee\/#organization","name":"Hert-Transport AS","url":"https:\/\/hert.ee\/","logo":{"@type":"ImageObject","inLanguage":"et","@id":"https:\/\/hert.ee\/#\/schema\/logo\/image\/","url":"http:\/\/hert.ee\/wp-content\/uploads\/2020\/07\/Soidukite_transport.jpg","contentUrl":"http:\/\/hert.ee\/wp-content\/uploads\/2020\/07\/Soidukite_transport.jpg","width":1024,"height":683,"caption":"Hert-Transport AS"},"image":{"@id":"https:\/\/hert.ee\/#\/schema\/logo\/image\/"}}]}},"_links":{"self":[{"href":"https:\/\/hert.ee\/et\/wp-json\/wp\/v2\/pages\/1412"}],"collection":[{"href":"https:\/\/hert.ee\/et\/wp-json\/wp\/v2\/pages"}],"about":[{"href":"https:\/\/hert.ee\/et\/wp-json\/wp\/v2\/types\/page"}],"author":[{"embeddable":true,"href":"https:\/\/hert.ee\/et\/wp-json\/wp\/v2\/users\/1"}],"replies":[{"embeddable":true,"href":"https:\/\/hert.ee\/et\/wp-json\/wp\/v2\/comments?post=1412"}],"version-history":[{"count":5,"href":"https:\/\/hert.ee\/et\/wp-json\/wp\/v2\/pages\/1412\/revisions"}],"predecessor-version":[{"id":3597,"href":"https:\/\/hert.ee\/et\/wp-json\/wp\/v2\/pages\/1412\/revisions\/3597"}],"wp:attachment":[{"href":"https:\/\/hert.ee\/et\/wp-json\/wp\/v2\/media?parent=1412"}],"curies":[{"name":"wp","href":"https:\/\/api.w.org\/{rel}","templated":true}]}}