{"id":1420,"date":"2020-08-03T15:21:46","date_gmt":"2020-08-03T15:21:46","guid":{"rendered":"https:\/\/hert.swstesting.com\/freiburg-saksmaa-kauba-vedamine\/"},"modified":"2020-12-19T22:21:04","modified_gmt":"2020-12-19T22:21:04","slug":"freiburg-saksmaa-kauba-vedamine","status":"publish","type":"page","link":"https:\/\/hert.ee\/et\/freiburg-saksmaa-kauba-vedamine\/","title":{"rendered":"Kauba vedamine Saksamaale (Freiburg)"},"content":{"rendered":"\t\t<div data-elementor-type=\"wp-page\" data-elementor-id=\"1420\" class=\"elementor elementor-1420 elementor-929\" data-elementor-post-type=\"page\">\n\t\t\t\t\t\t<section class=\"elementor-section elementor-top-section elementor-element elementor-element-fd2e7a5 elementor-section-boxed elementor-section-height-default elementor-section-height-default\" data-id=\"fd2e7a5\" data-element_type=\"section\" data-settings=\"{&quot;background_background&quot;:&quot;classic&quot;}\">\n\t\t\t\t\t\t<div class=\"elementor-container elementor-column-gap-default\">\n\t\t\t\t\t<div class=\"elementor-column elementor-col-100 elementor-top-column elementor-element elementor-element-0689205\" data-id=\"0689205\" data-element_type=\"column\">\n\t\t\t<div class=\"elementor-widget-wrap elementor-element-populated\">\n\t\t\t\t\t\t<div class=\"elementor-element elementor-element-2542f5b elementor-widget elementor-widget-heading\" data-id=\"2542f5b\" data-element_type=\"widget\" data-widget_type=\"heading.default\">\n\t\t\t\t<div class=\"elementor-widget-container\">\n\t\t\t<h1 class=\"elementor-heading-title elementor-size-default\">Kauba vedamine Saksamaale (Freiburg)<\/h1>\t\t<\/div>\n\t\t\t\t<\/div>\n\t\t\t\t\t<\/div>\n\t\t<\/div>\n\t\t\t\t\t<\/div>\n\t\t<\/section>\n\t\t\t\t<section class=\"elementor-section elementor-top-section elementor-element elementor-element-4494262 elementor-section-boxed elementor-section-height-default elementor-section-height-default\" data-id=\"4494262\" data-element_type=\"section\" data-settings=\"{&quot;background_background&quot;:&quot;classic&quot;}\">\n\t\t\t\t\t\t<div class=\"elementor-container elementor-column-gap-default\">\n\t\t\t\t\t<div class=\"elementor-column elementor-col-33 elementor-top-column elementor-element elementor-element-b943211 elementor-hidden-phone\" data-id=\"b943211\" data-element_type=\"column\">\n\t\t\t<div class=\"elementor-widget-wrap\">\n\t\t\t\t\t\t\t<\/div>\n\t\t<\/div>\n\t\t\t\t<div class=\"elementor-column elementor-col-33 elementor-top-column elementor-element elementor-element-8c3246e\" data-id=\"8c3246e\" data-element_type=\"column\">\n\t\t\t<div class=\"elementor-widget-wrap elementor-element-populated\">\n\t\t\t\t\t\t<div class=\"elementor-element elementor-element-092b2f7 elementor-widget elementor-widget-text-editor\" data-id=\"092b2f7\" data-element_type=\"widget\" data-widget_type=\"text-editor.default\">\n\t\t\t\t<div class=\"elementor-widget-container\">\n\t\t\t\t\t\t\t<p><!-- wp:paragraph --><\/p>\n<p><a href=\"http:\/\/hert.ee\/en\/contacts\/\">Kaaluge Hert Transporti veoseekspeditsiooni Saksamaal Freiburgi linnas.<\/a> Oleme tuntud s\u00f5idukite veoteenuseid pakkuv ettev\u00f5te, kes on valmis teid teenindama mitte ainult Freiburgis, vaid ka mujal Saksamaal. Ettev\u00f5te asutati 1994. aastal kolme venna pereettev\u00f5ttena. Alustasime v\u00e4ikese ettev\u00f5ttena ja sellest alates oleme kasvanud pakkuma kuni \u00fcheksa autoga kaubatransporti. Pakume iga p\u00e4ev ja igal aastal parimate logistikaettev\u00f5tete seas professionaalset ja turvalist kaubavedu.<\/p>\n<p><!-- \/wp:paragraph --><\/p>\n<p><!-- wp:heading --><\/p>\n<h2>\u00a0<\/h2>\n<h2><strong>Kaubaekspeditsioon koos kvaliteetsete teenustega<\/strong><\/h2>\n<p><!-- \/wp:heading --><\/p>\n<p><!-- wp:paragraph --><\/p>\n<p>Oleme uhked, et oleme \u00fcks v\u00e4heseid ettev\u00f5tteid, kes tegelevad otse omanikega. Hert International kasutab oma teenuste osutamisel teenusep\u00f5hist l\u00e4henemist. Loome oma klientidega suurep\u00e4raseid suhteid ja pakume siis kvaliteetseid teenuseid. Meie optimeeritud uksest ukseni auto kohaletoimetamisega saate meie lugupeetud autotransporditeenuseid h\u00f5lpsalt k\u00f5ikjal Freiburgis. \u00dcksk\u00f5ik, kas tegemist on \u00e4rikliendi v\u00f5i \u00fcksikkliendiga, arvestage meiega mis tahes t\u00fc\u00fcpi <a href=\"http:\/\/hert.ee\/en\/323-2\/\">maailmatasemel s\u00f5idukite transporditeenuste osas.<\/a><\/p>\n<p><!-- \/wp:paragraph --><\/p>\n<p><!-- wp:image {\"id\":202,\"width\":952,\"height\":535,\"sizeSlug\":\"large\"} --><\/p>\n<figure class=\"wp-block-image size-large is-resized\"><img fetchpriority=\"high\" decoding=\"async\" class=\"wp-image-202\" src=\"http:\/\/hert.ee\/wp-content\/uploads\/2020\/06\/Photo-Apr-09-18-51-34-1024x576.jpg\" alt=\"\" width=\"952\" height=\"535\" srcset=\"https:\/\/hert.ee\/wp-content\/uploads\/2020\/06\/Photo-Apr-09-18-51-34-1024x576.jpg 1024w, https:\/\/hert.ee\/wp-content\/uploads\/2020\/06\/Photo-Apr-09-18-51-34-300x169.jpg 300w, https:\/\/hert.ee\/wp-content\/uploads\/2020\/06\/Photo-Apr-09-18-51-34-768x432.jpg 768w, https:\/\/hert.ee\/wp-content\/uploads\/2020\/06\/Photo-Apr-09-18-51-34.jpg 1032w\" sizes=\"(max-width: 952px) 100vw, 952px\" \/>\n<figcaption><strong>Autode transport Freiburgis<\/strong><\/figcaption>\n<\/figure>\n<p><!-- \/wp:image --><\/p>\n<p><!-- wp:heading {\"level\":3} --><\/p>\n<h3>\u00a0<\/h3>\n<h3><strong>Kuidas t\u00f6\u00f6tab meie kaubaekspeditsioon, kui tegemist on autode kohaletoimetamise teenusega?<\/strong><\/h3>\n<p><!-- \/wp:heading --><\/p>\n<p><!-- wp:paragraph --><\/p>\n<p><a href=\"https:\/\/web.facebook.com\/HertTransport\/?_rdc=1&amp;_rdr\">Kogu kaubaekspeditsioon toimub mainekate ja h\u00e4sti hooldatud kaubaveokite kaudu.<\/a> Autode \u00fcleslaadimiseks meie rull-veokitesse kasutame turvalisi ja uusimaid t\u00f6\u00f6riistu. \u00dcleslaadimisel rihmime selle kinni ja blokeerime selle ratta turvaliseks auto kohaletoimetamiseks.<\/p>\n<p><!-- \/wp:paragraph --><\/p>\n<p><!-- wp:heading {\"level\":3} --><\/p>\n<h3>\u00a0<\/h3>\n<h3><strong>S\u00f5idukite transporditeenuseid on eriti lihtne saada meiega<\/strong><\/h3>\n<p><!-- \/wp:heading --><\/p>\n<p><!-- wp:paragraph --><\/p>\n<p>K\u00f5igepealt k\u00fclastage meie veebisaiti ja hankige pakkumine valiku \u201eTaotle pakkumist\u201d kaudu. Teise v\u00f5imalusena helistage meile pakkumise saamiseks kontaktnumbrite kaudu. <a href=\"http:\/\/hert.ee\/en\/338-2\/\">Pakume \u00fchte parimat konkurentsiv\u00f5imelist hinda.<\/a> Esiteks kavandab meie meeskond kohaletoimetamise, kui nad teie s\u00f5iduki valivad. Teiseks teatavad nad teile ligikaudse aja, mille m\u00f6\u00f6dumisel eeldada, millal teie s\u00f5iduk peaks sihtkohta j\u00f5udma. Kui k\u00f5ik on valmis, peate n\u00fc\u00fcd istuma ja l\u00f5\u00f5gastuma. N\u00fc\u00fcd pakume teile ajakohastatud teavet selle oleku kohta, kui me teile selle esitame.<\/p>\n<p><!-- \/wp:paragraph --><\/p>\n<p><!-- wp:heading --><\/p>\n<h2>\u00a0<\/h2>\n<h2><strong>S\u00f5idukite kaubaekspeditsiooni teenused<\/strong><\/h2>\n<p><!-- \/wp:heading --><\/p>\n<p><!-- wp:paragraph --><\/p>\n<p>Kas soovite muretut kaubaveoteenust? Hert transport h\u00f5lmab selle teostamiseks nii tehnoloogiat kui ka asjatundlikke teadmisi. Kus iganes sa viibid Saksamaal Freiburgis, edastame kaubaveo seisukorra alates hetkest, kui see teie ukseni broneeriti.<\/p>\n<p><!-- \/wp:paragraph --><\/p>\n<p><!-- wp:heading --><\/p>\n<h2>\u00a0<\/h2>\n<h2><strong>Miks on Hert Transport teie parim autode k\u00e4ttetoimetamise teenuse pakkuja Freiburgis<\/strong><\/h2>\n<p><!-- \/wp:heading --><\/p>\n<p><!-- wp:paragraph --><\/p>\n<p>Meie tipptasemel kaubavedude hooldus ja kvaliteetne teenus eristasid meid teistest logistikaettev\u00f5tetest. Oleme uhked, et oleme teenindanud \u00fcle tuhande rahuloleva kliendi, kes meie transporditeenuseid endiselt tunnevad ja neile usaldavad. Meie p\u00fchendunud t\u00f6\u00f6tajad, kes on kogenud kaubaekspeditsiooniteenuste osutajaid kogu Euroopas ja Venemaal, on usaldusv\u00e4\u00e4rsed ja kergesti k\u00e4ttesaadavad.<\/p>\n<p><!-- \/wp:paragraph --><\/p>\n<p><!-- wp:heading {\"level\":3} --><\/p>\n<h3>\u00a0<\/h3>\n<h3><strong>Teie s\u00f5iduki ohutus on meile oluline<\/strong><\/h3>\n<p><!-- \/wp:heading --><\/p>\n<p><!-- wp:paragraph --><\/p>\n<p>Hert Transport on p\u00fchendunud s\u00f5idukite ohutusele. See on meie peamine prioriteet. Oleme uhked, et s\u00e4ilitame kogu autotranspordi ohutuse k\u00f5ik aspektid. Meie usaldusv\u00e4\u00e4rsus, ausus ja ohutus teevad meist oma klientide jaoks parima valiku.<\/p>\n<p><!-- \/wp:paragraph --><\/p>\n<p><!-- wp:heading --><\/p>\n<h2>\u00a0<\/h2>\n<h2><strong>Kui suur on meie kaubaekspeditsiooni hind?<\/strong><\/h2>\n<p><!-- \/wp:heading --><\/p>\n<p><!-- wp:paragraph --><\/p>\n<p>Hert Transport l\u00e4htub meie teenuse maksumusest hulgaliselt teenuseid. Transporditava veduri t\u00fc\u00fcp, olek ja asukoht m\u00e4\u00e4ravad kaubaveokulud. Otsustavad tegurid on ka see, kas tegemist on avatud v\u00f5i suletud saadetisega. Me tagame teile ausa, konkurentsiv\u00f5imelise ja taskukohase pakkumise. Saate oma raha v\u00e4\u00e4rtuse tagasi, <a href=\"https:\/\/en.wikipedia.org\/wiki\/Breisgau\">sellep\u00e4rast oleme Breisgau logistikaettev\u00f5tete seas esikohal<\/a>. Kvaliteetse kaubaekspeditsiooni k\u00fclastage meie peamist saiti t\u00e4na!<\/p>\n<p><!-- \/wp:paragraph --><\/p>\t\t\t\t\t\t<\/div>\n\t\t\t\t<\/div>\n\t\t\t\t\t<\/div>\n\t\t<\/div>\n\t\t\t\t<div class=\"elementor-column elementor-col-33 elementor-top-column elementor-element elementor-element-6ba8223 elementor-hidden-phone\" data-id=\"6ba8223\" data-element_type=\"column\">\n\t\t\t<div class=\"elementor-widget-wrap\">\n\t\t\t\t\t\t\t<\/div>\n\t\t<\/div>\n\t\t\t\t\t<\/div>\n\t\t<\/section>\n\t\t\t\t<\/div>\n\t\t","protected":false},"excerpt":{"rendered":"<p>Kaaluge Hert Transporti veoseekspeditsiooni Saksamaal Freiburgi linnas. Oleme tuntud s\u00f5idukite veoteenuseid pakkuv ettev\u00f5te, kes on valmis teid teenindama mitte ainult Freiburgis, vaid ka mujal Saksamaal. Ettev\u00f5te asutati 1994. aastal kolme venna pereettev\u00f5ttena. Alustasime v\u00e4ikese ettev\u00f5ttena ja sellest alates oleme kasvanud pakkuma kuni \u00fcheksa autoga kaubatransporti. Pakume iga p\u00e4ev ja igal aastal parimate logistikaettev\u00f5tete seas professionaalset &#8230; <a title=\"Kauba vedamine Saksamaale (Freiburg)\" class=\"read-more\" href=\"https:\/\/hert.ee\/et\/freiburg-saksmaa-kauba-vedamine\/\" aria-label=\"Read more about Kauba vedamine Saksamaale (Freiburg)\">Read more<\/a><\/p>\n","protected":false},"author":1,"featured_media":0,"parent":0,"menu_order":0,"comment_status":"closed","ping_status":"closed","template":"elementor_header_footer","meta":{"footnotes":""},"yoast_head":"<!-- This site is optimized with the Yoast SEO plugin v22.9 - https:\/\/yoast.com\/wordpress\/plugins\/seo\/ -->\n<title>Kauba vedamine Saksamaale (Freiburg) - HERT Transport<\/title>\n<meta name=\"description\" content=\"Kauba vedamine Saksamaale (Freiburg). Kui vajad abi transpordiga Euroopas v\u00f5i Venemaal v\u00f5ta meiega \u00fchendust!\" \/>\n<meta name=\"robots\" content=\"index, follow, max-snippet:-1, max-image-preview:large, max-video-preview:-1\" \/>\n<link rel=\"canonical\" href=\"https:\/\/hert.ee\/et\/freiburg-saksmaa-kauba-vedamine\/\" \/>\n<meta property=\"og:locale\" content=\"et_EE\" \/>\n<meta property=\"og:type\" content=\"article\" \/>\n<meta property=\"og:title\" content=\"Kauba vedamine Saksamaale (Freiburg) - HERT Transport\" \/>\n<meta property=\"og:description\" content=\"Kauba vedamine Saksamaale (Freiburg). Kui vajad abi transpordiga Euroopas v\u00f5i Venemaal v\u00f5ta meiega \u00fchendust!\" \/>\n<meta property=\"og:url\" content=\"https:\/\/hert.ee\/et\/freiburg-saksmaa-kauba-vedamine\/\" \/>\n<meta property=\"og:site_name\" content=\"HERT Transport\" \/>\n<meta property=\"article:modified_time\" content=\"2020-12-19T22:21:04+00:00\" \/>\n<meta property=\"og:image\" content=\"http:\/\/hert.ee\/wp-content\/uploads\/2020\/06\/Photo-Apr-09-18-51-34-1024x576.jpg\" \/>\n<meta name=\"twitter:card\" content=\"summary_large_image\" \/>\n<meta name=\"twitter:label1\" content=\"Est. reading time\" \/>\n\t<meta name=\"twitter:data1\" content=\"2 minutit\" \/>\n<script type=\"application\/ld+json\" class=\"yoast-schema-graph\">{\"@context\":\"https:\/\/schema.org\",\"@graph\":[{\"@type\":\"WebPage\",\"@id\":\"https:\/\/hert.ee\/et\/freiburg-saksmaa-kauba-vedamine\/\",\"url\":\"https:\/\/hert.ee\/et\/freiburg-saksmaa-kauba-vedamine\/\",\"name\":\"Kauba vedamine Saksamaale (Freiburg) - HERT Transport\",\"isPartOf\":{\"@id\":\"https:\/\/hert.ee\/#website\"},\"primaryImageOfPage\":{\"@id\":\"https:\/\/hert.ee\/et\/freiburg-saksmaa-kauba-vedamine\/#primaryimage\"},\"image\":{\"@id\":\"https:\/\/hert.ee\/et\/freiburg-saksmaa-kauba-vedamine\/#primaryimage\"},\"thumbnailUrl\":\"http:\/\/hert.ee\/wp-content\/uploads\/2020\/06\/Photo-Apr-09-18-51-34-1024x576.jpg\",\"datePublished\":\"2020-08-03T15:21:46+00:00\",\"dateModified\":\"2020-12-19T22:21:04+00:00\",\"description\":\"Kauba vedamine Saksamaale (Freiburg). Kui vajad abi transpordiga Euroopas v\u00f5i Venemaal v\u00f5ta meiega \u00fchendust!\",\"breadcrumb\":{\"@id\":\"https:\/\/hert.ee\/et\/freiburg-saksmaa-kauba-vedamine\/#breadcrumb\"},\"inLanguage\":\"et\",\"potentialAction\":[{\"@type\":\"ReadAction\",\"target\":[\"https:\/\/hert.ee\/et\/freiburg-saksmaa-kauba-vedamine\/\"]}]},{\"@type\":\"ImageObject\",\"inLanguage\":\"et\",\"@id\":\"https:\/\/hert.ee\/et\/freiburg-saksmaa-kauba-vedamine\/#primaryimage\",\"url\":\"http:\/\/hert.ee\/wp-content\/uploads\/2020\/06\/Photo-Apr-09-18-51-34-1024x576.jpg\",\"contentUrl\":\"http:\/\/hert.ee\/wp-content\/uploads\/2020\/06\/Photo-Apr-09-18-51-34-1024x576.jpg\"},{\"@type\":\"BreadcrumbList\",\"@id\":\"https:\/\/hert.ee\/et\/freiburg-saksmaa-kauba-vedamine\/#breadcrumb\",\"itemListElement\":[{\"@type\":\"ListItem\",\"position\":1,\"name\":\"Home\",\"item\":\"https:\/\/hert.ee\/et\/\"},{\"@type\":\"ListItem\",\"position\":2,\"name\":\"Kauba vedamine Saksamaale (Freiburg)\"}]},{\"@type\":\"WebSite\",\"@id\":\"https:\/\/hert.ee\/#website\",\"url\":\"https:\/\/hert.ee\/\",\"name\":\"HERT Transport\",\"description\":\"\",\"publisher\":{\"@id\":\"https:\/\/hert.ee\/#organization\"},\"potentialAction\":[{\"@type\":\"SearchAction\",\"target\":{\"@type\":\"EntryPoint\",\"urlTemplate\":\"https:\/\/hert.ee\/?s={search_term_string}\"},\"query-input\":\"required name=search_term_string\"}],\"inLanguage\":\"et\"},{\"@type\":\"Organization\",\"@id\":\"https:\/\/hert.ee\/#organization\",\"name\":\"Hert-Transport AS\",\"url\":\"https:\/\/hert.ee\/\",\"logo\":{\"@type\":\"ImageObject\",\"inLanguage\":\"et\",\"@id\":\"https:\/\/hert.ee\/#\/schema\/logo\/image\/\",\"url\":\"http:\/\/hert.ee\/wp-content\/uploads\/2020\/07\/Soidukite_transport.jpg\",\"contentUrl\":\"http:\/\/hert.ee\/wp-content\/uploads\/2020\/07\/Soidukite_transport.jpg\",\"width\":1024,\"height\":683,\"caption\":\"Hert-Transport AS\"},\"image\":{\"@id\":\"https:\/\/hert.ee\/#\/schema\/logo\/image\/\"}}]}<\/script>\n<!-- \/ Yoast SEO plugin. -->","yoast_head_json":{"title":"Kauba vedamine Saksamaale (Freiburg) - HERT Transport","description":"Kauba vedamine Saksamaale (Freiburg). Kui vajad abi transpordiga Euroopas v\u00f5i Venemaal v\u00f5ta meiega \u00fchendust!","robots":{"index":"index","follow":"follow","max-snippet":"max-snippet:-1","max-image-preview":"max-image-preview:large","max-video-preview":"max-video-preview:-1"},"canonical":"https:\/\/hert.ee\/et\/freiburg-saksmaa-kauba-vedamine\/","og_locale":"et_EE","og_type":"article","og_title":"Kauba vedamine Saksamaale (Freiburg) - HERT Transport","og_description":"Kauba vedamine Saksamaale (Freiburg). Kui vajad abi transpordiga Euroopas v\u00f5i Venemaal v\u00f5ta meiega \u00fchendust!","og_url":"https:\/\/hert.ee\/et\/freiburg-saksmaa-kauba-vedamine\/","og_site_name":"HERT Transport","article_modified_time":"2020-12-19T22:21:04+00:00","og_image":[{"url":"http:\/\/hert.ee\/wp-content\/uploads\/2020\/06\/Photo-Apr-09-18-51-34-1024x576.jpg"}],"twitter_card":"summary_large_image","twitter_misc":{"Est. reading time":"2 minutit"},"schema":{"@context":"https:\/\/schema.org","@graph":[{"@type":"WebPage","@id":"https:\/\/hert.ee\/et\/freiburg-saksmaa-kauba-vedamine\/","url":"https:\/\/hert.ee\/et\/freiburg-saksmaa-kauba-vedamine\/","name":"Kauba vedamine Saksamaale (Freiburg) - HERT Transport","isPartOf":{"@id":"https:\/\/hert.ee\/#website"},"primaryImageOfPage":{"@id":"https:\/\/hert.ee\/et\/freiburg-saksmaa-kauba-vedamine\/#primaryimage"},"image":{"@id":"https:\/\/hert.ee\/et\/freiburg-saksmaa-kauba-vedamine\/#primaryimage"},"thumbnailUrl":"http:\/\/hert.ee\/wp-content\/uploads\/2020\/06\/Photo-Apr-09-18-51-34-1024x576.jpg","datePublished":"2020-08-03T15:21:46+00:00","dateModified":"2020-12-19T22:21:04+00:00","description":"Kauba vedamine Saksamaale (Freiburg). Kui vajad abi transpordiga Euroopas v\u00f5i Venemaal v\u00f5ta meiega \u00fchendust!","breadcrumb":{"@id":"https:\/\/hert.ee\/et\/freiburg-saksmaa-kauba-vedamine\/#breadcrumb"},"inLanguage":"et","potentialAction":[{"@type":"ReadAction","target":["https:\/\/hert.ee\/et\/freiburg-saksmaa-kauba-vedamine\/"]}]},{"@type":"ImageObject","inLanguage":"et","@id":"https:\/\/hert.ee\/et\/freiburg-saksmaa-kauba-vedamine\/#primaryimage","url":"http:\/\/hert.ee\/wp-content\/uploads\/2020\/06\/Photo-Apr-09-18-51-34-1024x576.jpg","contentUrl":"http:\/\/hert.ee\/wp-content\/uploads\/2020\/06\/Photo-Apr-09-18-51-34-1024x576.jpg"},{"@type":"BreadcrumbList","@id":"https:\/\/hert.ee\/et\/freiburg-saksmaa-kauba-vedamine\/#breadcrumb","itemListElement":[{"@type":"ListItem","position":1,"name":"Home","item":"https:\/\/hert.ee\/et\/"},{"@type":"ListItem","position":2,"name":"Kauba vedamine Saksamaale (Freiburg)"}]},{"@type":"WebSite","@id":"https:\/\/hert.ee\/#website","url":"https:\/\/hert.ee\/","name":"HERT Transport","description":"","publisher":{"@id":"https:\/\/hert.ee\/#organization"},"potentialAction":[{"@type":"SearchAction","target":{"@type":"EntryPoint","urlTemplate":"https:\/\/hert.ee\/?s={search_term_string}"},"query-input":"required name=search_term_string"}],"inLanguage":"et"},{"@type":"Organization","@id":"https:\/\/hert.ee\/#organization","name":"Hert-Transport AS","url":"https:\/\/hert.ee\/","logo":{"@type":"ImageObject","inLanguage":"et","@id":"https:\/\/hert.ee\/#\/schema\/logo\/image\/","url":"http:\/\/hert.ee\/wp-content\/uploads\/2020\/07\/Soidukite_transport.jpg","contentUrl":"http:\/\/hert.ee\/wp-content\/uploads\/2020\/07\/Soidukite_transport.jpg","width":1024,"height":683,"caption":"Hert-Transport AS"},"image":{"@id":"https:\/\/hert.ee\/#\/schema\/logo\/image\/"}}]}},"_links":{"self":[{"href":"https:\/\/hert.ee\/et\/wp-json\/wp\/v2\/pages\/1420"}],"collection":[{"href":"https:\/\/hert.ee\/et\/wp-json\/wp\/v2\/pages"}],"about":[{"href":"https:\/\/hert.ee\/et\/wp-json\/wp\/v2\/types\/page"}],"author":[{"embeddable":true,"href":"https:\/\/hert.ee\/et\/wp-json\/wp\/v2\/users\/1"}],"replies":[{"embeddable":true,"href":"https:\/\/hert.ee\/et\/wp-json\/wp\/v2\/comments?post=1420"}],"version-history":[{"count":5,"href":"https:\/\/hert.ee\/et\/wp-json\/wp\/v2\/pages\/1420\/revisions"}],"predecessor-version":[{"id":3856,"href":"https:\/\/hert.ee\/et\/wp-json\/wp\/v2\/pages\/1420\/revisions\/3856"}],"wp:attachment":[{"href":"https:\/\/hert.ee\/et\/wp-json\/wp\/v2\/media?parent=1420"}],"curies":[{"name":"wp","href":"https:\/\/api.w.org\/{rel}","templated":true}]}}